{"id":10015,"date":"2022-09-20T10:46:19","date_gmt":"2022-09-20T08:46:19","guid":{"rendered":"https:\/\/www.a4toner.com\/blog\/?page_id=10015"},"modified":"2022-09-21T09:02:10","modified_gmt":"2022-09-21T07:02:10","slug":"hp-obligada-a-pagar-135-m-a-los-usuarios-de-algunas-impresoras","status":"publish","type":"page","link":"https:\/\/www.a4toner.com\/blog\/hp-obligada-a-pagar-135-m-a-los-usuarios-de-algunas-impresoras\/","title":{"rendered":"HP obligada a pagar 1,35 M a los usuarios de algunas impresoras."},"content":{"rendered":"\n<figure class=\"wp-block-image aligncenter size-large\"><a href=\"https:\/\/www.a4toner.com\/blog\/wp-content\/uploads\/2022\/09\/HP-acepta-pagar-a-sus-consumidores-135-ME-por-no-ir-a-juicio.-1.png\"><img loading=\"lazy\" decoding=\"async\" width=\"1024\" height=\"341\" src=\"https:\/\/www.a4toner.com\/blog\/wp-content\/uploads\/2022\/09\/HP-acepta-pagar-a-sus-consumidores-135-ME-por-no-ir-a-juicio.-1-1024x341.png\" alt=\"\" class=\"wp-image-10021\" title=\"\" srcset=\"https:\/\/www.a4toner.com\/blog\/wp-content\/uploads\/2022\/09\/HP-acepta-pagar-a-sus-consumidores-135-ME-por-no-ir-a-juicio.-1-1024x341.png 1024w, https:\/\/www.a4toner.com\/blog\/wp-content\/uploads\/2022\/09\/HP-acepta-pagar-a-sus-consumidores-135-ME-por-no-ir-a-juicio.-1-300x100.png 300w, https:\/\/www.a4toner.com\/blog\/wp-content\/uploads\/2022\/09\/HP-acepta-pagar-a-sus-consumidores-135-ME-por-no-ir-a-juicio.-1-768x256.png 768w, https:\/\/www.a4toner.com\/blog\/wp-content\/uploads\/2022\/09\/HP-acepta-pagar-a-sus-consumidores-135-ME-por-no-ir-a-juicio.-1.png 1200w\" sizes=\"auto, (max-width: 1024px) 100vw, 1024px\" \/><\/a><\/figure>\n\n\n\n<h3 class=\"wp-block-heading\"><strong>\u00bfPor qu\u00e9?<\/strong><\/h3>\n\n\n\n<p>Hp en 2016 introduce en una actualizaci\u00f3n autom\u00e1tica \u00abDynamicSecurity\u00bb, que impide que los cartuchos que no llevaban el chip original funcionaran en sus impresoras. De esta manera obligaban a los clientes de esas impresoras a comprar, si o si, cartuchos originales. Con la \u00fanica opci\u00f3n v\u00e1lida de tirar la impresora a la basura si no quer\u00edan pagar los abusivos precios de sus tintas.<\/p>\n\n\n\n<h3 class=\"wp-block-heading\"><strong>\u00bfQui\u00e9n denunci\u00f3?<\/strong><\/h3>\n\n\n\n<p>La organizaci\u00f3n de consumidores y usuarios de Italia, B\u00e9lgica, Espa\u00f1a, Portugal y Brasil, denunciaron a HP por abuso, al no haber informado a los clientes debidamente, que al introducir esa actualizaci\u00f3n, no podr\u00edan utilizar cartuchos compatibles o remanufacturados, algo no solamente legal, sino que es promovido por las leyes de consumo, en aras de reutilizar y promover cartuchos m\u00e1s ecol\u00f3gicos y equidad del comercio en oferta y demanda.<\/p>\n\n\n\n<h3 class=\"wp-block-heading\"><strong>\u00bfC\u00f3mo se solucion\u00f3?<\/strong><\/h3>\n\n\n\n<p>Hp acept\u00f3 un acuerdo para que no se realizara el juicio, que consiste en el derecho de los clientes de cobrar entre 20\u20ac y 95\u20ac si estuviste afectado. Y adem\u00e1s, evidentemente, retir\u00f3 dicha actualizaci\u00f3n. Dejando por fin, al cliente elegir si quer\u00eda seguir pagando lo que costaban los cartuchos originales o prefer\u00eda comprar cualquier otra marca de tintas.<\/p>\n\n\n\n<h3 class=\"wp-block-heading\"><strong>\u00bfEres t\u00fa uno de los afectados,  que puede pedir la indemnizaci\u00f3n?<\/strong><\/h3>\n\n\n\n<p>Los cartuchos que se vieron afectados por esta desleal actualizaci\u00f3n de HP fueron<\/p>\n\n\n\n<p><a href=\"https:\/\/www.a4toner.com\/es\/cartuchos-de-tinta-y-toners\/hp\/tinta-hp-934-935-934xl-935xl.html\" data-type=\"URL\" data-id=\"https:\/\/www.a4toner.com\/es\/cartuchos-de-tinta-y-toners\/hp\/tinta-hp-934-935-934xl-935xl.html\" target=\"_blank\" rel=\"noreferrer noopener\"><strong>HP 934\/935<\/strong><\/a><\/p>\n\n\n\n<p>HP OfficeJet Pro 6230<\/p>\n\n\n\n<p>HP Officejet Pro 6830\/6835<\/p>\n\n\n\n<p><strong><a href=\"https:\/\/www.a4toner.com\/es\/cartuchos-de-tinta-y-toners\/hp\/hp-950-hp-951-hp-950xl-hp-951xl.html\" target=\"_blank\" data-type=\"URL\" data-id=\"https:\/\/www.a4toner.com\/es\/cartuchos-de-tinta-y-toners\/hp\/hp-950-hp-951-hp-950xl-hp-951xl.html\" rel=\"noreferrer noopener\">HP 950\/951<\/a><\/strong><\/p>\n\n\n\n<p>HP Officejet Pro 8610<\/p>\n\n\n\n<p>HP Officejet Pro 8615<\/p>\n\n\n\n<p>HP Officejet Pro 8620<\/p>\n\n\n\n<p>HP Officejet Pro 8630<\/p>\n\n\n\n<p><strong><a href=\"https:\/\/www.a4toner.com\/es\/cartuchos-de-tinta-y-toners\/hp\/tinta-hp-903-hp-903xl.html\" target=\"_blank\" data-type=\"URL\" data-id=\"https:\/\/www.a4toner.com\/es\/cartuchos-de-tinta-y-toners\/hp\/tinta-hp-903-hp-903xl.html\" rel=\"noreferrer noopener\">HP 903<\/a><\/strong><\/p>\n\n\n\n<p>HP OfficeJet 6950<\/p>\n\n\n\n<p>HP OfficeJet 6951<\/p>\n\n\n\n<p>HP OfficeJet Pro 6960<\/p>\n\n\n\n<p>HP OfficeJet Pro 6970<\/p>\n\n\n\n<p><a href=\"https:\/\/www.a4toner.com\/es\/cartuchos-de-tinta-y-toners\/hp\/tinta-hp-953-hp-953xl.html\" data-type=\"URL\" data-id=\"https:\/\/www.a4toner.com\/es\/cartuchos-de-tinta-y-toners\/hp\/tinta-hp-953-hp-953xl.html\" target=\"_blank\" rel=\"noreferrer noopener\"><strong>HP 953<\/strong><\/a><\/p>\n\n\n\n<p>HP OfficeJet Pro 8710<\/p>\n\n\n\n<p>HP OfficeJet Pro 8715<\/p>\n\n\n\n<p>HP OfficeJet Pro 8718<\/p>\n\n\n\n<p>HP OfficeJet Pro 8719<\/p>\n\n\n\n<p>HP OfficeJet Pro 8720<\/p>\n\n\n\n<p>HP OfficeJet Pro 8725<\/p>\n\n\n\n<p>HP OfficeJet Pro 8730<\/p>\n\n\n\n<p>HP OfficeJet Pro 8740<\/p>\n\n\n\n<p>HP OfficeJet Pro 8210<\/p>\n\n\n\n<p>HP OfficeJet Pro 8218<\/p>\n\n\n\n<p>HP OfficeJet Pro 7720<\/p>\n\n\n\n<p>HP OfficeJet Pro 7730<\/p>\n\n\n\n<p>HP OfficeJet Pro 7740<\/p>\n\n\n\n<p><strong><a href=\"https:\/\/www.a4toner.com\/es\/cartuchos-de-tinta-y-toners\/hp\/tinta-hp-913a-hp-973x.html\" target=\"_blank\" data-type=\"URL\" data-id=\"https:\/\/www.a4toner.com\/es\/cartuchos-de-tinta-y-toners\/hp\/tinta-hp-913a-hp-973x.html\" rel=\"noreferrer noopener\">HP 913\/973<\/a><\/strong><\/p>\n\n\n\n<p>HP Pagewide ProO 452DW<\/p>\n\n\n\n<p>HP Pagewide 352DW (solo HP 913)<\/p>\n\n\n\n<p>HP Pagewide 377DW (solo HP 913)<\/p>\n\n\n\n<p>HP Pagewide Pro 477 DW<\/p>\n\n\n\n<p><strong><a href=\"https:\/\/www.a4toner.com\/es\/cartuchos-de-tinta-y-toners\/hp.html\" target=\"_blank\" data-type=\"URL\" data-id=\"https:\/\/www.a4toner.com\/es\/cartuchos-de-tinta-y-toners\/hp.html\" rel=\"noreferrer noopener\">HP970\/971<\/a><\/strong><\/p>\n\n\n\n<p>HP Officejet Pro X476dn<\/p>\n\n\n\n<p>HP Officejet Pro X576dw<\/p>\n\n\n\n<p>HP Officejet Pro X451dn\/dw<\/p>\n\n\n\n<p>HP Officejet Pro X551dw<\/p>\n\n\n\n<p>Si quieres apuntarte a reclamar, la OCU te puede ayudar, te ponemos el link para que te sea m\u00e1s f\u00e1cil reivindicar tu derecho y el de todos. Puesto que los abusos de los grandes no deber\u00edan nunca dejarse impunes. Reclama lo que es tuyo, en la parte de abajo de esta entrada de la OCU, te explica como hacerlo.<\/p>\n\n\n\n<p><a href=\"https:\/\/www.ocu.org\/acciones-colectivas\/accion-impresoras-hp\" data-type=\"URL\" data-id=\"https:\/\/www.ocu.org\/acciones-colectivas\/accion-impresoras-hp\" target=\"_blank\" rel=\"noreferrer noopener nofollow\">RECLAMACI\u00d3N CARTUCHOS EN LA OCU<\/a><\/p>\n","protected":false},"excerpt":{"rendered":"<p>\u00bfPor qu\u00e9? Hp en 2016 introduce en una actualizaci\u00f3n autom\u00e1tica \u00abDynamicSecurity\u00bb, que impide que los cartuchos que no llevaban el chip original funcionaran en sus impresoras. De esta manera obligaban a los clientes de esas impresoras a comprar, si o si, cartuchos originales. Con la \u00fanica opci\u00f3n v\u00e1lida de tirar la impresora a la basura [&hellip;]<\/p>\n","protected":false},"author":4,"featured_media":10018,"parent":0,"menu_order":0,"comment_status":"closed","ping_status":"closed","template":"","meta":{"_bbp_topic_count":0,"_bbp_reply_count":0,"_bbp_total_topic_count":0,"_bbp_total_reply_count":0,"_bbp_voice_count":0,"_bbp_anonymous_reply_count":0,"_bbp_topic_count_hidden":0,"_bbp_reply_count_hidden":0,"_bbp_forum_subforum_count":0,"site-sidebar-layout":"default","site-content-layout":"","ast-site-content-layout":"default","site-content-style":"default","site-sidebar-style":"default","ast-global-header-display":"","ast-banner-title-visibility":"","ast-main-header-display":"","ast-hfb-above-header-display":"","ast-hfb-below-header-display":"","ast-hfb-mobile-header-display":"","site-post-title":"","ast-breadcrumbs-content":"","ast-featured-img":"disabled","footer-sml-layout":"","theme-transparent-header-meta":"","adv-header-id-meta":"","stick-header-meta":"","header-above-stick-meta":"","header-main-stick-meta":"","header-below-stick-meta":"","astra-migrate-meta-layouts":"default","ast-page-background-enabled":"default","ast-page-background-meta":{"desktop":{"background-color":"","background-image":"","background-repeat":"repeat","background-position":"center center","background-size":"auto","background-attachment":"scroll","background-type":"","background-media":"","overlay-type":"","overlay-color":"","overlay-opacity":"","overlay-gradient":""},"tablet":{"background-color":"","background-image":"","background-repeat":"repeat","background-position":"center center","background-size":"auto","background-attachment":"scroll","background-type":"","background-media":"","overlay-type":"","overlay-color":"","overlay-opacity":"","overlay-gradient":""},"mobile":{"background-color":"","background-image":"","background-repeat":"repeat","background-position":"center center","background-size":"auto","background-attachment":"scroll","background-type":"","background-media":"","overlay-type":"","overlay-color":"","overlay-opacity":"","overlay-gradient":""}},"ast-content-background-meta":{"desktop":{"background-color":"var(--ast-global-color-5)","background-image":"","background-repeat":"repeat","background-position":"center center","background-size":"auto","background-attachment":"scroll","background-type":"","background-media":"","overlay-type":"","overlay-color":"","overlay-opacity":"","overlay-gradient":""},"tablet":{"background-color":"var(--ast-global-color-5)","background-image":"","background-repeat":"repeat","background-position":"center center","background-size":"auto","background-attachment":"scroll","background-type":"","background-media":"","overlay-type":"","overlay-color":"","overlay-opacity":"","overlay-gradient":""},"mobile":{"background-color":"var(--ast-global-color-5)","background-image":"","background-repeat":"repeat","background-position":"center center","background-size":"auto","background-attachment":"scroll","background-type":"","background-media":"","overlay-type":"","overlay-color":"","overlay-opacity":"","overlay-gradient":""}},"footnotes":""},"class_list":["post-10015","page","type-page","status-publish","has-post-thumbnail","hentry"],"_links":{"self":[{"href":"https:\/\/www.a4toner.com\/blog\/wp-json\/wp\/v2\/pages\/10015","targetHints":{"allow":["GET"]}}],"collection":[{"href":"https:\/\/www.a4toner.com\/blog\/wp-json\/wp\/v2\/pages"}],"about":[{"href":"https:\/\/www.a4toner.com\/blog\/wp-json\/wp\/v2\/types\/page"}],"author":[{"embeddable":true,"href":"https:\/\/www.a4toner.com\/blog\/wp-json\/wp\/v2\/users\/4"}],"replies":[{"embeddable":true,"href":"https:\/\/www.a4toner.com\/blog\/wp-json\/wp\/v2\/comments?post=10015"}],"version-history":[{"count":10,"href":"https:\/\/www.a4toner.com\/blog\/wp-json\/wp\/v2\/pages\/10015\/revisions"}],"predecessor-version":[{"id":10033,"href":"https:\/\/www.a4toner.com\/blog\/wp-json\/wp\/v2\/pages\/10015\/revisions\/10033"}],"wp:featuredmedia":[{"embeddable":true,"href":"https:\/\/www.a4toner.com\/blog\/wp-json\/wp\/v2\/media\/10018"}],"wp:attachment":[{"href":"https:\/\/www.a4toner.com\/blog\/wp-json\/wp\/v2\/media?parent=10015"}],"curies":[{"name":"wp","href":"https:\/\/api.w.org\/{rel}","templated":true}]}}