{"id":10043,"date":"2022-12-02T13:20:28","date_gmt":"2022-12-02T12:20:28","guid":{"rendered":"https:\/\/www.a4toner.com\/blog\/?page_id=10043"},"modified":"2022-12-02T13:38:17","modified_gmt":"2022-12-02T12:38:17","slug":"toner-compatible-vs-original","status":"publish","type":"page","link":"https:\/\/www.a4toner.com\/blog\/toner-compatible-vs-original\/","title":{"rendered":"T\u00f3ner compatible vs. original"},"content":{"rendered":"\n<p>Empecemos por el resumen final; <strong>siempre que exista un compatible de buena calidad, no hay duda, compatible.<\/strong> Misma calidad, precio inferior.<\/p>\n\n\n\n<p>A qu\u00e9 nos referimos con compatible de buena calidad:<\/p>\n\n\n\n<ul class=\"wp-block-list\"><li>Que la tinta o polvo de t\u00f3ner impriman con colores brillantes y fuertes.<\/li><li>Que sea detectada correctamente en tu impresora.<\/li><li>Que la cantidad de tinta sea al menos igual a la del original o usualmente mayor.<\/li><li>Que la tinta o polvo de t\u00f3ner tenga una garant\u00eda de al menos 3 a\u00f1os.<\/li><li>Que la empresa que la suministra te pueda ayudar delante de cualquier eventualidad.<\/li><\/ul>\n\n\n\n<p><\/p>\n\n\n\n<p>Si se cumple todo esto, como pasa con todas las tintas y t\u00f3neres comercializados en a4toner, realmente es mejor comprar compatibles, puesto que a nadie se le escapa, que si la calidad es la misma y el precio bastante m\u00e1s bajo, el resultado es, mejor comprar tinta compatible.<\/p>\n\n\n\n<p><strong>Razones que las grandes marcas dan para que no compres originales.<\/strong><\/p>\n\n\n\n<p><em>Tu m\u00e1quina se estropear\u00e1.<\/em><strong> Eso no es verdad. La tinta de calidad no puede estropear tu m\u00e1quina<\/strong><\/p>\n\n\n\n<p>Las grandes marcas juegan a dar miedo para convencerte de que compres sus productos a precios a veces surrealistas. Esto aparte de competencia desleal, y querer tratar a los usuarios de impresoras como ni\u00f1os peque\u00f1os, es totalmente recriminable. \u00bfCu\u00e1ntas veces has o\u00eddo que usar cartuchos compatibles te hacen perder la garant\u00eda de la impresora? Pues es mentira, no se pierde la garant\u00eda de la impresora, y esto est\u00e1 reafirmado por leyes europeas y espa\u00f1olas. Y quiz\u00e1s aquello de, se te estropear\u00e1 tu m\u00e1quina con los compatibles. Pues otra mentira, si la tinta es buena te podemos asegurar que quedar\u00e1s encantado con las impresiones y que una tinta no puede estropear una impresora. A lo peor, igual que las originales, no te imprimir\u00e1n, (esto no te pasar\u00e1 si las tintas son de a4toner \ud83d\ude0a), pero nunca romper\u00e1n tu impresora.<\/p>\n\n\n\n<p><strong>Razones para s\u00ed comprar compatibles en A4toner<\/strong><\/p>\n\n\n\n<p>Calidad incre\u00edble, seguridad de que funcionar\u00e1 y que tus impresiones lucir\u00e1n incre\u00edbles por muchos a\u00f1os con unos colores, intentos y profundos. <\/p>\n\n\n\n<p>Los precios que vas a ver te dejar\u00e1n boquiabierto, porque lo \u00fanico que tenemos en com\u00fan con los originales es la calidad, pero no los precios abusivos.<\/p>\n\n\n\n<p>Porque si eres de ese \u00ab0,\u00bb que le pasa algo a tu tinta, nos llamas 937566000, nos escribes por whatsapp 687565401 por mail comercial@a4toner.com, por el chat de la web o incluso por Telegram y nosotros te ayudamos y te gestionamos la incidencia. No tienes que hablar con m\u00e1quinas ni esperar d\u00edas y d\u00edas como en las grandes marcas, porque aqu\u00ed estamos personas para atenderte.<\/p>\n\n\n\n<p><strong>Ya lo sabes, la seguridad de imprimir tranquilo en <a href=\"https:\/\/www.a4toner.com\">A4toner<\/a><\/strong><\/p>\n","protected":false},"excerpt":{"rendered":"<p>Empecemos por el resumen final; siempre que exista un compatible de buena calidad, no hay duda, compatible. Misma calidad, precio inferior. A qu\u00e9 nos referimos con compatible de buena calidad: Que la tinta o polvo de t\u00f3ner impriman con colores brillantes y fuertes. Que sea detectada correctamente en tu impresora. Que la cantidad de tinta [&hellip;]<\/p>\n","protected":false},"author":4,"featured_media":10048,"parent":0,"menu_order":0,"comment_status":"closed","ping_status":"closed","template":"","meta":{"_bbp_topic_count":0,"_bbp_reply_count":0,"_bbp_total_topic_count":0,"_bbp_total_reply_count":0,"_bbp_voice_count":0,"_bbp_anonymous_reply_count":0,"_bbp_topic_count_hidden":0,"_bbp_reply_count_hidden":0,"_bbp_forum_subforum_count":0,"site-sidebar-layout":"default","site-content-layout":"","ast-site-content-layout":"default","site-content-style":"default","site-sidebar-style":"default","ast-global-header-display":"","ast-banner-title-visibility":"","ast-main-header-display":"","ast-hfb-above-header-display":"","ast-hfb-below-header-display":"","ast-hfb-mobile-header-display":"","site-post-title":"","ast-breadcrumbs-content":"","ast-featured-img":"","footer-sml-layout":"","theme-transparent-header-meta":"","adv-header-id-meta":"","stick-header-meta":"","header-above-stick-meta":"","header-main-stick-meta":"","header-below-stick-meta":"","astra-migrate-meta-layouts":"default","ast-page-background-enabled":"default","ast-page-background-meta":{"desktop":{"background-color":"","background-image":"","background-repeat":"repeat","background-position":"center center","background-size":"auto","background-attachment":"scroll","background-type":"","background-media":"","overlay-type":"","overlay-color":"","overlay-opacity":"","overlay-gradient":""},"tablet":{"background-color":"","background-image":"","background-repeat":"repeat","background-position":"center center","background-size":"auto","background-attachment":"scroll","background-type":"","background-media":"","overlay-type":"","overlay-color":"","overlay-opacity":"","overlay-gradient":""},"mobile":{"background-color":"","background-image":"","background-repeat":"repeat","background-position":"center center","background-size":"auto","background-attachment":"scroll","background-type":"","background-media":"","overlay-type":"","overlay-color":"","overlay-opacity":"","overlay-gradient":""}},"ast-content-background-meta":{"desktop":{"background-color":"var(--ast-global-color-5)","background-image":"","background-repeat":"repeat","background-position":"center center","background-size":"auto","background-attachment":"scroll","background-type":"","background-media":"","overlay-type":"","overlay-color":"","overlay-opacity":"","overlay-gradient":""},"tablet":{"background-color":"var(--ast-global-color-5)","background-image":"","background-repeat":"repeat","background-position":"center center","background-size":"auto","background-attachment":"scroll","background-type":"","background-media":"","overlay-type":"","overlay-color":"","overlay-opacity":"","overlay-gradient":""},"mobile":{"background-color":"var(--ast-global-color-5)","background-image":"","background-repeat":"repeat","background-position":"center center","background-size":"auto","background-attachment":"scroll","background-type":"","background-media":"","overlay-type":"","overlay-color":"","overlay-opacity":"","overlay-gradient":""}},"footnotes":""},"class_list":["post-10043","page","type-page","status-publish","has-post-thumbnail","hentry"],"_links":{"self":[{"href":"https:\/\/www.a4toner.com\/blog\/wp-json\/wp\/v2\/pages\/10043","targetHints":{"allow":["GET"]}}],"collection":[{"href":"https:\/\/www.a4toner.com\/blog\/wp-json\/wp\/v2\/pages"}],"about":[{"href":"https:\/\/www.a4toner.com\/blog\/wp-json\/wp\/v2\/types\/page"}],"author":[{"embeddable":true,"href":"https:\/\/www.a4toner.com\/blog\/wp-json\/wp\/v2\/users\/4"}],"replies":[{"embeddable":true,"href":"https:\/\/www.a4toner.com\/blog\/wp-json\/wp\/v2\/comments?post=10043"}],"version-history":[{"count":4,"href":"https:\/\/www.a4toner.com\/blog\/wp-json\/wp\/v2\/pages\/10043\/revisions"}],"predecessor-version":[{"id":10052,"href":"https:\/\/www.a4toner.com\/blog\/wp-json\/wp\/v2\/pages\/10043\/revisions\/10052"}],"wp:featuredmedia":[{"embeddable":true,"href":"https:\/\/www.a4toner.com\/blog\/wp-json\/wp\/v2\/media\/10048"}],"wp:attachment":[{"href":"https:\/\/www.a4toner.com\/blog\/wp-json\/wp\/v2\/media?parent=10043"}],"curies":[{"name":"wp","href":"https:\/\/api.w.org\/{rel}","templated":true}]}}