{"id":10053,"date":"2023-01-10T17:19:21","date_gmt":"2023-01-10T16:19:21","guid":{"rendered":"https:\/\/www.a4toner.com\/blog\/?page_id=10053"},"modified":"2023-01-10T17:43:18","modified_gmt":"2023-01-10T16:43:18","slug":"como-calibrar-los-colores-de-una-impresora","status":"publish","type":"page","link":"https:\/\/www.a4toner.com\/blog\/como-calibrar-los-colores-de-una-impresora\/","title":{"rendered":"C\u00f3mo calibrar los colores de una impresora"},"content":{"rendered":"\n<p>Para que una impresora funcione correctamente es muy importante llevar a cabo un determinado mantenimiento que suele ser el mismo en cada m\u00e1quina, con algunas diferencias de importancia.<\/p>\n\n\n\n<div class=\"wp-block-columns is-layout-flex wp-container-core-columns-is-layout-28f84493 wp-block-columns-is-layout-flex\">\n<div class=\"wp-block-column is-layout-flow wp-block-column-is-layout-flow\">\n<p>Una de las acciones m\u00e1s relevantes es la <strong>calibraci\u00f3n de los colores de la impresora<\/strong>. Si esta acci\u00f3n no se ha ejecutado correctamente, podemos tener una impresi\u00f3n deficiente.<\/p>\n\n\n\n<p>Sigue leyendo para saber por qu\u00e9 esto es tan importante y el proceso para saber c\u00f3mo hacerlo en los diferentes sistemas operativos.<\/p>\n<\/div>\n\n\n\n<div class=\"wp-block-column is-layout-flow wp-block-column-is-layout-flow\">\n<figure class=\"wp-block-image size-full\"><a href=\"https:\/\/www.a4toner.com\/blog\/wp-content\/uploads\/2023\/01\/ajuste-de-color-en-impresora-Epson.jpg\"><img loading=\"lazy\" decoding=\"async\" width=\"362\" height=\"333\" src=\"https:\/\/www.a4toner.com\/blog\/wp-content\/uploads\/2023\/01\/ajuste-de-color-en-impresora-Epson.jpg\" alt=\"Ajuste de color en impresora Epson\" class=\"wp-image-10057\" title=\"\" srcset=\"https:\/\/www.a4toner.com\/blog\/wp-content\/uploads\/2023\/01\/ajuste-de-color-en-impresora-Epson.jpg 362w, https:\/\/www.a4toner.com\/blog\/wp-content\/uploads\/2023\/01\/ajuste-de-color-en-impresora-Epson-300x276.jpg 300w\" sizes=\"auto, (max-width: 362px) 100vw, 362px\" \/><\/a><figcaption class=\"wp-element-caption\">Ajuste de color en impresora Epson<\/figcaption><\/figure>\n<\/div>\n<\/div>\n\n\n\n<p><\/p>\n\n\n\n<h2 class=\"wp-block-heading\"><strong>\u00bfPor qu\u00e9 se necesita calibrar el color de una impresora?<\/strong><\/h2>\n\n\n\n<p>El principal prop\u00f3sito de calibrar el color de una impresora es <strong>evitar que imprima en el color incorrecto<\/strong>, adem\u00e1s de conseguir una mejor calidad cuando se trata de una impresi\u00f3n a color.<\/p>\n\n\n\n<p>Para hacer las impresiones a color, la impresora tendr\u00e1 que combinar la tinta de los diferentes <a href=\"https:\/\/www.a4toner.com\/\">cartuchos<\/a> en unas determinadas proporciones. Por ejemplo, el color naranja es un tono secundario que se crea a partir de la mezcla de amarillo y rojo (colores primarios).<\/p>\n\n\n\n<p>Si el color amarillo no estuviese correctamente calibrado, puede que el naranja apareciese como rojo, entre otros tantos problemas.<\/p>\n\n\n\n<p>Por otra parte, tambi\u00e9n se persigue que los <strong>colores que se ven en la pantalla correspondan con los que aparecen en la impresi\u00f3n<\/strong>. Para conseguirlo no solo ser\u00e1 necesario calibrar el dispositivo de salida (la impresora), sino tambi\u00e9n el dispositivo de entrada (en este caso es el monitor).<\/p>\n\n\n\n<h2 class=\"wp-block-heading\"><strong>\u00bfC\u00f3mo puedo mejorar la densidad del color? (Calibraci\u00f3n de impresi\u00f3n)<\/strong><\/h2>\n\n\n\n<p>Gracias a la calibraci\u00f3n de la impresi\u00f3n se puede <strong>mejorar la densidad del color<\/strong>. Para ello, tendremos que seguir las instrucciones que vamos a detallar a continuaci\u00f3n. Eso s\u00ed, aseg\u00farate de estar leyendo las que corresponden con tu S.O:<\/p>\n\n\n\n<h3 class=\"wp-block-heading\"><strong>C\u00f3mo calibrar los colores en Windows<\/strong><\/h3>\n\n\n\n<p>El proceso para <strong>calibrar una impresora en Windows<\/strong> suele ser m\u00e1s o menos el mismo en los diferentes modelos de impresoras o marcas, pero pueden existir algunas peque\u00f1as variaciones. Es muy recomendable <strong>actualizar el firmware de la impresora<\/strong> antes de empezar con el proceso. As\u00ed podremos trabajar con la \u00faltima actualizaci\u00f3n de datos de calibraci\u00f3n de color, adem\u00e1s de eliminarse algunos de los problemas m\u00e1s habituales.<\/p>\n\n\n\n<p>El proceso que vamos a definir aqu\u00ed es el gen\u00e9rico, aunque podr\u00eda cambiar la forma de acceder o el nombre de las opciones.<\/p>\n\n\n\n<p>1) &nbsp; &nbsp; Accede a la barra de b\u00fasqueda de Windows y escribe <strong>Panel de Control<\/strong>. Entre las diferentes opciones que nos aparecer\u00e1n tendremos que pulsar sobre <strong>Ver dispositivos e impresoras<\/strong>.<\/p>\n\n\n\n<p>2) &nbsp; &nbsp; Pulsa en el icono de la impresora que queremos calibrar (esto es especialmente importante si tenemos una gran lista de impresoras) y haz click con el bot\u00f3n derecho del rat\u00f3n. En el nuevo listado de opciones que aparecer\u00e1n simplemente habr\u00e1 que pulsar en <strong>Propiedades de impresi\u00f3n<\/strong> (tambi\u00e9n puede aparecer como <strong>Preferencias de impresi\u00f3n<\/strong>).<\/p>\n\n\n\n<p>3) &nbsp; &nbsp; Busca entonces el apartado de <strong>Administraci\u00f3n de Color<\/strong> o algo similar, y dentro de esta opci\u00f3n pulsa sobre <strong>Opciones avanzadas<\/strong>.<\/p>\n\n\n\n<p>4) &nbsp; &nbsp; Aqu\u00ed pueden pasar dos cosas: que ya exista un perfil de color, o que tengamos que agregar uno. Si ya existe, simplemente pulsa sobre el mismo. Si no existe, pulsa en <strong>agregar<\/strong>.<\/p>\n\n\n\n<p>5) &nbsp; &nbsp; Con independencia de la opci\u00f3n que hayas elegido en el apartado anterior, pulsa en <strong>calibraci\u00f3n<\/strong> y simplemente sigue las instrucciones que aparecen en pantalla. Una vez terminado debes pulsar en <strong>Ok<\/strong> y probar a hacer una impresi\u00f3n para ver si funciona como deber\u00eda.<\/p>\n\n\n\n<h3 class=\"wp-block-heading\"><strong>C\u00f3mo calibrar los colores en MAC<\/strong><\/h3>\n\n\n\n<p>El proceso que se sigue en MAC para <strong>calibrar los colores de una impresora<\/strong> es bastante similar al que hemos seguido en Windows. Para que no haya ninguna confusi\u00f3n al respecto, lo vamos a detallar tambi\u00e9n.<\/p>\n\n\n\n<p>1) &nbsp; &nbsp; El primer paso es acceder a la configuraci\u00f3n del sistema. Esto se hace buscando el icono caracter\u00edstico de Apple (estar\u00e1 situado en la parte superior izquierda de la pantalla y pulsa sobre el mismo).<\/p>\n\n\n\n<p>2) &nbsp; &nbsp; Haz clic en <strong>Preferencias del sistema<\/strong> y marca en <strong>Impresi\u00f3n y Fax<\/strong>. A continuaci\u00f3n, tendr\u00e1s que marcar la opci\u00f3n de <strong>Impresoras y Esc\u00e1neres o Impresi\u00f3n y escaneo.<\/strong><\/p>\n\n\n\n<p>3) &nbsp; &nbsp; Como en el S.O. de Windows, aqu\u00ed te aparecer\u00e1 el listado de impresoras que tengas en tu ordenador. Tienes que revisarlas todas para asegurarte de elegir la adecuada. Pulsa sobre la misma.<\/p>\n\n\n\n<p>4) &nbsp; &nbsp; Pulsa nuevamente sobre el bot\u00f3n de <strong>Cola de Impresi\u00f3n<\/strong> (tambi\u00e9n puede estar indicado como <strong>Abrir cola de impresi\u00f3n<\/strong>) y en el bot\u00f3n de <strong>Utility<\/strong>.<\/p>\n\n\n\n<p>5) &nbsp; &nbsp; Con el proceso anterior conseguimos que se encienda lo que se conoce como <strong>monitor de estado<\/strong>. Ahora podremos acceder al mismo desde la barra de men\u00fas. Tan solo dir\u00edgete hacia el mismo y pulsa en <strong>Color -&gt; Calibraci\u00f3n de color -&gt; Obtener datos del dispositivo<\/strong>.<\/p>\n\n\n\n<p>6) &nbsp; &nbsp; El software se encargar\u00e1 de hacer la calibraci\u00f3n por su cuenta y para ello necesitar\u00e1 de algo de tiempo. Una vez que la pantalla se cierre, el proceso se habr\u00e1 completado y podr\u00e1s hacer una impresi\u00f3n de prueba.<\/p>\n\n\n\n<h2 class=\"wp-block-heading\"><strong>Calibrar el monitor y la impresora<\/strong><\/h2>\n\n\n\n<p>Como ya hemos comentado, no basta \u00fanicamente con calibrar la impresora, sino que tambi\u00e9n habr\u00e1 que hacer lo mismo con el monitor.<\/p>\n\n\n\n<div class=\"wp-block-columns is-layout-flex wp-container-core-columns-is-layout-28f84493 wp-block-columns-is-layout-flex\">\n<div class=\"wp-block-column is-layout-flow wp-block-column-is-layout-flow\">\n<p>Esto tiene su explicaci\u00f3n: una impresora suele basarse en los colores del modelo <strong>CMYK<\/strong> (acr\u00f3nimo de <strong>Cian, magenta, amarillo y negro<\/strong>) con el objetivo de mostrar todos los colores de las im\u00e1genes. Sin embargo, un monitor va m\u00e1s all\u00e1 al poder expresar los resultados en forma de millones de colores. Cada p\u00edxel puede mostrar un color que ser\u00e1 el resultado de la mezcla de los 3 colores del modelo <strong>RGB<\/strong> (es decir, <strong>rojo, verde y azul<\/strong>).<\/p>\n<\/div>\n\n\n\n<div class=\"wp-block-column is-layout-flow wp-block-column-is-layout-flow\">\n<figure class=\"wp-block-image size-large\"><a href=\"https:\/\/www.a4toner.com\/blog\/wp-content\/uploads\/2023\/01\/calibrar-monitor-con-impresora.jpg\"><img loading=\"lazy\" decoding=\"async\" width=\"1024\" height=\"682\" src=\"https:\/\/www.a4toner.com\/blog\/wp-content\/uploads\/2023\/01\/calibrar-monitor-con-impresora-1024x682.jpg\" alt=\"calibrar monitor con impresora\" class=\"wp-image-10063\" title=\"\" srcset=\"https:\/\/www.a4toner.com\/blog\/wp-content\/uploads\/2023\/01\/calibrar-monitor-con-impresora-1024x682.jpg 1024w, https:\/\/www.a4toner.com\/blog\/wp-content\/uploads\/2023\/01\/calibrar-monitor-con-impresora-300x200.jpg 300w, https:\/\/www.a4toner.com\/blog\/wp-content\/uploads\/2023\/01\/calibrar-monitor-con-impresora-768x511.jpg 768w, https:\/\/www.a4toner.com\/blog\/wp-content\/uploads\/2023\/01\/calibrar-monitor-con-impresora-1536x1023.jpg 1536w, https:\/\/www.a4toner.com\/blog\/wp-content\/uploads\/2023\/01\/calibrar-monitor-con-impresora-2048x1363.jpg 2048w\" sizes=\"auto, (max-width: 1024px) 100vw, 1024px\" \/><\/a><figcaption class=\"wp-element-caption\">Calibrar monitor con impresora<\/figcaption><\/figure>\n<\/div>\n<\/div>\n\n\n\n<p><\/p>\n\n\n\n<p>Si no se ha llevado a cabo la calibraci\u00f3n, se podr\u00edan obtener im\u00e1genes muy diferentes en el papel en relaci\u00f3n a lo que se ve\u00eda en pantalla (pueden ser m\u00e1s oscuras, m\u00e1s claras, o con colores totalmente distintos).<\/p>\n\n\n\n<p>Para <strong>calibrar el monitor y la impresora<\/strong> debemos tener en cuenta 3 cuestiones:<\/p>\n\n\n\n<h3 class=\"wp-block-heading\"><strong>1.<\/strong> &nbsp; &nbsp; <strong>Configuraci\u00f3n y mantenimiento de los cabezales<\/strong><\/h3>\n\n\n\n<p>Tendremos que asegurarnos de que los cartuchos de tinta se han colocado de la forma adecuada y funcionan correctamente.<\/p>\n\n\n\n<p>Tambi\u00e9n se recomienda hacer una <strong>alineaci\u00f3n de cabezales<\/strong>.<\/p>\n\n\n\n<h3 class=\"wp-block-heading\"><strong>2.<\/strong> &nbsp; &nbsp; <strong>Actualizaci\u00f3n de drivers<\/strong><\/h3>\n\n\n\n<p>Es fundamental trabajar con los \u00faltimos <strong>drivers o controladores<\/strong>. Estos se deben descargar directamente desde la web del fabricante, ya que as\u00ed evitaremos descargar cualquier tipo de archivo fraudulento que pueda da\u00f1ar nuestro ordenador y\/o comprometer nuestros datos personales.<\/p>\n\n\n\n<p>Los drivers suelen venir con un software que es el que nos permitir\u00e1 elegir la configuraci\u00f3n m\u00e1s adecuada en base al tipo de impresi\u00f3n que buscamos conseguir.<\/p>\n\n\n\n<p>Un error muy habitual es centrarse \u00fanicamente en tener actualizados los drivers de la impresora, cuando tambi\u00e9n deber\u00edamos hacer lo mismo con los <strong>drivers del monitor<\/strong>.<\/p>\n\n\n\n<p>No dudes en revisar continuamente la web del fabricante para ver si hay actualizaciones de los componentes de tu equipo.<\/p>\n\n\n\n<h3 class=\"wp-block-heading\"><strong>3.<\/strong> &nbsp; &nbsp; <strong>Perfiles ICC<\/strong><\/h3>\n\n\n\n<p><strong>ICC<\/strong> es el acr\u00f3nimo de <em>International Color Consortium<\/em> y hace referencia a perfiles de color que tienen configuraciones espec\u00edficas para los diferentes dispositivos. Son ofrecidos a los fabricantes y est\u00e1n disponibles a trav\u00e9s de Internet.<\/p>\n\n\n\n<p>Tan solo tendremos que buscar el perfil que corresponda y descargarlo a nuestro PC.<\/p>\n\n\n\n<p>Muchos fabricantes actuales nos dan la opci\u00f3n de <strong>crear nuevos perfiles<\/strong> o hasta de poder solicitar un nuevo perfil a la marca. Esto es muy importante en el caso de que no encontremos el perfil que corresponda.<\/p>\n\n\n\n<p>Los programas de edici\u00f3n fotogr\u00e1fica actuales no deber\u00edan tener problemas para reconocer estos perfiles y a\u00f1adirlos a sus configuraciones.<\/p>\n\n\n\n<p>Tan solo sigue estos pasos para <strong>calibrar los colores de una impresora<\/strong>. Conseguir\u00e1s as\u00ed una mayor concordancia entre lo que ves en el monitor y el documento que has impreso por el perif\u00e9rico.<\/p>\n","protected":false},"excerpt":{"rendered":"<p>Para que una impresora funcione correctamente es muy importante llevar a cabo un determinado mantenimiento que suele ser el mismo en cada m\u00e1quina, con algunas diferencias de importancia. Una de las acciones m\u00e1s relevantes es la calibraci\u00f3n de los colores de la impresora. Si esta acci\u00f3n no se ha ejecutado correctamente, podemos tener una impresi\u00f3n [&hellip;]<\/p>\n","protected":false},"author":3,"featured_media":10054,"parent":0,"menu_order":0,"comment_status":"closed","ping_status":"closed","template":"","meta":{"_bbp_topic_count":0,"_bbp_reply_count":0,"_bbp_total_topic_count":0,"_bbp_total_reply_count":0,"_bbp_voice_count":0,"_bbp_anonymous_reply_count":0,"_bbp_topic_count_hidden":0,"_bbp_reply_count_hidden":0,"_bbp_forum_subforum_count":0,"site-sidebar-layout":"default","site-content-layout":"","ast-site-content-layout":"default","site-content-style":"default","site-sidebar-style":"default","ast-global-header-display":"","ast-banner-title-visibility":"","ast-main-header-display":"","ast-hfb-above-header-display":"","ast-hfb-below-header-display":"","ast-hfb-mobile-header-display":"","site-post-title":"","ast-breadcrumbs-content":"","ast-featured-img":"","footer-sml-layout":"","theme-transparent-header-meta":"","adv-header-id-meta":"","stick-header-meta":"","header-above-stick-meta":"","header-main-stick-meta":"","header-below-stick-meta":"","astra-migrate-meta-layouts":"default","ast-page-background-enabled":"default","ast-page-background-meta":{"desktop":{"background-color":"","background-image":"","background-repeat":"repeat","background-position":"center center","background-size":"auto","background-attachment":"scroll","background-type":"","background-media":"","overlay-type":"","overlay-color":"","overlay-opacity":"","overlay-gradient":""},"tablet":{"background-color":"","background-image":"","background-repeat":"repeat","background-position":"center center","background-size":"auto","background-attachment":"scroll","background-type":"","background-media":"","overlay-type":"","overlay-color":"","overlay-opacity":"","overlay-gradient":""},"mobile":{"background-color":"","background-image":"","background-repeat":"repeat","background-position":"center center","background-size":"auto","background-attachment":"scroll","background-type":"","background-media":"","overlay-type":"","overlay-color":"","overlay-opacity":"","overlay-gradient":""}},"ast-content-background-meta":{"desktop":{"background-color":"var(--ast-global-color-5)","background-image":"","background-repeat":"repeat","background-position":"center center","background-size":"auto","background-attachment":"scroll","background-type":"","background-media":"","overlay-type":"","overlay-color":"","overlay-opacity":"","overlay-gradient":""},"tablet":{"background-color":"var(--ast-global-color-5)","background-image":"","background-repeat":"repeat","background-position":"center center","background-size":"auto","background-attachment":"scroll","background-type":"","background-media":"","overlay-type":"","overlay-color":"","overlay-opacity":"","overlay-gradient":""},"mobile":{"background-color":"var(--ast-global-color-5)","background-image":"","background-repeat":"repeat","background-position":"center center","background-size":"auto","background-attachment":"scroll","background-type":"","background-media":"","overlay-type":"","overlay-color":"","overlay-opacity":"","overlay-gradient":""}},"footnotes":""},"class_list":["post-10053","page","type-page","status-publish","has-post-thumbnail","hentry"],"_links":{"self":[{"href":"https:\/\/www.a4toner.com\/blog\/wp-json\/wp\/v2\/pages\/10053","targetHints":{"allow":["GET"]}}],"collection":[{"href":"https:\/\/www.a4toner.com\/blog\/wp-json\/wp\/v2\/pages"}],"about":[{"href":"https:\/\/www.a4toner.com\/blog\/wp-json\/wp\/v2\/types\/page"}],"author":[{"embeddable":true,"href":"https:\/\/www.a4toner.com\/blog\/wp-json\/wp\/v2\/users\/3"}],"replies":[{"embeddable":true,"href":"https:\/\/www.a4toner.com\/blog\/wp-json\/wp\/v2\/comments?post=10053"}],"version-history":[{"count":5,"href":"https:\/\/www.a4toner.com\/blog\/wp-json\/wp\/v2\/pages\/10053\/revisions"}],"predecessor-version":[{"id":10065,"href":"https:\/\/www.a4toner.com\/blog\/wp-json\/wp\/v2\/pages\/10053\/revisions\/10065"}],"wp:featuredmedia":[{"embeddable":true,"href":"https:\/\/www.a4toner.com\/blog\/wp-json\/wp\/v2\/media\/10054"}],"wp:attachment":[{"href":"https:\/\/www.a4toner.com\/blog\/wp-json\/wp\/v2\/media?parent=10053"}],"curies":[{"name":"wp","href":"https:\/\/api.w.org\/{rel}","templated":true}]}}