{"id":10074,"date":"2023-01-26T16:37:32","date_gmt":"2023-01-26T15:37:32","guid":{"rendered":"https:\/\/www.a4toner.com\/blog\/?page_id=10074"},"modified":"2024-05-15T10:08:59","modified_gmt":"2024-05-15T08:08:59","slug":"como-resetear-una-impresora-epson-y-por-que-hacerlo","status":"publish","type":"page","link":"https:\/\/www.a4toner.com\/blog\/como-resetear-una-impresora-epson-y-por-que-hacerlo\/","title":{"rendered":"\u00bfResetear una impresora epson?, en A4toner te explicamos los 4 reset gen\u00e9ricos."},"content":{"rendered":"\n<figure class=\"wp-block-video\"><video controls src=\"https:\/\/www.a4toner.com\/blog\/wp-content\/uploads\/2024\/05\/video-resets-epson.mp4\"><\/video><\/figure>\n\n\n\n<p>Descubre como eliminar los molestos mensajes de error en tan solo minutos, regresa a la vida <strong>tu impresora Epson<\/strong> \u00a1Es muy f\u00e1cil!<\/p>\n\n\n\n<p>Si eres un asiduo usuario de impresoras, en alg\u00fan momento te habr\u00e1s topado con un alarmante mensaje de error, estilo: no hay tinta, no tiene un cartucho la impresora (cuando si lo tiene) y similares. A priori podr\u00edas pensar que se ha da\u00f1ado el dispositivo, pero \u00a1Detente! No lo deseches sin haber intentado <strong>resetear tu impresora Epson<\/strong>.<\/p>\n\n\n\n<p>S\u00ed, tal como lo lees, un reinicio a tiempo te ahorra muchas preocupaciones y dolores de cabeza, y por ello hoy te diremos qu\u00e9 es, cuando hacer y c\u00f3mo llevar a cabo un <strong>reseteo de impresora Epson<\/strong>.<\/p>\n\n\n\n<p>Adem\u00e1s, te contamos que riesgos conlleva el <strong>reinicio de impresora Epson<\/strong>, y alguno que otro truquillo para evitar un mal funcionamiento del dispositivo. Acomp\u00e1\u00f1anos y revive esa impresora que tiene meses llen\u00e1ndose de polvo en tu escritorio\u2026<\/p>\n\n\n\n<h2 class=\"wp-block-heading\"><strong>\u00bfQu\u00e9 es el reseteo o reinicio de impresoras?<\/strong><\/h2>\n\n\n\n<p>Primero lo primero, dejemos en claro que un <strong>reinicio de impresora<\/strong> es solo eso, un reseteo que las devuelve a sus valores de f\u00e1brica, lo que incluye un <strong>restablecimiento del firmware<\/strong> original. Lo anterior, no es una actualizaci\u00f3n, podr\u00edas ser todo lo contrario: una desactualizaci\u00f3n, porque se reinicia para eliminar cualquier tipo de actualizaci\u00f3n y dejarla como nueva.<\/p>\n\n\n\n<p>\u00bfPor qu\u00e9 desactualizar la impresora? Pues sencillamente, porque algunos fabricantes juegan un poco sucio, y en sus actualizaciones autom\u00e1ticas colocan bloqueos para cartuchos compatibles. Lo peor es que, muchas veces, les sale el tiro por la culata y terminan ralentizando el sano funcionamiento de tu impresora, y hasta dejan de reconocer los <strong>cartuchos originales<\/strong>, <strong>t\u00f3neres<\/strong> y <strong>tambores<\/strong>.<\/p>\n\n\n\n<p>Es como cuando tu tel\u00e9fono Android est\u00e1 un poco loco y decides reiniciarlo de f\u00e1brica y empezar de nuevo\u2026 b\u00e1sicamente, eso es un <strong>reinicio de impresora<\/strong><strong>Epson<\/strong> y es muy seguro si lo haces tal como se recomienda.<\/p>\n\n\n\n<p>No confundas <strong>reinicio de impresora<\/strong> con <strong>actualizaci\u00f3n de firmware<\/strong>, porque no se trata de un refrescamiento de software, sino todo lo contrario, es devolver la impresora a sus valores de f\u00e1brica.<\/p>\n\n\n\n<h2 class=\"wp-block-heading\"><strong>\u00bfPor qu\u00e9 hacer un reinicio de impresora Epson?<\/strong><\/h2>\n\n\n\n<p>Tal como indic\u00e1bamos en un inicio, las impresoras se reinician cuando est\u00e1n dando algunos mensajes de error incoherentes, como:<\/p>\n\n\n\n<p>\u2192 Pide renovaci\u00f3n de <strong>cartuchos<\/strong>, y posee consumibles nuevos.<br>\u2192 Da mensajes de error continuamente, como: bajo nivel de tinta.<br>\u2192 Tambi\u00e9n puede indicarte que no tiene instalado un <strong>cartucho<\/strong>, y si lo tiene.<\/p>\n\n\n\n<p>Estas situaciones no solo aplican para <strong><a previewlistener=\"true\" href=\"https:\/\/www.a4toner.com\/blog\/impresoras-epson\/\">impresoras de inyecci\u00f3n de tinta Epson<\/a><\/strong>, tambi\u00e9n para las <strong>impresoras l\u00e1ser<\/strong> de esta marca(aunque ya se han dejado de fabricar nuevas); las cuales indican que no hay un <strong><a previewlistener=\"true\" href=\"https:\/\/www.a4toner.com\/blog\/tambor-laser-de-impresora-que-es-y-para-que-sirve\/\">tambor<\/a><\/strong> instalado o que no tienen <strong><a previewlistener=\"true\" href=\"https:\/\/www.a4toner.com\/blog\/el-toner-que-es-y-como-funciona\/\">t\u00f3ner<\/a><\/strong>, cuando en realidad acabas de hacer recambio y est\u00e1s seguro de que tiene <strong>consumibles<\/strong> en buen estado.<\/p>\n\n\n\n<p>ATENCI\u00d3N: Antes de hacer el reinicio debes revisar el estado de los <strong>consumibles<\/strong> y comprarlos solo en sitios de confianza, como: <strong>A4Toner<\/strong>, donde te garantizamos la eficiencia de los cartuchos, t\u00f3neres y tambores. Ahora cerrado el espacio publicitario \ud83d\ude0a\u2026 Avanzamos, y te diremos como <strong>resetear correctamente impresora Epson.<\/strong><\/p>\n\n\n\n<h2 class=\"wp-block-heading\">\u00bf<strong>C\u00f3mo reiniciar impresora Epson<\/strong>?<\/h2>\n\n\n\n<p>La cantidad de <strong>modelos de impresoras Epson<\/strong> es apabullante, pero realmente el reinicio es bastante gen\u00e9rico y hay cuatro m\u00e9todos que puedes aplicar y funcionan usualmente uno u otro, son:<\/p>\n\n\n\n<h3 class=\"wp-block-heading\">Primer m\u00e9todo para <strong>reiniciar impresora Epson<\/strong><\/h3>\n\n\n\n<p>El primer m\u00e9todo es muy sencillo y funciona en casi todas las <strong>impresoras Epson de inyecci\u00f3n de tinta<\/strong>.<\/p>\n\n\n\n<p>Para hacer este <strong>reinicio de impresora Epson<\/strong>, \u00fanicamente debes seguir los siguientes pasos:<\/p>\n\n\n\n<ul class=\"wp-block-list\">\n<li>Primero apagas tu impresora, y la desconectas de la toma de corriente.<\/li>\n\n\n\n<li>Espera cinco minutos.<\/li>\n\n\n\n<li>Ahora es el momento clave: conecta tu impresora a la toma de corriente al mismo tiempo que presionas el bot\u00f3n de encendido, mantenlo presionado por 15 segundos.<\/li>\n\n\n\n<li>Apenas encienda la <strong>impresora Epson<\/strong> volvemos a presionar el bot\u00f3n de <em>power<\/em> (encendido) y lo hacemos por 15 segundos m\u00e1s.<\/li>\n<\/ul>\n\n\n\n<p>Una vez hechos estos pasos, tu dispositivo debe haberse reiniciado correctamente, de lo contrario puedes probar con los otros tres m\u00e9todos de reseteo que mencionamos a continuaci\u00f3n&#8230;<\/p>\n\n\n\n<h3 class=\"wp-block-heading\">Segundo m\u00e9todo de <strong>reseteo<\/strong> <strong>de impresora Epson<\/strong><\/h3>\n\n\n\n<p>Hay <strong>impresoras Epson<\/strong> que ya tienen un bot\u00f3n directo de reinicio, cuando es as\u00ed debes seguir el siguiente m\u00e9todo para resetear el dispositivo:<\/p>\n\n\n\n<ul class=\"wp-block-list\">\n<li>Primero que todo ubica el bot\u00f3n de <em>reset<\/em>, este puede decir <em>pause\/reset<\/em>. Com\u00fanmente se halla en la parte superior derecha de la <strong>impresora Epson<\/strong>.<\/li>\n\n\n\n<li>Ahora presionas dicho bot\u00f3n por tres segundos o m\u00e1s.<\/li>\n\n\n\n<li>Pruebas imprimir nuevamente, y si te da errores repite el proceso.<\/li>\n<\/ul>\n\n\n\n<p>Puedes ver nuestro art\u00edculo= <a href=\"https:\/\/www.a4toner.com\/blog\/resets-impresoras-epson\/\">Resets impresoras Epson<\/a><\/p>\n\n\n\n<h3 class=\"wp-block-heading\">El tercer procedimiento para <strong>reiniciar impresora Epson<\/strong><\/h3>\n\n\n\n<p>Cuando tu <strong>impresora Epson<\/strong> tiene una pantalla LED o un panel de control, es mucho m\u00e1s sencillo el reinicio. Simplemente, debes llevar a cabo los siguientes pasos:<\/p>\n\n\n\n<ul class=\"wp-block-list\">\n<li>Encender tu <strong>impresora Epson<\/strong>.<\/li>\n\n\n\n<li>Acceder al men\u00fa <em>INICIO<\/em> en el panel de control.<\/li>\n\n\n\n<li>Buscar la opci\u00f3n de <em>CONFIGURACI\u00d3N<\/em>, usando las flechas. Una vez que la encuentres presionas <em>OK<\/em>.<\/li>\n\n\n\n<li>Vas a buscar en este men\u00fa la opci\u00f3n de <em>RESTAURAR LA CONFIGURACI\u00d3N PREDETERMINADA<\/em>, la seleccionas pulsando OK.<\/li>\n\n\n\n<li>Luego seleccionas <em>RESTAURAR LA CONFIGURACI\u00d3N DE LA RED<\/em>, y <em>TODAS LAS CONFIGURACIONES<\/em>, pulsas <em>OK<\/em>.<\/li>\n\n\n\n<li>Ahora procedes a reiniciar la impresora.<\/li>\n<\/ul>\n\n\n\n<h3 class=\"wp-block-heading\">Y, que no muera la esperanza: el \u00faltimo <strong>m\u00e9todo para resetear impresora Epson<\/strong><\/h3>\n\n\n\n<p>Si los anteriores tres m\u00e9todos han fallado, nos queda la \u00faltima esperanza\u2026<\/p>\n\n\n\n<ul class=\"wp-block-list\">\n<li>Primero se apaga la <strong>impresora Epson<\/strong>.<\/li>\n\n\n\n<li>Posteriormente, se presionan simult\u00e1neamente el bot\u00f3n de <em>power<\/em> (encendido) y el bot\u00f3n de informaci\u00f3n de red. Los mantendr\u00e1s pulsados hasta que las luces de Wi-Fi parpadeen<\/li>\n\n\n\n<li>Soltar\u00e1s los botones justo cuando encienda la impresora y esperas hasta que el bot\u00f3n de <em>power<\/em> quede fijo y las luces de Wi-Fi apaguen.<\/li>\n<\/ul>\n\n\n\n<p>\u00a1Listo! Tu dispositivo se habr\u00e1 reiniciado y no deber\u00e1 mostrar ning\u00fan mensaje de error, al menos que tenga un problema de hardware&#8230;<\/p>\n\n\n\n<p>Cabe destacar que los m\u00e9todos indicados son espec\u00edficamente para el <strong>reinicio de impresoras marca Epson<\/strong>, si tu dispositivo pertenece a otro fabricante \u00a1Pregunta sin miedo!<\/p>\n\n\n\n<p>Recuerda que en <strong>A4Toner<\/strong> somos los <strong>expertos en consumibles e impresoras<\/strong>, por lo que si tienes alguna duda \u00a1Cons\u00faltanos! Con gusto te asesoramos\u2026<\/p>\n","protected":false},"excerpt":{"rendered":"<p>Descubre como eliminar los molestos mensajes de error en tan solo minutos, regresa a la vida tu impresora Epson \u00a1Es muy f\u00e1cil! Si eres un asiduo usuario de impresoras, en alg\u00fan momento te habr\u00e1s topado con un alarmante mensaje de error, estilo: no hay tinta, no tiene un cartucho la impresora (cuando si lo tiene) [&hellip;]<\/p>\n","protected":false},"author":4,"featured_media":10552,"parent":0,"menu_order":0,"comment_status":"closed","ping_status":"closed","template":"","meta":{"_bbp_topic_count":0,"_bbp_reply_count":0,"_bbp_total_topic_count":0,"_bbp_total_reply_count":0,"_bbp_voice_count":0,"_bbp_anonymous_reply_count":0,"_bbp_topic_count_hidden":0,"_bbp_reply_count_hidden":0,"_bbp_forum_subforum_count":0,"site-sidebar-layout":"default","site-content-layout":"","ast-site-content-layout":"default","site-content-style":"default","site-sidebar-style":"default","ast-global-header-display":"","ast-banner-title-visibility":"","ast-main-header-display":"","ast-hfb-above-header-display":"","ast-hfb-below-header-display":"","ast-hfb-mobile-header-display":"","site-post-title":"","ast-breadcrumbs-content":"","ast-featured-img":"","footer-sml-layout":"","theme-transparent-header-meta":"","adv-header-id-meta":"","stick-header-meta":"","header-above-stick-meta":"","header-main-stick-meta":"","header-below-stick-meta":"","astra-migrate-meta-layouts":"set","ast-page-background-enabled":"default","ast-page-background-meta":{"desktop":{"background-color":"","background-image":"","background-repeat":"repeat","background-position":"center center","background-size":"auto","background-attachment":"scroll","background-type":"","background-media":"","overlay-type":"","overlay-color":"","overlay-opacity":"","overlay-gradient":""},"tablet":{"background-color":"","background-image":"","background-repeat":"repeat","background-position":"center center","background-size":"auto","background-attachment":"scroll","background-type":"","background-media":"","overlay-type":"","overlay-color":"","overlay-opacity":"","overlay-gradient":""},"mobile":{"background-color":"","background-image":"","background-repeat":"repeat","background-position":"center center","background-size":"auto","background-attachment":"scroll","background-type":"","background-media":"","overlay-type":"","overlay-color":"","overlay-opacity":"","overlay-gradient":""}},"ast-content-background-meta":{"desktop":{"background-color":"var(--ast-global-color-5)","background-image":"","background-repeat":"repeat","background-position":"center center","background-size":"auto","background-attachment":"scroll","background-type":"","background-media":"","overlay-type":"","overlay-color":"","overlay-opacity":"","overlay-gradient":""},"tablet":{"background-color":"var(--ast-global-color-5)","background-image":"","background-repeat":"repeat","background-position":"center center","background-size":"auto","background-attachment":"scroll","background-type":"","background-media":"","overlay-type":"","overlay-color":"","overlay-opacity":"","overlay-gradient":""},"mobile":{"background-color":"var(--ast-global-color-5)","background-image":"","background-repeat":"repeat","background-position":"center center","background-size":"auto","background-attachment":"scroll","background-type":"","background-media":"","overlay-type":"","overlay-color":"","overlay-opacity":"","overlay-gradient":""}},"footnotes":""},"class_list":["post-10074","page","type-page","status-publish","has-post-thumbnail","hentry"],"_links":{"self":[{"href":"https:\/\/www.a4toner.com\/blog\/wp-json\/wp\/v2\/pages\/10074","targetHints":{"allow":["GET"]}}],"collection":[{"href":"https:\/\/www.a4toner.com\/blog\/wp-json\/wp\/v2\/pages"}],"about":[{"href":"https:\/\/www.a4toner.com\/blog\/wp-json\/wp\/v2\/types\/page"}],"author":[{"embeddable":true,"href":"https:\/\/www.a4toner.com\/blog\/wp-json\/wp\/v2\/users\/4"}],"replies":[{"embeddable":true,"href":"https:\/\/www.a4toner.com\/blog\/wp-json\/wp\/v2\/comments?post=10074"}],"version-history":[{"count":8,"href":"https:\/\/www.a4toner.com\/blog\/wp-json\/wp\/v2\/pages\/10074\/revisions"}],"predecessor-version":[{"id":10560,"href":"https:\/\/www.a4toner.com\/blog\/wp-json\/wp\/v2\/pages\/10074\/revisions\/10560"}],"wp:featuredmedia":[{"embeddable":true,"href":"https:\/\/www.a4toner.com\/blog\/wp-json\/wp\/v2\/media\/10552"}],"wp:attachment":[{"href":"https:\/\/www.a4toner.com\/blog\/wp-json\/wp\/v2\/media?parent=10074"}],"curies":[{"name":"wp","href":"https:\/\/api.w.org\/{rel}","templated":true}]}}