{"id":10168,"date":"2023-06-08T11:44:34","date_gmt":"2023-06-08T09:44:34","guid":{"rendered":"https:\/\/www.a4toner.com\/blog\/?page_id=10168"},"modified":"2023-06-08T11:44:42","modified_gmt":"2023-06-08T09:44:42","slug":"cartucho-bloqueado-hp","status":"publish","type":"page","link":"https:\/\/www.a4toner.com\/blog\/cartucho-bloqueado-hp\/","title":{"rendered":"Cartucho bloqueado HP"},"content":{"rendered":"\n<h2 class=\"wp-block-heading\">Cartucho bloqueado por HP, de la serie E que limitar\u00e1n tus opciones a la hora de elegir consumible.<\/h2>\n\n\n\n<h3 class=\"wp-block-heading\"><strong>HP lanza la serie de impresoras E y vual\u00e1 \u00abCARTUCHO BLOQUEADO\u00bb<\/strong><\/h3>\n\n\n\n<p>HP lanza la serie de impresoras E y vual\u00e1 \u00abCARTUCHO BLOQUEADO\u00bb, la reconocida compa\u00f1\u00eda, ha presentado recientemente su nueva serie de impresoras, la serie E. <\/p>\n\n\n\n<p>Estos dispositivos cuentan con un sistema de detecci\u00f3n de t\u00f3ner exclusivo que,\u00a0<strong>por el momento, impide la utilizaci\u00f3n de cartuchos compatibles<\/strong>, generando un mensaje de error al intentar hacerlo. Si bien se ha enfocado en desarrollar este sistema con alta precisi\u00f3n, su implementaci\u00f3n ha generado cierta controversia debido a su impacto en los costos para los usuarios que necesitan imprimir con estas impresoras.<\/p>\n\n\n\n<p>Una caracter\u00edstica destacable de la serie E de HP es su precio m\u00e1s bajo en comparaci\u00f3n con las mismas impresoras con una series distinta. <\/p>\n\n\n\n<p>Esta estrategia pretende brindar a los consumidores una opci\u00f3n m\u00e1s asequible al adquirir una impresora de calidad, o eso es lo que quieren hacer ver, ya que, sin embargo, es importante se\u00f1alar que los usuarios de\u00a0<strong>la serie E est\u00e1n limitados a utilizar exclusivamente cartuchos de t\u00f3ner originales, lo cual puede resultar en un gasto adicional a corto plazo.<\/strong><\/p>\n\n\n\n<p>Esta limitaci\u00f3n ha generado inquietud entre algunos clientes, quienes prefieren usar cartuchos compatibles debido a su precio m\u00e1s econ\u00f3mico y a su disponibilidad en el mercado. <\/p>\n\n\n\n<p>Al adquirir una impresora de la serie E sin estar informados sobre esta restricci\u00f3n, los usuarios pueden encontrarse con la necesidad de gastar m\u00e1s dinero en consumibles originales en lugar de poder elegir los que deseen en cada momento, como, por ejemplo, cartuchos compatibles de buena calidad a precios considerablemente m\u00e1s bajos.<\/p>\n\n\n\n<p>La preocupaci\u00f3n por esta situaci\u00f3n radica en la percepci\u00f3n de que HP est\u00e1 utilizando t\u00e1cticas que pueden considerarse inmorales, tratando a los clientes como tontos.\u00a0<\/p>\n\n\n\n<p><strong>Muchos usuarios desconocen esta limitaci\u00f3n al comprar una impresora de la serie E, lo que ha generado frustraci\u00f3n y malestar entre aquellos que se sienten afectados por estas pr\u00e1cticas de dudosa moralidad.<\/strong><\/p>\n\n\n\n<ol class=\"wp-block-list\">\n<li>Impresoras, serie E de HP afectadas<\/li>\n\n\n\n<li>Cartuchos impresoras HP no compatibles con tu impresora serie E<\/li>\n\n\n\n<li><strong>La soluci\u00f3n:<\/strong>&nbsp;Compra t\u00f3ner original o sin chip<\/li>\n\n\n\n<li>Uso de cartuchos compatibles en impresoras HP<\/li>\n<\/ol>\n\n\n\n<h3 class=\"wp-block-heading\"><strong>Impresoras, serie E de HP afectadas<\/strong><\/h3>\n\n\n\n<p>Para que no tengas dudas te ponemos un listado de las impresoras que ahora mismo se ven afectadas por este tema.<\/p>\n\n\n\n<p>Ten en cuenta que esto puede cambiar r\u00e1pidamente, puesto que pueden aparecer, por fin, los chips adecuados para estas m\u00e1quinas, o pueden, por el contrario, sumarse m\u00e1s m\u00e1quinas a esta lista.<\/p>\n\n\n\n<p>HP LaserJet M 109 e<br>HP LaserJet M 109 we<br>HP LaserJet M 110 e<br>HP LaserJet M 110 we<br>HP LaserJet M 111 e<br>HP LaserJet M 111 we<br>HP LaserJet M 112 e<br>HP LaserJet M 112 we<br>HP LaserJet MFP M 139 we<br>HP LaserJet MFP M 140 we<br>HP LaserJet MFP M 141 we<br>HP LaserJet MFP M 142 we<\/p>\n\n\n\n<p>HP LaserJet MFP M234dwe<br>HP LaserJet MFP M234sdne<br>HP LaserJet MFP M234sdwe<\/p>\n\n\n\n<p>HP LaserJet Pro MFP 4102dwe<br>HP LaserJet Pro MFP 4102fdwe<br>HP LaserJet Pro MFP 4102fdne<br>HP LaserJet Pro 4002dne<br>HP LaserJet Pro 4002ne<br>HP LaserJet Pro 4002dwe<\/p>\n\n\n\n<h3 class=\"wp-block-heading\"><strong>Cartuchos impresoras HP no compatibles con tu impresora serie E<\/strong><\/h3>\n\n\n\n<p>Los cartuchos que encontrar\u00e1s en A4toner afectados por esta nueva pol\u00edtica de HP son los t\u00f3neres compatibles, <a href=\"https:\/\/www.a4toner.com\/es\/cartuchos-de-tinta-y-toners\/hp\/toner-hp-142a-w1420a.html\">W1420A \/XL<\/a>, W1350A\/X y <a href=\"https:\/\/www.a4toner.com\/es\/cartuchos-de-tinta-y-toners\/hp\/hp-149a-hp149x-w1490a-w1490x.html\">W1490A<\/a>.<\/p>\n\n\n\n<p>Es crucial verificar si tu m\u00e1quina pertenece a la serie E al utilizar estos tres modelos de t\u00f3ner. Puedes encontrar esta informaci\u00f3n al final de cada modelo de m\u00e1quina. Por ejemplo, HP LaserJet M 110 W<strong>E<\/strong>&nbsp;\u00f3 la HP LaserJet Pro MFP 4102FDN<strong>E<\/strong><\/p>\n\n\n\n<h2 class=\"wp-block-heading\"><strong>La soluci\u00f3n:<\/strong>&nbsp;Compra t\u00f3ner original o sin chip<\/h2>\n\n\n\n<p>En <a href=\"https:\/\/www.a4toner.com\">A4toner <\/a>tienes\u00a0<strong>dos opciones que asegurar\u00e1n un funcionamiento perfecto en tu m\u00e1quina<\/strong>.<\/p>\n\n\n\n<p>Por un lado, est\u00e1 la opci\u00f3n que HP sugiere, que es comprar el t\u00f3ner original. Esta es una buena elecci\u00f3n si el precio no es un problema para ti y si deseas evitar cualquier molestia.<\/p>\n\n\n\n<p>Por otro lado, tienes la opci\u00f3n de adquirir un t\u00f3ner sin chip, en el cual deber\u00e1s colocar el chip sustra\u00eddo del t\u00f3ner original por ti mismo, en el nuevo t\u00f3ner. Esta alternativa te permite ahorrar much\u00edsimo dinero, pero requiere un poco m\u00e1s de atenci\u00f3n al realizar el proceso de cambio del chip.<\/p>\n\n\n\n<h3 class=\"wp-block-heading\"><strong>Uso de cartuchos compatibles en impresoras HP<\/strong><\/h3>\n\n\n\n<p>En resumen, nos esforzamos constantemente para asegurar que todos los t\u00f3neres que vendemos en A4toner funcionen perfectamente en tu impresora, sin problemas.<\/p>\n\n\n\n<p>Afortunadamente, esta peculiaridad solo afecta a los modelos mencionados, y esperamos que desaparezca con el tiempo.<\/p>\n\n\n\n<p>Al igual que con el resto de los t\u00f3neres disponibles en nuestro sitio web, <strong>estamos comprometidos con la calidad y compatibilidad.<\/strong><\/p>\n\n\n\n<p>Si tienes dudas sobre cu\u00e1l es el mejor t\u00f3ner para tu impresora, no dudes en preguntarnos. Estaremos encantados de ayudarte a trav\u00e9s de nuestro chat en A4toner.com o por correo electr\u00f3nico en comercial@a4toner.com.<\/p>\n","protected":false},"excerpt":{"rendered":"<p>Cartucho bloqueado por HP, de la serie E que limitar\u00e1n tus opciones a la hora de elegir consumible. HP lanza la serie de impresoras E y vual\u00e1 \u00abCARTUCHO BLOQUEADO\u00bb HP lanza la serie de impresoras E y vual\u00e1 \u00abCARTUCHO BLOQUEADO\u00bb, la reconocida compa\u00f1\u00eda, ha presentado recientemente su nueva serie de impresoras, la serie E. Estos [&hellip;]<\/p>\n","protected":false},"author":4,"featured_media":10172,"parent":0,"menu_order":0,"comment_status":"closed","ping_status":"closed","template":"","meta":{"_bbp_topic_count":0,"_bbp_reply_count":0,"_bbp_total_topic_count":0,"_bbp_total_reply_count":0,"_bbp_voice_count":0,"_bbp_anonymous_reply_count":0,"_bbp_topic_count_hidden":0,"_bbp_reply_count_hidden":0,"_bbp_forum_subforum_count":0,"site-sidebar-layout":"default","site-content-layout":"","ast-site-content-layout":"default","site-content-style":"default","site-sidebar-style":"default","ast-global-header-display":"","ast-banner-title-visibility":"","ast-main-header-display":"","ast-hfb-above-header-display":"","ast-hfb-below-header-display":"","ast-hfb-mobile-header-display":"","site-post-title":"","ast-breadcrumbs-content":"","ast-featured-img":"","footer-sml-layout":"","theme-transparent-header-meta":"","adv-header-id-meta":"","stick-header-meta":"","header-above-stick-meta":"","header-main-stick-meta":"","header-below-stick-meta":"","astra-migrate-meta-layouts":"default","ast-page-background-enabled":"default","ast-page-background-meta":{"desktop":{"background-color":"","background-image":"","background-repeat":"repeat","background-position":"center center","background-size":"auto","background-attachment":"scroll","background-type":"","background-media":"","overlay-type":"","overlay-color":"","overlay-opacity":"","overlay-gradient":""},"tablet":{"background-color":"","background-image":"","background-repeat":"repeat","background-position":"center center","background-size":"auto","background-attachment":"scroll","background-type":"","background-media":"","overlay-type":"","overlay-color":"","overlay-opacity":"","overlay-gradient":""},"mobile":{"background-color":"","background-image":"","background-repeat":"repeat","background-position":"center center","background-size":"auto","background-attachment":"scroll","background-type":"","background-media":"","overlay-type":"","overlay-color":"","overlay-opacity":"","overlay-gradient":""}},"ast-content-background-meta":{"desktop":{"background-color":"var(--ast-global-color-5)","background-image":"","background-repeat":"repeat","background-position":"center center","background-size":"auto","background-attachment":"scroll","background-type":"","background-media":"","overlay-type":"","overlay-color":"","overlay-opacity":"","overlay-gradient":""},"tablet":{"background-color":"var(--ast-global-color-5)","background-image":"","background-repeat":"repeat","background-position":"center center","background-size":"auto","background-attachment":"scroll","background-type":"","background-media":"","overlay-type":"","overlay-color":"","overlay-opacity":"","overlay-gradient":""},"mobile":{"background-color":"var(--ast-global-color-5)","background-image":"","background-repeat":"repeat","background-position":"center center","background-size":"auto","background-attachment":"scroll","background-type":"","background-media":"","overlay-type":"","overlay-color":"","overlay-opacity":"","overlay-gradient":""}},"footnotes":""},"class_list":["post-10168","page","type-page","status-publish","has-post-thumbnail","hentry"],"_links":{"self":[{"href":"https:\/\/www.a4toner.com\/blog\/wp-json\/wp\/v2\/pages\/10168","targetHints":{"allow":["GET"]}}],"collection":[{"href":"https:\/\/www.a4toner.com\/blog\/wp-json\/wp\/v2\/pages"}],"about":[{"href":"https:\/\/www.a4toner.com\/blog\/wp-json\/wp\/v2\/types\/page"}],"author":[{"embeddable":true,"href":"https:\/\/www.a4toner.com\/blog\/wp-json\/wp\/v2\/users\/4"}],"replies":[{"embeddable":true,"href":"https:\/\/www.a4toner.com\/blog\/wp-json\/wp\/v2\/comments?post=10168"}],"version-history":[{"count":5,"href":"https:\/\/www.a4toner.com\/blog\/wp-json\/wp\/v2\/pages\/10168\/revisions"}],"predecessor-version":[{"id":10175,"href":"https:\/\/www.a4toner.com\/blog\/wp-json\/wp\/v2\/pages\/10168\/revisions\/10175"}],"wp:featuredmedia":[{"embeddable":true,"href":"https:\/\/www.a4toner.com\/blog\/wp-json\/wp\/v2\/media\/10172"}],"wp:attachment":[{"href":"https:\/\/www.a4toner.com\/blog\/wp-json\/wp\/v2\/media?parent=10168"}],"curies":[{"name":"wp","href":"https:\/\/api.w.org\/{rel}","templated":true}]}}