{"id":2843,"date":"2017-10-03T15:56:32","date_gmt":"2017-10-03T13:56:32","guid":{"rendered":"https:\/\/www.a4toner.com\/blog\/?page_id=2843"},"modified":"2021-02-16T09:50:33","modified_gmt":"2021-02-16T08:50:33","slug":"ventajas-una-impresora-inyeccion","status":"publish","type":"page","link":"https:\/\/www.a4toner.com\/blog\/que-impresora\/ventajas-una-impresora-inyeccion\/","title":{"rendered":"Inyecci\u00f3n de tinta"},"content":{"rendered":"\n<h2 class=\"wp-block-heading\"><strong>Ventajas de una impresora de inyecci\u00f3n.<\/strong><\/h2>\n\n\n\n<p>Cuando nos encontramos en la tesitura de adquirir una nueva impresora muchos son los factores que evaluamos para encontrar el equipo ideal: precio, velocidad, tama\u00f1o, calidad\u2026 Pocas veces dudamos entre adquirir una impresora l\u00e1ser o una de inyecci\u00f3n de tinta, ya que es algo que tenemos bien claro desde el principio. Sin embargo no est\u00e1 de m\u00e1s hacer balance de las ventajas y desventajas de cada tipo de impresora para comprobar que realmente es ese formato el que buscamos y no querer cambiar de modelo tras haber realizado ya la compra. En este art\u00edculo nos centraremos en las&nbsp;<strong>ventajas que poseen las impresoras de inyecci\u00f3n<\/strong>&nbsp;sobre las l\u00e1ser.<\/p>\n\n\n\n<h2 class=\"wp-block-heading\">Diferencias de funcionamiento<\/h2>\n\n\n\n<p>Para ver las ventajas y desventajas que poseen las impresoras de inyecci\u00f3n de tinta con respecto a las <a href=\"https:\/\/www.a4toner.com\/blog\/que-impresora\/laser\/\" class=\"rank-math-link\">impresoras l\u00e1ser<\/a> antes debemos&nbsp;<strong>conocer c\u00f3mo funcionan<\/strong>. A diferencia de las l\u00e1ser, que utilizan pigmentos s\u00f3lidos que se magnetizan y fijan al papel mediante calor, las impresoras de inyecci\u00f3n trabajan con tinta l\u00edquida que impregna el papel en cantidades min\u00fasculas gracias a una especie de agujas denominadas \u201cinyectores\u201d (de ah\u00ed el nombre). Cada uno de los elementos constituyentes de las impresoras de inyecci\u00f3n es bastante peque\u00f1o, a diferencia de las l\u00e1ser en las que \u00fanicamente el tambor de material fotosensible ya ocupa bastante espacio. En las impresoras de inyecci\u00f3n cada p\u00edxel que se vaya a trasladar al papel estar\u00e1 formado por una&nbsp;<strong>mezcla de colores b\u00e1sicos<\/strong>, en este caso magenta, cian, amarillo y negro. En cada pasada de los respectivos cabezales de tinta se impregna el papel con la cantidad exacta de tinta de ese color necesaria para que se forme el color final. Es por eso que si ocurre alg\u00fan error o se interrumpe la impresi\u00f3n a mitad de camino por alg\u00fan motivo habr\u00e1 parte del dibujo con todos los colores y parte que solo tenga uno o dos, dependiendo de qu\u00e9 cabezal imprima antes en el equipo.<\/p>\n\n\n\n<h2 class=\"wp-block-heading\">Principales beneficios de los cartuchos e impresoras de tinta<\/h2>\n\n\n\n<p>Una vez visto como funciona cada tipo de impresora pasaremos a ver las ventajas que poseen las de inyecci\u00f3n sobre las l\u00e1ser.<\/p>\n\n\n\n<p>En primer lugar y como principal caracter\u00edstica de las impresoras de tinta tenemos el&nbsp;<strong>desembolso inicial<\/strong>. Cierto es que a largo plazo las impresoras l\u00e1ser acaban siendo m\u00e1s econ\u00f3micas, ya que el rendimiento a lo largo del tiempo de un t\u00f3ner es muy superior al de un cartucho. Sin embargo, para gente que no realiza demasiadas impresiones \u2014o que sencillamente le gusta variar de equipo cada cierto tiempo para estar siempre a la \u00faltima en tecnolog\u00eda\u2014 la impresora de inyecci\u00f3n presenta un coste inicial muy inferior al de una impresora l\u00e1ser. Si cuentas con un presupuesto muy ajustado sabes que por poco m\u00e1s de 50 euros puedes tener una impresora barata lista para imprimir a todo color. Eso s\u00ed, no esperes que los cartuchos que vienen con ella duren m\u00e1s all\u00e1 de unas pocas impresiones, ya que vienen con bastante poca carga.<\/p>\n\n\n\n<p>Otra de las ventajas m\u00e1s claras de las impresoras de inyecci\u00f3n de tinta con respecto a las l\u00e1ser es la compactaci\u00f3n. Las impresoras de tinta suelen ser&nbsp;<strong>mucho m\u00e1s peque\u00f1as<\/strong>&nbsp;que sus hermanas, que tienden a ocupar un espacio considerable. Si no dispones de demasiado hueco donde ubicar tu m\u00e1quina no te lo pienses demasiado y adquiere una impresora de inyecci\u00f3n. Adem\u00e1s, gracias a que sus componentes ocupan menos es m\u00e1s f\u00e1cil encontrar impresoras multifunci\u00f3n de tinta. Con una impresora multifunci\u00f3n podr\u00e1s tener impresora, esc\u00e1ner y fotocopiadora en menos hueco del que ocupar\u00eda una impresora l\u00e1ser de las mismas caracter\u00edsticas.<\/p>\n\n\n\n<p>Los cartuchos de tinta son tambi\u00e9n m\u00e1s f\u00e1ciles de reemplazar que los t\u00f3neres, tanto por disponibilidad como por dinero. Siguiendo con el planteamiento de que disponemos de poco dinero para invertir en impresiones, los cartuchos de tinta son&nbsp;<strong>m\u00e1s baratos y f\u00e1ciles de encontrar<\/strong>&nbsp;\u2014para cada modelo concreto de impresora\u2014 que los t\u00f3neres. Si adem\u00e1s optamos por utilizar cartuchos compatibles de buena calidad la diferencia es m\u00e1s notoria si cabe.<\/p>\n\n\n\n<p>Adem\u00e1s, en las impresiones por l\u00e1ser a veces&nbsp;<strong>pueden aparecer manchas<\/strong>&nbsp;si el tambor o el t\u00f3ner se encuentran en mal estado o con poca carga. Con las de inyecci\u00f3n esto no ocurre: si no tienes suficiente tinta en alguno de los cartuchos no se imprimir\u00e1, a diferencia de las l\u00e1ser que pueden imprimir con peor calidad. En cuanto a las manchas, bastar\u00e1 con dejar secar correctamente las hojas \u2014por lo general con el tiempo que tarda en salir la siguiente ya ha dado tiempo de sobra a secarse\u2014 para evitar tener mancha alguna.<\/p>\n\n\n\n<h2 class=\"wp-block-heading\">\u00bfC\u00f3mo limpiar una impresora de inyecci\u00f3n?<\/h2>\n\n\n\n<p>Hemos mencionado como ventaja la facilidad existente a la hora de cambiar los cartuchos de tinta de la impresora frente a ciertos equipos de impresi\u00f3n l\u00e1ser. Sin embargo, la presencia de&nbsp;<strong>tinta l\u00edquida<\/strong>&nbsp;incluye una clara desventaja que no poseen sus contrapartidas de polvo magnetizado: pueden acabar sec\u00e1ndose. Para evitar que ocurra esto y para ponerle soluci\u00f3n lo antes posible si llega a ocurrir conviene seguir estos consejos de limpieza.<\/p>\n\n\n\n<p>En primer lugar hay que tener en cuenta que la tinta pasa por una serie de cabezales antes de llegar al papel, cabezales que pueden atascarse con tinta seca y dejar de funcionar correctamente debido a ello. Todas las impresoras de inyecci\u00f3n incluyen en su&nbsp;<em>software<\/em>&nbsp;una peque\u00f1a utilizad de&nbsp;<a href=\"https:\/\/www.a4toner.com\/blog\/limpieza-mantenimiento-cabezales-impresion\/\"><strong>limpieza de cabezales<\/strong><\/a>&nbsp;para aquellas ocasiones en que estos se hayan visto atascados en parte o en su totalidad. Dependiendo de la \u201cgravedad\u201d del atasco puede que haya que pasar varias veces esta utilidad hasta que los cabezales queden perfectamente limpios de nuevo. Sin embargo, cabe destacar que estas utilidades consumen una gran cantidad de tinta por lo que afectar\u00e1n en gran medida al periodo de vida \u00fatil de cada cartucho.<\/p>\n\n\n\n<p>Es por esto que conviene realizar alguna impresi\u00f3n de vez en cuando para mantener estos cabezales siempre a punto. Con un folio a color cada par de semanas bastar\u00e1 para evitar inc\u00f3modos atascos. De hecho, cada vez hay m\u00e1s modelos de impresora que&nbsp;<strong>realizan un ciclo de limpieza<\/strong>&nbsp;cada cierto tiempo sin intervenci\u00f3n del usuario: el consumo de tinta es \u00ednfimo y el ahorro en cartuchos (\u00a1e impresoras!, ya que por lo general los cabezales se encuentran en la propia \u00eddem) es m\u00e1s que notable.<\/p>\n\n\n\n<p>Sin embargo si en alg\u00fan momento tenemos alg\u00fan cabezal atascado y no conseguimos solucionar el tap\u00f3n mediante las utilidades de la impresora puede que nos toque recurrir a quitar el atasco nosotros mismos.&nbsp;<strong>Existen unos l\u00edquidos limpiadores<\/strong>&nbsp;que habremos de aplicar directamente sobre el cabezal con una jeringuilla, teniendo extremado cuidado de no da\u00f1ar ninguna pieza. Si se ha templado levemente el l\u00edquido con anterioridad ser\u00e1 incluso m\u00e1s sencillo solventar el embrollo. Una vez eliminados los restos de tinta y el l\u00edquido limpiador sobrante tan solo quedar\u00e1 comprobar que la impresora vuelve a funcionar correctamente.<\/p>\n\n\n\n<p>Tampoco est\u00e1 de m\u00e1s limpiar el dep\u00f3sito limpiador de tinta sobrante si se han realizado muchas \u2014pero muchas, no es un dep\u00f3sito que se llene con facilidad\u2014 impresiones. Con un uso moderado seguramente no tengas que realizar esto nunca, pero una limpieza de la esponja acumuladora tras meses o a\u00f1os de uso intenso puede hacer que la impresora aguante unos cuantos a\u00f1os m\u00e1s sin dar problemas.<\/p>\n\n\n<div class=\"text-content\">\n<h2>&nbsp;<\/h2>\n<\/div>\n\n\n<h2 class=\"wp-block-heading\">Mejores impresoras de inyecci\u00f3n de tinta del 2020<\/h2>\n\n\n\n<ul class=\"wp-block-list\"><li><a href=\"https:\/\/www.a4toner.com\/blog\/cartuchos-e-impresora-epson-expression-home-xp-5100\/\">Epson Expression Home XP-5100<\/a><\/li><li><a href=\"https:\/\/www.a4toner.com\/blog\/impresora-hp-officejet-6230\/#Cartuchos_de_tinta_para_la_impresora_HP_Officejet_Pro_6230\">Impresora HP Officejet 6230<\/a><\/li><li><a href=\"https:\/\/www.a4toner.com\/blog\/cartuchos-e-impresora-epson-wf-2835dwf\/\">Impresora Epson WF-2835DWF<\/a><\/li><li><a href=\"https:\/\/www.a4toner.com\/blog\/cartuchos-e-impresora-epson-wf2630\/\">Impresora Epson WF2630<\/a><\/li><li><a href=\"https:\/\/www.a4toner.com\/blog\/cartuchos-e-impresora-epson-expression-home-xp-3100\/\">Impresora Epson Expression Home XP-3100<\/a><\/li><\/ul>\n\n\n\n<p>Pod\u00e9is ver <strong><em><a href=\"https:\/\/www.a4toner.com\/blog\/impresoras\/inyeccion-de-tinta\/\">aqu\u00ed<\/a><\/em><\/strong> las ultimas novedades de impresoras de inyecci\u00f3n de tinta del mercado<\/p>\n\n\n\n<p><\/p>\n\n\n\n<h3 class=\"wp-block-heading\">Mejores impresoras de inyecci\u00f3n de tinta de otros a\u00f1os<\/h3>\n\n\n\n<h4 class=\"wp-block-heading\" id=\"title\">Canon PIXMA MX475<\/h4>\n\n\n\n<p>En mi opini\u00f3n no entiendo porque es la mas vendida ya que es un producto que luego sale muy caro comprar los cartuchos de tinta tanto si optas por el original como si quieres comprar el compatible. pero claro sera por el ahorro de 100 euros en el precio de venta.<\/p>\n\n\n\n<ul class=\"wp-block-list\"><li> Equipo todo en uno asequible con funciones de impresi\u00f3n, copia, escaneo y fax <\/li><li> Conectividad inal\u00e1mbrica para compartir con facilidad tanto en el hogar como en la oficina <\/li><li> Procesamiento r\u00e1pido de documentos de varias p\u00e1ginas con el alimentador autom\u00e1tico de documentos de 30 p\u00e1ginas <\/li><li> Compatible con la aplicaci\u00f3n PIXMA Printing Solutions, Google Cloud Print y Apple AirPrint <\/li><li> Disfruta de una velocidad de impresi\u00f3n de documentos A4 de 9,7 ipm en blanco y negro\/5.5 ipm en color <\/li><\/ul>\n\n\n\n<h4 class=\"wp-block-heading\" id=\"title\"><a href=\"https:\/\/www.a4toner.com\/blog\/cartuchos-e-impresora-epson-wf2630\/\">Epson Workforce WF-2630W<\/a><\/h4>\n\n\n\n<p>Es una de las impresoras de inyecci\u00f3n de tinta <a href=\"https:\/\/www.a4toner.com\/blog\/impresoras\/multifuncion\/\">multifunci\u00f3n<\/a> mas completa, sus cartuchos de tinta los Epson 16xl son cartuchos muy buenos que podemos comprar originales y compatibles a muy buen precio. Os pongo un ejemplo: <a href=\"https:\/\/www.a4toner.com\/es\/cartucho-de-tinta-t1631-t1621-t1611-negro-alternativo-compatible-al-cartucho-original-epson-c13t16114010-c13t16214010-c13t16314010-boligrafo.html\">Epson 16xl compatible<\/a><\/p>\n\n\n\n<ul class=\"wp-block-list\"><li> 4 en 1: escaneado, copia, impresi\u00f3n y fax <\/li><li> WiFi y WiFi Direct <\/li><li> F\u00e1cil de usar <\/li><li> Pantalla LCD monocroma retroiluminada de 5,6 cm <\/li><li> Tintas Claria Home Ink con tintas independientes <\/li><\/ul>\n\n\n\n<h3 class=\"wp-block-heading\">Mejores impresoras de inyecci\u00f3n de tinta del 2018<\/h3>\n\n\n\n<h4 class=\"wp-block-heading\">Epson L310<\/h4>\n\n\n\n<ul class=\"wp-block-list\"><li> Tipo de producto: impresora de tinta <\/li><li> Capacidad m\u00e1xima de entrada: 100&nbsp;hojas <\/li><li> Tama\u00f1o fotograf\u00eda: 10&nbsp;x 15&nbsp;pulgadas <\/li><li>.<\/li><li>.<\/li><\/ul>\n\n\n\n<h4 class=\"wp-block-heading\" id=\"title\">HP PageWide Pro 477dw<\/h4>\n\n\n\n<ul class=\"wp-block-list\"><li> Velocidades de impresi\u00f3n de hasta 55 ppm <\/li><li> Gestione las tareas desde una pantalla t\u00e1ctil de 4.3 pulgadas <\/li><li> Imprima desde el dispositivo m\u00f3vil con la tecnolog\u00eda Wi-Fi Direct y NFC Touch-to-print sin necesidad de red <\/li><li> Equipado con 2 hosts USB 2.0, 1 dispositivo USB 2.0, 1 LAN, 2 puertos RJ-11 y Wi-Fi 802.11 b\/g\/n <\/li><\/ul>\n\n\n\n<h4 class=\"wp-block-heading\" id=\"title\">Canon Pixma TS5050<\/h4>\n\n\n\n<ul class=\"wp-block-list\"><li> Dise\u00f1o atractivo y muy compacto <\/li><li> Velocidad de impresi\u00f3n de 12.8 ipm y 9 ipm (B\/N y Color) <\/li><li> Imprime fotos desde una tarjeta de memoria sin PC <\/li><li> Nuevo interface de usuario, m\u00e1s sencillo <\/li><li> Pantalla TFT de 7.5&#8243; <\/li><\/ul>\n\n\n\n<h3 class=\"wp-block-heading\">Mejores impresoras de inyecci\u00f3n 2017<\/h3>\n\n\n\n<p>Si tras ver las ventajas de las impresoras de inyecci\u00f3n de tinta frente a las l\u00e1ser te has decidido finalmente por adquirir una, tan solo resta&nbsp;<strong>elegir entre la mir\u00edada de modelos existentes<\/strong>. Para que no te dejes las pesta\u00f1as buscando modelos por doquier frente a la pantalla de tu ordenador nos hemos permitido gastar algunas de nuestras dioptr\u00edas en facilitarte el trabajo y realizar&nbsp;<strong>un peque\u00f1o resumen<\/strong>&nbsp;con algunas de las mejores impresoras de inyecci\u00f3n existentes en el mercado a d\u00eda de hoy, teniendo en cuenta factores de resoluci\u00f3n, velocidad, multifuncionalidad y por supuesto precio. \u00a1Aqu\u00ed las tienes!<\/p>\n\n\n\n<h4 class=\"wp-block-heading\">Canon PIXMA MG6850<\/h4>\n\n\n\n<div class=\"wp-block-image\"><figure class=\"aligncenter\"><a href=\"https:\/\/www.a4toner.com\/blog\/wp-content\/uploads\/2017\/10\/canon-mg6850.png\"><img loading=\"lazy\" decoding=\"async\" width=\"762\" height=\"456\" src=\"https:\/\/www.a4toner.com\/blog\/wp-content\/uploads\/2017\/10\/canon-mg6850.png\" alt=\"\" class=\"wp-image-2852\" title=\"\" srcset=\"https:\/\/www.a4toner.com\/blog\/wp-content\/uploads\/2017\/10\/canon-mg6850.png 762w, https:\/\/www.a4toner.com\/blog\/wp-content\/uploads\/2017\/10\/canon-mg6850-300x180.png 300w\" sizes=\"auto, (max-width: 762px) 100vw, 762px\" \/><\/a><\/figure><\/div>\n\n\n\n<p>La <a href=\"https:\/\/www.canon.es\/printers\/inkjet\/pixma\/pixma_mg6800_series\/\" rel=\"nofollow noopener\" target=\"_blank\">marca Canon<\/a>, ha lanzado en estos \u00faltimos meses una impresora que vale la pena tenerla en cuenta:<\/p>\n\n\n\n<ul class=\"wp-block-list\"><li>Gran pantalla t\u00e1ctil<\/li><li>Opci\u00f3n imprimir desde la nuve<\/li><li>Wifi<\/li><li>Lector de tarjetas<\/li><li>Impresi\u00f3n a doble cara<\/li><li>Aplicaci\u00f3n Canon PRINT<\/li><li>Cambia solo la tinta que se gasta<\/li><li>Resoluci\u00f3n de 4800 x 1200 ppp<\/li><li>Velocidad impresi\u00f3n 12.6\/9 ppm en color y en negro<\/li><li>5 <a href=\"https:\/\/www.a4toner.com\/cartuchos-y-toners-compatibles\/canon\/canon-pixma.html\">cartuchos canon<\/a> PGI571<\/li><\/ul>\n\n\n\n<h4 class=\"wp-block-heading\">HP OfficeJet 7510<\/h4>\n\n\n\n<p>Una gran <a href=\"https:\/\/support.hp.com\/es-es\/document\/c04657516\" rel=\"nofollow noopener\" target=\"_blank\">multifunci\u00f3n hp<\/a>, es la officejet 7510, grande por lo que se refiere a posibilidades de impresi\u00f3n y calidad, no por su tama\u00f1o.<\/p>\n\n\n\n<ul class=\"wp-block-list\"><li>LCD t\u00e1ctil de IR antireflejo<\/li><li>Wifi Direct<\/li><li>Aplicaci\u00f3n m\u00f3vil HP All-in-one Printer Remote<\/li><li>Aplicaci\u00f3n m\u00f3vil HP ePrint<\/li><li>AirPrint Apple<\/li><li>Impresi\u00f3n hasta A3 sin borde (279.4 x 431.8)<\/li><li>Utiliza 4 <a href=\"https:\/\/www.a4toner.com\/cartuchos-y-toners-compatibles\/hp\/tinta-compatible-con-hp.html\">cartuchos hp<\/a> que son los hp932, hp933 cian, magenta y azul.<\/li><li>Resoluci\u00f3n optimizada en color hasta 4800 x 1200 dpi<\/li><li>Resoluci\u00f3n en negro 1200 x 600 ppp<\/li><li>Velocidad m\u00e1xima de impresi\u00f3n 33ppm velocidad normal en negro 15ppp color 8ppm<\/li><\/ul>\n\n\n\n<h4 class=\"wp-block-heading\">Epson WF-4630DWF<\/h4>\n\n\n\n<p>Esta impresora de <a href=\"https:\/\/www.epson.es\/products\/printers\/inkjet-printers\/\" rel=\"nofollow noopener\" target=\"_blank\">inyecci\u00f3n de tinta Epson<\/a> que prioriza la calidad y la velocidad, a su dise\u00f1o, poco innovador pero pr\u00e1ctico.<\/p>\n\n\n\n<ul class=\"wp-block-list\"><li>Pantalla t\u00e1ctil<\/li><li>Velocidad de impresi\u00f3n 20 ppm<\/li><li>Wifi Direct<\/li><li>Resoluci\u00f3n de impresi\u00f3n 4800 x 1200 dpi<\/li><li>Impresi\u00f3n a doble cara<\/li><li>Tama\u00f1o de impresi\u00f3n m\u00e1ximo A4<\/li><li>Utiliza el <a href=\"https:\/\/www.a4toner.com\/cartuchos-y-toners-compatibles\/epson\/tinta-compatible-con-epson.html\">cartucho de epson<\/a> 79 o 79xl<\/li><\/ul>\n\n\n\n<h4 class=\"wp-block-heading\">Brother MFC-J480DW<\/h4>\n\n\n\n<p>La <a href=\"https:\/\/www.brother.es\/multifuncion\/impresoras-multifuncion-tinta\" rel=\"nofollow noopener\" target=\"_blank\">multifunci\u00f3n brother<\/a> que nos ocupa nos parece de un dise\u00f1o austero pero de una practicidad tremenda, con un dise\u00f1o muy parecido a los de anta\u00f1o.<\/p>\n\n\n\n<ul class=\"wp-block-list\"><li>Velocidad de impresi\u00f3n 12\/6 ppm seg\u00fan sea en negro o en color.<\/li><li>Impresi\u00f3n autom\u00e1tica a doble cara<\/li><li>Wifi Direct<\/li><li>Conectividad a la nube y al m\u00f3vil<\/li><li>ADT, alimentador autom\u00e1tico de hojas en el scanner.<\/li><li>Tama\u00f1o m\u00e1ximo de papel A4<\/li><li>4 <a href=\"https:\/\/www.a4toner.com\/cartuchos-y-toners-compatibles\/epson\/tinta-compatible-con-epson.html\">cartuchos epson<\/a>&nbsp; lc223 negro, cian, magenta, amarillo.<\/li><\/ul>\n\n\n\n<figure class=\"wp-block-embed is-type-video is-provider-youtube wp-block-embed-youtube wp-embed-aspect-16-9 wp-has-aspect-ratio\"><div class=\"wp-block-embed__wrapper\">\n<iframe loading=\"lazy\" title=\"Product tour MFC-J480DW. Impresora multifunci\u00f3n de tinta WiFi con fax, doble cara autom\u00e1tica y ADF\" width=\"500\" height=\"281\" src=\"https:\/\/www.youtube.com\/embed\/O745s88_yA8?feature=oembed\" frameborder=\"0\" allow=\"accelerometer; autoplay; clipboard-write; encrypted-media; gyroscope; picture-in-picture; web-share\" referrerpolicy=\"strict-origin-when-cross-origin\" allowfullscreen><\/iframe>\n<\/div><\/figure>\n","protected":false},"excerpt":{"rendered":"<p>Ventajas de una impresora de inyecci\u00f3n. Cuando nos encontramos en la tesitura de adquirir una nueva impresora muchos son los factores que evaluamos para encontrar el equipo ideal: precio, velocidad, tama\u00f1o, calidad\u2026 Pocas veces dudamos entre adquirir una impresora l\u00e1ser o una de inyecci\u00f3n de tinta, ya que es algo que tenemos bien claro desde [&hellip;]<\/p>\n","protected":false},"author":3,"featured_media":2848,"parent":2724,"menu_order":0,"comment_status":"open","ping_status":"closed","template":"","meta":{"_bbp_topic_count":0,"_bbp_reply_count":0,"_bbp_total_topic_count":0,"_bbp_total_reply_count":0,"_bbp_voice_count":0,"_bbp_anonymous_reply_count":0,"_bbp_topic_count_hidden":0,"_bbp_reply_count_hidden":0,"_bbp_forum_subforum_count":0,"site-sidebar-layout":"default","site-content-layout":"","ast-site-content-layout":"default","site-content-style":"default","site-sidebar-style":"default","ast-global-header-display":"","ast-banner-title-visibility":"","ast-main-header-display":"","ast-hfb-above-header-display":"","ast-hfb-below-header-display":"","ast-hfb-mobile-header-display":"","site-post-title":"","ast-breadcrumbs-content":"","ast-featured-img":"","footer-sml-layout":"","theme-transparent-header-meta":"","adv-header-id-meta":"","stick-header-meta":"","header-above-stick-meta":"","header-main-stick-meta":"","header-below-stick-meta":"","astra-migrate-meta-layouts":"default","ast-page-background-enabled":"default","ast-page-background-meta":{"desktop":{"background-color":"","background-image":"","background-repeat":"repeat","background-position":"center center","background-size":"auto","background-attachment":"scroll","background-type":"","background-media":"","overlay-type":"","overlay-color":"","overlay-opacity":"","overlay-gradient":""},"tablet":{"background-color":"","background-image":"","background-repeat":"repeat","background-position":"center center","background-size":"auto","background-attachment":"scroll","background-type":"","background-media":"","overlay-type":"","overlay-color":"","overlay-opacity":"","overlay-gradient":""},"mobile":{"background-color":"","background-image":"","background-repeat":"repeat","background-position":"center center","background-size":"auto","background-attachment":"scroll","background-type":"","background-media":"","overlay-type":"","overlay-color":"","overlay-opacity":"","overlay-gradient":""}},"ast-content-background-meta":{"desktop":{"background-color":"var(--ast-global-color-5)","background-image":"","background-repeat":"repeat","background-position":"center center","background-size":"auto","background-attachment":"scroll","background-type":"","background-media":"","overlay-type":"","overlay-color":"","overlay-opacity":"","overlay-gradient":""},"tablet":{"background-color":"var(--ast-global-color-5)","background-image":"","background-repeat":"repeat","background-position":"center center","background-size":"auto","background-attachment":"scroll","background-type":"","background-media":"","overlay-type":"","overlay-color":"","overlay-opacity":"","overlay-gradient":""},"mobile":{"background-color":"var(--ast-global-color-5)","background-image":"","background-repeat":"repeat","background-position":"center center","background-size":"auto","background-attachment":"scroll","background-type":"","background-media":"","overlay-type":"","overlay-color":"","overlay-opacity":"","overlay-gradient":""}},"footnotes":""},"class_list":["post-2843","page","type-page","status-publish","has-post-thumbnail","hentry"],"_links":{"self":[{"href":"https:\/\/www.a4toner.com\/blog\/wp-json\/wp\/v2\/pages\/2843","targetHints":{"allow":["GET"]}}],"collection":[{"href":"https:\/\/www.a4toner.com\/blog\/wp-json\/wp\/v2\/pages"}],"about":[{"href":"https:\/\/www.a4toner.com\/blog\/wp-json\/wp\/v2\/types\/page"}],"author":[{"embeddable":true,"href":"https:\/\/www.a4toner.com\/blog\/wp-json\/wp\/v2\/users\/3"}],"replies":[{"embeddable":true,"href":"https:\/\/www.a4toner.com\/blog\/wp-json\/wp\/v2\/comments?post=2843"}],"version-history":[{"count":21,"href":"https:\/\/www.a4toner.com\/blog\/wp-json\/wp\/v2\/pages\/2843\/revisions"}],"predecessor-version":[{"id":7817,"href":"https:\/\/www.a4toner.com\/blog\/wp-json\/wp\/v2\/pages\/2843\/revisions\/7817"}],"up":[{"embeddable":true,"href":"https:\/\/www.a4toner.com\/blog\/wp-json\/wp\/v2\/pages\/2724"}],"wp:featuredmedia":[{"embeddable":true,"href":"https:\/\/www.a4toner.com\/blog\/wp-json\/wp\/v2\/media\/2848"}],"wp:attachment":[{"href":"https:\/\/www.a4toner.com\/blog\/wp-json\/wp\/v2\/media?parent=2843"}],"curies":[{"name":"wp","href":"https:\/\/api.w.org\/{rel}","templated":true}]}}