{"id":3565,"date":"2018-07-02T09:19:29","date_gmt":"2018-07-02T07:19:29","guid":{"rendered":"https:\/\/www.a4toner.com\/blog\/?page_id=3565"},"modified":"2019-02-05T11:55:28","modified_gmt":"2019-02-05T10:55:28","slug":"renting-de-impresoras","status":"publish","type":"page","link":"https:\/\/www.a4toner.com\/blog\/que-impresora\/renting-de-impresoras\/","title":{"rendered":"Renting de impresoras"},"content":{"rendered":"<h2>\u00bfQue es un renting de <a href=\"https:\/\/www.a4toner.com\/blog\/impresoras\/\">impresoras<\/a>?<\/h2>\n<p>El renting de una impresora es el alquiler del equipo, el arrendador cede temporalmente el usa de la impresora al cliente, que se compromete a un pago por ese uso. Los contratos se suelen hacer durante un periodo concreto de tiempo que oscila entre los 24 y 72 meses, dentro del renting de impresoras se pueden contratar con todo incluido, mantenimiento, consumibles y copias ilimitadas. Tambi\u00e9n esta la opcion de mantenimiento y consumibles incluidos pero ademas del coste fijo un coste adicicional por copia si se pasa de x copias, y la opcion de solo mantemiento.<\/p>\n<p>Si estas empezando con tu oficina es una forma r\u00e1pida de poder disponer de un equipamiento, las otras opciones serian comprarlo con ahorros, un prestamo financiero o un leasing financiero. Hasta el momento de la ultima cuota el propietario de la impresora es la entidad financiera o la empresa arrendadora por esa raz\u00f3n es normal que te hagan asegurar el bien, por si le pasase algo.<\/p>\n<h2><\/h2>\n<h2>\u00bfQue es mejor una impresora de renting o comprar la impresora?<\/h2>\n<p>Leasing vs renting en los dos casos lo que estamos haciendo es alquilar una impresora o fotocopiadora, pero aunque los dos son alquileres tienen diferencias:<\/p>\n<h2>Leasing de una impresora:<\/h2>\n<p>El leasing tambi\u00e9n conocido como arrendamiento financiero la principal caracter\u00edstica es que lleva incluido una opci\u00f3n de compra final, es muy normal que el valor residual o la opci\u00f3n de compra suela coincidir con el importe de la ultima cuota del alquiler.<\/p>\n<p>La desventaja que tiene el leasing con respecto al renting es que tanto el mantenimiento como el cambio de t\u00f3ner, cartuchos, tambores o fusores etc es tarea y responsabilidad de la empresa o aut\u00f3nomo que alquila el equipo de impresi\u00f3n. Por esta raz\u00f3n se dice que aunque el leasing sea un alquiler al final funciona mas parecido a una financiaci\u00f3n del bien que un alquiler.<\/p>\n<h3>Ventajas del leasing:<\/h3>\n<ul>\n<li>Por el precio del alquiler acabas obteniendo la propiedad del bien y te financian el 100%.<\/li>\n<li>No suma como deuda financiera,\u00a0<strong>no forman parte del riesgo comercial financiero<\/strong>r.<\/li>\n<li>Puedes hacer una amortizaci\u00f3n anticipada.<\/li>\n<\/ul>\n<h2>Renting de una impresora:<\/h2>\n<p>El renting es dentro de las dos opciones de alquiler la que mas se parece al alquiler normal que la gente conoce, yo te alquilo esto por este precio al mes, una vez terminado el alquiler el arrendatario no tiene la intenci\u00f3n de quedarse el equipo y vuelve a las manos de su propietario. (Se puede negociar una opci\u00f3n de compra pero no es el objetivo principal como si lo es en el leasing)<\/p>\n<p>Los productos como las impresoras tienen una vida \u00fatil, pasado esta vida empiezan a tener averi\u00e1s y hay que cambiar componentes, la idea principal del renting es adquirir un producto como la impresora o fotocopiadora, y saber cuanto va a costar usarla durante el periodo de tiempo, suele ir incluido el contrato de mantenimiento por lo que mientra dura el contrato tienes una obligaci\u00f3n de pagar x importe pero te quitas problemas si se estropea falla o hay que cambiarla. Tambi\u00e9n es normal que vaya el coste de cartuchos de <a href=\"https:\/\/www.a4toner.com\/\">tinta y toner<\/a> incluido, piezas, mano de obra, reparaciones, etc.<\/p>\n<h3>Ventajas del renting:<\/h3>\n<ul>\n<li>Tienes los costes fijos, sabes cuanto cuesta la impresora al a\u00f1o y cuanto cada copia<\/li>\n<li>Todo el alquiler es un gasto deducible, no hay que controlar inventario, no es ni un activo ni un pasivo.<\/li>\n<li>Todos los gastos de impresi\u00f3n se te unifican en una factura. No asumes posibles averi\u00e1s imprevistas, obsolescencia y si cambian las necesidades de la empresa es relativamente f\u00e1cil negociar un renting distinto con la empresa arrendadora.<\/li>\n<\/ul>\n<h2 class=\"entry-title fusion-post-title\" data-fontsize=\"18\" data-lineheight=\"27\">Como contabilizar el renting de una impresora o fotocopiadora.<\/h2>\n<p>Renting impresoras oficinas<\/p>\n<p>Renting de impresora OKI<\/p>\n<p>Renting de impresora A3<\/p>\n","protected":false},"excerpt":{"rendered":"<p>\u00bfQue es un renting de impresoras? El renting de una impresora es el alquiler del equipo, el arrendador cede temporalmente el usa de la impresora al cliente, que se compromete a un pago por ese uso. Los contratos se suelen hacer durante un periodo concreto de tiempo que oscila entre los 24 y 72 meses, [&hellip;]<\/p>\n","protected":false},"author":3,"featured_media":4090,"parent":2724,"menu_order":0,"comment_status":"closed","ping_status":"closed","template":"","meta":{"_bbp_topic_count":0,"_bbp_reply_count":0,"_bbp_total_topic_count":0,"_bbp_total_reply_count":0,"_bbp_voice_count":0,"_bbp_anonymous_reply_count":0,"_bbp_topic_count_hidden":0,"_bbp_reply_count_hidden":0,"_bbp_forum_subforum_count":0,"site-sidebar-layout":"default","site-content-layout":"","ast-site-content-layout":"default","site-content-style":"default","site-sidebar-style":"default","ast-global-header-display":"","ast-banner-title-visibility":"","ast-main-header-display":"","ast-hfb-above-header-display":"","ast-hfb-below-header-display":"","ast-hfb-mobile-header-display":"","site-post-title":"","ast-breadcrumbs-content":"","ast-featured-img":"","footer-sml-layout":"","theme-transparent-header-meta":"","adv-header-id-meta":"","stick-header-meta":"","header-above-stick-meta":"","header-main-stick-meta":"","header-below-stick-meta":"","astra-migrate-meta-layouts":"default","ast-page-background-enabled":"default","ast-page-background-meta":{"desktop":{"background-color":"","background-image":"","background-repeat":"repeat","background-position":"center center","background-size":"auto","background-attachment":"scroll","background-type":"","background-media":"","overlay-type":"","overlay-color":"","overlay-opacity":"","overlay-gradient":""},"tablet":{"background-color":"","background-image":"","background-repeat":"repeat","background-position":"center center","background-size":"auto","background-attachment":"scroll","background-type":"","background-media":"","overlay-type":"","overlay-color":"","overlay-opacity":"","overlay-gradient":""},"mobile":{"background-color":"","background-image":"","background-repeat":"repeat","background-position":"center center","background-size":"auto","background-attachment":"scroll","background-type":"","background-media":"","overlay-type":"","overlay-color":"","overlay-opacity":"","overlay-gradient":""}},"ast-content-background-meta":{"desktop":{"background-color":"var(--ast-global-color-5)","background-image":"","background-repeat":"repeat","background-position":"center center","background-size":"auto","background-attachment":"scroll","background-type":"","background-media":"","overlay-type":"","overlay-color":"","overlay-opacity":"","overlay-gradient":""},"tablet":{"background-color":"var(--ast-global-color-5)","background-image":"","background-repeat":"repeat","background-position":"center center","background-size":"auto","background-attachment":"scroll","background-type":"","background-media":"","overlay-type":"","overlay-color":"","overlay-opacity":"","overlay-gradient":""},"mobile":{"background-color":"var(--ast-global-color-5)","background-image":"","background-repeat":"repeat","background-position":"center center","background-size":"auto","background-attachment":"scroll","background-type":"","background-media":"","overlay-type":"","overlay-color":"","overlay-opacity":"","overlay-gradient":""}},"footnotes":""},"class_list":["post-3565","page","type-page","status-publish","has-post-thumbnail","hentry"],"_links":{"self":[{"href":"https:\/\/www.a4toner.com\/blog\/wp-json\/wp\/v2\/pages\/3565","targetHints":{"allow":["GET"]}}],"collection":[{"href":"https:\/\/www.a4toner.com\/blog\/wp-json\/wp\/v2\/pages"}],"about":[{"href":"https:\/\/www.a4toner.com\/blog\/wp-json\/wp\/v2\/types\/page"}],"author":[{"embeddable":true,"href":"https:\/\/www.a4toner.com\/blog\/wp-json\/wp\/v2\/users\/3"}],"replies":[{"embeddable":true,"href":"https:\/\/www.a4toner.com\/blog\/wp-json\/wp\/v2\/comments?post=3565"}],"version-history":[{"count":8,"href":"https:\/\/www.a4toner.com\/blog\/wp-json\/wp\/v2\/pages\/3565\/revisions"}],"predecessor-version":[{"id":4092,"href":"https:\/\/www.a4toner.com\/blog\/wp-json\/wp\/v2\/pages\/3565\/revisions\/4092"}],"up":[{"embeddable":true,"href":"https:\/\/www.a4toner.com\/blog\/wp-json\/wp\/v2\/pages\/2724"}],"wp:featuredmedia":[{"embeddable":true,"href":"https:\/\/www.a4toner.com\/blog\/wp-json\/wp\/v2\/media\/4090"}],"wp:attachment":[{"href":"https:\/\/www.a4toner.com\/blog\/wp-json\/wp\/v2\/media?parent=3565"}],"curies":[{"name":"wp","href":"https:\/\/api.w.org\/{rel}","templated":true}]}}