{"id":3817,"date":"2018-12-03T16:14:09","date_gmt":"2018-12-03T15:14:09","guid":{"rendered":"https:\/\/www.a4toner.com\/blog\/?page_id=3817"},"modified":"2023-12-12T14:31:28","modified_gmt":"2023-12-12T13:31:28","slug":"navidad","status":"publish","type":"page","link":"https:\/\/www.a4toner.com\/blog\/ofertas\/navidad\/","title":{"rendered":"Navidad: Curiosidades , manualidades y Ofertas en cartuchos de tinta y t\u00f3ner"},"content":{"rendered":"\n<p> En&nbsp;<a href=\"https:\/\/www.facebook.com\/hashtag\/a4toner?source=feed_text&amp;epa=HASHTAG&amp;__xts__%5B0%5D=68.ARC4mGDSVCoVDeuqwwgGwaCM6bsWOEDl1jkj6oB8BxFNXQOJcbizwLapYRCeBpXkLFm_k6WYyUr8fdHkcSqqLEH0wolkZz9FjthESjR5Ln0B4W9xCsDRPkBa43ipd7MfWK6t6L_ElHl_jQM3HgjA3arGJO6Jixb3X2us28uBIwbpnhIVAScnx6qx0eaqY_ofTErbscwz9VqS5lyD9MohFK9NqYybpRL7mUcAa4KbBbwJ5aSKM3EBY2Ry5fjM2oEwK2yyS4urzeIuG58ODauF9jOKM8yHJH5EoJ21SOzSc-zT8TA2Fg9Dv8nRnq2wpotpdPei-JA1fQdQUaQGLGAveIw5mA&amp;__tn__=%2ANK-R\" rel=\"nofollow noopener\" target=\"_blank\">#A4TONER<\/a>&nbsp;queremos celebrar la&nbsp;<a href=\"https:\/\/www.facebook.com\/hashtag\/navidad?source=feed_text&amp;epa=HASHTAG&amp;__xts__%5B0%5D=68.ARC4mGDSVCoVDeuqwwgGwaCM6bsWOEDl1jkj6oB8BxFNXQOJcbizwLapYRCeBpXkLFm_k6WYyUr8fdHkcSqqLEH0wolkZz9FjthESjR5Ln0B4W9xCsDRPkBa43ipd7MfWK6t6L_ElHl_jQM3HgjA3arGJO6Jixb3X2us28uBIwbpnhIVAScnx6qx0eaqY_ofTErbscwz9VqS5lyD9MohFK9NqYybpRL7mUcAa4KbBbwJ5aSKM3EBY2Ry5fjM2oEwK2yyS4urzeIuG58ODauF9jOKM8yHJH5EoJ21SOzSc-zT8TA2Fg9Dv8nRnq2wpotpdPei-JA1fQdQUaQGLGAveIw5mA&amp;__tn__=%2ANK-R\" rel=\"nofollow noopener\" target=\"_blank\">#Navidad<\/a>&nbsp;contigo regal\u00e1ndote momentos y todo el color con tintas y t\u00f3ner compatibles <\/p>\n\n\n\n<h2 class=\"wp-block-heading\">Ofertas en cartuchos de tinta y t\u00f3ner compatibles en Navidad.<\/h2>\n\n\n<p>Sum\u00e9rgete en la magia navide\u00f1a con nosotros, porque en A4toner no solo queremos ofrecerte productos de calidad, sino tambi\u00e9n inspirarte a crear momentos especiales. En estas fechas tan especiales, compartimos ideas encantadoras para que puedas decorar tu hogar con detalles navide\u00f1os que reflejen la alegr\u00eda y la ilusi\u00f3n de la temporada.<\/p>\n<p>\u00bfQuieres hacer algo \u00fanico y sostenible? \u00a1Te proponemos algunas ideas m\u00e1gicas utilizando simples rollos de papel higi\u00e9nico, que a menudo descartamos sin pensar en su potencial para tener una segunda vida! Descubre la creatividad que puedes lograr con materiales simples y dale a tu Navidad un toque personal y lleno de encanto.<\/p>\n<p>\u00a1No dejes pasar nuestras ofertas y encuentra la manera perfecta de combinar la diversi\u00f3n, la creatividad y el esp\u00edritu navide\u00f1o en tu hogar!<\/p>\n<p><img loading=\"lazy\" decoding=\"async\" class=\"aligncenter size-medium wp-image-1283\" src=\"https:\/\/www.a4toner.com\/blog\/wp-content\/uploads\/2015\/12\/reno-rollo-wc-manualidad-navidad-300x264.jpg\" alt=\"reno-rollo-wc-manualidad-navidad\" width=\"300\" height=\"264\" title=\"\" srcset=\"https:\/\/www.a4toner.com\/blog\/wp-content\/uploads\/2015\/12\/reno-rollo-wc-manualidad-navidad-300x264.jpg 300w, https:\/\/www.a4toner.com\/blog\/wp-content\/uploads\/2015\/12\/reno-rollo-wc-manualidad-navidad.jpg 640w\" sizes=\"auto, (max-width: 300px) 100vw, 300px\" \/><\/p>\n<p>\u00bfOs gustan los retos? Pues si a vuestros ni\u00f1os s\u00ed, ya sab\u00e9is, aqu\u00ed ten\u00e9is unos renos muy currados. No son f\u00e1ciles, o al menos no lo parecen a simple vista, pero con paciencia todo se puede hacer, es cuesti\u00f3n de paciencia y un rato de trabajo familiar. Y ya ves que no son materiales muy sofisticados, sino que usan cart\u00f3n, ca\u00f1itas, fieltro o papel pintado. En las\u00a0manualidades infantiles de Navidad con ni\u00f1os\u00a0no hay por qu\u00e9 complicarse demasiado, ya que\u00a0en casa podemos tener la gran mayor\u00eda de los materiales.<\/p>\n<p>Tambi\u00e9n pod\u00e9is montar un pesebre hecho a mano, sin la necesidad de tener que comprar los personajes. Si todav\u00eda no lo hab\u00e9is probado, pod\u00e9is hacer uno con los rollos de cart\u00f3n. Reuniendo materiales, pintando y a\u00f1adiendo detalles estamos seguros de que los peques montar\u00e1n el Bel\u00e9n m\u00e1s especial de todos.<\/p>\n<p><img loading=\"lazy\" decoding=\"async\" class=\"aligncenter size-medium wp-image-1327\" src=\"https:\/\/www.a4toner.com\/blog\/wp-content\/uploads\/2015\/12\/Creative-Ideas-25-Simple-Cute-Toilet-Paper-Roll-Christmas-Crafts-300x239.jpg\" alt=\"Creative-Ideas-25-Simple-Cute-Toilet-Paper-Roll-Christmas-Crafts\" width=\"300\" height=\"239\" title=\"\" srcset=\"https:\/\/www.a4toner.com\/blog\/wp-content\/uploads\/2015\/12\/Creative-Ideas-25-Simple-Cute-Toilet-Paper-Roll-Christmas-Crafts-300x239.jpg 300w, https:\/\/www.a4toner.com\/blog\/wp-content\/uploads\/2015\/12\/Creative-Ideas-25-Simple-Cute-Toilet-Paper-Roll-Christmas-Crafts.jpg 750w\" sizes=\"auto, (max-width: 300px) 100vw, 300px\" \/><\/p>\n<p>\u00bfNecesit\u00e1is etiquetas? Aqu\u00ed os dejamos algunas muestras para imprimir y recortar, puedes imprimir la que necesites y o bien le pones una cinta colgando para enganchar o lo enganchas con l\u00e1mina de pl\u00e1stico autoadhesivo :<\/p>\n<p><img loading=\"lazy\" decoding=\"async\" class=\"size-medium wp-image-1284 alignnone\" src=\"https:\/\/www.a4toner.com\/blog\/wp-content\/uploads\/2015\/12\/Printable-christmas-tags-217x300.jpg\" alt=\"Printable christmas tags\" width=\"217\" height=\"300\" title=\"\" srcset=\"https:\/\/www.a4toner.com\/blog\/wp-content\/uploads\/2015\/12\/Printable-christmas-tags-217x300.jpg 217w, https:\/\/www.a4toner.com\/blog\/wp-content\/uploads\/2015\/12\/Printable-christmas-tags-742x1024.jpg 742w, https:\/\/www.a4toner.com\/blog\/wp-content\/uploads\/2015\/12\/Printable-christmas-tags.jpg 1159w\" sizes=\"auto, (max-width: 217px) 100vw, 217px\" \/>\u00a0 \u00a0 \u00a0 \u00a0\u00a0<img loading=\"lazy\" decoding=\"async\" class=\"size-medium wp-image-1285 alignnone\" src=\"https:\/\/www.a4toner.com\/blog\/wp-content\/uploads\/2015\/12\/Round-christmas-stickers-217x300.jpg\" alt=\"Round christmas stickers\" width=\"217\" height=\"300\" title=\"\" srcset=\"https:\/\/www.a4toner.com\/blog\/wp-content\/uploads\/2015\/12\/Round-christmas-stickers-217x300.jpg 217w, https:\/\/www.a4toner.com\/blog\/wp-content\/uploads\/2015\/12\/Round-christmas-stickers-742x1024.jpg 742w, https:\/\/www.a4toner.com\/blog\/wp-content\/uploads\/2015\/12\/Round-christmas-stickers.jpg 1159w\" sizes=\"auto, (max-width: 217px) 100vw, 217px\" \/><img loading=\"lazy\" decoding=\"async\" class=\"size-medium wp-image-1286 alignleft\" src=\"https:\/\/www.a4toner.com\/blog\/wp-content\/uploads\/2015\/12\/Christmas-printables-217x300.jpg\" alt=\"Christmas printables\" width=\"217\" height=\"300\" title=\"\" srcset=\"https:\/\/www.a4toner.com\/blog\/wp-content\/uploads\/2015\/12\/Christmas-printables-217x300.jpg 217w, https:\/\/www.a4toner.com\/blog\/wp-content\/uploads\/2015\/12\/Christmas-printables-741x1024.jpg 741w, https:\/\/www.a4toner.com\/blog\/wp-content\/uploads\/2015\/12\/Christmas-printables.jpg 1158w\" sizes=\"auto, (max-width: 217px) 100vw, 217px\" \/><\/p>\n<p><img loading=\"lazy\" decoding=\"async\" class=\"size-medium wp-image-1293 alignleft\" src=\"https:\/\/www.a4toner.com\/blog\/wp-content\/uploads\/2015\/12\/b3c0a64a1f157f856e6792688b4e00a4-210x300.jpg\" alt=\"b3c0a64a1f157f856e6792688b4e00a4\" width=\"210\" height=\"300\" title=\"\" srcset=\"https:\/\/www.a4toner.com\/blog\/wp-content\/uploads\/2015\/12\/b3c0a64a1f157f856e6792688b4e00a4-210x300.jpg 210w, https:\/\/www.a4toner.com\/blog\/wp-content\/uploads\/2015\/12\/b3c0a64a1f157f856e6792688b4e00a4.jpg 577w\" sizes=\"auto, (max-width: 210px) 100vw, 210px\" \/><img loading=\"lazy\" decoding=\"async\" class=\"size-medium wp-image-1289 alignnone\" src=\"https:\/\/www.a4toner.com\/blog\/wp-content\/uploads\/2015\/12\/5f13763fa26d619f3060a6dd072f1c7c-253x300.jpg\" alt=\"5f13763fa26d619f3060a6dd072f1c7c\" width=\"253\" height=\"300\" title=\"\" srcset=\"https:\/\/www.a4toner.com\/blog\/wp-content\/uploads\/2015\/12\/5f13763fa26d619f3060a6dd072f1c7c-253x300.jpg 253w, https:\/\/www.a4toner.com\/blog\/wp-content\/uploads\/2015\/12\/5f13763fa26d619f3060a6dd072f1c7c.jpg 500w\" sizes=\"auto, (max-width: 253px) 100vw, 253px\" \/><img loading=\"lazy\" decoding=\"async\" class=\"size-medium wp-image-1288 alignnone\" src=\"https:\/\/www.a4toner.com\/blog\/wp-content\/uploads\/2015\/12\/2d503cda890491c3ec9b23171282a5a0-198x300.jpg\" alt=\"2d503cda890491c3ec9b23171282a5a0\" width=\"198\" height=\"300\" title=\"\" srcset=\"https:\/\/www.a4toner.com\/blog\/wp-content\/uploads\/2015\/12\/2d503cda890491c3ec9b23171282a5a0-198x300.jpg 198w, https:\/\/www.a4toner.com\/blog\/wp-content\/uploads\/2015\/12\/2d503cda890491c3ec9b23171282a5a0.jpg 400w\" sizes=\"auto, (max-width: 198px) 100vw, 198px\" \/><br \/><img loading=\"lazy\" decoding=\"async\" class=\"size-medium wp-image-1290 alignright\" src=\"https:\/\/www.a4toner.com\/blog\/wp-content\/uploads\/2015\/12\/08f7b98b12ae8d391a44194dec1f92b1-300x300.jpg\" alt=\"08f7b98b12ae8d391a44194dec1f92b1\" width=\"300\" height=\"300\" title=\"\" srcset=\"https:\/\/www.a4toner.com\/blog\/wp-content\/uploads\/2015\/12\/08f7b98b12ae8d391a44194dec1f92b1-300x300.jpg 300w, https:\/\/www.a4toner.com\/blog\/wp-content\/uploads\/2015\/12\/08f7b98b12ae8d391a44194dec1f92b1-150x150.jpg 150w, https:\/\/www.a4toner.com\/blog\/wp-content\/uploads\/2015\/12\/08f7b98b12ae8d391a44194dec1f92b1.jpg 400w\" sizes=\"auto, (max-width: 300px) 100vw, 300px\" \/><img loading=\"lazy\" decoding=\"async\" class=\"size-medium wp-image-1291 alignleft\" src=\"https:\/\/www.a4toner.com\/blog\/wp-content\/uploads\/2015\/12\/40d956440c55d0d0cbc390b6cc71841d-232x300.jpg\" alt=\"40d956440c55d0d0cbc390b6cc71841d\" width=\"232\" height=\"300\" title=\"\" srcset=\"https:\/\/www.a4toner.com\/blog\/wp-content\/uploads\/2015\/12\/40d956440c55d0d0cbc390b6cc71841d-232x300.jpg 232w, https:\/\/www.a4toner.com\/blog\/wp-content\/uploads\/2015\/12\/40d956440c55d0d0cbc390b6cc71841d.jpg 736w\" sizes=\"auto, (max-width: 232px) 100vw, 232px\" \/><\/p>\n<p><img loading=\"lazy\" decoding=\"async\" class=\"size-medium wp-image-1296 alignleft\" src=\"https:\/\/www.a4toner.com\/blog\/wp-content\/uploads\/2015\/12\/824cad4d6709f487ba63ff1153de1110-232x300.jpg\" alt=\"824cad4d6709f487ba63ff1153de1110\" width=\"232\" height=\"300\" title=\"\" srcset=\"https:\/\/www.a4toner.com\/blog\/wp-content\/uploads\/2015\/12\/824cad4d6709f487ba63ff1153de1110-232x300.jpg 232w, https:\/\/www.a4toner.com\/blog\/wp-content\/uploads\/2015\/12\/824cad4d6709f487ba63ff1153de1110.jpg 502w\" sizes=\"auto, (max-width: 232px) 100vw, 232px\" \/><img loading=\"lazy\" decoding=\"async\" class=\"size-medium wp-image-1295 alignnone\" src=\"https:\/\/www.a4toner.com\/blog\/wp-content\/uploads\/2015\/12\/40aaa34d4d8e635e66c6538df6a37f9d-196x300.jpg\" alt=\"40aaa34d4d8e635e66c6538df6a37f9d\" width=\"196\" height=\"300\" title=\"\" srcset=\"https:\/\/www.a4toner.com\/blog\/wp-content\/uploads\/2015\/12\/40aaa34d4d8e635e66c6538df6a37f9d-196x300.jpg 196w, https:\/\/www.a4toner.com\/blog\/wp-content\/uploads\/2015\/12\/40aaa34d4d8e635e66c6538df6a37f9d.jpg 418w\" sizes=\"auto, (max-width: 196px) 100vw, 196px\" \/><img loading=\"lazy\" decoding=\"async\" class=\"size-medium wp-image-1316 alignleft\" src=\"https:\/\/www.a4toner.com\/blog\/wp-content\/uploads\/2015\/12\/60a4159a9a6332983fa9d4925beb06e9-125x300.jpg\" alt=\"60a4159a9a6332983fa9d4925beb06e9\" width=\"125\" height=\"300\" title=\"\" srcset=\"https:\/\/www.a4toner.com\/blog\/wp-content\/uploads\/2015\/12\/60a4159a9a6332983fa9d4925beb06e9-125x300.jpg 125w, https:\/\/www.a4toner.com\/blog\/wp-content\/uploads\/2015\/12\/60a4159a9a6332983fa9d4925beb06e9-427x1024.jpg 427w, https:\/\/www.a4toner.com\/blog\/wp-content\/uploads\/2015\/12\/60a4159a9a6332983fa9d4925beb06e9.jpg 600w\" sizes=\"auto, (max-width: 125px) 100vw, 125px\" \/><\/p>\n<p>\u00a1As\u00ed que manos a la obra y rienda suelta a la imaginaci\u00f3n!<\/p>\n<p>Ya pod\u00e9is imprimir todos estos detalles de Navidad con nuestros\u00a0consumibles A4toner, y decorar vuestra casa de una manera especial.<\/p>\n<header class=\"entry-header\">\n<h1 class=\"entry-title\">\u00a0<\/h1>\n<\/header>\n\n\n<p><\/p>\n\n\n\n<figure class=\"wp-block-image\"><img loading=\"lazy\" decoding=\"async\" width=\"810\" height=\"450\" src=\"https:\/\/www.a4toner.com\/blog\/wp-content\/uploads\/2018\/12\/Regala-ilusiones-regala-en-vales-1-1.png\" alt=\"\" class=\"wp-image-3877\" title=\"\" srcset=\"https:\/\/www.a4toner.com\/blog\/wp-content\/uploads\/2018\/12\/Regala-ilusiones-regala-en-vales-1-1.png 810w, https:\/\/www.a4toner.com\/blog\/wp-content\/uploads\/2018\/12\/Regala-ilusiones-regala-en-vales-1-1-300x167.png 300w, https:\/\/www.a4toner.com\/blog\/wp-content\/uploads\/2018\/12\/Regala-ilusiones-regala-en-vales-1-1-768x427.png 768w, https:\/\/www.a4toner.com\/blog\/wp-content\/uploads\/2018\/12\/Regala-ilusiones-regala-en-vales-1-1-120x67.png 120w\" sizes=\"auto, (max-width: 810px) 100vw, 810px\" \/><\/figure>\n\n\n\n<h2 class=\"wp-block-heading\">En Navidad Regala ilusiones, regala vales.<\/h2>\n\n\n\n<p>Quiz\u00e1s a veces est\u00e1 mal visto regalar vales, pero de verdad, para regalar cosas destinadas a vender en wallapop, es mejor regalar un vale que ilusione al que lo recibe.<\/p>\n\n\n\n<p>Regalar vales queda mejor que regalar dinero y es infinitamente m\u00e1s pr\u00e1ctico que tener que dar a la reventa los regalos que aunque hechos con mucha ilusi\u00f3n, no lo dudamos, acaban los listados de postventas navide\u00f1as.<\/p>\n\n\n\n<p>Existe la opci\u00f3n mixta de hacer un vale con el dinero dentro. Algo as\u00ed \u00abpara que te compres tu ilusi\u00f3n\u00bb. Esta opci\u00f3n es muy muy v\u00e1lida y buena para chicos en pubertad, dif\u00edciles de contentar e imposible de saber que quieren. A una pareja mejor ser\u00e1 hacer un vale de cena o si te vienes muy arriba de un fin de semana fant\u00e1stico o incluso unas vacaciones&#8230; Tu pones el precio, pero recuerda que los vales se tienen que cumplir, no solo es escribirlos.<\/p>\n\n\n\n<h2 class=\"wp-block-heading\"><strong>Tres situaciones, tres tipos de vales<\/strong><\/h2>\n\n\n\n<p>Te damos tres buenas opciones, te los puedes imprimir o coger ideas de ellos. En estos d\u00edas en estos vales sobretodo ponles amor&#8230;.<\/p>\n\n\n\n<h3 class=\"wp-block-heading\"><strong>Vale general, sirve para casi cualquier persona<\/strong><\/h3>\n\n\n\n<p>Dile por qu\u00e9, porque se lo merece, porque es parte de tu vida o porque es tu vida en si mism@, y regalale lo que desea realmente.<\/p>\n\n\n\n<figure class=\"wp-block-image size-large\"><a href=\"https:\/\/www.a4toner.com\/blog\/wp-content\/uploads\/2023\/12\/Diseno-sin-titulo.png\"><img loading=\"lazy\" decoding=\"async\" width=\"724\" height=\"1024\" src=\"https:\/\/www.a4toner.com\/blog\/wp-content\/uploads\/2023\/12\/Diseno-sin-titulo-724x1024.png\" alt=\"\" class=\"wp-image-10346\" title=\"\" srcset=\"https:\/\/www.a4toner.com\/blog\/wp-content\/uploads\/2023\/12\/Diseno-sin-titulo-724x1024.png 724w, https:\/\/www.a4toner.com\/blog\/wp-content\/uploads\/2023\/12\/Diseno-sin-titulo-212x300.png 212w, https:\/\/www.a4toner.com\/blog\/wp-content\/uploads\/2023\/12\/Diseno-sin-titulo-768x1086.png 768w, https:\/\/www.a4toner.com\/blog\/wp-content\/uploads\/2023\/12\/Diseno-sin-titulo-1086x1536.png 1086w, https:\/\/www.a4toner.com\/blog\/wp-content\/uploads\/2023\/12\/Diseno-sin-titulo.png 1414w\" sizes=\"auto, (max-width: 724px) 100vw, 724px\" \/><\/a><\/figure>\n\n\n\n<figure class=\"wp-block-image size-large\"><a href=\"https:\/\/www.a4toner.com\/blog\/wp-content\/uploads\/2023\/12\/Diseno-sin-titulo-1.png\"><img loading=\"lazy\" decoding=\"async\" width=\"724\" height=\"1024\" src=\"https:\/\/www.a4toner.com\/blog\/wp-content\/uploads\/2023\/12\/Diseno-sin-titulo-1-724x1024.png\" alt=\"\" class=\"wp-image-10347\" title=\"\" srcset=\"https:\/\/www.a4toner.com\/blog\/wp-content\/uploads\/2023\/12\/Diseno-sin-titulo-1-724x1024.png 724w, https:\/\/www.a4toner.com\/blog\/wp-content\/uploads\/2023\/12\/Diseno-sin-titulo-1-212x300.png 212w, https:\/\/www.a4toner.com\/blog\/wp-content\/uploads\/2023\/12\/Diseno-sin-titulo-1-768x1086.png 768w, https:\/\/www.a4toner.com\/blog\/wp-content\/uploads\/2023\/12\/Diseno-sin-titulo-1-1086x1536.png 1086w, https:\/\/www.a4toner.com\/blog\/wp-content\/uploads\/2023\/12\/Diseno-sin-titulo-1.png 1414w\" sizes=\"auto, (max-width: 724px) 100vw, 724px\" \/><\/a><\/figure>\n\n\n\n<figure class=\"wp-block-image size-large\"><a href=\"https:\/\/www.a4toner.com\/blog\/wp-content\/uploads\/2023\/12\/Feliz-navidad.png\"><img loading=\"lazy\" decoding=\"async\" width=\"724\" height=\"1024\" src=\"https:\/\/www.a4toner.com\/blog\/wp-content\/uploads\/2023\/12\/Feliz-navidad-724x1024.png\" alt=\"\" class=\"wp-image-10353\" title=\"\" srcset=\"https:\/\/www.a4toner.com\/blog\/wp-content\/uploads\/2023\/12\/Feliz-navidad-724x1024.png 724w, https:\/\/www.a4toner.com\/blog\/wp-content\/uploads\/2023\/12\/Feliz-navidad-212x300.png 212w, https:\/\/www.a4toner.com\/blog\/wp-content\/uploads\/2023\/12\/Feliz-navidad-768x1086.png 768w, https:\/\/www.a4toner.com\/blog\/wp-content\/uploads\/2023\/12\/Feliz-navidad-1086x1536.png 1086w, https:\/\/www.a4toner.com\/blog\/wp-content\/uploads\/2023\/12\/Feliz-navidad.png 1414w\" sizes=\"auto, (max-width: 724px) 100vw, 724px\" \/><\/a><\/figure>\n\n\n\n<h3 class=\"wp-block-heading\"><strong>Especial chic@s 2.0<\/strong><\/h3>\n\n\n\n<figure class=\"wp-block-image\"><img loading=\"lazy\" decoding=\"async\" width=\"724\" height=\"1024\" src=\"https:\/\/www.a4toner.com\/blog\/wp-content\/uploads\/2018\/12\/Porque-cada-d\u00eda-eres-mas-maravillosa-y-m\u00e1s-dificil-de-saber-que-quieres-724x1024.png\" alt=\"\" class=\"wp-image-3843\" title=\"\" srcset=\"https:\/\/www.a4toner.com\/blog\/wp-content\/uploads\/2018\/12\/Porque-cada-d\u00eda-eres-mas-maravillosa-y-m\u00e1s-dificil-de-saber-que-quieres-724x1024.png 724w, https:\/\/www.a4toner.com\/blog\/wp-content\/uploads\/2018\/12\/Porque-cada-d\u00eda-eres-mas-maravillosa-y-m\u00e1s-dificil-de-saber-que-quieres-212x300.png 212w, https:\/\/www.a4toner.com\/blog\/wp-content\/uploads\/2018\/12\/Porque-cada-d\u00eda-eres-mas-maravillosa-y-m\u00e1s-dificil-de-saber-que-quieres-768x1086.png 768w, https:\/\/www.a4toner.com\/blog\/wp-content\/uploads\/2018\/12\/Porque-cada-d\u00eda-eres-mas-maravillosa-y-m\u00e1s-dificil-de-saber-que-quieres.png 794w\" sizes=\"auto, (max-width: 724px) 100vw, 724px\" \/><\/figure>\n\n\n\n<p>Te dejamos el tema libre, este es fant\u00e1stico para los adolescentes de la familia, los ahijados o los hijos de los amigos. En fin la franja de 12 a 20 a\u00f1os.&nbsp; Este puedes utilizarlo de vale o como felicitaci\u00f3n e incluirle el dinero y \u00abya se apa\u00f1ar\u00e1\u00bb&#8230;.<\/p>\n\n\n\n<p><a href=\"https:\/\/www.a4toner.com\/blog\/wp-content\/uploads\/2018\/12\/Porque-cada-d\u00eda-eres-mas-maravillosa-y-m\u00e1s-dificil-de-saber-que-quieres.pdf\">Porque cada d\u00eda eres mas maravillosa y m\u00e1s dificil de saber que quieres<\/a><\/p>\n\n\n\n<h3 class=\"wp-block-heading\"><strong>M\u00e1s bonito, m\u00e1s rom\u00e1ntico<\/strong><\/h3>\n\n\n\n<figure class=\"wp-block-image\"><img loading=\"lazy\" decoding=\"async\" width=\"800\" height=\"800\" src=\"https:\/\/www.a4toner.com\/blog\/wp-content\/uploads\/2018\/12\/vale-plegable.png\" alt=\"\" class=\"wp-image-3845\" title=\"\" srcset=\"https:\/\/www.a4toner.com\/blog\/wp-content\/uploads\/2018\/12\/vale-plegable.png 800w, https:\/\/www.a4toner.com\/blog\/wp-content\/uploads\/2018\/12\/vale-plegable-150x150.png 150w, https:\/\/www.a4toner.com\/blog\/wp-content\/uploads\/2018\/12\/vale-plegable-300x300.png 300w, https:\/\/www.a4toner.com\/blog\/wp-content\/uploads\/2018\/12\/vale-plegable-768x768.png 768w\" sizes=\"auto, (max-width: 800px) 100vw, 800px\" \/><\/figure>\n\n\n\n<p>En este caso no solamente te damos la idea del vale sino la del sobre. Despu\u00e9s de escribir plegalo como en la imagen, las partes rojas para adentro y pegales alguna bonita pegatina o dale con un lazo. Queda precioso.<\/p>\n\n\n\n<figure class=\"wp-block-image alignleft\"><img loading=\"lazy\" decoding=\"async\" width=\"618\" height=\"391\" src=\"https:\/\/www.a4toner.com\/blog\/wp-content\/uploads\/2018\/12\/vale-plegable-coraz\u00f3n.png\" alt=\"\" class=\"wp-image-3847\" title=\"\" srcset=\"https:\/\/www.a4toner.com\/blog\/wp-content\/uploads\/2018\/12\/vale-plegable-coraz\u00f3n.png 618w, https:\/\/www.a4toner.com\/blog\/wp-content\/uploads\/2018\/12\/vale-plegable-coraz\u00f3n-300x190.png 300w\" sizes=\"auto, (max-width: 618px) 100vw, 618px\" \/><\/figure>\n\n\n\n<p>Descarga fichero imprimible<\/p>\n\n\n\n<p><a href=\"https:\/\/www.a4toner.com\/blog\/wp-content\/uploads\/2018\/12\/Vale-plegable-navidad.pdf\">Vale plegable navidad<\/a><\/p>\n\n\n\n<p><\/p>\n\n\n\n<h2 class=\"wp-block-heading\">Necesitas m\u00e1s ideas<\/h2>\n\n\n\n<p>Si quieres m\u00e1s ideas miran en vales de San Valent\u00edn quiz\u00e1s encuentras lo que necesitas.<\/p>\n\n\n\n<p>Y sobretodo se feliz.<\/p>\n\n\n\n<p><strong>Felices fiestas!<\/strong><\/p>\n","protected":false},"excerpt":{"rendered":"<p>En&nbsp;#A4TONER&nbsp;queremos celebrar la&nbsp;#Navidad&nbsp;contigo regal\u00e1ndote momentos y todo el color con tintas y t\u00f3ner compatibles Ofertas en cartuchos de tinta y t\u00f3ner compatibles en Navidad. Sum\u00e9rgete en la magia navide\u00f1a con nosotros, porque en A4toner no solo queremos ofrecerte productos de calidad, sino tambi\u00e9n inspirarte a crear momentos especiales. En estas fechas tan especiales, compartimos ideas [&hellip;]<\/p>\n","protected":false},"author":3,"featured_media":4588,"parent":3383,"menu_order":0,"comment_status":"closed","ping_status":"closed","template":"","meta":{"_bbp_topic_count":0,"_bbp_reply_count":0,"_bbp_total_topic_count":0,"_bbp_total_reply_count":0,"_bbp_voice_count":0,"_bbp_anonymous_reply_count":0,"_bbp_topic_count_hidden":0,"_bbp_reply_count_hidden":0,"_bbp_forum_subforum_count":0,"site-sidebar-layout":"default","site-content-layout":"","ast-site-content-layout":"default","site-content-style":"default","site-sidebar-style":"default","ast-global-header-display":"","ast-banner-title-visibility":"","ast-main-header-display":"","ast-hfb-above-header-display":"","ast-hfb-below-header-display":"","ast-hfb-mobile-header-display":"","site-post-title":"","ast-breadcrumbs-content":"","ast-featured-img":"","footer-sml-layout":"","theme-transparent-header-meta":"","adv-header-id-meta":"","stick-header-meta":"","header-above-stick-meta":"","header-main-stick-meta":"","header-below-stick-meta":"","astra-migrate-meta-layouts":"set","ast-page-background-enabled":"default","ast-page-background-meta":{"desktop":{"background-color":"","background-image":"","background-repeat":"repeat","background-position":"center center","background-size":"auto","background-attachment":"scroll","background-type":"","background-media":"","overlay-type":"","overlay-color":"","overlay-opacity":"","overlay-gradient":""},"tablet":{"background-color":"","background-image":"","background-repeat":"repeat","background-position":"center center","background-size":"auto","background-attachment":"scroll","background-type":"","background-media":"","overlay-type":"","overlay-color":"","overlay-opacity":"","overlay-gradient":""},"mobile":{"background-color":"","background-image":"","background-repeat":"repeat","background-position":"center center","background-size":"auto","background-attachment":"scroll","background-type":"","background-media":"","overlay-type":"","overlay-color":"","overlay-opacity":"","overlay-gradient":""}},"ast-content-background-meta":{"desktop":{"background-color":"var(--ast-global-color-5)","background-image":"","background-repeat":"repeat","background-position":"center center","background-size":"auto","background-attachment":"scroll","background-type":"","background-media":"","overlay-type":"","overlay-color":"","overlay-opacity":"","overlay-gradient":""},"tablet":{"background-color":"var(--ast-global-color-5)","background-image":"","background-repeat":"repeat","background-position":"center center","background-size":"auto","background-attachment":"scroll","background-type":"","background-media":"","overlay-type":"","overlay-color":"","overlay-opacity":"","overlay-gradient":""},"mobile":{"background-color":"var(--ast-global-color-5)","background-image":"","background-repeat":"repeat","background-position":"center center","background-size":"auto","background-attachment":"scroll","background-type":"","background-media":"","overlay-type":"","overlay-color":"","overlay-opacity":"","overlay-gradient":""}},"footnotes":""},"class_list":["post-3817","page","type-page","status-publish","has-post-thumbnail","hentry"],"_links":{"self":[{"href":"https:\/\/www.a4toner.com\/blog\/wp-json\/wp\/v2\/pages\/3817","targetHints":{"allow":["GET"]}}],"collection":[{"href":"https:\/\/www.a4toner.com\/blog\/wp-json\/wp\/v2\/pages"}],"about":[{"href":"https:\/\/www.a4toner.com\/blog\/wp-json\/wp\/v2\/types\/page"}],"author":[{"embeddable":true,"href":"https:\/\/www.a4toner.com\/blog\/wp-json\/wp\/v2\/users\/3"}],"replies":[{"embeddable":true,"href":"https:\/\/www.a4toner.com\/blog\/wp-json\/wp\/v2\/comments?post=3817"}],"version-history":[{"count":14,"href":"https:\/\/www.a4toner.com\/blog\/wp-json\/wp\/v2\/pages\/3817\/revisions"}],"predecessor-version":[{"id":10356,"href":"https:\/\/www.a4toner.com\/blog\/wp-json\/wp\/v2\/pages\/3817\/revisions\/10356"}],"up":[{"embeddable":true,"href":"https:\/\/www.a4toner.com\/blog\/wp-json\/wp\/v2\/pages\/3383"}],"wp:featuredmedia":[{"embeddable":true,"href":"https:\/\/www.a4toner.com\/blog\/wp-json\/wp\/v2\/media\/4588"}],"wp:attachment":[{"href":"https:\/\/www.a4toner.com\/blog\/wp-json\/wp\/v2\/media?parent=3817"}],"curies":[{"name":"wp","href":"https:\/\/api.w.org\/{rel}","templated":true}]}}