{"id":4101,"date":"2019-08-20T13:16:16","date_gmt":"2019-08-20T11:16:16","guid":{"rendered":"https:\/\/www.a4toner.com\/blog\/?page_id=4101"},"modified":"2021-03-19T10:05:13","modified_gmt":"2021-03-19T09:05:13","slug":"cartucho-xl-que-significa","status":"publish","type":"page","link":"https:\/\/www.a4toner.com\/blog\/cartuchos-de-tinta\/cartucho-xl-que-significa\/","title":{"rendered":"Cartucho xl, \u00bfQue significa?"},"content":{"rendered":"<div id=\"rank-math-faq\" class=\"rank-math-block\">\n<div class=\"rank-math-list \">\n<div id=\"faq-question-1616144396049\" class=\"rank-math-list-item\">\n<h3 class=\"rank-math-question \">\u00bfQue es un cartucho de tinta XL?<\/h3>\n<div class=\"rank-math-answer \">\n\n<p>Los cartuchos de tinta xl, son <a href=\"https:\/\/www.a4toner.com\/\">cartuchos<\/a> que se pueden poner en las impresoras de tinta o l\u00e1ser en sustituci\u00f3n de otros cartuchos o t\u00f3ner que hacen menos copias, suelen ser un poco mas caros que los normales pero al imprimir muchas mas paginas hacen que el coste por pagina salga mucho mas barato y compense el comprar el producto a priori mas caro.<\/p>\n<p>Los cartuchos de tinta xl son cartuchos tanto compatibles como originales que han sido desarrollados o fabricados para <strong>imprimir muchas mas paginas<\/strong> que su versi\u00f3n estandar, son cartuchos pensados en empresas o personas con consumo de tinta elevados, lo que hace que ahorren y no se sequen o caduquen antes de haberse agotado.<\/p>\n\n<\/div>\n<\/div>\n<\/div>\n<\/div>\n\n\n<h2 class=\"wp-block-heading\">Toner xl<\/h2>\n\n\n\n<p>Los t\u00f3ner xl tienen varias nomemglaturas seg\u00fan los fabricantes.<\/p>\n\n\n\n<p>En HP los t\u00f3ner xl son la versi\u00f3n x mientras la normal es la a, ejemplo el toner <a href=\"https:\/\/www.a4toner.com\/es\/cartuchos-y-toners-compatibles\/hp\/toner-hp-94a-hp-94x.html\" class=\"rank-math-link\">HP 94A<\/a> imprime 1200 y el hp 94X 2800,  en  Samsung los terminados en L son los xl mientras los terminados en s son  los normales, en los cartuchos de t\u00f3ner canon es normal ver el xl no una  h al final. Los t\u00f3ner Brother cambian el numero siendo un numero mayor,  ej <a href=\"https:\/\/www.a4toner.com\/es\/toner-tn247-tn243-compatible-alternativo-a-brother-tn-247-tn-243.html\" class=\"rank-math-link\">Tn247<\/a> que imprime 3000 copias es el xl del t\u00f3ner TN243 que solo  imprime 1000<\/p>\n","protected":false},"excerpt":{"rendered":"<p>Toner xl Los t\u00f3ner xl tienen varias nomemglaturas seg\u00fan los fabricantes. En HP los t\u00f3ner xl son la versi\u00f3n x mientras la normal es la a, ejemplo el toner HP 94A imprime 1200 y el hp 94X 2800, en Samsung los terminados en L son los xl mientras los terminados en s son los normales, [&hellip;]<\/p>\n","protected":false},"author":3,"featured_media":4103,"parent":2761,"menu_order":0,"comment_status":"closed","ping_status":"closed","template":"","meta":{"_bbp_topic_count":0,"_bbp_reply_count":0,"_bbp_total_topic_count":0,"_bbp_total_reply_count":0,"_bbp_voice_count":0,"_bbp_anonymous_reply_count":0,"_bbp_topic_count_hidden":0,"_bbp_reply_count_hidden":0,"_bbp_forum_subforum_count":0,"site-sidebar-layout":"default","site-content-layout":"","ast-site-content-layout":"default","site-content-style":"default","site-sidebar-style":"default","ast-global-header-display":"","ast-banner-title-visibility":"","ast-main-header-display":"","ast-hfb-above-header-display":"","ast-hfb-below-header-display":"","ast-hfb-mobile-header-display":"","site-post-title":"","ast-breadcrumbs-content":"","ast-featured-img":"","footer-sml-layout":"","theme-transparent-header-meta":"","adv-header-id-meta":"","stick-header-meta":"","header-above-stick-meta":"","header-main-stick-meta":"","header-below-stick-meta":"","astra-migrate-meta-layouts":"default","ast-page-background-enabled":"default","ast-page-background-meta":{"desktop":{"background-color":"","background-image":"","background-repeat":"repeat","background-position":"center center","background-size":"auto","background-attachment":"scroll","background-type":"","background-media":"","overlay-type":"","overlay-color":"","overlay-opacity":"","overlay-gradient":""},"tablet":{"background-color":"","background-image":"","background-repeat":"repeat","background-position":"center center","background-size":"auto","background-attachment":"scroll","background-type":"","background-media":"","overlay-type":"","overlay-color":"","overlay-opacity":"","overlay-gradient":""},"mobile":{"background-color":"","background-image":"","background-repeat":"repeat","background-position":"center center","background-size":"auto","background-attachment":"scroll","background-type":"","background-media":"","overlay-type":"","overlay-color":"","overlay-opacity":"","overlay-gradient":""}},"ast-content-background-meta":{"desktop":{"background-color":"var(--ast-global-color-5)","background-image":"","background-repeat":"repeat","background-position":"center center","background-size":"auto","background-attachment":"scroll","background-type":"","background-media":"","overlay-type":"","overlay-color":"","overlay-opacity":"","overlay-gradient":""},"tablet":{"background-color":"var(--ast-global-color-5)","background-image":"","background-repeat":"repeat","background-position":"center center","background-size":"auto","background-attachment":"scroll","background-type":"","background-media":"","overlay-type":"","overlay-color":"","overlay-opacity":"","overlay-gradient":""},"mobile":{"background-color":"var(--ast-global-color-5)","background-image":"","background-repeat":"repeat","background-position":"center center","background-size":"auto","background-attachment":"scroll","background-type":"","background-media":"","overlay-type":"","overlay-color":"","overlay-opacity":"","overlay-gradient":""}},"footnotes":""},"class_list":["post-4101","page","type-page","status-publish","has-post-thumbnail","hentry"],"_links":{"self":[{"href":"https:\/\/www.a4toner.com\/blog\/wp-json\/wp\/v2\/pages\/4101","targetHints":{"allow":["GET"]}}],"collection":[{"href":"https:\/\/www.a4toner.com\/blog\/wp-json\/wp\/v2\/pages"}],"about":[{"href":"https:\/\/www.a4toner.com\/blog\/wp-json\/wp\/v2\/types\/page"}],"author":[{"embeddable":true,"href":"https:\/\/www.a4toner.com\/blog\/wp-json\/wp\/v2\/users\/3"}],"replies":[{"embeddable":true,"href":"https:\/\/www.a4toner.com\/blog\/wp-json\/wp\/v2\/comments?post=4101"}],"version-history":[{"count":9,"href":"https:\/\/www.a4toner.com\/blog\/wp-json\/wp\/v2\/pages\/4101\/revisions"}],"predecessor-version":[{"id":8070,"href":"https:\/\/www.a4toner.com\/blog\/wp-json\/wp\/v2\/pages\/4101\/revisions\/8070"}],"up":[{"embeddable":true,"href":"https:\/\/www.a4toner.com\/blog\/wp-json\/wp\/v2\/pages\/2761"}],"wp:featuredmedia":[{"embeddable":true,"href":"https:\/\/www.a4toner.com\/blog\/wp-json\/wp\/v2\/media\/4103"}],"wp:attachment":[{"href":"https:\/\/www.a4toner.com\/blog\/wp-json\/wp\/v2\/media?parent=4101"}],"curies":[{"name":"wp","href":"https:\/\/api.w.org\/{rel}","templated":true}]}}