{"id":4304,"date":"2019-04-23T12:17:01","date_gmt":"2019-04-23T10:17:01","guid":{"rendered":"https:\/\/www.a4toner.com\/blog\/?page_id=4304"},"modified":"2020-11-03T13:53:08","modified_gmt":"2020-11-03T12:53:08","slug":"bonitas","status":"publish","type":"page","link":"https:\/\/www.a4toner.com\/blog\/que-impresora\/bonitas\/","title":{"rendered":"Bonitas"},"content":{"rendered":"\n<h2 class=\"wp-block-heading\">Impresoras mas bonitas del 2020<\/h2>\n\n\n\n<h3 class=\"wp-block-heading\">HP DeskJet Plus 4120<\/h3>\n\n\n\n\n<div class=\"aawp\">\n\n            \n            \n<div class=\"aawp-product aawp-product--horizontal aawp-product--css-adjust-image-large\"  data-aawp-product-asin=\"B0853NBT3F\" data-aawp-product-id=\"478\" data-aawp-tracking-id=\"a4toner-21\" data-aawp-product-title=\"HP DeskJet Plus 4120 3XV14B Impresora Multifunci\u00f3n A4 Imprime Escanea Copia y Fax Wi-Fi USB 2.0 Smart App Incluye 3 Meses del Servicio Instant Ink Blanca\">\n\n    \n    <div class=\"aawp-product__thumb\">\n        <a class=\"aawp-product__image-link\" href=\"https:\/\/www.amazon.es\/dp\/B0853NBT3F?tag=a4toner-21&amp;linkCode=ogi&amp;th=1&amp;psc=1\" title=\"HP DeskJet Plus 4120 3XV14B, Impresora Multifunci\u00f3n A4, Imprime,...\" rel=\"nofollow noopener sponsored\" target=\"_blank\">\n            <img decoding=\"async\" class=\"aawp-product__image\" src=\"https:\/\/www.a4toner.com\/blog\/wp-content\/plugins\/aawp\/public\/image.php?url=YUhSMGNITTZMeTl0TG0xbFpHbGhMV0Z0WVhwdmJpNWpiMjB2YVcxaFoyVnpMMGt2TWpFNU4yUjNiV2RKTUV3dWFuQm58MTc3NzYzOTAxNw=\" alt=\"HP DeskJet Plus 4120 3XV14B, Impresora Multifunci\u00f3n A4, Imprime,...\" title=\"\">\n        <\/a>\n\n            <\/div>\n\n    <div class=\"aawp-product__content\">\n        <a class=\"aawp-product__title\" href=\"https:\/\/www.amazon.es\/dp\/B0853NBT3F?tag=a4toner-21&amp;linkCode=ogi&amp;th=1&amp;psc=1\" title=\"HP DeskJet Plus 4120 3XV14B, Impresora Multifunci\u00f3n A4, Imprime,...\" rel=\"nofollow noopener sponsored\" target=\"_blank\">\n            HP DeskJet Plus 4120 3XV14B, Impresora Multifunci\u00f3n A4, Imprime,...        <\/a>\n        <div class=\"aawp-product__description\">\n            <ul><li>Consigue 6 meses de impresi\u00f3n GRATIS con HP Instant Ink; Despreoc\u00fapate de...<\/li><li>Imprime a doble cara manualmente, copia, escan\u00e9a y env\u00eda por fax de forma...<\/li><li>La impresora cuenta con una bandeja de entrada con una capacidad de hasta...<\/li><li>Conectividad: Wi-Fi, Wi-Fi Direct, puerto Hi-Speed USB 2.0, HP Smart App,...<\/li><\/ul>        <\/div>\n    <\/div>\n\n    <div class=\"aawp-product__footer\">\n\n        <div class=\"aawp-product__pricing\">\n            \n            \n                    <\/div>\n\n                <a class=\"aawp-button aawp-button--buy aawp-button aawp-button--red rounded shadow\" href=\"https:\/\/www.amazon.es\/dp\/B0853NBT3F?tag=a4toner-21&#038;linkCode=ogi&#038;th=1&#038;psc=1\" title=\"Ver Precio\" target=\"_blank\" rel=\"nofollow noopener sponsored\">Ver Precio<\/a>\n            <\/div>\n\n<\/div>\n\n    \n<\/div>\n\n\n\n\n<div class=\"wp-block-columns is-layout-flex wp-container-core-columns-is-layout-28f84493 wp-block-columns-is-layout-flex\">\n<div class=\"wp-block-column is-layout-flow wp-block-column-is-layout-flow\">\n<p>\u2705 Ventajas<\/p>\n\n\n\n<ul class=\"wp-block-list\"><li>Su precio \u00a1Mega accesible!<\/li><li>Tiene fax.Su bandeja de alimentaci\u00f3n autom\u00e1tica es muy \u00fatil.<\/li><li>Usa cartuchos XL y tambi\u00e9n admite <a href=\"https:\/\/www.a4toner.com\/analisis-impresoras\/cartuchos-de-tinta\/compatibles\/\">consumibles compatibles<\/a>.<\/li><li>Tiene conectividad Wi-Fi.<\/li><\/ul>\n<\/div>\n\n\n\n<div class=\"wp-block-column is-layout-flow wp-block-column-is-layout-flow\">\n<p>\u274c Desventajas<\/p>\n\n\n\n<ul class=\"wp-block-list\"><li>Usuarios alegan que la conectividad inal\u00e1mbrica es inestable.<\/li><li>El precio de los cartuchos originales es excesivo.<\/li><li>No tiene d\u00faplex autom\u00e1tico o impresi\u00f3n sin bordes.<\/li><li>Es una impresora bastante lenta en comparaci\u00f3n con otras de similar precio.<\/li><\/ul>\n<\/div>\n<\/div>\n\n\n\n<div class=\"wp-block-buttons is-layout-flex wp-block-buttons-is-layout-flex\">\n<div class=\"wp-block-button\"><a class=\"wp-block-button__link has-white-color has-text-color has-background\" href=\"https:\/\/www.a4toner.com\/analisis-impresoras\/hp-deskjet-plus-4120-analisis-y-opiniones\/\" style=\"background-color:#b4b4b4\">ver review HP DeskJet Plus 4120<\/a><\/div>\n<\/div>\n\n\n\n<h2 class=\"wp-block-heading\">Impresoras mas bonitas del 2019<\/h2>\n\n\n\n<h3 class=\"wp-block-heading\">HP ENVY Photo 4527 <\/h3>\n\n\n\n\n<div class=\"aawp\">\n\n            \n            \n<div class=\"aawp-product aawp-product--horizontal aawp-product--css-adjust-image-large\"  data-aawp-product-asin=\"B07KNVYQ8R\" data-aawp-product-id=\"611\" data-aawp-tracking-id=\"a4toner-21\" data-aawp-product-title=\"HP Envy 5010 - Impresora multifunci\u00f3n  Wifi Bluetooth HP Smart pantalla t\u00e1ctil bandeja de entrada de 80 hojas\">\n\n    \n    <div class=\"aawp-product__thumb\">\n        <a class=\"aawp-product__image-link\" href=\"https:\/\/www.amazon.es\/dp\/B07KNVYQ8R?tag=a4toner-21&amp;linkCode=ogi&amp;th=1&amp;psc=1\" title=\"HP Envy 5010 - Impresora multifunci\u00f3n (Wifi, Bluetooth, HP...\" rel=\"nofollow noopener sponsored\" target=\"_blank\">\n            <img decoding=\"async\" class=\"aawp-product__image\" src=\"https:\/\/www.a4toner.com\/blog\/wp-content\/plugins\/aawp\/public\/image.php?url=YUhSMGNITTZMeTl0TG0xbFpHbGhMV0Z0WVhwdmJpNWpiMjB2YVcxaFoyVnpMMGt2TXpGeFRYVmxiV2RwZGt3dWFuQm58MTc3NzYzOTAxNw=\" alt=\"HP Envy 5010 - Impresora multifunci\u00f3n (Wifi, Bluetooth, HP...\" title=\"\">\n        <\/a>\n\n            <\/div>\n\n    <div class=\"aawp-product__content\">\n        <a class=\"aawp-product__title\" href=\"https:\/\/www.amazon.es\/dp\/B07KNVYQ8R?tag=a4toner-21&amp;linkCode=ogi&amp;th=1&amp;psc=1\" title=\"HP Envy 5010 - Impresora multifunci\u00f3n (Wifi, Bluetooth, HP...\" rel=\"nofollow noopener sponsored\" target=\"_blank\">\n            HP Envy 5010 - Impresora multifunci\u00f3n (Wifi, Bluetooth, HP...        <\/a>\n        <div class=\"aawp-product__description\">\n            <ul><li>F\u00e1cil de instalar y usar; pensada para f\u00e1cil itarte tus tareas de...<\/li><li>Compatible con instant ink<\/li><li>Conexi\u00f3n wi-fi y bluetooth<\/li><li>Imprime desde el m\u00f3vil con la app hp smart<\/li><\/ul>        <\/div>\n    <\/div>\n\n    <div class=\"aawp-product__footer\">\n\n        <div class=\"aawp-product__pricing\">\n            \n            \n                    <\/div>\n\n                <a class=\"aawp-button aawp-button--buy aawp-button aawp-button--red rounded shadow\" href=\"https:\/\/www.amazon.es\/dp\/B07KNVYQ8R?tag=a4toner-21&#038;linkCode=ogi&#038;th=1&#038;psc=1\" title=\"Ver Precio\" target=\"_blank\" rel=\"nofollow noopener sponsored\">Ver Precio<\/a>\n            <\/div>\n\n<\/div>\n\n    \n<\/div>\n\n\n\n\n<p>  Una de las impresoras mas bonitas que podemos comprar este a\u00f1o es la hp Envy photo 4527, es una impresora multifuncion de lineas suabes y redondeadas, ideal para casa por su dise\u00f1o fino y refinado, lo mejor de esta maquina es su precio ya que es una impresora barata.<\/p>\n\n\n\n<p>Los cartucho de tinta que usa son los los  hp 302 y los <a href=\"https:\/\/www.a4toner.com\/es\/cartucho-de-tinta-hp-302xl-negro-compatible-a-hp-f6u68ae.html\">cartuchos de tinta hp 302xl<\/a>, no son de los mas baratos pero si los puedes comprar por un buen precio.<\/p>\n\n\n\n<p> Tipo: Multifunci\u00f3n tinta color <br>Impresi\u00f3n b&amp;n\/color: 9.5 ppm \/ 6.8 ppm <br>Vel. impresi\u00f3n b\/n: 9.5 ppm <br>Vel. impresi\u00f3n color: 6.8 ppm <br>Resol. de impresi\u00f3n: 4800 x 1200 ppp <br>Tama\u00f1o memoria RAM: 64 MB Display: LCD <\/p>\n\n\n\n<p>Puedes ser creativo gracias a la hp instant ink   Impresion fotografica sencilla desde tu dispositivo movil.<\/p>\n\n\n\n<h2 class=\"wp-block-heading\">Impresoras mas bonitas de todos los tiempos<\/h2>\n\n\n\n<p>La impresora es un objeto necesario, m\u00e1s en los casos en que debemos \nllevar a cabo impresiones de trabajos de manera continuada. Sin embargo,\n la mayor\u00eda de las cuales poseen un aspecto tosco, que dif\u00edcilmente \npuede combinar con el mobiliario de una habitaci\u00f3n, ya sea oficina o en \nel propio hogar.<\/p>\n\n\n\n<div class=\"wp-block-image\"><figure class=\"aligncenter\"><a href=\"https:\/\/www.a4toner.com\/blog\/wp-content\/uploads\/2014\/12\/6.jpg\"><img loading=\"lazy\" decoding=\"async\" width=\"300\" height=\"150\" src=\"https:\/\/www.a4toner.com\/blog\/wp-content\/uploads\/2014\/12\/6-300x150.jpg\" alt=\"6\" class=\"wp-image-500\" title=\"\" srcset=\"https:\/\/www.a4toner.com\/blog\/wp-content\/uploads\/2014\/12\/6-300x150.jpg 300w, https:\/\/www.a4toner.com\/blog\/wp-content\/uploads\/2014\/12\/6.jpg 600w\" sizes=\"auto, (max-width: 300px) 100vw, 300px\" \/><\/a><\/figure><\/div>\n\n\n\n<p>Por eso, en este post queremos hacer un alto en el camino y analizar algunos de los <strong>modelos m\u00e1s compactos y reducidos <\/strong>que existen en el <strong>mercado de las impresoras<\/strong>.  En este caso el tama\u00f1o s\u00ed importa pues gracias a sus dimensiones  reducidas estos aparatos pueden ser colocados de manera f\u00e1cil y  est\u00e9ticamente bonita en cualquier habitaci\u00f3n.<\/p>\n\n\n\n<p>Una de las marcas que m\u00e1s se han puesto las pilas, en este sentido, es <strong>RICOH<\/strong>.\n Y es que desde hace algunos a\u00f1os viene presentando novedosos equipos de\n impresi\u00f3n, los cuales destacan por sus dimensiones compactas, las \ncuales nos permiten colocarlos c\u00f3modamente en cualquier espacio.<\/p>\n\n\n\n<p>Con un dise\u00f1o moderno, atractivo y, fundamentalmente, pr\u00e1ctico, estos\n dispositivos est\u00e1n dotados de tecnolog\u00eda l\u00e1ser, impresi\u00f3n tanto a color\n como en blanco y negro y con tecnolog\u00eda de inyecci\u00f3n de gel. La misma \npermite garantizar una calidad final de los trabajos \u00f3ptima, que se ve \nacentuada por su alta velocidad de impresi\u00f3n y uso eficiente de la \ntinta.<\/p>\n\n\n\n<p>La marca HP tambi\u00e9n se ha unido a la moda de comercial impresoras \ncompactas, ideadas para aquellos a los que les preocupa el dise\u00f1o sin \nperder calidad en sus documentos impresos. Es el caso del modelo <strong>Officejet H470<\/strong>.\n Esta impresora est\u00e1 dise\u00f1ada para aquellos profesionales que necesitan \ndesplazarse y necesitan una impresora compacta y resistente.<\/p>\n\n\n\n<p>El aparato, capaz de imprimir a gran velocidad sin perder la <a href=\"https:\/\/www.a4toner.com\/blog\/sobre-la-calidad-de-los-cartuchos-compatibles\/\"><strong>calidad<\/strong><\/a> de los trabajos, act\u00faa igual que las impresoras de sobremesa, adem\u00e1s de ofrecer varias opciones distintas de conectividad.<\/p>\n\n\n\n<p>Y si hablamos de impresoras port\u00e1tiles, no podemos dejar por alto los dise\u00f1os de <strong>Brother<\/strong>,\n que adem\u00e1s de funcionales mantienen unos precios muy competitivos. As\u00ed,\n podemos destacar entre sus servicios, la incorporaci\u00f3n de impresi\u00f3n \nWiFi a trav\u00e9s de ellas, as\u00ed como su capacidad de conexi\u00f3n a trav\u00e9s de \notros dispositivos, como USB o tarjeta SD, permitiendo a los usuarios \nllevar a cabo sus trabajos de impresi\u00f3n sin perder el aspecto y dise\u00f1o \natractivo, irresistible incluso.<\/p>\n","protected":false},"excerpt":{"rendered":"<p>Impresoras mas bonitas del 2020 HP DeskJet Plus 4120 \u2705 Ventajas Su precio \u00a1Mega accesible! Tiene fax.Su bandeja de alimentaci\u00f3n autom\u00e1tica es muy \u00fatil. Usa cartuchos XL y tambi\u00e9n admite consumibles compatibles. Tiene conectividad Wi-Fi. \u274c Desventajas Usuarios alegan que la conectividad inal\u00e1mbrica es inestable. El precio de los cartuchos originales es excesivo. No tiene [&hellip;]<\/p>\n","protected":false},"author":3,"featured_media":4345,"parent":2724,"menu_order":0,"comment_status":"closed","ping_status":"closed","template":"","meta":{"_bbp_topic_count":0,"_bbp_reply_count":0,"_bbp_total_topic_count":0,"_bbp_total_reply_count":0,"_bbp_voice_count":0,"_bbp_anonymous_reply_count":0,"_bbp_topic_count_hidden":0,"_bbp_reply_count_hidden":0,"_bbp_forum_subforum_count":0,"site-sidebar-layout":"default","site-content-layout":"","ast-site-content-layout":"default","site-content-style":"default","site-sidebar-style":"default","ast-global-header-display":"","ast-banner-title-visibility":"","ast-main-header-display":"","ast-hfb-above-header-display":"","ast-hfb-below-header-display":"","ast-hfb-mobile-header-display":"","site-post-title":"","ast-breadcrumbs-content":"","ast-featured-img":"","footer-sml-layout":"","theme-transparent-header-meta":"","adv-header-id-meta":"","stick-header-meta":"","header-above-stick-meta":"","header-main-stick-meta":"","header-below-stick-meta":"","astra-migrate-meta-layouts":"default","ast-page-background-enabled":"default","ast-page-background-meta":{"desktop":{"background-color":"","background-image":"","background-repeat":"repeat","background-position":"center center","background-size":"auto","background-attachment":"scroll","background-type":"","background-media":"","overlay-type":"","overlay-color":"","overlay-opacity":"","overlay-gradient":""},"tablet":{"background-color":"","background-image":"","background-repeat":"repeat","background-position":"center center","background-size":"auto","background-attachment":"scroll","background-type":"","background-media":"","overlay-type":"","overlay-color":"","overlay-opacity":"","overlay-gradient":""},"mobile":{"background-color":"","background-image":"","background-repeat":"repeat","background-position":"center center","background-size":"auto","background-attachment":"scroll","background-type":"","background-media":"","overlay-type":"","overlay-color":"","overlay-opacity":"","overlay-gradient":""}},"ast-content-background-meta":{"desktop":{"background-color":"var(--ast-global-color-5)","background-image":"","background-repeat":"repeat","background-position":"center center","background-size":"auto","background-attachment":"scroll","background-type":"","background-media":"","overlay-type":"","overlay-color":"","overlay-opacity":"","overlay-gradient":""},"tablet":{"background-color":"var(--ast-global-color-5)","background-image":"","background-repeat":"repeat","background-position":"center center","background-size":"auto","background-attachment":"scroll","background-type":"","background-media":"","overlay-type":"","overlay-color":"","overlay-opacity":"","overlay-gradient":""},"mobile":{"background-color":"var(--ast-global-color-5)","background-image":"","background-repeat":"repeat","background-position":"center center","background-size":"auto","background-attachment":"scroll","background-type":"","background-media":"","overlay-type":"","overlay-color":"","overlay-opacity":"","overlay-gradient":""}},"footnotes":""},"class_list":["post-4304","page","type-page","status-publish","has-post-thumbnail","hentry"],"_links":{"self":[{"href":"https:\/\/www.a4toner.com\/blog\/wp-json\/wp\/v2\/pages\/4304","targetHints":{"allow":["GET"]}}],"collection":[{"href":"https:\/\/www.a4toner.com\/blog\/wp-json\/wp\/v2\/pages"}],"about":[{"href":"https:\/\/www.a4toner.com\/blog\/wp-json\/wp\/v2\/types\/page"}],"author":[{"embeddable":true,"href":"https:\/\/www.a4toner.com\/blog\/wp-json\/wp\/v2\/users\/3"}],"replies":[{"embeddable":true,"href":"https:\/\/www.a4toner.com\/blog\/wp-json\/wp\/v2\/comments?post=4304"}],"version-history":[{"count":16,"href":"https:\/\/www.a4toner.com\/blog\/wp-json\/wp\/v2\/pages\/4304\/revisions"}],"predecessor-version":[{"id":7002,"href":"https:\/\/www.a4toner.com\/blog\/wp-json\/wp\/v2\/pages\/4304\/revisions\/7002"}],"up":[{"embeddable":true,"href":"https:\/\/www.a4toner.com\/blog\/wp-json\/wp\/v2\/pages\/2724"}],"wp:featuredmedia":[{"embeddable":true,"href":"https:\/\/www.a4toner.com\/blog\/wp-json\/wp\/v2\/media\/4345"}],"wp:attachment":[{"href":"https:\/\/www.a4toner.com\/blog\/wp-json\/wp\/v2\/media?parent=4304"}],"curies":[{"name":"wp","href":"https:\/\/api.w.org\/{rel}","templated":true}]}}