{"id":4594,"date":"2020-01-09T12:18:08","date_gmt":"2020-01-09T11:18:08","guid":{"rendered":"https:\/\/www.a4toner.com\/blog\/?page_id=4594"},"modified":"2021-03-25T13:02:56","modified_gmt":"2021-03-25T12:02:56","slug":"semana-santa-ofertas-curiosidades-y-manualidades","status":"publish","type":"page","link":"https:\/\/www.a4toner.com\/blog\/semana-santa-ofertas-curiosidades-y-manualidades\/","title":{"rendered":"Semana Santa: Ofertas, curiosidades y manualidades"},"content":{"rendered":"\n<h2 class=\"wp-block-heading\">Ofertas<\/h2>\n\n\n\n<h2 class=\"wp-block-heading\">Semana Santa 2021<\/h2>\n\n\n\n<figure class=\"wp-block-image size-large\"><a href=\"https:\/\/www.a4toner.com\/analisis-impresoras\/wp-content\/uploads\/2021\/03\/Toma-aire-y-aprovecha-el-descuento-de-semana-santa..png\"><img loading=\"lazy\" decoding=\"async\" width=\"1024\" height=\"576\" src=\"https:\/\/www.a4toner.com\/analisis-impresoras\/wp-content\/uploads\/2021\/03\/Toma-aire-y-aprovecha-el-descuento-de-semana-santa.-1024x576.png\" alt=\"10% descuento semana santa 2021\" class=\"wp-image-8139\" title=\"\" srcset=\"https:\/\/www.a4toner.com\/blog\/wp-content\/uploads\/2021\/03\/Toma-aire-y-aprovecha-el-descuento-de-semana-santa.-1024x576.png 1024w, https:\/\/www.a4toner.com\/blog\/wp-content\/uploads\/2021\/03\/Toma-aire-y-aprovecha-el-descuento-de-semana-santa.-300x169.png 300w, https:\/\/www.a4toner.com\/blog\/wp-content\/uploads\/2021\/03\/Toma-aire-y-aprovecha-el-descuento-de-semana-santa.-768x432.png 768w, https:\/\/www.a4toner.com\/blog\/wp-content\/uploads\/2021\/03\/Toma-aire-y-aprovecha-el-descuento-de-semana-santa.-1536x864.png 1536w, https:\/\/www.a4toner.com\/blog\/wp-content\/uploads\/2021\/03\/Toma-aire-y-aprovecha-el-descuento-de-semana-santa.-1200x675.png 1200w, https:\/\/www.a4toner.com\/blog\/wp-content\/uploads\/2021\/03\/Toma-aire-y-aprovecha-el-descuento-de-semana-santa..png 1920w\" sizes=\"auto, (max-width: 1024px) 100vw, 1024px\" \/><\/a><figcaption><strong>PROMOCI\u00d3N SEMANA SANTA 2021:<\/strong><br><br><strong>Del lunes 29 de marzo al jueves 1 de abril<\/strong> de 2021,\u00a0utiliza el cup\u00f3n \u00bb SS2021A4&#8243;, y se te descontar\u00e1 el <strong>10%\u00a0de todos los consumibles compatibles <\/strong>o remanufacturados. Solo para compras\u00a0realizadas en la web a4toner.com<br><br>Para\u00a0obtener el descuento es necesario poner el <strong>c\u00f3digo descuento: SS2021A4<\/strong>\u00a0antes de proceder al pago.<br><br>Oferta no v\u00e1lida para productos originales ni papeler\u00eda.<br><br>Oferta v\u00e1lida para pvp.\u00a0<\/figcaption><\/figure>\n\n\n\n<h2 class=\"wp-block-heading\">Semana Santa 2020<\/h2>\n\n\n\n<figure class=\"wp-block-image size-large\"><a href=\"https:\/\/www.a4toner.com\/analisis-impresoras\/wp-content\/uploads\/2021\/03\/Viernes-y-lunes-festivo-min.png\"><img loading=\"lazy\" decoding=\"async\" width=\"810\" height=\"450\" src=\"https:\/\/www.a4toner.com\/analisis-impresoras\/wp-content\/uploads\/2021\/03\/Viernes-y-lunes-festivo-min.png\" alt=\"\" class=\"wp-image-8135\" title=\"\" srcset=\"https:\/\/www.a4toner.com\/blog\/wp-content\/uploads\/2021\/03\/Viernes-y-lunes-festivo-min.png 810w, https:\/\/www.a4toner.com\/blog\/wp-content\/uploads\/2021\/03\/Viernes-y-lunes-festivo-min-300x167.png 300w, https:\/\/www.a4toner.com\/blog\/wp-content\/uploads\/2021\/03\/Viernes-y-lunes-festivo-min-768x427.png 768w\" sizes=\"auto, (max-width: 810px) 100vw, 810px\" \/><\/a><figcaption><em>Viernes 10 de abril y lunes 13 de abril cerrado por festividades de Semana Santa. Martes vendremos renovados y con m\u00e1s fuerza que nunca, para continuar sin parar en estos d\u00edas tan distintos pero tan humanos. Estamos a tu lado, esta semana santa #nosquedamosencasa.<\/em><\/figcaption><\/figure>\n\n\n\n<h2 class=\"wp-block-heading\"><strong>Oferta para Semana Santa&nbsp;<\/strong><strong>2018<\/strong><\/h2>\n\n\n\n<h2 class=\"wp-block-heading\"><\/h2>\n\n\n\n<p><strong>PROMOCI\u00d3N DEL 28 DE MARZO AL 2 DE ABRIL:<\/strong>&nbsp;Desde el mi\u00e9rcoles 28 de marzo&nbsp;hasta el 2 de abril de&nbsp;2018 para compras realizadas por internet, se realizar\u00e1 un 10% descuento del precio de los consumibles de impresi\u00f3n compatibles.<br>Para&nbsp;obtener el descuento es necesario poner el&nbsp;<strong>c\u00f3digo descuento: SS18A<\/strong><br>Oferta no v\u00e1lida para productos originales ni papeler\u00eda.<br>Oferta v\u00e1lida para pvp.<\/p>\n\n\n\n<h2 class=\"wp-block-heading\"><\/h2>\n\n\n\n<p><\/p>\n\n\n\n<h2 class=\"wp-block-heading\"><\/h2>\n\n\n\n<p><\/p>\n","protected":false},"excerpt":{"rendered":"<p>Ofertas Semana Santa 2021 Semana Santa 2020 Oferta para Semana Santa&nbsp;2018 PROMOCI\u00d3N DEL 28 DE MARZO AL 2 DE ABRIL:&nbsp;Desde el mi\u00e9rcoles 28 de marzo&nbsp;hasta el 2 de abril de&nbsp;2018 para compras realizadas por internet, se realizar\u00e1 un 10% descuento del precio de los consumibles de impresi\u00f3n compatibles.Para&nbsp;obtener el descuento es necesario poner el&nbsp;c\u00f3digo descuento: [&hellip;]<\/p>\n","protected":false},"author":3,"featured_media":0,"parent":0,"menu_order":0,"comment_status":"closed","ping_status":"closed","template":"","meta":{"_bbp_topic_count":0,"_bbp_reply_count":0,"_bbp_total_topic_count":0,"_bbp_total_reply_count":0,"_bbp_voice_count":0,"_bbp_anonymous_reply_count":0,"_bbp_topic_count_hidden":0,"_bbp_reply_count_hidden":0,"_bbp_forum_subforum_count":0,"site-sidebar-layout":"default","site-content-layout":"","ast-site-content-layout":"default","site-content-style":"default","site-sidebar-style":"default","ast-global-header-display":"","ast-banner-title-visibility":"","ast-main-header-display":"","ast-hfb-above-header-display":"","ast-hfb-below-header-display":"","ast-hfb-mobile-header-display":"","site-post-title":"","ast-breadcrumbs-content":"","ast-featured-img":"","footer-sml-layout":"","theme-transparent-header-meta":"","adv-header-id-meta":"","stick-header-meta":"","header-above-stick-meta":"","header-main-stick-meta":"","header-below-stick-meta":"","astra-migrate-meta-layouts":"default","ast-page-background-enabled":"default","ast-page-background-meta":{"desktop":{"background-color":"","background-image":"","background-repeat":"repeat","background-position":"center center","background-size":"auto","background-attachment":"scroll","background-type":"","background-media":"","overlay-type":"","overlay-color":"","overlay-opacity":"","overlay-gradient":""},"tablet":{"background-color":"","background-image":"","background-repeat":"repeat","background-position":"center center","background-size":"auto","background-attachment":"scroll","background-type":"","background-media":"","overlay-type":"","overlay-color":"","overlay-opacity":"","overlay-gradient":""},"mobile":{"background-color":"","background-image":"","background-repeat":"repeat","background-position":"center center","background-size":"auto","background-attachment":"scroll","background-type":"","background-media":"","overlay-type":"","overlay-color":"","overlay-opacity":"","overlay-gradient":""}},"ast-content-background-meta":{"desktop":{"background-color":"var(--ast-global-color-5)","background-image":"","background-repeat":"repeat","background-position":"center center","background-size":"auto","background-attachment":"scroll","background-type":"","background-media":"","overlay-type":"","overlay-color":"","overlay-opacity":"","overlay-gradient":""},"tablet":{"background-color":"var(--ast-global-color-5)","background-image":"","background-repeat":"repeat","background-position":"center center","background-size":"auto","background-attachment":"scroll","background-type":"","background-media":"","overlay-type":"","overlay-color":"","overlay-opacity":"","overlay-gradient":""},"mobile":{"background-color":"var(--ast-global-color-5)","background-image":"","background-repeat":"repeat","background-position":"center center","background-size":"auto","background-attachment":"scroll","background-type":"","background-media":"","overlay-type":"","overlay-color":"","overlay-opacity":"","overlay-gradient":""}},"footnotes":""},"class_list":["post-4594","page","type-page","status-publish","hentry"],"_links":{"self":[{"href":"https:\/\/www.a4toner.com\/blog\/wp-json\/wp\/v2\/pages\/4594","targetHints":{"allow":["GET"]}}],"collection":[{"href":"https:\/\/www.a4toner.com\/blog\/wp-json\/wp\/v2\/pages"}],"about":[{"href":"https:\/\/www.a4toner.com\/blog\/wp-json\/wp\/v2\/types\/page"}],"author":[{"embeddable":true,"href":"https:\/\/www.a4toner.com\/blog\/wp-json\/wp\/v2\/users\/3"}],"replies":[{"embeddable":true,"href":"https:\/\/www.a4toner.com\/blog\/wp-json\/wp\/v2\/comments?post=4594"}],"version-history":[{"count":5,"href":"https:\/\/www.a4toner.com\/blog\/wp-json\/wp\/v2\/pages\/4594\/revisions"}],"predecessor-version":[{"id":8143,"href":"https:\/\/www.a4toner.com\/blog\/wp-json\/wp\/v2\/pages\/4594\/revisions\/8143"}],"wp:attachment":[{"href":"https:\/\/www.a4toner.com\/blog\/wp-json\/wp\/v2\/media?parent=4594"}],"curies":[{"name":"wp","href":"https:\/\/api.w.org\/{rel}","templated":true}]}}