{"id":4692,"date":"2020-02-11T16:09:53","date_gmt":"2020-02-11T15:09:53","guid":{"rendered":"https:\/\/www.a4toner.com\/blog\/?page_id=4692"},"modified":"2020-02-11T16:46:38","modified_gmt":"2020-02-11T15:46:38","slug":"sant-valentin","status":"publish","type":"page","link":"https:\/\/www.a4toner.com\/blog\/ofertas\/sant-valentin\/","title":{"rendered":"Descuento San Valent\u00edn"},"content":{"rendered":"\n<p><\/p>\n\n\n\n<p>Busca las mejores promociones en A4toner. Ofertas o cupones descuento. Estate atento y c\u00f3gelas al vuelo, no duran mucho pero son geniales.<\/p>\n\n\n\n<h3 class=\"wp-block-heading\"><strong>10% SEMANA DE LOS ENAMORADOS<\/strong><\/h3>\n\n\n\n<figure class=\"wp-block-image size-large\"><img loading=\"lazy\" decoding=\"async\" width=\"1024\" height=\"1024\" src=\"https:\/\/www.a4toner.com\/blog\/wp-content\/uploads\/2020\/02\/tequeremos-2-1024x1024.png\" alt=\"\" class=\"wp-image-4695\" title=\"\" srcset=\"https:\/\/www.a4toner.com\/blog\/wp-content\/uploads\/2020\/02\/tequeremos-2-1024x1024.png 1024w, https:\/\/www.a4toner.com\/blog\/wp-content\/uploads\/2020\/02\/tequeremos-2-300x300.png 300w, https:\/\/www.a4toner.com\/blog\/wp-content\/uploads\/2020\/02\/tequeremos-2-150x150.png 150w, https:\/\/www.a4toner.com\/blog\/wp-content\/uploads\/2020\/02\/tequeremos-2-768x768.png 768w, https:\/\/www.a4toner.com\/blog\/wp-content\/uploads\/2020\/02\/tequeremos-2.png 1080w\" sizes=\"auto, (max-width: 1024px) 100vw, 1024px\" \/><figcaption><strong> PROMOCI\u00d3N DIA DE LOS ENAMORADOS:<br>Desde el lunes 10&nbsp;de febrero al viernes 14 de febrero&nbsp;de&nbsp;2020,&nbsp;utiliza el cup\u00f3n \u00abA4ENAMORADOS\u00bb, y se te descontar\u00e1 el 10%&nbsp;de todos los consumibles&nbsp;de tu pedido compatibles o remanufacturados.<br>Solo para compras&nbsp;realizadas en la web a4toner.com<br>Para&nbsp;obtener el descuento es necesario poner el c\u00f3digo descuento: A4ENAMORADOS<br>Oferta no v\u00e1lida para productos originales ni papeler\u00eda.<br>Oferta v\u00e1lida para pvp.&nbsp; <\/strong><\/figcaption><\/figure>\n","protected":false},"excerpt":{"rendered":"<p>Busca las mejores promociones en A4toner. Ofertas o cupones descuento. Estate atento y c\u00f3gelas al vuelo, no duran mucho pero son geniales. 10% SEMANA DE LOS ENAMORADOS<\/p>\n","protected":false},"author":3,"featured_media":4695,"parent":3383,"menu_order":0,"comment_status":"closed","ping_status":"closed","template":"","meta":{"_bbp_topic_count":0,"_bbp_reply_count":0,"_bbp_total_topic_count":0,"_bbp_total_reply_count":0,"_bbp_voice_count":0,"_bbp_anonymous_reply_count":0,"_bbp_topic_count_hidden":0,"_bbp_reply_count_hidden":0,"_bbp_forum_subforum_count":0,"site-sidebar-layout":"default","site-content-layout":"","ast-site-content-layout":"default","site-content-style":"default","site-sidebar-style":"default","ast-global-header-display":"","ast-banner-title-visibility":"","ast-main-header-display":"","ast-hfb-above-header-display":"","ast-hfb-below-header-display":"","ast-hfb-mobile-header-display":"","site-post-title":"","ast-breadcrumbs-content":"","ast-featured-img":"","footer-sml-layout":"","theme-transparent-header-meta":"","adv-header-id-meta":"","stick-header-meta":"","header-above-stick-meta":"","header-main-stick-meta":"","header-below-stick-meta":"","astra-migrate-meta-layouts":"default","ast-page-background-enabled":"default","ast-page-background-meta":{"desktop":{"background-color":"","background-image":"","background-repeat":"repeat","background-position":"center center","background-size":"auto","background-attachment":"scroll","background-type":"","background-media":"","overlay-type":"","overlay-color":"","overlay-opacity":"","overlay-gradient":""},"tablet":{"background-color":"","background-image":"","background-repeat":"repeat","background-position":"center center","background-size":"auto","background-attachment":"scroll","background-type":"","background-media":"","overlay-type":"","overlay-color":"","overlay-opacity":"","overlay-gradient":""},"mobile":{"background-color":"","background-image":"","background-repeat":"repeat","background-position":"center center","background-size":"auto","background-attachment":"scroll","background-type":"","background-media":"","overlay-type":"","overlay-color":"","overlay-opacity":"","overlay-gradient":""}},"ast-content-background-meta":{"desktop":{"background-color":"var(--ast-global-color-5)","background-image":"","background-repeat":"repeat","background-position":"center center","background-size":"auto","background-attachment":"scroll","background-type":"","background-media":"","overlay-type":"","overlay-color":"","overlay-opacity":"","overlay-gradient":""},"tablet":{"background-color":"var(--ast-global-color-5)","background-image":"","background-repeat":"repeat","background-position":"center center","background-size":"auto","background-attachment":"scroll","background-type":"","background-media":"","overlay-type":"","overlay-color":"","overlay-opacity":"","overlay-gradient":""},"mobile":{"background-color":"var(--ast-global-color-5)","background-image":"","background-repeat":"repeat","background-position":"center center","background-size":"auto","background-attachment":"scroll","background-type":"","background-media":"","overlay-type":"","overlay-color":"","overlay-opacity":"","overlay-gradient":""}},"footnotes":""},"class_list":["post-4692","page","type-page","status-publish","has-post-thumbnail","hentry"],"_links":{"self":[{"href":"https:\/\/www.a4toner.com\/blog\/wp-json\/wp\/v2\/pages\/4692","targetHints":{"allow":["GET"]}}],"collection":[{"href":"https:\/\/www.a4toner.com\/blog\/wp-json\/wp\/v2\/pages"}],"about":[{"href":"https:\/\/www.a4toner.com\/blog\/wp-json\/wp\/v2\/types\/page"}],"author":[{"embeddable":true,"href":"https:\/\/www.a4toner.com\/blog\/wp-json\/wp\/v2\/users\/3"}],"replies":[{"embeddable":true,"href":"https:\/\/www.a4toner.com\/blog\/wp-json\/wp\/v2\/comments?post=4692"}],"version-history":[{"count":4,"href":"https:\/\/www.a4toner.com\/blog\/wp-json\/wp\/v2\/pages\/4692\/revisions"}],"predecessor-version":[{"id":4703,"href":"https:\/\/www.a4toner.com\/blog\/wp-json\/wp\/v2\/pages\/4692\/revisions\/4703"}],"up":[{"embeddable":true,"href":"https:\/\/www.a4toner.com\/blog\/wp-json\/wp\/v2\/pages\/3383"}],"wp:featuredmedia":[{"embeddable":true,"href":"https:\/\/www.a4toner.com\/blog\/wp-json\/wp\/v2\/media\/4695"}],"wp:attachment":[{"href":"https:\/\/www.a4toner.com\/blog\/wp-json\/wp\/v2\/media?parent=4692"}],"curies":[{"name":"wp","href":"https:\/\/api.w.org\/{rel}","templated":true}]}}