{"id":5585,"date":"2020-06-09T16:34:13","date_gmt":"2020-06-09T14:34:13","guid":{"rendered":"https:\/\/www.a4toner.com\/blog\/?page_id=5585"},"modified":"2024-06-25T16:58:24","modified_gmt":"2024-06-25T14:58:24","slug":"que-significa-a4-al-5-de-cobertura","status":"publish","type":"page","link":"https:\/\/www.a4toner.com\/blog\/que-significa-a4-al-5-de-cobertura\/","title":{"rendered":"\u00bfQu\u00e9 significa imprimir al 5% de cobertura de un A4?"},"content":{"rendered":"\n<p>Significa las hojas que podr\u00e1 imprimir dejando tinta en un 5% de la superficie de la hoja A4. Esto es equivalente a una hoja de texto sin negritas ni logos y con un sangrado t\u00edpico. Un cartucho de tinta o <a href=\"https:\/\/www.a4toner.com\">t\u00f3ner<\/a> con 5% de cobertura, es una cobertura similar a esta hoja.<\/p>\n\n\n\n<figure class=\"wp-block-image size-large\"><img loading=\"lazy\" decoding=\"async\" width=\"593\" height=\"793\" src=\"https:\/\/www.a4toner.com\/blog\/wp-content\/uploads\/2020\/06\/hoja_normaISOIEC19752.jpg\" alt=\"cartucho tinta compatible www.a4toner.com\" class=\"wp-image-5586\" title=\"\" srcset=\"https:\/\/www.a4toner.com\/blog\/wp-content\/uploads\/2020\/06\/hoja_normaISOIEC19752.jpg 593w, https:\/\/www.a4toner.com\/blog\/wp-content\/uploads\/2020\/06\/hoja_normaISOIEC19752-224x300.jpg 224w\" sizes=\"auto, (max-width: 593px) 100vw, 593px\" \/><\/figure>\n\n\n\n<p>Cuando vamos a comprar una impresora, una de las cosas m\u00e1s importantes que tenemos que tener en cuenta es saber cu\u00e1ntas p\u00e1ginas podremos imprimir con el t\u00f3ner o cartucho de la impresora, es decir, el rendimiento. El rendimiento tiene mucho que ver con esto, pero no nos enga\u00f1emos, teniendo en cuenta que todas las <a href=\"https:\/\/www.a4toner.com\/es\/cartuchos-de-tinta-y-toners.html\">tintas y t\u00f3neres<\/a> utilizan esta normativa del 5% de la hoja, deberemos mirar todo el resto de cosas que nos influyen en la impresi\u00f3n. <br><br>Para eliminar dudas, si imprimimos un 5% de la hoja, pero no con letras o datos, sino simplemente con toda la tinta continua, nos quedar\u00eda esta impresi\u00f3n. La franja negra es el 5% de un A4.<\/p>\n\n\n\n<figure class=\"wp-block-image\"><img decoding=\"async\" src=\"https:\/\/quecartucho.es\/blog\/wp-content\/uploads\/2019\/10\/20191008_110347-212x300.jpg\" alt=\"\" class=\"wp-image-3677\" title=\"\"><\/figure>\n\n\n\n<p><\/p>\n\n\n\n<p>Si imprimi\u00e9ramos siempre esa cantidad de superficie por hoja, nuestro t\u00f3ner o cartucho imprimir\u00eda el n\u00famero de copias que nos indica el vendedor, tanto sea original como compatible. <\/p>\n\n\n\n<p>Ten en cuenta que el rendimiento va variando seg\u00fan lo que vayamos a\u00f1adiendo al texto que queremos imprimir (letras grandes, negritas, cuadros, dibujos&#8230;). Por ejemplo, un email puede tener un 6% de cobertura y una foto puede ocupar un 90%. Piensa que entre m\u00e1s tanto por ciento imprimas de la p\u00e1gina menos durar\u00e1 tu tinta.<\/p>\n\n\n\n<figure class=\"wp-block-embed is-type-video is-provider-youtube wp-block-embed-youtube wp-embed-aspect-16-9 wp-has-aspect-ratio\"><div class=\"wp-block-embed__wrapper\">\n<iframe loading=\"lazy\" title=\"Impresi\u00f3n al 5% de cobertura\" width=\"500\" height=\"281\" src=\"https:\/\/www.youtube.com\/embed\/zHtezhadeI4?feature=oembed\" frameborder=\"0\" allow=\"accelerometer; autoplay; clipboard-write; encrypted-media; gyroscope; picture-in-picture; web-share\" referrerpolicy=\"strict-origin-when-cross-origin\" allowfullscreen><\/iframe>\n<\/div><\/figure>\n\n\n\n<p>Seg\u00fan la normativa&nbsp;<strong>ISO\/IEC 19798 (impresoras l\u00e1ser color) y la&nbsp;ISO\/IEC 24711 (para impresoras de inyecci\u00f3n)<\/strong>&nbsp;las p\u00e1ginas est\u00e1ndar de prueba son las siguientes:<\/p>\n\n\n\n<figure class=\"wp-block-image size-large\"><img loading=\"lazy\" decoding=\"async\" width=\"1024\" height=\"289\" src=\"https:\/\/www.a4toner.com\/blog\/wp-content\/uploads\/2020\/06\/ISO-IEC-19798-Page-Example-1024x289.png\" alt=\"\" class=\"wp-image-5587\" title=\"\" srcset=\"https:\/\/www.a4toner.com\/blog\/wp-content\/uploads\/2020\/06\/ISO-IEC-19798-Page-Example-1024x289.png 1024w, https:\/\/www.a4toner.com\/blog\/wp-content\/uploads\/2020\/06\/ISO-IEC-19798-Page-Example-300x85.png 300w, https:\/\/www.a4toner.com\/blog\/wp-content\/uploads\/2020\/06\/ISO-IEC-19798-Page-Example-768x217.png 768w, https:\/\/www.a4toner.com\/blog\/wp-content\/uploads\/2020\/06\/ISO-IEC-19798-Page-Example-1200x339.png 1200w, https:\/\/www.a4toner.com\/blog\/wp-content\/uploads\/2020\/06\/ISO-IEC-19798-Page-Example.png 1415w\" sizes=\"auto, (max-width: 1024px) 100vw, 1024px\" \/><\/figure>\n\n\n\n<p>Es una herramienta \u00fatil para comparar el rendimiento de los consumibles de los diferentes fabricantes, con ello nos podemos hacer una idea, pero no sirve para que conozcamos de antemano con exactitud cuanto nos durar\u00e1 un consumible. Podemos agotarlos antes de lo especificado o pueden durar bastante m\u00e1s, porque lo que imprimimos y las condiciones en que lo hacemos pueden variar mucho y probablemente no se parecer\u00e1n al procedimiento seguido en los ensayos de ISO. <\/p>\n\n\n\n<p>Ten en cuenta que el rendimiento del 5% se mide igual en todos los cartuchos, independientemente del fabricante, as\u00ed que lo importante es que veamos que cartucho nos imprime m\u00e1s respecto al coste del mismo.<\/p>\n\n\n\n<p>Es decir 100 copias a 20 euros, o 100 copias a 5 \u20ac. Esto es lo que nos interesa. Y aqu\u00ed s\u00ed que usualmente ganan por mucho los cartuchos XL que nos imprimir\u00e1n a coste por copia mucho m\u00e1s barato que otro que contenga poca tinta. Las mejores opciones de rendimiento las podr\u00e1s encontrar en cartuchos <a previewlistener=\"true\" href=\"https:\/\/www.a4toner.com\/blog\/cartuchos-de-tinta\/cartucho-xl-que-significa\/\">compatibles XL<\/a>, por eso en a4toner son nuestra especialidad.<\/p>\n","protected":false},"excerpt":{"rendered":"<p>Significa las hojas que podr\u00e1 imprimir dejando tinta en un 5% de la superficie de la hoja A4. Esto es equivalente a una hoja de texto sin negritas ni logos y con un sangrado t\u00edpico. Un cartucho de tinta o t\u00f3ner con 5% de cobertura, es una cobertura similar a esta hoja. Cuando vamos a [&hellip;]<\/p>\n","protected":false},"author":4,"featured_media":10633,"parent":0,"menu_order":0,"comment_status":"closed","ping_status":"closed","template":"","meta":{"_bbp_topic_count":0,"_bbp_reply_count":0,"_bbp_total_topic_count":0,"_bbp_total_reply_count":0,"_bbp_voice_count":0,"_bbp_anonymous_reply_count":0,"_bbp_topic_count_hidden":0,"_bbp_reply_count_hidden":0,"_bbp_forum_subforum_count":0,"site-sidebar-layout":"default","site-content-layout":"","ast-site-content-layout":"default","site-content-style":"default","site-sidebar-style":"default","ast-global-header-display":"","ast-banner-title-visibility":"","ast-main-header-display":"","ast-hfb-above-header-display":"","ast-hfb-below-header-display":"","ast-hfb-mobile-header-display":"","site-post-title":"","ast-breadcrumbs-content":"","ast-featured-img":"","footer-sml-layout":"","theme-transparent-header-meta":"","adv-header-id-meta":"","stick-header-meta":"","header-above-stick-meta":"","header-main-stick-meta":"","header-below-stick-meta":"","astra-migrate-meta-layouts":"set","ast-page-background-enabled":"default","ast-page-background-meta":{"desktop":{"background-color":"","background-image":"","background-repeat":"repeat","background-position":"center center","background-size":"auto","background-attachment":"scroll","background-type":"","background-media":"","overlay-type":"","overlay-color":"","overlay-opacity":"","overlay-gradient":""},"tablet":{"background-color":"","background-image":"","background-repeat":"repeat","background-position":"center center","background-size":"auto","background-attachment":"scroll","background-type":"","background-media":"","overlay-type":"","overlay-color":"","overlay-opacity":"","overlay-gradient":""},"mobile":{"background-color":"","background-image":"","background-repeat":"repeat","background-position":"center center","background-size":"auto","background-attachment":"scroll","background-type":"","background-media":"","overlay-type":"","overlay-color":"","overlay-opacity":"","overlay-gradient":""}},"ast-content-background-meta":{"desktop":{"background-color":"var(--ast-global-color-5)","background-image":"","background-repeat":"repeat","background-position":"center center","background-size":"auto","background-attachment":"scroll","background-type":"","background-media":"","overlay-type":"","overlay-color":"","overlay-opacity":"","overlay-gradient":""},"tablet":{"background-color":"var(--ast-global-color-5)","background-image":"","background-repeat":"repeat","background-position":"center center","background-size":"auto","background-attachment":"scroll","background-type":"","background-media":"","overlay-type":"","overlay-color":"","overlay-opacity":"","overlay-gradient":""},"mobile":{"background-color":"var(--ast-global-color-5)","background-image":"","background-repeat":"repeat","background-position":"center center","background-size":"auto","background-attachment":"scroll","background-type":"","background-media":"","overlay-type":"","overlay-color":"","overlay-opacity":"","overlay-gradient":""}},"footnotes":""},"class_list":["post-5585","page","type-page","status-publish","has-post-thumbnail","hentry"],"_links":{"self":[{"href":"https:\/\/www.a4toner.com\/blog\/wp-json\/wp\/v2\/pages\/5585","targetHints":{"allow":["GET"]}}],"collection":[{"href":"https:\/\/www.a4toner.com\/blog\/wp-json\/wp\/v2\/pages"}],"about":[{"href":"https:\/\/www.a4toner.com\/blog\/wp-json\/wp\/v2\/types\/page"}],"author":[{"embeddable":true,"href":"https:\/\/www.a4toner.com\/blog\/wp-json\/wp\/v2\/users\/4"}],"replies":[{"embeddable":true,"href":"https:\/\/www.a4toner.com\/blog\/wp-json\/wp\/v2\/comments?post=5585"}],"version-history":[{"count":7,"href":"https:\/\/www.a4toner.com\/blog\/wp-json\/wp\/v2\/pages\/5585\/revisions"}],"predecessor-version":[{"id":10634,"href":"https:\/\/www.a4toner.com\/blog\/wp-json\/wp\/v2\/pages\/5585\/revisions\/10634"}],"wp:featuredmedia":[{"embeddable":true,"href":"https:\/\/www.a4toner.com\/blog\/wp-json\/wp\/v2\/media\/10633"}],"wp:attachment":[{"href":"https:\/\/www.a4toner.com\/blog\/wp-json\/wp\/v2\/media?parent=5585"}],"curies":[{"name":"wp","href":"https:\/\/api.w.org\/{rel}","templated":true}]}}