{"id":5674,"date":"2020-06-16T17:23:52","date_gmt":"2020-06-16T15:23:52","guid":{"rendered":"https:\/\/www.a4toner.com\/blog\/?page_id=5674"},"modified":"2020-06-16T17:31:58","modified_gmt":"2020-06-16T15:31:58","slug":"mejores-impresoras-multifuncion-antiguas","status":"publish","type":"page","link":"https:\/\/www.a4toner.com\/blog\/que-impresora\/multifuncionales\/mejores-impresoras-multifuncion-antiguas\/","title":{"rendered":"Mejores impresoras multifuncion antiguas"},"content":{"rendered":"\n<p>Si estas buscando una impresora multifuncion nueva mejor que mires nuestro articulo <a href=\"https:\/\/www.a4toner.com\/blog\/que-impresora\/multifuncionales\/\" class=\"rank-math-link\">Mejor impresora multifuncional<\/a> en el que te sadran las mejores impresoras multifuncion actualizadas.<\/p>\n\n\n\n<p>Tambi\u00e9n puedes ver las ultimas <a href=\"https:\/\/www.a4toner.com\/blog\/impresoras\/multifuncion\/\" class=\"rank-math-link\">review o valoraciones de impresoras multifunci\u00f3n<\/a> que hemos publicado.<\/p>\n\n\n\n<h2 class=\"wp-block-heading\">Mejores impresora multifuncion por a\u00f1os<\/h2>\n\n\n\n<p>Si vas a comprar una impresora multifuncion de segunda mano te aconsejamos que les eches un ojo a estas pues fueron las mejores y las mas vendidas, por lo que sera f\u00e1cil solucionar cualquier duda o problema.<\/p>\n\n\n\n<h2 class=\"wp-block-heading\">Mejor impresora multifunci\u00f3n 2019<\/h2>\n\n\n\n<p>Si estas buscando una impresora de tinta tines que ver:<\/p>\n\n\n\n<p><a href=\"https:\/\/www.a4toner.com\/blog\/impresoras\/ventajas-una-impresora-inyeccion\/#Mejores_impresoras_de_inyeccion_de_tinta_del_2019\">Mejores impresoras de inyecci\u00f3n de tinta del 2019<\/a><\/p>\n\n\n\n<p>ya que todas las que estan como mas vendidas son multifuncionales.<\/p>\n\n\n\n<p>Si quieres ver las mejores impresoras del 2019 laser estas son:<\/p>\n\n\n\n<p>Impresoras multinacional l\u00e1ser monocromo<\/p>\n\n\n\n<h3 class=\"wp-block-heading\" id=\"title\">Brother MFCL2710DW<\/h3>\n\n\n\n<ul class=\"wp-block-list\"><li>Impresora, copiadora y esc\u00e1ner y fax<\/li><li>Productividad con una velocidad de impresi\u00f3n de 30 ppm<\/li><li>Ahorro con la impresi\u00f3n autom\u00e1tica a doble cara<\/li><li>Red cableada, Wifi, Wifi Direct y conexi\u00f3n m\u00f3vil<\/li><li>Bandeja de 250 hojas, ranura manual y ADF para 50 hojas<\/li><\/ul>\n\n\n\n<p>Esta impresora usa el <a href=\"https:\/\/www.a4toner.com\/es\/toner-compatible-tn2420.html\">toner TN-2420<\/a>, que esta considerado como uno de los mejores toners laser del 2019.<\/p>\n\n\n\n<p>Impresoras multinacional l\u00e1ser color<\/p>\n\n\n\n<h3 class=\"wp-block-heading\" id=\"title\">HP Color Laserjet Pro MFP M281fdw<\/h3>\n\n\n\n<ul class=\"wp-block-list\"><li>Impresora, esc\u00e1ner, fotocopiadora, fax y en un dispositivo<\/li><li>Alta velocidad de impresi\u00f3n de 21&nbsp;p\u00e1ginas\/min en color y negro<\/li><li>Tiempo de salida de la primera p\u00e1gina en su categor\u00eda m\u00e1s rapida<\/li><\/ul>\n\n\n\n<p>Esta impresora usa los <a href=\"https:\/\/www.a4toner.com\/es\/cartucho-de-toner-compatible-cf540x-alternativo-con-cf-540-x-203x.html\"><strong>toner hp CF540X<\/strong><\/a>, <a href=\"https:\/\/www.a4toner.com\/es\/cartucho-de-toner-compatible-cf541x-alternativo-con-cf-541-x-203x.html\">CF541X<\/a>, <a href=\"https:\/\/www.a4toner.com\/es\/cartucho-de-toner-compatible-cf542x-alternativo-con-cf-542-x-203x.html\">CF542X<\/a>, <a href=\"https:\/\/www.a4toner.com\/es\/cartucho-de-toner-compatible-cf543x-alternativo-con-cf-543-x-203x.html\">CF543X<\/a>,<\/p>\n","protected":false},"excerpt":{"rendered":"<p>Si estas buscando una impresora multifuncion nueva mejor que mires nuestro articulo Mejor impresora multifuncional en el que te sadran las mejores impresoras multifuncion actualizadas. Tambi\u00e9n puedes ver las ultimas review o valoraciones de impresoras multifunci\u00f3n que hemos publicado. Mejores impresora multifuncion por a\u00f1os Si vas a comprar una impresora multifuncion de segunda mano te [&hellip;]<\/p>\n","protected":false},"author":3,"featured_media":5679,"parent":3809,"menu_order":0,"comment_status":"closed","ping_status":"closed","template":"","meta":{"_bbp_topic_count":0,"_bbp_reply_count":0,"_bbp_total_topic_count":0,"_bbp_total_reply_count":0,"_bbp_voice_count":0,"_bbp_anonymous_reply_count":0,"_bbp_topic_count_hidden":0,"_bbp_reply_count_hidden":0,"_bbp_forum_subforum_count":0,"site-sidebar-layout":"default","site-content-layout":"","ast-site-content-layout":"default","site-content-style":"default","site-sidebar-style":"default","ast-global-header-display":"","ast-banner-title-visibility":"","ast-main-header-display":"","ast-hfb-above-header-display":"","ast-hfb-below-header-display":"","ast-hfb-mobile-header-display":"","site-post-title":"","ast-breadcrumbs-content":"","ast-featured-img":"","footer-sml-layout":"","theme-transparent-header-meta":"","adv-header-id-meta":"","stick-header-meta":"","header-above-stick-meta":"","header-main-stick-meta":"","header-below-stick-meta":"","astra-migrate-meta-layouts":"default","ast-page-background-enabled":"default","ast-page-background-meta":{"desktop":{"background-color":"","background-image":"","background-repeat":"repeat","background-position":"center center","background-size":"auto","background-attachment":"scroll","background-type":"","background-media":"","overlay-type":"","overlay-color":"","overlay-opacity":"","overlay-gradient":""},"tablet":{"background-color":"","background-image":"","background-repeat":"repeat","background-position":"center center","background-size":"auto","background-attachment":"scroll","background-type":"","background-media":"","overlay-type":"","overlay-color":"","overlay-opacity":"","overlay-gradient":""},"mobile":{"background-color":"","background-image":"","background-repeat":"repeat","background-position":"center center","background-size":"auto","background-attachment":"scroll","background-type":"","background-media":"","overlay-type":"","overlay-color":"","overlay-opacity":"","overlay-gradient":""}},"ast-content-background-meta":{"desktop":{"background-color":"var(--ast-global-color-5)","background-image":"","background-repeat":"repeat","background-position":"center center","background-size":"auto","background-attachment":"scroll","background-type":"","background-media":"","overlay-type":"","overlay-color":"","overlay-opacity":"","overlay-gradient":""},"tablet":{"background-color":"var(--ast-global-color-5)","background-image":"","background-repeat":"repeat","background-position":"center center","background-size":"auto","background-attachment":"scroll","background-type":"","background-media":"","overlay-type":"","overlay-color":"","overlay-opacity":"","overlay-gradient":""},"mobile":{"background-color":"var(--ast-global-color-5)","background-image":"","background-repeat":"repeat","background-position":"center center","background-size":"auto","background-attachment":"scroll","background-type":"","background-media":"","overlay-type":"","overlay-color":"","overlay-opacity":"","overlay-gradient":""}},"footnotes":""},"class_list":["post-5674","page","type-page","status-publish","has-post-thumbnail","hentry"],"_links":{"self":[{"href":"https:\/\/www.a4toner.com\/blog\/wp-json\/wp\/v2\/pages\/5674","targetHints":{"allow":["GET"]}}],"collection":[{"href":"https:\/\/www.a4toner.com\/blog\/wp-json\/wp\/v2\/pages"}],"about":[{"href":"https:\/\/www.a4toner.com\/blog\/wp-json\/wp\/v2\/types\/page"}],"author":[{"embeddable":true,"href":"https:\/\/www.a4toner.com\/blog\/wp-json\/wp\/v2\/users\/3"}],"replies":[{"embeddable":true,"href":"https:\/\/www.a4toner.com\/blog\/wp-json\/wp\/v2\/comments?post=5674"}],"version-history":[{"count":3,"href":"https:\/\/www.a4toner.com\/blog\/wp-json\/wp\/v2\/pages\/5674\/revisions"}],"predecessor-version":[{"id":7930,"href":"https:\/\/www.a4toner.com\/blog\/wp-json\/wp\/v2\/pages\/5674\/revisions\/7930"}],"up":[{"embeddable":true,"href":"https:\/\/www.a4toner.com\/blog\/wp-json\/wp\/v2\/pages\/3809"}],"wp:featuredmedia":[{"embeddable":true,"href":"https:\/\/www.a4toner.com\/blog\/wp-json\/wp\/v2\/media\/5679"}],"wp:attachment":[{"href":"https:\/\/www.a4toner.com\/blog\/wp-json\/wp\/v2\/media?parent=5674"}],"curies":[{"name":"wp","href":"https:\/\/api.w.org\/{rel}","templated":true}]}}