{"id":5708,"date":"2020-06-23T07:59:12","date_gmt":"2020-06-23T05:59:12","guid":{"rendered":"https:\/\/www.a4toner.com\/blog\/?page_id=5708"},"modified":"2020-07-03T07:45:25","modified_gmt":"2020-07-03T05:45:25","slug":"que-es-el-ciclo-mensual-de-impresion","status":"publish","type":"page","link":"https:\/\/www.a4toner.com\/blog\/que-es-el-ciclo-mensual-de-impresion\/","title":{"rendered":"\u00bfQu\u00e9 es el ciclo de trabajo mensual de impresi\u00f3n?"},"content":{"rendered":"\n<p>Comprar una impresora parece un asunto sencillo, pero es muy importante tomar en cuenta algunos aspectos de los cuales los vendedores no te hablan, como: la rapidez, las funciones especiales (impresi\u00f3n sin margen, doble cara autom\u00e1tica y similares), la conectividad y hasta el <strong>ciclo de trabajo<\/strong>.<\/p>\n\n\n\n<p>Debes conocer el ciclo de trabajo de la impresora para saber si es la adecuada para ti. Muchas de estas m\u00e1quinas se fabrican para un segmento espec\u00edfico (hogar, oficina o gran negocio), sin embargo, no todas tienen el ciclo de trabajo acorde a su gama de producto.<\/p>\n\n\n\n<p>En el post de hoy no nos quedaremos con nada y te diremos como ver el contador en tu impresora, <strong>que es el ciclo mensual de impresi\u00f3n y su importancia<\/strong>. Te ayudaremos a conseguir la mejor impresora para ti\u2026<\/p>\n\n\n\n<h2 class=\"wp-block-heading\">\u00bfQu\u00e9 es el ciclo de mensual impresi\u00f3n?<\/h2>\n\n\n\n<p>Tambi\u00e9n se conoce como el ciclo mensual de trabajo y la definici\u00f3n es bastante obvia, b\u00e1sicamente hace alusi\u00f3n a la <strong>cantidad de p\u00e1ginas que puede generar la impresora de manera mensual<\/strong>. No obstante, muchas personas no entienden porque marcas como HP, Epson, Brother y similares expresan de esta forma el ciclo de trabajo:<\/p>\n\n\n\n<ul class=\"wp-block-list\"><li>Ciclo de trabajo (mensual, A4): Hasta 1.000 p\u00e1ginas<\/li><li>Volumen de p\u00e1ginas mensual recomendado: De 100 a 400 p\u00e1ginas<\/li><\/ul>\n\n\n\n<p>El fabricante parece dar informaci\u00f3n contradictoria; ya que el ciclo de trabajo puede llegar hasta 1000 paginas, pero lo recomendado es un m\u00e1ximo de 400 p\u00e1ginas.<\/p>\n\n\n\n<h3 class=\"wp-block-heading\">\u00bfEs lo mismo volumen de p\u00e1ginas mensual recomendado y ciclo de trabajo mensual?<\/h3>\n\n\n\n<p>Tomemos el ejemplo anterior para explicar la diferencia entre el volumen de impresi\u00f3n recomendado y el ciclo de trabajo. Lo primero que debes saber en este caso es que, la impresora est\u00e1 fabricada para soportar hasta 1000 p\u00e1ginas en formato A4 mensualmente, pero <strong>mantener este ritmo de impresi\u00f3n puede afectar su vida \u00fatil<\/strong> y lo recomendado es imprimir hasta 400 p\u00e1ginas mensualmente.<\/p>\n\n\n\n<p>El ciclo de trabajo mensual es el que puede realizar la impresora tomando en cuenta factores como velocidad, tama\u00f1o de papel y hasta la temperatura del dispositivo; porque llegado a cierto punto la impresora puede recalentarse y fallar. El volumen de impresi\u00f3n mensual recomendado es la cantidad de p\u00e1ginas que puede generar sin afectar la vida \u00fatil del aparato, un margen en el cual se garantiza que al producto se le da el uso adecuado.<\/p>\n\n\n\n<h3 class=\"wp-block-heading\">\u00bfCu\u00e1l tomar en cuenta: el volumen de impresi\u00f3n recomendado o el ciclo mensual de trabajo?<\/h3>\n\n\n\n<p>En este particular depende del fabricante; ya que var\u00eda la forma de expresarlo seg\u00fan el mismo, por ejemplo:<\/p>\n\n\n\n<p><a href=\"https:\/\/www.a4toner.com\/blog\/impresoras\/hp\/\" class=\"rank-math-link\">HP<\/a> usa dos descripciones normalmente: el volumen de impresi\u00f3n mensual recomendado y el ciclo mensual de trabajo. En este caso lo mejor es tomar en cuenta el volumen de impresi\u00f3n mensual recomendado; ya que este indica la cantidad de p\u00e1ginas que puedes generar sin da\u00f1ar la impresora.<\/p>\n\n\n\n<p>Por su parte marcas como <a href=\"https:\/\/www.a4toner.com\/blog\/impresoras\/brother\/\" class=\"rank-math-link\">Brother<\/a> son m\u00e1s claras y s\u00f3lo colocan el volumen mensual recomendado mensualmente.<\/p>\n\n\n\n<p><a href=\"https:\/\/www.a4toner.com\/blog\/impresoras\/epson\/\" class=\"rank-math-link\">Epson<\/a> tambi\u00e9n utiliza el mismo m\u00e9todo que HP y coloca un ciclo de trabajo mensual y un volumen mensual recomendado.<\/p>\n\n\n\n<p><strong>Canon es<\/strong> un poco m\u00e1s dif\u00edcil de dar con la informaci\u00f3n en su sitio web oficial, pero ellos dividen sus impresoras en gamas; en base a esto puedes deducir cual es la de mayor ciclo de impresi\u00f3n mensual.<\/p>\n\n\n\n<h2 class=\"wp-block-heading\">\u00bfEs importante el ciclo mensual de impresi\u00f3n?<\/h2>\n\n\n\n<p>Es muy importante este valor, al igual que el volumen recomendado de impresi\u00f3n mensual; ya que estos dos <strong>te dan una clara imagen del tipo de impresora que est\u00e1s comprando<\/strong>.<\/p>\n\n\n\n<p>Normalmente las impresoras de la gama hogar tienen un ciclo de impresi\u00f3n mensual m\u00e1xima de 1000 p\u00e1ginas, pero un volumen de impresi\u00f3n recomendado de 500 p\u00e1ginas o menos. \u00bfQu\u00e9 nos dicen estos n\u00fameros? Pues simple; que es capaz de imprimir hasta 1000 p\u00e1ginas mensualmente, pero ese ser\u00eda su l\u00edmite, lo ideal es que la cantidad no sobrepase las 500 p\u00e1ginas.<\/p>\n\n\n\n<p>Estos factores son muy importantes para elegir la impresora correcta; ya que si la fuerzas sobre el l\u00edmite recomendado es muy probable que no sea tan duradera como deber\u00eda. Adem\u00e1s, a esto le debes sumar que ciertas marcas como <strong>HP condicionan su garant\u00eda a cierta cantidad de p\u00e1ginas <\/strong>en algunos modelos de impresoras, como: las Ecotank.<\/p>\n\n\n\n<p>El ciclo mensual de trabajo te indica cual es el l\u00edmite y sobre ese l\u00edmite se compromete las partes de la impresora, raz\u00f3n por la cual lo recomendado es guiarse por el volumen recomendado de impresiones.<\/p>\n\n\n\n<h2 class=\"wp-block-heading\">\u00bfC\u00f3mo puedo calcular la cantidad de p\u00e1ginas impresas mensualmente?<\/h2>\n\n\n\n<p>Muchas personas no tienen tiempo de estar contando impresiones, pero es muy f\u00e1cil contabilizar la cantidad de p\u00e1ginas que generas en tus equipos, hay varias formas unas m\u00e1s simples que otras y seguramente alguna ser\u00e1 de tu agrado.<\/p>\n\n\n\n<h3 class=\"wp-block-heading\">Calcula por el lote de hojas insertadas en las bandejas<\/h3>\n\n\n\n<p>Tan f\u00e1cil como colocar media resma de papel (250 hojas) esperar que se acabe y colocar la otra mitad, contar en base a la cantidad de papel gastado es una de las formas m\u00e1s sencillas de saber cu\u00e1nto imprimes.<\/p>\n\n\n\n<h3 class=\"wp-block-heading\">La duraci\u00f3n del cartucho<\/h3>\n\n\n\n<p>Esta no es una forma muy recomendable, ya que no todos los <a href=\"https:\/\/www.a4toner.com\/blog\/cartuchos-de-tinta\/\" class=\"rank-math-link\"><strong>cartuchos<\/strong><\/a> tienen la misma duraci\u00f3n y la cantidad gastada var\u00eda seg\u00fan el contenido de las impresiones. Si imprimes muchas im\u00e1genes puedes gastar los cartuchos a color antes que el negro y esto no te dar\u00eda una medida exacta de p\u00e1ginas impresa.<\/p>\n\n\n\n<p>Sin embargo, si tus impresiones son siempre bastante parecidas; mucho texto, puedes hacer un promedio de cuantas p\u00e1ginas te imprime un cartucho.<\/p>\n\n\n\n<h3 class=\"wp-block-heading\">La mejor forma de contar las p\u00e1ginas impresas usado el contador<\/h3>\n\n\n\n<p>Los modelos m\u00e1s nuevos de <a href=\"https:\/\/www.a4toner.com\/blog\/que-impresora\/ventajas-una-impresora-inyeccion\/\" class=\"rank-math-link\">impresoras de inyecci\u00f3n de tinta<\/a> y tambi\u00e9n las <a href=\"https:\/\/www.a4toner.com\/blog\/que-impresora\/laser\/\" class=\"rank-math-link\">impresoras l\u00e1ser<\/a> tienen un contador de p\u00e1ginas. No obstante, para acceder a este el procedimiento var\u00eda.<\/p>\n\n\n\n<p>En el caso de las impresoras HP simplemente debes imprimir una hoja de estado de la impresora, con ayuda del panel debes buscar en configuraci\u00f3n: imprimir informa y\/o p\u00e1gina de estado. En dicha hoja se espec\u00edfica cu\u00e1ntas impresiones se han hecho hasta la fecha.<\/p>\n\n\n\n<h3 class=\"wp-block-heading\">Revisar desde tu PC cu\u00e1ntas p\u00e1ginas se han impreso<\/h3>\n\n\n\n<p>Tambi\u00e9n puedes revisar desde tu ordenador cuantas hojas se han impreso, pero este valor s\u00f3lo te mencionar\u00e1 las que han sido enviadas a imprimir desde dicho PC. Para hacer lo anterior debes ir a la siguiente ruta: panel de control, ajuste de impresora, mantenimiento y por \u00faltimo a informaci\u00f3n de impresoras y opciones; en esta ficha puedes revisar el n\u00famero de impresiones.<\/p>\n\n\n\n<p>Hoy en d\u00eda no suele ser complicado <strong>acceder al n\u00famero de impresiones desde el men\u00fa de la impresora<\/strong>, simplemente busca un informe de estado, numero de impresiones o similares. Una vez hecho lo anterior anota el n\u00famero de impresiones y vuelve a revisar a final de mes, as\u00ed sabr\u00e1s con certeza cuantas impresiones realizaste, esto te puede ayudar tambi\u00e9n a conocer el rendimiento de los consumibles compatibles y cartuchos originales.<\/p>\n\n\n\n<p>Si tienes dudas al respecto \u00a1Cons\u00faltanos! Con gusto te asesoraremos\u2026<\/p>\n","protected":false},"excerpt":{"rendered":"<p>Comprar una impresora parece un asunto sencillo, pero es muy importante tomar en cuenta algunos aspectos de los cuales los vendedores no te hablan, como: la rapidez, las funciones especiales (impresi\u00f3n sin margen, doble cara autom\u00e1tica y similares), la conectividad y hasta el ciclo de trabajo. Debes conocer el ciclo de trabajo de la impresora [&hellip;]<\/p>\n","protected":false},"author":3,"featured_media":5709,"parent":0,"menu_order":0,"comment_status":"closed","ping_status":"closed","template":"","meta":{"_bbp_topic_count":0,"_bbp_reply_count":0,"_bbp_total_topic_count":0,"_bbp_total_reply_count":0,"_bbp_voice_count":0,"_bbp_anonymous_reply_count":0,"_bbp_topic_count_hidden":0,"_bbp_reply_count_hidden":0,"_bbp_forum_subforum_count":0,"site-sidebar-layout":"default","site-content-layout":"","ast-site-content-layout":"default","site-content-style":"default","site-sidebar-style":"default","ast-global-header-display":"","ast-banner-title-visibility":"","ast-main-header-display":"","ast-hfb-above-header-display":"","ast-hfb-below-header-display":"","ast-hfb-mobile-header-display":"","site-post-title":"","ast-breadcrumbs-content":"","ast-featured-img":"","footer-sml-layout":"","theme-transparent-header-meta":"","adv-header-id-meta":"","stick-header-meta":"","header-above-stick-meta":"","header-main-stick-meta":"","header-below-stick-meta":"","astra-migrate-meta-layouts":"default","ast-page-background-enabled":"default","ast-page-background-meta":{"desktop":{"background-color":"","background-image":"","background-repeat":"repeat","background-position":"center center","background-size":"auto","background-attachment":"scroll","background-type":"","background-media":"","overlay-type":"","overlay-color":"","overlay-opacity":"","overlay-gradient":""},"tablet":{"background-color":"","background-image":"","background-repeat":"repeat","background-position":"center center","background-size":"auto","background-attachment":"scroll","background-type":"","background-media":"","overlay-type":"","overlay-color":"","overlay-opacity":"","overlay-gradient":""},"mobile":{"background-color":"","background-image":"","background-repeat":"repeat","background-position":"center center","background-size":"auto","background-attachment":"scroll","background-type":"","background-media":"","overlay-type":"","overlay-color":"","overlay-opacity":"","overlay-gradient":""}},"ast-content-background-meta":{"desktop":{"background-color":"var(--ast-global-color-5)","background-image":"","background-repeat":"repeat","background-position":"center center","background-size":"auto","background-attachment":"scroll","background-type":"","background-media":"","overlay-type":"","overlay-color":"","overlay-opacity":"","overlay-gradient":""},"tablet":{"background-color":"var(--ast-global-color-5)","background-image":"","background-repeat":"repeat","background-position":"center center","background-size":"auto","background-attachment":"scroll","background-type":"","background-media":"","overlay-type":"","overlay-color":"","overlay-opacity":"","overlay-gradient":""},"mobile":{"background-color":"var(--ast-global-color-5)","background-image":"","background-repeat":"repeat","background-position":"center center","background-size":"auto","background-attachment":"scroll","background-type":"","background-media":"","overlay-type":"","overlay-color":"","overlay-opacity":"","overlay-gradient":""}},"footnotes":""},"class_list":["post-5708","page","type-page","status-publish","has-post-thumbnail","hentry"],"_links":{"self":[{"href":"https:\/\/www.a4toner.com\/blog\/wp-json\/wp\/v2\/pages\/5708","targetHints":{"allow":["GET"]}}],"collection":[{"href":"https:\/\/www.a4toner.com\/blog\/wp-json\/wp\/v2\/pages"}],"about":[{"href":"https:\/\/www.a4toner.com\/blog\/wp-json\/wp\/v2\/types\/page"}],"author":[{"embeddable":true,"href":"https:\/\/www.a4toner.com\/blog\/wp-json\/wp\/v2\/users\/3"}],"replies":[{"embeddable":true,"href":"https:\/\/www.a4toner.com\/blog\/wp-json\/wp\/v2\/comments?post=5708"}],"version-history":[{"count":2,"href":"https:\/\/www.a4toner.com\/blog\/wp-json\/wp\/v2\/pages\/5708\/revisions"}],"predecessor-version":[{"id":5811,"href":"https:\/\/www.a4toner.com\/blog\/wp-json\/wp\/v2\/pages\/5708\/revisions\/5811"}],"wp:featuredmedia":[{"embeddable":true,"href":"https:\/\/www.a4toner.com\/blog\/wp-json\/wp\/v2\/media\/5709"}],"wp:attachment":[{"href":"https:\/\/www.a4toner.com\/blog\/wp-json\/wp\/v2\/media?parent=5708"}],"curies":[{"name":"wp","href":"https:\/\/api.w.org\/{rel}","templated":true}]}}