{"id":5762,"date":"2020-06-30T10:13:07","date_gmt":"2020-06-30T08:13:07","guid":{"rendered":"https:\/\/www.a4toner.com\/blog\/?page_id=5762"},"modified":"2020-06-30T10:29:09","modified_gmt":"2020-06-30T08:29:09","slug":"cual-es-la-mejor-impresora-multifuncion","status":"publish","type":"page","link":"https:\/\/www.a4toner.com\/blog\/que-impresora\/multifuncionales\/cual-es-la-mejor-impresora-multifuncion\/","title":{"rendered":"\u00bfQue Impresora multifuncion comprar?"},"content":{"rendered":"\n\n\n\n\n<h2 class=\"wp-block-heading\">Mejor multifuncion l\u00e1ser monocromo del 2020<\/h2>\n\n\n\n<h3 class=\"wp-block-heading\">Impresora HP laserJet Pro MFP M28A<\/h3>\n\n\n\n<figure class=\"wp-block-embed-wordpress wp-block-embed is-type-wp-embed is-provider-cartuchos-de-tinta-y-toner-compatibles-para-impresoras\"><div class=\"wp-block-embed__wrapper\">\n<blockquote class=\"wp-embedded-content\" data-secret=\"89CVE2DRT9\"><a href=\"https:\/\/www.a4toner.com\/blog\/hp-laserjet-pro-mfp-m28a-cartuchos-valoracion\/\">HP laserJet Pro MFP M28A | Cartuchos | Valoraci\u00f3n<\/a><\/blockquote><iframe loading=\"lazy\" class=\"wp-embedded-content\" sandbox=\"allow-scripts\" security=\"restricted\" style=\"position: absolute; clip: rect(1px, 1px, 1px, 1px);\" title=\"\u00abHP laserJet Pro MFP M28A | Cartuchos | Valoraci\u00f3n\u00bb \u2014 \u2764\ufe0f A4toner: Cartuchos de tinta, toner e impresoras\" src=\"https:\/\/www.a4toner.com\/blog\/hp-laserjet-pro-mfp-m28a-cartuchos-valoracion\/embed\/#?secret=E6lajSAMGw#?secret=89CVE2DRT9\" data-secret=\"89CVE2DRT9\" width=\"500\" height=\"282\" frameborder=\"0\" marginwidth=\"0\" marginheight=\"0\" scrolling=\"no\"><\/iframe>\n<\/div><\/figure>\n\n\n\n<h2 class=\"wp-block-heading\">Mejores multifuncion baratas de cartuchos de tinta del 2020<\/h2>\n\n\n\n<h4 class=\"wp-block-heading\">Hp Envy 5010<\/h4>\n\n\n\n<figure><iframe loading=\"lazy\" src=\"https:\/\/www.a4toner.com\/blog\/impresora-hp-envy-5010-cartuchos\/embed\/#?secret=0wUyAt7skc\" width=\"580\" height=\"529\"><\/iframe><\/figure>\n\n\n\n<h4 class=\"wp-block-heading\">HP OfficeJet 5230<\/h4>\n\n\n\n<figure class=\"wp-block-embed-wordpress wp-block-embed is-type-wp-embed is-provider-cartuchos-de-tinta-y-toner-compatibles-para-impresoras\"><div class=\"wp-block-embed__wrapper\">\n<blockquote class=\"wp-embedded-content\" data-secret=\"LZTIgMWl8v\"><a href=\"https:\/\/www.a4toner.com\/blog\/hp-officejet-5230-cartuchos-valoracion\/\">HP OfficeJet 5230 | Cartuchos | Valoraci\u00f3n<\/a><\/blockquote><iframe loading=\"lazy\" class=\"wp-embedded-content\" sandbox=\"allow-scripts\" security=\"restricted\" style=\"position: absolute; clip: rect(1px, 1px, 1px, 1px);\" title=\"\u00abHP OfficeJet 5230 | Cartuchos | Valoraci\u00f3n\u00bb \u2014 \u2764\ufe0f A4toner: Cartuchos de tinta, toner e impresoras\" src=\"https:\/\/www.a4toner.com\/blog\/hp-officejet-5230-cartuchos-valoracion\/embed\/#?secret=Z5RFGDp934#?secret=LZTIgMWl8v\" data-secret=\"LZTIgMWl8v\" width=\"500\" height=\"282\" frameborder=\"0\" marginwidth=\"0\" marginheight=\"0\" scrolling=\"no\"><\/iframe>\n<\/div><\/figure>\n\n\n\n<h3 class=\"wp-block-heading\">Impresora HP DeskJet 2630<\/h3>\n\n\n\n<figure class=\"wp-block-embed-wordpress wp-block-embed is-type-wp-embed is-provider-cartuchos-de-tinta-y-toner-compatibles-para-impresoras\"><div class=\"wp-block-embed__wrapper\">\n<blockquote class=\"wp-embedded-content\" data-secret=\"D3UnHJiuHV\"><a href=\"https:\/\/www.a4toner.com\/blog\/hp-deskjet-2630-cartuchos-valoracion\/\">HP DeskJet 2630 | Cartuchos | Valoraci\u00f3n<\/a><\/blockquote><iframe loading=\"lazy\" class=\"wp-embedded-content\" sandbox=\"allow-scripts\" security=\"restricted\" style=\"position: absolute; clip: rect(1px, 1px, 1px, 1px);\" title=\"\u00abHP DeskJet 2630 | Cartuchos | Valoraci\u00f3n\u00bb \u2014 \u2764\ufe0f A4toner: Cartuchos de tinta, toner e impresoras\" src=\"https:\/\/www.a4toner.com\/blog\/hp-deskjet-2630-cartuchos-valoracion\/embed\/#?secret=lZRBplgYtz#?secret=D3UnHJiuHV\" data-secret=\"D3UnHJiuHV\" width=\"500\" height=\"282\" frameborder=\"0\" marginwidth=\"0\" marginheight=\"0\" scrolling=\"no\"><\/iframe>\n<\/div><\/figure>\n\n\n\n<h2 class=\"wp-block-heading\">Mejor multifuncion con cartuchos de tinta Baratos del 2020<\/h2>\n\n\n\n<h3 class=\"wp-block-heading\">Epson WorkForce WF-2860 DWF<\/h3>\n\n\n\n<figure class=\"wp-block-embed-wordpress wp-block-embed is-type-wp-embed is-provider-cartuchos-de-tinta-y-toner-compatibles-para-impresoras\"><div class=\"wp-block-embed__wrapper\">\n<blockquote class=\"wp-embedded-content\" data-secret=\"PMg7U2jKGz\"><a href=\"https:\/\/www.a4toner.com\/blog\/cartuchos-e-impresora-epson-workforce-wf-2860-dwf\/\">Cartuchos e Impresora Epson WorkForce WF-2860 DWF<\/a><\/blockquote><iframe loading=\"lazy\" class=\"wp-embedded-content\" sandbox=\"allow-scripts\" security=\"restricted\" style=\"position: absolute; clip: rect(1px, 1px, 1px, 1px);\" title=\"\u00abCartuchos e Impresora Epson WorkForce WF-2860 DWF\u00bb \u2014 \u2764\ufe0f A4toner: Cartuchos de tinta, toner e impresoras\" src=\"https:\/\/www.a4toner.com\/blog\/cartuchos-e-impresora-epson-workforce-wf-2860-dwf\/embed\/#?secret=tlKiOEMltl#?secret=PMg7U2jKGz\" data-secret=\"PMg7U2jKGz\" width=\"500\" height=\"282\" frameborder=\"0\" marginwidth=\"0\" marginheight=\"0\" scrolling=\"no\"><\/iframe>\n<\/div><\/figure>\n\n\n\n<h2 class=\"wp-block-heading\">\u00bfQu\u00e9 impresora multifunci\u00f3n comprar?<\/h2>\n\n\n\n<p>La compra de un equipo <a href=\"https:\/\/www.a4toner.com\/blog\/que-impresora\/multifuncionales\/\" class=\"rank-math-link\">multifunci\u00f3n<\/a> no es un asunto balad\u00ed pues son varios los criterios que se deben tener en cuenta antes de llevar a cabo esta adquisici\u00f3n. En este post vamos a analizar los m\u00e1s importantes. Unos contenidos que os facilitar\u00e1n, como lectores, la adquisici\u00f3n de una impresora multifunci\u00f3n.<\/p>\n\n\n\n<div class=\"wp-block-image\"><figure class=\"aligncenter\"><a href=\"https:\/\/www.a4toner.com\/blog\/wp-content\/uploads\/2014\/10\/IMPRESORAMULTIFUNCION.png\"><img loading=\"lazy\" decoding=\"async\" width=\"300\" height=\"300\" src=\"https:\/\/www.a4toner.com\/blog\/wp-content\/uploads\/2014\/10\/IMPRESORAMULTIFUNCION-300x300.png\" alt=\"IMPRESORAMULTIFUNCION\" class=\"wp-image-366\" title=\"\" srcset=\"https:\/\/www.a4toner.com\/blog\/wp-content\/uploads\/2014\/10\/IMPRESORAMULTIFUNCION-300x300.png 300w, https:\/\/www.a4toner.com\/blog\/wp-content\/uploads\/2014\/10\/IMPRESORAMULTIFUNCION-150x150.png 150w, https:\/\/www.a4toner.com\/blog\/wp-content\/uploads\/2014\/10\/IMPRESORAMULTIFUNCION-1024x1024.png 1024w, https:\/\/www.a4toner.com\/blog\/wp-content\/uploads\/2014\/10\/IMPRESORAMULTIFUNCION.png 1280w\" sizes=\"auto, (max-width: 300px) 100vw, 300px\" \/><\/a><\/figure><\/div>\n\n\n\n<p>La clasificaci\u00f3n m\u00e1s general de categorizar los equipos multifunci\u00f3n es a trav\u00e9s de su uso. Estas pueden ser dom\u00e9sticas, las cuales requerir\u00e1n una calidad fotogr\u00e1fica que se proporciona a trav\u00e9s de cartuchos de <a href=\"https:\/\/www.a4toner.com\/\" class=\"rank-math-link\">tinta barata<\/a> y, si esta es su principal preocupaci\u00f3n, lo mejor es hacerse con un equipo que&nbsp; permita imprimir desde cualquier fuente de entrada. Si el equipo va a destinarse a una oficina lo m\u00e1s adecuado es hacerse con una impresora l\u00e1ser, la cual tambi\u00e9n le proporcione otras funciones como esc\u00e1ner, fax o fotocopiadora.<\/p>\n\n\n\n<p>Este tipo de equipos puede realizar distintos roles por lo <strong>que saber cu\u00e1les son las funciones que se van a utilizar es importante antes de adquirirla<\/strong>. As\u00ed, la casi totalidad de ellos cuenta con funciones b\u00e1sicas como imprimir, copiar y escanear. Otras tambi\u00e9n permiten acceder a impresi\u00f3n y esc\u00e1ner a trav\u00e9s de conexi\u00f3n USB. Los servicios de fax, la posibilidad de imprimir directamente desde el correo electr\u00f3nico as\u00ed como de realizar escaneos directos hacia el email personal tambi\u00e9n pueden encontrarse en este tipo de dispositivos.<\/p>\n\n\n\n<p>Otra de las cualidades de estas impresoras es la <strong>calidad de las impresiones a color que realiza<\/strong>, por lo que los usuarios pueden imprimir a partir de ellas sus propios documentos de marketing. Una opci\u00f3n que las convierte en m\u00e1s baratas que acudir a una tienda especializada en este tipo de impresiones, por lo que se deber\u00e1 nutrir de los cartuchos de tinta y los t\u00f3ner adecuados.<\/p>\n\n\n\n<p>Antes de comprar este tipo de impresoras es importante, asimismo, que se revise su <strong>tama\u00f1o y su peso<\/strong>. A pesar de que no van a ser trasladadas con frecuencia, estos mecanismos suelen ser de proporciones m\u00e1s grandes que aquellas impresoras de una \u00fanica funci\u00f3n, por lo que acoplarlas en un espacio amplio.<\/p>\n\n\n\n<p>Por \u00faltimo, tambi\u00e9n es importante conocer la <a href=\"https:\/\/www.a4toner.com\/blog\/se-mide-la-velocidad-una-impresora\/\" class=\"rank-math-link\"><strong>velocidad de impresi\u00f3n <\/strong><\/a>de estas impresoras, motivo por el que uno puede decantarse por su compra o descartarlo. En este sentido, es importante saber que los par\u00e1metros de velocidad de una impresora multifunci\u00f3n son id\u00e9nticos a los de una impresora, de modo que si se van a imprimir grandes cantidades de documentos es conveniente comprar un equipo multifunci\u00f3n.<\/p>\n\n\n\n<p>Pod\u00e9is usar los comentarios de este articulo para que os asesoremos de forma gratuita en la compra de vuestra impresora.<\/p>\n\n\n\n<p>Servicio Printer, asesoramiento gratuito de a4toner para la compra de su impresora<\/p>\n\n\n\n<p><\/p>\n","protected":false},"excerpt":{"rendered":"<p>Mejor multifuncion l\u00e1ser monocromo del 2020 Impresora HP laserJet Pro MFP M28A Mejores multifuncion baratas de cartuchos de tinta del 2020 Hp Envy 5010 HP OfficeJet 5230 Impresora HP DeskJet 2630 Mejor multifuncion con cartuchos de tinta Baratos del 2020 Epson WorkForce WF-2860 DWF \u00bfQu\u00e9 impresora multifunci\u00f3n comprar? La compra de un equipo multifunci\u00f3n no [&hellip;]<\/p>\n","protected":false},"author":3,"featured_media":5768,"parent":3809,"menu_order":0,"comment_status":"closed","ping_status":"closed","template":"","meta":{"_bbp_topic_count":0,"_bbp_reply_count":0,"_bbp_total_topic_count":0,"_bbp_total_reply_count":0,"_bbp_voice_count":0,"_bbp_anonymous_reply_count":0,"_bbp_topic_count_hidden":0,"_bbp_reply_count_hidden":0,"_bbp_forum_subforum_count":0,"site-sidebar-layout":"default","site-content-layout":"","ast-site-content-layout":"default","site-content-style":"default","site-sidebar-style":"default","ast-global-header-display":"","ast-banner-title-visibility":"","ast-main-header-display":"","ast-hfb-above-header-display":"","ast-hfb-below-header-display":"","ast-hfb-mobile-header-display":"","site-post-title":"","ast-breadcrumbs-content":"","ast-featured-img":"","footer-sml-layout":"","theme-transparent-header-meta":"","adv-header-id-meta":"","stick-header-meta":"","header-above-stick-meta":"","header-main-stick-meta":"","header-below-stick-meta":"","astra-migrate-meta-layouts":"default","ast-page-background-enabled":"default","ast-page-background-meta":{"desktop":{"background-color":"","background-image":"","background-repeat":"repeat","background-position":"center center","background-size":"auto","background-attachment":"scroll","background-type":"","background-media":"","overlay-type":"","overlay-color":"","overlay-opacity":"","overlay-gradient":""},"tablet":{"background-color":"","background-image":"","background-repeat":"repeat","background-position":"center center","background-size":"auto","background-attachment":"scroll","background-type":"","background-media":"","overlay-type":"","overlay-color":"","overlay-opacity":"","overlay-gradient":""},"mobile":{"background-color":"","background-image":"","background-repeat":"repeat","background-position":"center center","background-size":"auto","background-attachment":"scroll","background-type":"","background-media":"","overlay-type":"","overlay-color":"","overlay-opacity":"","overlay-gradient":""}},"ast-content-background-meta":{"desktop":{"background-color":"var(--ast-global-color-5)","background-image":"","background-repeat":"repeat","background-position":"center center","background-size":"auto","background-attachment":"scroll","background-type":"","background-media":"","overlay-type":"","overlay-color":"","overlay-opacity":"","overlay-gradient":""},"tablet":{"background-color":"var(--ast-global-color-5)","background-image":"","background-repeat":"repeat","background-position":"center center","background-size":"auto","background-attachment":"scroll","background-type":"","background-media":"","overlay-type":"","overlay-color":"","overlay-opacity":"","overlay-gradient":""},"mobile":{"background-color":"var(--ast-global-color-5)","background-image":"","background-repeat":"repeat","background-position":"center center","background-size":"auto","background-attachment":"scroll","background-type":"","background-media":"","overlay-type":"","overlay-color":"","overlay-opacity":"","overlay-gradient":""}},"footnotes":""},"class_list":["post-5762","page","type-page","status-publish","has-post-thumbnail","hentry"],"_links":{"self":[{"href":"https:\/\/www.a4toner.com\/blog\/wp-json\/wp\/v2\/pages\/5762","targetHints":{"allow":["GET"]}}],"collection":[{"href":"https:\/\/www.a4toner.com\/blog\/wp-json\/wp\/v2\/pages"}],"about":[{"href":"https:\/\/www.a4toner.com\/blog\/wp-json\/wp\/v2\/types\/page"}],"author":[{"embeddable":true,"href":"https:\/\/www.a4toner.com\/blog\/wp-json\/wp\/v2\/users\/3"}],"replies":[{"embeddable":true,"href":"https:\/\/www.a4toner.com\/blog\/wp-json\/wp\/v2\/comments?post=5762"}],"version-history":[{"count":10,"href":"https:\/\/www.a4toner.com\/blog\/wp-json\/wp\/v2\/pages\/5762\/revisions"}],"predecessor-version":[{"id":5777,"href":"https:\/\/www.a4toner.com\/blog\/wp-json\/wp\/v2\/pages\/5762\/revisions\/5777"}],"up":[{"embeddable":true,"href":"https:\/\/www.a4toner.com\/blog\/wp-json\/wp\/v2\/pages\/3809"}],"wp:featuredmedia":[{"embeddable":true,"href":"https:\/\/www.a4toner.com\/blog\/wp-json\/wp\/v2\/media\/5768"}],"wp:attachment":[{"href":"https:\/\/www.a4toner.com\/blog\/wp-json\/wp\/v2\/media?parent=5762"}],"curies":[{"name":"wp","href":"https:\/\/api.w.org\/{rel}","templated":true}]}}