{"id":5826,"date":"2020-07-06T08:22:48","date_gmt":"2020-07-06T06:22:48","guid":{"rendered":"https:\/\/www.a4toner.com\/blog\/?page_id=5826"},"modified":"2020-07-06T09:18:57","modified_gmt":"2020-07-06T07:18:57","slug":"modo-borrador","status":"publish","type":"page","link":"https:\/\/www.a4toner.com\/blog\/modo-borrador\/","title":{"rendered":"Modo borrador"},"content":{"rendered":"\n<h2 class=\"wp-block-heading\">\u00bfC\u00f3mo usar en tu impresora el modo borrador?<\/h2>\n\n\n\n<p>Lo hemos dicho con anterioridad <strong><a href=\"https:\/\/www.a4toner.com\/blog\/la-tinta-uno-de-los-liquidos-mas-caros-del-mundo\/\" class=\"rank-math-link\">la tinta de impresi\u00f3n<\/a> <\/strong>es uno de los l\u00edquidos m\u00e1s caros del mundo, marcas como HP venden cartuchos que parecieran contener sangre de unicornio y creemos que al mism\u00edsimo Harry Potter le afectar\u00eda las finanzas tener que comprar varios en un mes. Sin embargo, podemos <a href=\"https:\/\/www.a4toner.com\/blog\/consejos-para-ahorrar-tinta-en-tu-impresora\/\" class=\"rank-math-link\">ahorrar algo de tinta<\/a> con un truquillo muy sencillo: <strong>el modo borrador<\/strong>.<\/p>\n\n\n\n<p><strong>El modo borrador amado por los ahorradores<\/strong> y odiado por los dise\u00f1adores gr\u00e1ficos, es una de las maneras m\u00e1s eficientes de controlar tu gasto en consumibles y hoy te diremos: que es, cuando debes usarlo y como puedes configurar tu impresora para que sea tu modo predeterminado\u2026 Sigue leyendo y ahorra con A4Toner\u2026<\/p>\n\n\n\n<h2 class=\"wp-block-heading\">\u00bfQu\u00e9 es el modo borrador?<\/h2>\n\n\n\n<p>B\u00e1sicamente el modo borrador es una modalidad de impresi\u00f3n con la cual se logran tres metas:<\/p>\n\n\n\n<ul class=\"wp-block-list\"><li>Mayor rapidez de impresi\u00f3n<\/li><li>Menor consumo de energ\u00eda<\/li><li>Y, disminuci\u00f3n del consumo de tinta<\/li><\/ul>\n\n\n\n<p>Sin embargo, no todas son ventajas con el modo borrador; ya que en esta forma de impresi\u00f3n se prioriza la rapidez y el ahorro, pero desmejora la calidad de la imagen o texto impreso.<\/p>\n\n\n\n<p>El modo borrador tambi\u00e9n es conocido como <strong>modo eco o modo r\u00e1pido<\/strong>.<\/p>\n\n\n\n<p>Todas las impresoras tienen esta modalidad de impresi\u00f3n, puede variar su nombre, pero el prop\u00f3sito es el mismo: velocidad y ahorro de <a href=\"https:\/\/www.a4toner.com\/blog\/cartuchos-de-tinta\/\" class=\"rank-math-link\">cartuchos de tinta<\/a> y energ\u00eda.<\/p>\n\n\n\n<p>Puedes generar documentos espor\u00e1dicos en modo borrador y tambi\u00e9n colocarla como forma predeterminada de impresi\u00f3n.<\/p>\n\n\n\n<h2 class=\"wp-block-heading\">Ventajas del modo borrador<\/h2>\n\n\n\n<p>Tal como indic\u00e1bamos anteriormente el modo borrador tiene tres ventajas: rapidez, <strong>ahorro de tinta<\/strong> y <strong>menor gasto energ\u00e9tico<\/strong>. Podr\u00edas preguntarte \u00bfEn realidad aumenta la velocidad el modo borrador tanto que no importe la calidad? O en su defecto \u00bfRealmente se ahorra tinta en el modo r\u00e1pido o eco de impresi\u00f3n? Y la respuesta es: S\u00cd, pero <strong>esta forma de impresi\u00f3n no es buena siempre<\/strong>.<\/p>\n\n\n\n<h3 class=\"wp-block-heading\">La velocidad y el ahorro en el modo borrador<\/h3>\n\n\n\n<p>Aunque muchos utilicen el modo borrador como una forma de ahorrar tinta, quiz\u00e1s la mayor ventaja que supone esta modalidad es la rapidez con la cual se genera la impresi\u00f3n.<\/p>\n\n\n\n<p><em>Por ejemplo:<\/em><\/p>\n\n\n\n<p>La <a href=\"https:\/\/www.a4toner.com\/es\/cartuchos-y-toners-compatibles\/hp\/tinta-hp-953-hp-953xl\/cartuchos-hp-officejet-pro-8210.html\" class=\"rank-math-link\">impresora HP OfficeJet Pro 8210<\/a> es capaz de imprimir 22 p\u00e1ginas por minuto en monocromo y 15 a color en su modo normal \u2013 optimo; esta velocidad depender\u00e1 tambi\u00e9n del contenido del documento, si tiene im\u00e1genes puede que demore un poco m\u00e1s. No obstante, cuando usas el modo borrador en este mismo modelo de impresora la velocidad aumenta exponencialmente, siendo capaz de imprimir 34 p\u00e1ginas por minuto en monocromo y la misma cantidad a color.<\/p>\n\n\n\n<p>El modo borrador est\u00e1 dise\u00f1ado principalmente para acelerar el tiempo de impresi\u00f3n, pero tambi\u00e9n prioriza el <strong>ahorro de consumibles hasta en un 75%<\/strong>; todo esto sacrificando la <a href=\"https:\/\/www.a4toner.com\/blog\/calidad-de-impresion\/\" class=\"rank-math-link\">calidad de la impresi\u00f3n<\/a>.<\/p>\n\n\n\n<h3 class=\"wp-block-heading\">\u00bfSe ve muy mal la impresi\u00f3n en modo borrador?<\/h3>\n\n\n\n<p>Realmente la respuesta depender\u00e1 del tipo de documento impreso, si se trata de texto s\u00f3lo percibir\u00e1s que el<strong> color negro deja de ser tan intenso para ser un tono gris oscuro<\/strong>, pero no habr\u00e1 mayor cambio. Por otra parte, si el documento tiene im\u00e1genes <strong>si hay un descenso de calidad perceptible<\/strong>; la imagen se genera en colores varios tonos m\u00e1s bajos que los reales y la nitidez no es alta.<\/p>\n\n\n\n<p>Todo esto nos lleva a la siguiente pregunta: \u00bfCu\u00e1ndo usar el modo borrador?<\/p>\n\n\n\n<h2 class=\"wp-block-heading\">Cuando usar el modo borrador y cuando no<\/h2>\n\n\n\n<p><strong>El modo borrador no debes usarlo en todo momento<\/strong>, no puedes imprimir una fotograf\u00eda en esta modalidad ya que <strong>no tendr\u00e1s colores vivos, nitidez y la calidad de imagen<\/strong> disminuir\u00e1 en general. Tampoco es buena idea usarlo en documentos importantes, que ser\u00e1n de uso externos como: publicidad, panfletos, presentaciones y similares.<\/p>\n\n\n\n<p>En palabras m\u00e1s sencillas <strong>el modo eco no es ideal para uso profesional<\/strong>, cuando debes presentar un documento o una propuesta lo mejor es apostar por alta calidad de impresi\u00f3n; m\u00ednimo modo normal, siendo lo ideal el modo de impresi\u00f3n \u00f3ptimo.<\/p>\n\n\n\n<h3 class=\"wp-block-heading\">\u274c <em>Debes evitar el modo borrador en:<\/em><\/h3>\n\n\n\n<ul class=\"wp-block-list\"><li>Documentos externos, que sean parte de la imagen de tu empresa.<\/li><li>Impresiones que ser\u00e1n compartidas de forma profesional.<\/li><li>Tampoco es buena idea <a href=\"https:\/\/www.a4toner.com\/blog\/que-impresora\/fotograficas\/\" class=\"rank-math-link\">imprimir fotograf\u00edas<\/a> en modo borrador; se pierde la calidad del color.<\/li><\/ul>\n\n\n\n<h3 class=\"wp-block-heading\">\u2705 <em>El modo borrador es ideal para:<\/em><\/h3>\n\n\n\n<ul class=\"wp-block-list\"><li>Documentos de uso internos o que ser\u00e1n desechados r\u00e1pidamente.<\/li><li>Tambi\u00e9n para imprimir documentos \u201cborradores\u201d que servir\u00e1n de ejemplo o para correcciones.<\/li><li>Asimismo, para imprimir informaci\u00f3n de estudio que ser\u00e1 de uso personal.<\/li><\/ul>\n\n\n\n<p>En esencia lo ideal es <strong>evitar el uso del modo borrador en documentos que puedan afectar la imagen de tu empresa o tu persona<\/strong>, por ejemplo: debes entregar tu tesis, no la imprimas en modo borrador, pero si puedes imprimir los cap\u00edtulos de la misma que ser\u00e1n corregidos por tu tutor.<\/p>\n\n\n\n<h2 class=\"wp-block-heading\">Configurar tu impresora en modo borrador predeterminado y para uso espor\u00e1dico<\/h2>\n\n\n\n<p>\u00bfC\u00f3mo puedo configurar la impresora en modo borrador? Pues es muy f\u00e1cil, hay dos maneras de hacerlo; tu puedes colocarla en modo borrador predeterminado, es decir, siempre que se genere un documento sea en esta modalidad. Tambi\u00e9n puedes configurarlo para imprimir espor\u00e1dicamente de esta manera.<\/p>\n\n\n\n<figure class=\"wp-block-image size-large\"><img loading=\"lazy\" decoding=\"async\" width=\"706\" height=\"681\" src=\"https:\/\/www.a4toner.com\/blog\/wp-content\/uploads\/2020\/07\/como-configurar-desde-el-ordenador-el-modo-borrador.png\" alt=\"\" class=\"wp-image-5833\" title=\"\" srcset=\"https:\/\/www.a4toner.com\/blog\/wp-content\/uploads\/2020\/07\/como-configurar-desde-el-ordenador-el-modo-borrador.png 706w, https:\/\/www.a4toner.com\/blog\/wp-content\/uploads\/2020\/07\/como-configurar-desde-el-ordenador-el-modo-borrador-300x289.png 300w\" sizes=\"auto, (max-width: 706px) 100vw, 706px\" \/><\/figure>\n\n\n\n<h3 class=\"wp-block-heading\">Modo borrador espor\u00e1dico<\/h3>\n\n\n\n<p>Si eres de los que valora la calidad sobre el ahorro y no quieres usar siempre el modo borrador esta es la mejor opci\u00f3n para ti. Simplemente debes cambiar las preferencias de impresi\u00f3n cada vez que desees imprimir en esta modalidad, para hacerlo debes:<\/p>\n\n\n\n<ol class=\"wp-block-list\"><li>Presiona imprimir desde el programa donde se encuentra el documento a generar.<\/li><li>Luego en la ficha de impresi\u00f3n busca las preferencias de impresi\u00f3n.<\/li><li>Estando all\u00ed encontrar\u00e1s una opci\u00f3n que dice calidad de impresi\u00f3n o modo de impresi\u00f3n, normalmente encuentras tres opciones: modo borrador\/r\u00e1pido\/eco, modo normal y modo \u00f3ptimo.<\/li><li>Se\u00f1alas el modo borrador, presionas aceptar y\/o imprimir. \u00a1Listo! En pocos segundos tendr\u00e1s tu documento impreso ahorrando tinta, energ\u00eda y aumentando la velocidad.<\/li><\/ol>\n\n\n\n<h3 class=\"wp-block-heading\">Modo borrador predeterminado<\/h3>\n\n\n\n<p>Si piensas en ahorrar y te emocionas esta es tu opci\u00f3n; gastar\u00e1s menos energ\u00eda, tendr\u00e1s mayor velocidad y tus cartuchos durar\u00e1n much\u00edsimo\u2026<\/p>\n\n\n\n<p>El procedimiento es parecido al anterior, pero para que el modo borrador quede predeterminado como tu primera forma de impresi\u00f3n, debes configurarlo desde el controlador de la impresora.<\/p>\n\n\n\n<p>Para hacer lo anterior, deber\u00e1s ir al panel de control de tu PC, donde buscar\u00e1s la opci\u00f3n hardware y sonido, luego impresoras y otros; estando en esta pantalla observar\u00e1s todas las impresoras instaladas en tu computadora. Ahora selecciona el dispositivo que quieres configurar, presiona clic derecho sobre el mismo y en el men\u00fa desplegable seleccionas preferencias de impresi\u00f3n.<\/p>\n\n\n\n<p>Preferencias de impresi\u00f3n es una ficha donde puedes modificar el tama\u00f1o de papel, la calidad de la impresi\u00f3n y hasta si deseas los documentos en escala de grises. Ahora simplemente debes buscar la calidad de impresi\u00f3n y seleccionas:<strong> modo borrador<\/strong>. Una vez hecho lo anterior presionas aceptar y a partir de ese momento siempre usar\u00e1s el modo eco, al menos que configures nuevamente la impresora.<\/p>\n\n\n\n<p>Ciertamente el modo borrador es muy \u00fatil, pero si aun as\u00ed tu gasto en consumibles es alto no olvides que puedes ahorrar mucho dinero con los mejores <a href=\"https:\/\/www.a4toner.com\/blog\/cartuchos-de-tinta\/compatibles\/\" class=\"rank-math-link\">cartuchos compatibles<\/a>: los de A4Toner, los expertos de la tinta\u2026<\/p>\n","protected":false},"excerpt":{"rendered":"<p>\u00bfC\u00f3mo usar en tu impresora el modo borrador? Lo hemos dicho con anterioridad la tinta de impresi\u00f3n es uno de los l\u00edquidos m\u00e1s caros del mundo, marcas como HP venden cartuchos que parecieran contener sangre de unicornio y creemos que al mism\u00edsimo Harry Potter le afectar\u00eda las finanzas tener que comprar varios en un mes. [&hellip;]<\/p>\n","protected":false},"author":3,"featured_media":5827,"parent":0,"menu_order":0,"comment_status":"closed","ping_status":"closed","template":"","meta":{"_bbp_topic_count":0,"_bbp_reply_count":0,"_bbp_total_topic_count":0,"_bbp_total_reply_count":0,"_bbp_voice_count":0,"_bbp_anonymous_reply_count":0,"_bbp_topic_count_hidden":0,"_bbp_reply_count_hidden":0,"_bbp_forum_subforum_count":0,"site-sidebar-layout":"default","site-content-layout":"","ast-site-content-layout":"default","site-content-style":"default","site-sidebar-style":"default","ast-global-header-display":"","ast-banner-title-visibility":"","ast-main-header-display":"","ast-hfb-above-header-display":"","ast-hfb-below-header-display":"","ast-hfb-mobile-header-display":"","site-post-title":"","ast-breadcrumbs-content":"","ast-featured-img":"","footer-sml-layout":"","theme-transparent-header-meta":"","adv-header-id-meta":"","stick-header-meta":"","header-above-stick-meta":"","header-main-stick-meta":"","header-below-stick-meta":"","astra-migrate-meta-layouts":"default","ast-page-background-enabled":"default","ast-page-background-meta":{"desktop":{"background-color":"","background-image":"","background-repeat":"repeat","background-position":"center center","background-size":"auto","background-attachment":"scroll","background-type":"","background-media":"","overlay-type":"","overlay-color":"","overlay-opacity":"","overlay-gradient":""},"tablet":{"background-color":"","background-image":"","background-repeat":"repeat","background-position":"center center","background-size":"auto","background-attachment":"scroll","background-type":"","background-media":"","overlay-type":"","overlay-color":"","overlay-opacity":"","overlay-gradient":""},"mobile":{"background-color":"","background-image":"","background-repeat":"repeat","background-position":"center center","background-size":"auto","background-attachment":"scroll","background-type":"","background-media":"","overlay-type":"","overlay-color":"","overlay-opacity":"","overlay-gradient":""}},"ast-content-background-meta":{"desktop":{"background-color":"var(--ast-global-color-5)","background-image":"","background-repeat":"repeat","background-position":"center center","background-size":"auto","background-attachment":"scroll","background-type":"","background-media":"","overlay-type":"","overlay-color":"","overlay-opacity":"","overlay-gradient":""},"tablet":{"background-color":"var(--ast-global-color-5)","background-image":"","background-repeat":"repeat","background-position":"center center","background-size":"auto","background-attachment":"scroll","background-type":"","background-media":"","overlay-type":"","overlay-color":"","overlay-opacity":"","overlay-gradient":""},"mobile":{"background-color":"var(--ast-global-color-5)","background-image":"","background-repeat":"repeat","background-position":"center center","background-size":"auto","background-attachment":"scroll","background-type":"","background-media":"","overlay-type":"","overlay-color":"","overlay-opacity":"","overlay-gradient":""}},"footnotes":""},"class_list":["post-5826","page","type-page","status-publish","has-post-thumbnail","hentry"],"_links":{"self":[{"href":"https:\/\/www.a4toner.com\/blog\/wp-json\/wp\/v2\/pages\/5826","targetHints":{"allow":["GET"]}}],"collection":[{"href":"https:\/\/www.a4toner.com\/blog\/wp-json\/wp\/v2\/pages"}],"about":[{"href":"https:\/\/www.a4toner.com\/blog\/wp-json\/wp\/v2\/types\/page"}],"author":[{"embeddable":true,"href":"https:\/\/www.a4toner.com\/blog\/wp-json\/wp\/v2\/users\/3"}],"replies":[{"embeddable":true,"href":"https:\/\/www.a4toner.com\/blog\/wp-json\/wp\/v2\/comments?post=5826"}],"version-history":[{"count":2,"href":"https:\/\/www.a4toner.com\/blog\/wp-json\/wp\/v2\/pages\/5826\/revisions"}],"predecessor-version":[{"id":5834,"href":"https:\/\/www.a4toner.com\/blog\/wp-json\/wp\/v2\/pages\/5826\/revisions\/5834"}],"wp:featuredmedia":[{"embeddable":true,"href":"https:\/\/www.a4toner.com\/blog\/wp-json\/wp\/v2\/media\/5827"}],"wp:attachment":[{"href":"https:\/\/www.a4toner.com\/blog\/wp-json\/wp\/v2\/media?parent=5826"}],"curies":[{"name":"wp","href":"https:\/\/api.w.org\/{rel}","templated":true}]}}