{"id":5854,"date":"2020-07-08T12:07:48","date_gmt":"2020-07-08T10:07:48","guid":{"rendered":"https:\/\/www.a4toner.com\/blog\/?page_id=5854"},"modified":"2020-07-08T12:07:49","modified_gmt":"2020-07-08T10:07:49","slug":"impresion-sin-bordes","status":"publish","type":"page","link":"https:\/\/www.a4toner.com\/blog\/impresion-sin-bordes\/","title":{"rendered":"Impresi\u00f3n sin bordes"},"content":{"rendered":"\n<h2 class=\"wp-block-heading\">Todo acerca de la impresi\u00f3n sin bordes, como configurarla seg\u00fan tu impresora<\/h2>\n\n\n\n<p>Hoy en d\u00eda es muy com\u00fan encontrar<strong> impresoras con la opci\u00f3n<\/strong>: impresi\u00f3n sin bordes, pero la mayor\u00eda no sabe muy bien c\u00f3mo configurarlas y usarlas. Hoy te explicaremos como aprovechar dicha funcionalidad al m\u00e1ximo en equipos de resonadas marcas, como: Epson, HP y Brother. Puedes ver aqu\u00ed: <a href=\"https:\/\/www.a4toner.com\/blog\/impresoras\/impresion-sin-bordes\/\" class=\"rank-math-link\">Listado de impresoras con nuestra review que pueden imprimir sin margenes<\/a><\/p>\n\n\n\n<p>Te preguntar\u00e1s: <strong>\u00bfQu\u00e9 complicaci\u00f3n puede tener imprimir sin m\u00e1rgenes?<\/strong> Lamentablemente la repuesta es: m\u00e1s de las que crees. Lograr ese certificado o fotograf\u00eda se puede poner engorroso por culpa del programa que usas, adem\u00e1s el procedimiento puede variar seg\u00fan la marca y modelo de la impresora y tambi\u00e9n debes configurar el dispositivo adecuadamente.<\/p>\n\n\n\n<p>Pese a lo anterior, aqu\u00ed te explicaremos como imprimir sin bordes con HP, tambi\u00e9n como lograr la impresi\u00f3n sin m\u00e1rgenes con Epson y tambi\u00e9n con otras marcas de impresoras como Brother o Canon. Adem\u00e1s, te daremos algunos tips para realizar sin problema el proceso desde los softwares m\u00e1s usados.<\/p>\n\n\n\n<figure class=\"wp-block-image size-large\"><img loading=\"lazy\" decoding=\"async\" width=\"600\" height=\"274\" src=\"https:\/\/www.a4toner.com\/blog\/wp-content\/uploads\/2020\/07\/impresion-sin-margenes.png\" alt=\"impresion sin margenes\" class=\"wp-image-5856\" title=\"\" srcset=\"https:\/\/www.a4toner.com\/blog\/wp-content\/uploads\/2020\/07\/impresion-sin-margenes.png 600w, https:\/\/www.a4toner.com\/blog\/wp-content\/uploads\/2020\/07\/impresion-sin-margenes-300x137.png 300w\" sizes=\"auto, (max-width: 600px) 100vw, 600px\" \/><figcaption>Impresi\u00f3n sin margenes<\/figcaption><\/figure>\n\n\n\n<figure class=\"wp-block-image size-large\"><img loading=\"lazy\" decoding=\"async\" width=\"600\" height=\"274\" src=\"https:\/\/www.a4toner.com\/blog\/wp-content\/uploads\/2020\/07\/impresion-con-margenes.png\" alt=\"impresion con margenes\" class=\"wp-image-5855\" title=\"\" srcset=\"https:\/\/www.a4toner.com\/blog\/wp-content\/uploads\/2020\/07\/impresion-con-margenes.png 600w, https:\/\/www.a4toner.com\/blog\/wp-content\/uploads\/2020\/07\/impresion-con-margenes-300x137.png 300w\" sizes=\"auto, (max-width: 600px) 100vw, 600px\" \/><figcaption>Impresi\u00f3n con bordes<\/figcaption><\/figure>\n\n\n\n<h2 class=\"wp-block-heading\">\u00bfQu\u00e9 es la impresi\u00f3n sin bordes?<\/h2>\n\n\n\n<p>Antes de adentrarnos en c\u00f3mo usar esta funci\u00f3n, lo primero que haremos es explicarte que es la impresi\u00f3n sin bordes o la tambi\u00e9n conocida impresi\u00f3n sin m\u00e1rgenes. Tal como su nombre lo indica, este extra que tienen<strong> ciertas impresoras te permiten usar la totalidad del papel al hacer una impresi\u00f3n<\/strong>.<\/p>\n\n\n\n<p>Anteriormente, la mayor\u00eda de las impresoras deb\u00edan respetar un margen, aunque fuera m\u00ednimo (en algunos casos era de 0,3 mil\u00edmetros), en esta peque\u00f1a fracci\u00f3n de la hoja no se imprim\u00eda; ya que serv\u00eda de borde para encuadrar. Con la llegada de las impresoras a color, y en especial de la gama fotogr\u00e1fica los principales fabricantes (HP, Canon, Brother, Epson, etc.) eliminaron los m\u00e1rgenes, con la intenci\u00f3n de poder <strong>imprimir im\u00e1genes con calidad de laboratorio fotogr\u00e1fico<\/strong> sin bordes.<\/p>\n\n\n\n<h2 class=\"wp-block-heading\">\u00bfC\u00f3mo imprimir sin bordes?<\/h2>\n\n\n\n<p>Imprimir documentos sin m\u00e1rgenes no es una labor complicada, hay impresoras que simplifican la <a href=\"https:\/\/www.a4toner.com\/blog\/que-impresora\/fotograficas\/\" class=\"rank-math-link\">impresi\u00f3n de fotograf\u00edas<\/a> sin bordes, tambi\u00e9n gr\u00e1ficos y hasta texto. Sin embargo, hay ciertos pasos que debes seguir y se puede complicar dependiendo del programa que uses para imprimir, el sistema operativo del ordenador y la marca y modelo de la impresora.<\/p>\n\n\n\n<h3 class=\"wp-block-heading\">Configurar el controlador de la impresora para imprimir sin bordes<\/h3>\n\n\n\n<p>Lo primero que har\u00e1s es verificar la configuraci\u00f3n de la impresora desde tu PC. Para esto debes ir al panel de control y seleccionar la opci\u00f3n: impresoras y otros hardware, dependiendo de tu versi\u00f3n de Windows la ruta puede cambiar.<\/p>\n\n\n\n<p>En la versi\u00f3n m\u00e1s reciente: Windows 10, simplemente escribes en la barra de b\u00fasqueda: panel de control. Una vez que est\u00e9 en la aplicaci\u00f3n seleccionas en la opci\u00f3n hardware y sonido: ver dispositivos e impresoras. Aparecer\u00e1 un listado y seleccionar\u00e1s la impresora deseada, posici\u00f3nate sobre esta y presiona bot\u00f3n derecho del raton y elige preferencias de impresi\u00f3n, all\u00ed buscar\u00e1s el recuadro que diga: sin bordes, sin m\u00e1rgenes o borderless. Ahora s\u00f3lo queda presionar aceptar y guardar la configuraci\u00f3n.<\/p>\n\n\n\n<figure class=\"wp-block-image size-large\"><img loading=\"lazy\" decoding=\"async\" width=\"1024\" height=\"576\" src=\"https:\/\/www.a4toner.com\/blog\/wp-content\/uploads\/2020\/07\/imprimir-sin-margenes-1-1024x576.png\" alt=\"imprimir sin margenes configuracion de pc\" class=\"wp-image-5857\" title=\"\" srcset=\"https:\/\/www.a4toner.com\/blog\/wp-content\/uploads\/2020\/07\/imprimir-sin-margenes-1-1024x576.png 1024w, https:\/\/www.a4toner.com\/blog\/wp-content\/uploads\/2020\/07\/imprimir-sin-margenes-1-300x169.png 300w, https:\/\/www.a4toner.com\/blog\/wp-content\/uploads\/2020\/07\/imprimir-sin-margenes-1-768x432.png 768w, https:\/\/www.a4toner.com\/blog\/wp-content\/uploads\/2020\/07\/imprimir-sin-margenes-1-1536x864.png 1536w, https:\/\/www.a4toner.com\/blog\/wp-content\/uploads\/2020\/07\/imprimir-sin-margenes-1-1200x675.png 1200w, https:\/\/www.a4toner.com\/blog\/wp-content\/uploads\/2020\/07\/imprimir-sin-margenes-1.png 1920w\" sizes=\"auto, (max-width: 1024px) 100vw, 1024px\" \/><\/figure>\n\n\n\n<figure class=\"wp-block-image size-large\"><img loading=\"lazy\" decoding=\"async\" width=\"1024\" height=\"576\" src=\"https:\/\/www.a4toner.com\/blog\/wp-content\/uploads\/2020\/07\/imprimir-sin-margenes-2-1024x576.png\" alt=\"imprimir sin margenes 2\" class=\"wp-image-5858\" title=\"\" srcset=\"https:\/\/www.a4toner.com\/blog\/wp-content\/uploads\/2020\/07\/imprimir-sin-margenes-2-1024x576.png 1024w, https:\/\/www.a4toner.com\/blog\/wp-content\/uploads\/2020\/07\/imprimir-sin-margenes-2-300x169.png 300w, https:\/\/www.a4toner.com\/blog\/wp-content\/uploads\/2020\/07\/imprimir-sin-margenes-2-768x432.png 768w, https:\/\/www.a4toner.com\/blog\/wp-content\/uploads\/2020\/07\/imprimir-sin-margenes-2-1536x864.png 1536w, https:\/\/www.a4toner.com\/blog\/wp-content\/uploads\/2020\/07\/imprimir-sin-margenes-2-1200x675.png 1200w, https:\/\/www.a4toner.com\/blog\/wp-content\/uploads\/2020\/07\/imprimir-sin-margenes-2.png 1920w\" sizes=\"auto, (max-width: 1024px) 100vw, 1024px\" \/><\/figure>\n\n\n\n<p>En otras versiones de Windows m\u00e1s antiguas el procedimiento es similar, lo que cambia es la ruta para acceder al panel de control. Ejemplo:<\/p>\n\n\n\n<ul class=\"wp-block-list\"><li>En Windows 7 presionas el bot\u00f3n inicio y luego dispositivos e impresoras.<\/li><li>En Windows Vista presionas inicio y luego panel de control. A partir de este punto el proceso es igual que en Windows 10.<\/li><li>En Windows XP presionas inicio, luego panel de control, all\u00ed te diriges a la opci\u00f3n: impresoras y otro hardware y posteriormente a impresoras y faxes.<\/li><\/ul>\n\n\n\n<p>Pese a lo anterior, tu puedes modificar las <strong>preferencias de impresi\u00f3n<\/strong> y <strong>seleccionar la opci\u00f3n impresi\u00f3n sin bordes<\/strong> y cuando vayas a generar el documento no funciona \u00bfPor qu\u00e9? Simple en algunos casos una err\u00f3nea configuraci\u00f3n en el software o que no has seleccionado el papel correcto.<\/p>\n\n\n\n<h3 class=\"wp-block-heading\">Imprimir sin bordes en Brother<\/h3>\n\n\n\n<p>Imprimir sin m\u00e1rgenes en una impresora Brother es muy f\u00e1cil, quiz\u00e1s es una de las m\u00e1s f\u00e1ciles de configurar. Si ya has activado la opci\u00f3n en la pantalla de controlador de impresoras, \u00fanicamente debes presionar imprimir y luego preferencias de impresi\u00f3n; no imprimas de modo autom\u00e1tico sin antes verificar que est\u00e1 activa la opci\u00f3n sin bordes y tengas seleccionado el tama\u00f1o de papel correcto.<\/p>\n\n\n\n<h3 class=\"wp-block-heading\">Imprimir sin m\u00e1rgenes en HP<\/h3>\n\n\n\n<p>El procedimiento es el mismo que el anterior, pero adicional se le suma que debes seleccionar el tama\u00f1o de papel deseado con la salvedad sin bordes, ejemplo: carta sin borde, A4 sin borde, etc.<\/p>\n\n\n\n<h3 class=\"wp-block-heading\">Imprimir documentos sin bordes en Epson<\/h3>\n\n\n\n<p>Dependiendo del modelo de la impresora se puede complicar un poco, el proceso es muy parecido al de las impresoras Brother y HP, pero hay modelos en los que debes se\u00f1alar que el papel es fotogr\u00e1fico para que se active la opci\u00f3n sin bordes.<\/p>\n\n\n\n<p>De igual forma entras a imprimir, seleccionas preferencias de impresi\u00f3n y all\u00ed colocas el tipo de papel y presionas la casilla que dice sin bordes. Si no se activa la casilla para que puedas tildarla marca que el tipo de papel es fotogr\u00e1fico, luego seleccionas el tama\u00f1o y en este punto deber\u00edas poder marcar la casilla: sin bordes, sin ning\u00fan tipo de problema.<\/p>\n\n\n\n<figure class=\"wp-block-image size-large\"><img loading=\"lazy\" decoding=\"async\" width=\"1000\" height=\"700\" src=\"https:\/\/www.a4toner.com\/blog\/wp-content\/uploads\/2020\/07\/Imprimir-sin-bordes-en-impresoras-brother.png\" alt=\"Imprimir sin bordes en impresoras Brother\" class=\"wp-image-5859\" title=\"\" srcset=\"https:\/\/www.a4toner.com\/blog\/wp-content\/uploads\/2020\/07\/Imprimir-sin-bordes-en-impresoras-brother.png 1000w, https:\/\/www.a4toner.com\/blog\/wp-content\/uploads\/2020\/07\/Imprimir-sin-bordes-en-impresoras-brother-300x210.png 300w, https:\/\/www.a4toner.com\/blog\/wp-content\/uploads\/2020\/07\/Imprimir-sin-bordes-en-impresoras-brother-768x538.png 768w\" sizes=\"auto, (max-width: 1000px) 100vw, 1000px\" \/><\/figure>\n\n\n\n<h3 class=\"wp-block-heading\">Imprimir sin m\u00e1rgenes en Canon<\/h3>\n\n\n\n<figure class=\"wp-block-image size-large\"><img loading=\"lazy\" decoding=\"async\" width=\"391\" height=\"137\" src=\"https:\/\/www.a4toner.com\/blog\/wp-content\/uploads\/2020\/07\/impresion-con-y-sin-bordes-impresoras-canon.jpg\" alt=\"\" class=\"wp-image-5862\" title=\"\" srcset=\"https:\/\/www.a4toner.com\/blog\/wp-content\/uploads\/2020\/07\/impresion-con-y-sin-bordes-impresoras-canon.jpg 391w, https:\/\/www.a4toner.com\/blog\/wp-content\/uploads\/2020\/07\/impresion-con-y-sin-bordes-impresoras-canon-300x105.jpg 300w\" sizes=\"auto, (max-width: 391px) 100vw, 391px\" \/><\/figure>\n\n\n\n<h2 class=\"wp-block-heading\">Impresi\u00f3n sin bordes desde diferentes programas<\/h2>\n\n\n\n<p>El truco para realizar la impresi\u00f3n sin bordes desde programas, como: Photoshop, Word, Adobe Reader y similares es nunca usar el icono r\u00e1pido de impresi\u00f3n. Sabemos que es engorroso, pero debes seleccionar la opci\u00f3n imprimir e inmediatamente ir a las preferencias de impresi\u00f3n y tildar la casilla sin bordes y seleccionar correctamente el tama\u00f1o de papel.<\/p>\n\n\n\n<figure class=\"wp-block-embed-youtube wp-block-embed is-type-video is-provider-youtube wp-embed-aspect-16-9 wp-has-aspect-ratio\"><div class=\"wp-block-embed__wrapper\">\n<iframe loading=\"lazy\" title=\"Como imprimir hoja completa sin bordes o margenes en impresora\" width=\"500\" height=\"281\" src=\"https:\/\/www.youtube.com\/embed\/uLDBttfVQ6s?feature=oembed\" frameborder=\"0\" allow=\"accelerometer; autoplay; clipboard-write; encrypted-media; gyroscope; picture-in-picture; web-share\" referrerpolicy=\"strict-origin-when-cross-origin\" allowfullscreen><\/iframe>\n<\/div><\/figure>\n\n\n\n<p>Si quieres imprimir una presentaci\u00f3n de PowerPoint sin m\u00e1rgenes y no funciona la anterior configuraci\u00f3n, puedes guardarla en formato PDF y luego imprimir.<\/p>\n\n\n\n<figure class=\"wp-block-embed-youtube wp-block-embed is-type-video is-provider-youtube wp-embed-aspect-16-9 wp-has-aspect-ratio\"><div class=\"wp-block-embed__wrapper\">\n<iframe loading=\"lazy\" title=\"Como imprimir un tr\u00edptico en word sin m\u00e1rgenes y ambas caras en una sola hoja\" width=\"500\" height=\"281\" src=\"https:\/\/www.youtube.com\/embed\/L7LM7I2CADE?feature=oembed\" frameborder=\"0\" allow=\"accelerometer; autoplay; clipboard-write; encrypted-media; gyroscope; picture-in-picture; web-share\" referrerpolicy=\"strict-origin-when-cross-origin\" allowfullscreen><\/iframe>\n<\/div><\/figure>\n\n\n\n<h2 class=\"wp-block-heading\">Impresi\u00f3n de fotograf\u00edas sin m\u00e1rgenes<\/h2>\n\n\n\n<p>La <strong>impresi\u00f3n de fotos sin bordes es muy sencilla<\/strong>, s\u00f3lo debes dar clic derecho en la imagen que deseas generar y seleccionar imprimir, luego haz clic en preferencias de impresi\u00f3n. En esta ficha selecci\u00f3n tama\u00f1o de papel y colocas la opci\u00f3n sin bordes, recuerda: selecciona papel fotogr\u00e1fico y lo ideal es imprimir en modo \u00f3ptimo para que disfrutes de la mejor <a href=\"https:\/\/www.a4toner.com\/blog\/calidad-de-impresion\/\" class=\"rank-math-link\">calidad de imagen<\/a>.<\/p>\n\n\n\n<p>Si tienes dudas acerca de la capacidad de tu impresora para imprimir sin bordes puedes comentar y con gusto te asesoraremos. Y, recuerda: con los <a href=\"https:\/\/www.a4toner.com\/blog\/cartuchos-de-tinta\/cartuchos-baratos\/\" class=\"rank-math-link\">cartuchos econ\u00f3micos<\/a> de A4Toner logras las mejores impresiones sin m\u00e1rgenes, s\u00f3lo ind\u00edcanos el modelo de tu impresora y te brindaremos las <a href=\"https:\/\/www.a4toner.com\/\" class=\"rank-math-link\">tintas impresora<\/a> Premium de mayor rendimiento\u2026<\/p>\n\n\n\n<h2 class=\"wp-block-heading\">C\u00f3mo imprimir fotos sin m\u00e1rgenes en impresoras Espon<\/h2>\n\n\n\n<p>Fuente:<\/p>\n\n\n\n<p><a href=\"https:\/\/files.support.epson.com\/htmldocs\/cx37__\/cx37__u1\/wwhelp\/wwhimpl\/common\/html\/wwhelp.htm?context=Epson&amp;file=print4.htm\" target=\"_blank\" aria-label=\" (opens in a new tab)\" rel=\"noreferrer noopener nofollow\" class=\"rank-math-link\">https:\/\/files.support.epson.com\/htmldocs\/cx37__\/cx37__u1\/wwhelp\/wwhimpl\/common\/html\/wwhelp.htm?context=Epson&amp;file=print4.htm<\/a><\/p>\n\n\n\n<p>Abra el men\u00fa Archivo y seleccione <strong>Imprimir<\/strong>.<\/p>\n\n\n\n<p>Haga clic en el bot\u00f3n <strong>Propiedades <\/strong>o <strong>Preferencias<\/strong>. (Si hay un bot\u00f3n llamado <strong>Configuraci\u00f3n<\/strong>, <strong>Impresora<\/strong> u <strong>Opciones<\/strong>, haga clic en \u00e9l. En la pr\u00f3xima pantalla, haga clic en <strong>Propiedades<\/strong> o <strong>Preferencias<\/strong>).<br>Aparecer\u00e1 una ventana como \u00e9sta:<\/p>\n\n\n\n<figure class=\"wp-block-image size-large\"><img loading=\"lazy\" decoding=\"async\" width=\"420\" height=\"319\" src=\"https:\/\/www.a4toner.com\/blog\/wp-content\/uploads\/2020\/07\/C\u00f3mo-imprimir-fotos-sin-m\u00e1rgenes.jpg\" alt=\"\" class=\"wp-image-5860\" title=\"\" srcset=\"https:\/\/www.a4toner.com\/blog\/wp-content\/uploads\/2020\/07\/C\u00f3mo-imprimir-fotos-sin-m\u00e1rgenes.jpg 420w, https:\/\/www.a4toner.com\/blog\/wp-content\/uploads\/2020\/07\/C\u00f3mo-imprimir-fotos-sin-m\u00e1rgenes-300x228.jpg 300w\" sizes=\"auto, (max-width: 420px) 100vw, 420px\" \/><\/figure>\n\n\n\n<p>Seleccione <strong>Foto<\/strong> o <strong>Foto superior <\/strong>como ajuste Calidad de impresi\u00f3n. Seleccione uno de los siguientes tipos de papel como ajuste Papel o Tipo papel. El ajuste debe coincidir con el papel en el que va a imprimir:<\/p>\n\n\n\n<ul class=\"wp-block-list\"><li><strong>Premium Glossy Photo Paper<\/strong><\/li><li><strong>Premium Semigloss Photo Paper<\/strong><\/li><li><strong>Ultra Premium Glossy Photo Paper<\/strong><\/li><li><strong>Matte Paper &#8211; Heavyweight<\/strong><\/li><li><strong>Glossy Photo Paper<\/strong><\/li><\/ul>\n\n\n\n<p>Haga clic en la casilla de verificaci\u00f3n <strong>Sin m\u00e1rgenes<\/strong>. Lea el mensaje y haga clic en <strong>Aceptar<\/strong>. Seleccione el tama\u00f1o de papel en el ajuste Tama\u00f1o. Consulte la lista de tama\u00f1os de papel que puede utilizar para imprimir sin m\u00e1rgenes en la secci\u00f3n C\u00f3mo imprimir fotos sin m\u00e1rgenes. Seleccione <strong>Vertical <\/strong>u <strong>Horizontal <\/strong>como ajuste de orientaci\u00f3n. Haga clic en la ficha <strong>Composici\u00f3n<\/strong>. Aparecer\u00e1 una ventana como \u00e9sta:<\/p>\n\n\n\n<figure class=\"wp-block-gallery columns-1 is-cropped wp-block-gallery-2 is-layout-flex wp-block-gallery-is-layout-flex\"><ul class=\"blocks-gallery-grid\"><li class=\"blocks-gallery-item\"><figure><img loading=\"lazy\" decoding=\"async\" width=\"391\" height=\"321\" src=\"https:\/\/www.a4toner.com\/blog\/wp-content\/uploads\/2020\/07\/C\u00f3mo-imprimir-fotos-sin-m\u00e1rgenes-en-impresoras-Epson.jpg\" alt=\"\" data-id=\"5861\" data-full-url=\"https:\/\/www.a4toner.com\/blog\/wp-content\/uploads\/2020\/07\/C\u00f3mo-imprimir-fotos-sin-m\u00e1rgenes-en-impresoras-Epson.jpg\" data-link=\"https:\/\/www.a4toner.com\/blog\/?attachment_id=5861\" class=\"wp-image-5861\" title=\"\" srcset=\"https:\/\/www.a4toner.com\/blog\/wp-content\/uploads\/2020\/07\/C\u00f3mo-imprimir-fotos-sin-m\u00e1rgenes-en-impresoras-Epson.jpg 391w, https:\/\/www.a4toner.com\/blog\/wp-content\/uploads\/2020\/07\/C\u00f3mo-imprimir-fotos-sin-m\u00e1rgenes-en-impresoras-Epson-300x246.jpg 300w\" sizes=\"auto, (max-width: 391px) 100vw, 391px\" \/><\/figure><\/li><\/ul><\/figure>\n\n\n\n<p>Si es necesario, ajuste el control deslizante Ampliaci\u00f3n en el cuadro Sin m\u00e1rgenes para seleccionar <strong>M\u00edn.<\/strong>, <strong>M\u00e1x.<\/strong> o a un ajuste intermedio.<\/p>\n\n\n\n<p>El ajuste <strong>M\u00edn.<\/strong> conserva la mayor parte del \u00e1rea de imagen en la impresi\u00f3n, pero puede haber un peque\u00f1o borde blanco en los m\u00e1rgenes de la impresi\u00f3n. El ajuste <strong>M\u00e1x.<\/strong> ampl\u00eda la imagen para asegurarse de que no queden bordes sin imprimir, aunque es posible que los bordes de la imagen no aparezcan en la impresi\u00f3n. Haga clic en <strong>Aceptar.<\/strong> En la ventana Imprimir, haga clic en <strong>Aceptar <\/strong>o <strong>Imprimir<\/strong>.<\/p>\n","protected":false},"excerpt":{"rendered":"<p>Todo acerca de la impresi\u00f3n sin bordes, como configurarla seg\u00fan tu impresora Hoy en d\u00eda es muy com\u00fan encontrar impresoras con la opci\u00f3n: impresi\u00f3n sin bordes, pero la mayor\u00eda no sabe muy bien c\u00f3mo configurarlas y usarlas. Hoy te explicaremos como aprovechar dicha funcionalidad al m\u00e1ximo en equipos de resonadas marcas, como: Epson, HP y [&hellip;]<\/p>\n","protected":false},"author":3,"featured_media":5863,"parent":0,"menu_order":0,"comment_status":"closed","ping_status":"closed","template":"","meta":{"_bbp_topic_count":0,"_bbp_reply_count":0,"_bbp_total_topic_count":0,"_bbp_total_reply_count":0,"_bbp_voice_count":0,"_bbp_anonymous_reply_count":0,"_bbp_topic_count_hidden":0,"_bbp_reply_count_hidden":0,"_bbp_forum_subforum_count":0,"site-sidebar-layout":"default","site-content-layout":"","ast-site-content-layout":"default","site-content-style":"default","site-sidebar-style":"default","ast-global-header-display":"","ast-banner-title-visibility":"","ast-main-header-display":"","ast-hfb-above-header-display":"","ast-hfb-below-header-display":"","ast-hfb-mobile-header-display":"","site-post-title":"","ast-breadcrumbs-content":"","ast-featured-img":"","footer-sml-layout":"","theme-transparent-header-meta":"","adv-header-id-meta":"","stick-header-meta":"","header-above-stick-meta":"","header-main-stick-meta":"","header-below-stick-meta":"","astra-migrate-meta-layouts":"default","ast-page-background-enabled":"default","ast-page-background-meta":{"desktop":{"background-color":"","background-image":"","background-repeat":"repeat","background-position":"center center","background-size":"auto","background-attachment":"scroll","background-type":"","background-media":"","overlay-type":"","overlay-color":"","overlay-opacity":"","overlay-gradient":""},"tablet":{"background-color":"","background-image":"","background-repeat":"repeat","background-position":"center center","background-size":"auto","background-attachment":"scroll","background-type":"","background-media":"","overlay-type":"","overlay-color":"","overlay-opacity":"","overlay-gradient":""},"mobile":{"background-color":"","background-image":"","background-repeat":"repeat","background-position":"center center","background-size":"auto","background-attachment":"scroll","background-type":"","background-media":"","overlay-type":"","overlay-color":"","overlay-opacity":"","overlay-gradient":""}},"ast-content-background-meta":{"desktop":{"background-color":"var(--ast-global-color-5)","background-image":"","background-repeat":"repeat","background-position":"center center","background-size":"auto","background-attachment":"scroll","background-type":"","background-media":"","overlay-type":"","overlay-color":"","overlay-opacity":"","overlay-gradient":""},"tablet":{"background-color":"var(--ast-global-color-5)","background-image":"","background-repeat":"repeat","background-position":"center center","background-size":"auto","background-attachment":"scroll","background-type":"","background-media":"","overlay-type":"","overlay-color":"","overlay-opacity":"","overlay-gradient":""},"mobile":{"background-color":"var(--ast-global-color-5)","background-image":"","background-repeat":"repeat","background-position":"center center","background-size":"auto","background-attachment":"scroll","background-type":"","background-media":"","overlay-type":"","overlay-color":"","overlay-opacity":"","overlay-gradient":""}},"footnotes":""},"class_list":["post-5854","page","type-page","status-publish","has-post-thumbnail","hentry"],"_links":{"self":[{"href":"https:\/\/www.a4toner.com\/blog\/wp-json\/wp\/v2\/pages\/5854","targetHints":{"allow":["GET"]}}],"collection":[{"href":"https:\/\/www.a4toner.com\/blog\/wp-json\/wp\/v2\/pages"}],"about":[{"href":"https:\/\/www.a4toner.com\/blog\/wp-json\/wp\/v2\/types\/page"}],"author":[{"embeddable":true,"href":"https:\/\/www.a4toner.com\/blog\/wp-json\/wp\/v2\/users\/3"}],"replies":[{"embeddable":true,"href":"https:\/\/www.a4toner.com\/blog\/wp-json\/wp\/v2\/comments?post=5854"}],"version-history":[{"count":1,"href":"https:\/\/www.a4toner.com\/blog\/wp-json\/wp\/v2\/pages\/5854\/revisions"}],"predecessor-version":[{"id":5865,"href":"https:\/\/www.a4toner.com\/blog\/wp-json\/wp\/v2\/pages\/5854\/revisions\/5865"}],"wp:featuredmedia":[{"embeddable":true,"href":"https:\/\/www.a4toner.com\/blog\/wp-json\/wp\/v2\/media\/5863"}],"wp:attachment":[{"href":"https:\/\/www.a4toner.com\/blog\/wp-json\/wp\/v2\/media?parent=5854"}],"curies":[{"name":"wp","href":"https:\/\/api.w.org\/{rel}","templated":true}]}}