{"id":5913,"date":"2020-07-15T12:15:31","date_gmt":"2020-07-15T10:15:31","guid":{"rendered":"https:\/\/www.a4toner.com\/blog\/?page_id=5913"},"modified":"2021-03-15T16:11:32","modified_gmt":"2021-03-15T15:11:32","slug":"sistema-de-tinta-continuo-o-sistema-de-tinta-ciss","status":"publish","type":"page","link":"https:\/\/www.a4toner.com\/blog\/sistema-de-tinta-continuo-o-sistema-de-tinta-ciss\/","title":{"rendered":"Sistema de tinta continuo o sistema de tinta CISS"},"content":{"rendered":"\n<p>Hace un algunos de a\u00f1os Epson muy orgulloso presento uno de sus beb\u00e9s: la l\u00ednea <a href=\"https:\/\/www.a4toner.com\/blog\/que-impresora\/ecotank\/\" class=\"rank-math-link\"><strong>Ecotank<\/strong><\/a>, una serie de impresoras con dep\u00f3sitos de tinta externos que no usan cartuchos, toda una novedad \u00bfO no?&#8230; La verdad es que, este incre\u00edble invento es muy similar al archiconocido <strong>sistema de tinta continuo o CISS<\/strong>; un producto del ingenio de un h\u00e9roe an\u00f3nimo cansado del alto precio de los <a href=\"https:\/\/www.a4toner.com\/blog\/cartuchos-de-tinta\/cartuchos-originalesque-soncuales-son-sus-ventajas\/\" class=\"rank-math-link\"><strong>cartuchos de tintas originales<\/strong><\/a>.<\/p>\n\n\n\n<p>Cano hizo lo mismo casi al mismo tiempo que Epson son sus impresoras<a href=\"https:\/\/www.a4toner.com\/blog\/que-impresora\/canon-megatank\/\" class=\"rank-math-link\"> Canon MegaTank<\/a>, pero sin tanto esfuerzo en el departamento de marketing.<\/p>\n\n\n\n<p>Fabricantes como HP, unos a\u00f1os despues tambi\u00e9n se pusiero las pilas y tienen ya en el mercado la Familia de impresoras HP Ink Tank o <strong><a href=\"https:\/\/www.a4toner.com\/blog\/que-impresora\/hp-smart-tank\/\" class=\"rank-math-link\">HP Smart Tank<\/a> Plus<\/strong> con <a href=\"https:\/\/www8.hp.com\/es\/es\/printers\/Smart-Tank.html?jumpid=ps_z3k6nsm47v&amp;gclid=EAIaIQobChMI4u7514jP6gIVSflRCh0gEw5JEAAYASAAEgL3JfD_BwE&amp;gclsrc=aw.ds\" class=\"rank-math-link\" rel=\"nofollow noopener\" target=\"_blank\">Sistema de Tanques de Tintas HP<\/a> o botella de tinta HP.<\/p>\n\n\n\n<figure class=\"wp-block-image size-large\"><img loading=\"lazy\" decoding=\"async\" width=\"955\" height=\"560\" src=\"https:\/\/www.a4toner.com\/blog\/wp-content\/uploads\/2020\/07\/tinta-continua-HP.jpg\" alt=\"tinta continua HP\" class=\"wp-image-5924\" title=\"\" srcset=\"https:\/\/www.a4toner.com\/blog\/wp-content\/uploads\/2020\/07\/tinta-continua-HP.jpg 955w, https:\/\/www.a4toner.com\/blog\/wp-content\/uploads\/2020\/07\/tinta-continua-HP-300x176.jpg 300w, https:\/\/www.a4toner.com\/blog\/wp-content\/uploads\/2020\/07\/tinta-continua-HP-768x450.jpg 768w\" sizes=\"auto, (max-width: 955px) 100vw, 955px\" \/><\/figure>\n\n\n\n<p>S\u00ed, como lo has deducido el sistema de tinta continuo reduce el gasto en consumibles radicalmente; hasta en 70% en algunos casos. Por lo anterior, hoy profundizaremos en este sistema, te diremos que es, como funciona, cu\u00e1les son sus ventajas, que impresoras pueden usarlos y cu\u00e1les son sus defectos (porque no todo puede ser tan sencillo). Si gastas mucho dinero en cartuchos llegaste al sitio ideal para ti, AQU\u00cd buscamos las mejores maneras de <strong><a href=\"https:\/\/www.a4toner.com\/blog\/consejos-para-ahorrar-tinta-en-tu-impresora\/\" class=\"rank-math-link\">ahorrar en tinta<\/a><\/strong> sin sacrificar la calidad\u2026<\/p>\n\n\n\n<figure class=\"wp-block-embed is-type-video is-provider-youtube wp-block-embed-youtube wp-embed-aspect-16-9 wp-has-aspect-ratio\"><div class=\"wp-block-embed__wrapper\">\n<iframe loading=\"lazy\" title=\"Las ALTERNATIVAS m\u00e1s INTERESANTES a los CARTUCHOS de TINTA\" width=\"500\" height=\"281\" src=\"https:\/\/www.youtube.com\/embed\/-qt7p8mUfFg?feature=oembed\" frameborder=\"0\" allow=\"accelerometer; autoplay; clipboard-write; encrypted-media; gyroscope; picture-in-picture; web-share\" referrerpolicy=\"strict-origin-when-cross-origin\" allowfullscreen><\/iframe>\n<\/div><\/figure>\n\n\n\n<h2 class=\"wp-block-heading\">Origen del sistema de tinta continuo<\/h2>\n\n\n\n<p>Poco se sabe del origen del sistema de tinta continuo, muchos creen que se origin\u00f3 en el continente asi\u00e1tico espec\u00edficamente en China; seamos honestos los chinos saben c\u00f3mo abaratar los costes por lo que dicha hip\u00f3tesis puede ser acertada.<\/p>\n\n\n\n<p>No sabemos qui\u00e9n lo invento, pero podemos decirte cuando se empez\u00f3 a usar y cu\u00e1l fue el primer equipo conocido que lo utilizo. Aunque no lo creas <strong>el CISS es un invento viejo<\/strong>; de principios de los a\u00f1os 90, la primera m\u00e1quina conocida con este sistema instalado fueron los plotters NovaJet. Este dato cobra relevancia; ya que el CISS usado en aquel momento sigue estando vigente, este sistema ha tenido muy pocos cambios con el paso del tiempo y los producidos tienen m\u00e1s que ver con est\u00e9tica que con funcionalidad.<\/p>\n\n\n\n<p>B\u00e1sicamente el CISS instalado en los plotters NovaJet consist\u00eda en unos depositos con tinta que se conectaban al <a href=\"https:\/\/www.a4toner.com\/blog\/limpieza-mantenimiento-cabezales-impresion\/\" class=\"rank-math-link\">cabezal de impresi\u00f3n<\/a> por medio de unos tubos; todo un poco feo en est\u00e9tica, pero altamente funcional.<\/p>\n\n\n\n<figure class=\"wp-block-image size-large\"><img loading=\"lazy\" decoding=\"async\" width=\"300\" height=\"300\" src=\"https:\/\/www.a4toner.com\/blog\/wp-content\/uploads\/2020\/07\/CISS.jpg\" alt=\"ciss\" class=\"wp-image-5918\" title=\"\" srcset=\"https:\/\/www.a4toner.com\/blog\/wp-content\/uploads\/2020\/07\/CISS.jpg 300w, https:\/\/www.a4toner.com\/blog\/wp-content\/uploads\/2020\/07\/CISS-150x150.jpg 150w\" sizes=\"auto, (max-width: 300px) 100vw, 300px\" \/><\/figure>\n\n\n\n<p>Pese a lo anterior, no es hasta el a\u00f1o 2003 que se logra adaptar con \u00e9xito el suministro continuo de tinta a una impresora de inyecci\u00f3n de tinta. Obviamente de manera no oficial; sino por terceros que no ten\u00edan nada que ver con los principales fabricantes de impresoras.<\/p>\n\n\n\n<h2 class=\"wp-block-heading\">\u00bfQu\u00e9 es el sistema de tinta continuo?<\/h2>\n\n\n\n<p>Cansado de historia, pues adentr\u00e9monos en el punto que te interesa <strong>\u00bfQu\u00e9 es el sistema de tinta continuo?<\/strong> Esta es una manera de abaratar el precio de impresi\u00f3n, simplemente se trata de la instalaci\u00f3n de unos tanques externos con <a href=\"https:\/\/www.a4toner.com\/es\/cartuchos-y-toners-compatibles\/recargas-de-tinta.html\" class=\"rank-math-link\">tintas<\/a> que alimentan autom\u00e1ticamente los cartuchos en tu impresora; todo por medio de unas mangueras de silicona.<\/p>\n\n\n\n<p>Todo muy parecido a lo que Epson comercia con su l\u00ednea de impresoras Ecotank, pero el CISS existe muchos a\u00f1os antes de que Epson instalar\u00e1 el primer tanque en sus equipos y los vendiera a precios exorbitantes. Sin embargo, no era un sistema perfecto y en ocasiones generaban algunos dolores de cabeza, pero no te preocupes m\u00e1s adelante te contamos: lo bueno, lo malo y lo feo del CISS.<\/p>\n\n\n\n<p><strong>El sistema de tinta continua se puede conseguir bajo muchos nombres<\/strong>, normalmente se asocia a las siglas <strong>CISS<\/strong> que en ingl\u00e9s corresponden a: <strong>Continuous Ink Supply System<\/strong>. Otros nombres que recibe son:<\/p>\n\n\n\n<ul class=\"wp-block-list\"><li>Sistema de suministro de tinta continua<\/li><li>Sistema de flujo continuo<\/li><li>Sistema de recarga de tinta autom\u00e1tico<\/li><\/ul>\n\n\n\n<p>Todos nombres diferentes, pero que coinciden en definici\u00f3n: una manera de enviar tinta l\u00edquida (la cual se haya en grandes vol\u00famenes 70 ml en adelante), a un peque\u00f1o cabezal de impresi\u00f3n.<\/p>\n\n\n\n<p>El CISS es un sistema que no es aprobado por las principales fabricantes de impresoras ni Epson, HP, Canon o Brother acepta la instalaci\u00f3n del mismo en sus equipos. Es m\u00e1s, el uso del sistema de tinta continuo anula la garant\u00eda de la impresora, seg\u00fan ellos claro.<\/p>\n\n\n\n<p>Este es un m\u00e9todo implementado por terceros para bajar el gasto en consumibles, por lo que sencillamente no le es rentable a las fabricantes de impresoras.<\/p>\n\n\n\n<h2 class=\"wp-block-heading\">Partes de un sistema de tinta continuo<\/h2>\n\n\n\n<p>Normalmente un kit de CISS contiene ciertos elementos, pero el sistema y sus componentes pueden variar dependiendo del fabricante, el modelo de impresora y el m\u00e9todo de instalaci\u00f3n. No obstante, lo com\u00fan en un sistema de tinta continuo es:<\/p>\n\n\n\n<ul class=\"wp-block-list\"><li>Trae cartuchos transparentes, los cuales pueden o no tener un chip para resetear.<\/li><li>Tanques externos para las tintas, usualmente son 4 dep\u00f3sitos con los colores: negro, cian, magenta y amarillo.<\/li><li>Un kit de sistema de tinta continuo tiene unas mangueras o tubos de silicona, estos deben ser flexibles; ya que conectar\u00e1n los tanques de tinta con los cartuchos.<\/li><li>No es una regla, pero el kit puede contener jeringas para rellenar los dep\u00f3sitos y otros elementos como guantes y en ocasiones las tintas para CISS.<\/li><li>Tambi\u00e9n es com\u00fan que traigan una especie de contenedor donde se colocaran los tanques de tintas y adhesivo para instalarlo; ya que es importante que los dep\u00f3sitos externos de tinta no se muevan.<\/li><\/ul>\n\n\n\n<h2 class=\"wp-block-heading\">\u00bfC\u00f3mo funciona el sistema de tinta continuo?<\/h2>\n\n\n\n<p>El funcionamiento del sistema de tinta continuo se explica s\u00f3lo, no conlleva mucha dificultad su instalaci\u00f3n y para personas o empresas que impriman gran volumen de documentos es una buena opci\u00f3n.<\/p>\n\n\n\n<p>El CISS cuenta con dos partes la interna y la externa. En la parte de afuera estar\u00e1n los dep\u00f3sitos de tintas y estos se conectar\u00e1n a los cartuchos dentro de la impresora (parte interna), por medio de unas mangueras. Hay que recordar que los cartuchos originales ser\u00e1n sustituidos por los que trae el kit.<\/p>\n\n\n\n<p>\u00bfC\u00f3mo funciona? La tinta de los dep\u00f3sitos externos es enviada a los cartuchos internos a trav\u00e9s de las mangueras. Dichos tanques son presurizados para evitar que la tinta se da\u00f1e o seque con el paso del tiempo y, esa cualidad le permite enviar la tinta a los cartuchos internos.<\/p>\n\n\n\n<p>Normalmente los dep\u00f3sitos externos son de gran capacidad; entre 70 ml a 150 ml de tinta, si lo comparamos con cartuchos normales de 15 ml notar\u00e1s que en esos tanques tienes hasta 10 cartuchos.<\/p>\n\n\n\n<p>Una vez que la tinta llega al cartucho interno la impresora hace sus procesos de manera normal.<\/p>\n\n\n\n<p>El procedimiento para instalar el CISS en tu impresora puede variar, por lo que es primordial que te informes con tu proveedor del kit acerca de su utilizaci\u00f3n.<\/p>\n\n\n\n<h2 class=\"wp-block-heading\">\u00bfSe le puede colocar el sistema de tinta continuo a cualquier impresora?<\/h2>\n\n\n\n<p>Dentro de la amplia gama que existen de impresoras de inyecci\u00f3n de tinta, se puede decir que muchas son compatibles con el CISS. No obstante, es importante que consideres las caracter\u00edsticas de tu impresora antes de invertir en un kit de sistema de tinta continuo \u00bfPor qu\u00e9? Simple: si le instalas CISS a una impresora con un ciclo de impresi\u00f3n de entre 300 a 500 p\u00e1ginas mensuales, no puedes forzarla a imprimir miles porque desgastar\u00e1s los cabezales y a final habr\u00e1s tirado el dinero del kit de tinta continuo.<\/p>\n\n\n\n<p>Lo ideal es colocar este sistema en una impresora fuerte, capaz de soportar el uso abusivo y prolongado. Lo que nos lleva al siguiente punto: a quienes le conviene un sistema de tinta continuo\u2026<\/p>\n\n\n\n<h2 class=\"wp-block-heading\">\u00bfPara qui\u00e9n se recomienda el sistema de tinta continuo?<\/h2>\n\n\n\n<p>Tienes una peque\u00f1a oficina e imprimes unas 50 p\u00e1ginas al mes como mucho, en este caso no es buena idea hacerte con el sistema de tinta continua; es un desperdicio en tu caso.<\/p>\n\n\n\n<p>Tu impresora dispone de cartuchos de tinta compatibles baratos, si es asi tampoco merce la pena, en a4toner tenemos cartuchos de tinta a 0.72 \u20ac  como pueden ser los <a href=\"https:\/\/www.a4toner.com\/es\/pack-10-cartuchos-de-tinta-t1811-t1812-t1813-t1814-compatible-18xl-margarita.html\" class=\"rank-math-link\">Epson 18XL<\/a>, a estos precios no merece la pena estar montando sistemas de tinta continua.<\/p>\n\n\n\n<p>El CISS se recomienda para personas o empresas con alto volumen de impresi\u00f3n constante; ya que <strong>si no imprimes con regularidad corres el riesgo de que el sistema se obstruya<\/strong>.<\/p>\n\n\n\n<p>Si debes generar muchos documentos es una buena idea para ti, pero si no es el caso hay otras opciones igual de econ\u00f3micas y menos engorrosas, como: los <a href=\"https:\/\/www.a4toner.com\/es\/cartuchos-y-toners-compatibles.html\" class=\"rank-math-link\"><strong>cartuchos de tinta compatibles<\/strong><\/a> que apenas valen una fracci\u00f3n del precio del consumible original.<\/p>\n\n\n\n<p><strong><em>RECUERDA: si no utilizas tu impresora constantemente no opt\u00e9 por este sistema, se puede obstruir y dejar de funcionar.<\/em><\/strong><\/p>\n\n\n\n<h2 class=\"wp-block-heading\">\u2705 Ventajas del sistema de tinta continuo<\/h2>\n\n\n\n<p>El sistema de tinta continuo tiene ventajas inherentes, tales como:<\/p>\n\n\n\n<ul class=\"wp-block-list\"><li>Reduces exponencialmente tu gasto en consumibles.<\/li><li>Puedes imprimir muchas hojas sin preocuparte por la tinta.<\/li><li>Dependiendo de la tinta usada la calidad de impresi\u00f3n se mantiene, pero busca tintas Premium CISS para garantizar que tus documentos queden n\u00edtidos y con colores vibrantes.<\/li><\/ul>\n\n\n\n<p>B\u00e1sicamente la gran ventaja del CISS radica en el ahorro, pero no todo lo que brilla es oro y este sistema tiene su parte fea de la que muchos no hablan\u2026<\/p>\n\n\n\n<h2 class=\"wp-block-heading\">\u274c Desventajas del sistema de tinta continuo<\/h2>\n\n\n\n<p>A pesar de que en internet el sistema de tinta continuo sea un \u00eddolo de los ahorradores, tiene algunos contras, como:<\/p>\n\n\n\n<ul class=\"wp-block-list\"><li>Al instalar este sistema en tu impresora pierde la garant\u00eda.<\/li><li>Las obstrucciones son normales si la instalaci\u00f3n no es adecuada.<\/li><li>Los kits de sistema de tinta continuo se publicitan como f\u00e1ciles de instalar, pero realmente depender\u00e1 de la habilidad del instalador y su conocimiento; ya que una manguera mal colocada puede ralentizar la impresi\u00f3n. Aunque no es complicado, quien hace la instalaci\u00f3n debe ser cuidadoso e informarse.<\/li><li>Si no imprimes constantemente corres el riesgo de obstrucci\u00f3n o tinta seca. <strong>Debes imprimir al menos unas dos o tres veces por semana.<\/strong><\/li><li>No se puede instalar en todas las impresoras y en algunas debes hacer modificaciones relevantes.<\/li><li>Debes ser cuidadoso al manipular la impresora porque si entra aire por las mangueras se puede obstruir el CISS.<\/li><li>Y, debes seleccionar cuidadosamente la tinta a usar, porque hay alguna de baja calidad que te brinda impresiones pobres.<\/li><\/ul>\n\n\n\n<p>En nuestra pagina web puedes comprar los botes de tinta de una calidad premium: <a href=\"https:\/\/www.a4toner.com\/es\/cartuchos-y-toners-compatibles\/recargas-de-tinta.html\" class=\"rank-math-link\">Recargas de tinta<\/a><\/p>\n\n\n\n<h2 class=\"wp-block-heading\">\ud83d\udcb5 Precios del sistema de tinta continuo<\/h2>\n\n\n\n<p>\ud83d\ude80 Oferta si quieres comprar: <a href=\"https:\/\/amzn.to\/3euH9aK\" target=\"_blank\" aria-label=\"Sistemas ciss (opens in a new tab)\" rel=\"noreferrer noopener nofollow\" class=\"rank-math-link\">Sistemas ciss<\/a><\/p>\n\n\n\n<p>El sistema de tinta continuo tiene precios variables que rondan los 40\u20ac a 80\u20ac, pero este factor depender\u00e1 del modelo de impresora.<\/p>\n\n\n\n<p>Tambi\u00e9n en portales como AliExpress consigues ofertas dudosas de kit de CISS por menos de 10\u20ac \u00bfLos recomendamos? La verdad: NO, si vas adquirir el sistema trata de hacerlo desde un portal seguro y comprar un producto con rese\u00f1as positivas, lo mejor ser\u00eda adquirirlo en un sitio donde lo instalen y te brinden garant\u00eda.<\/p>\n\n\n\n<h2 class=\"wp-block-heading\">Precio de la tinta para sistema de tinta continuo<\/h2>\n\n\n\n<figure class=\"wp-block-image size-large\"><img loading=\"lazy\" decoding=\"async\" width=\"1024\" height=\"768\" src=\"https:\/\/www.a4toner.com\/blog\/wp-content\/uploads\/2020\/07\/Precio-de-la-tinta-para-sistema-de-tinta-continuo.jpg\" alt=\"Precio de la tinta para sistema de tinta continuo\" class=\"wp-image-5919\" title=\"\" srcset=\"https:\/\/www.a4toner.com\/blog\/wp-content\/uploads\/2020\/07\/Precio-de-la-tinta-para-sistema-de-tinta-continuo.jpg 1024w, https:\/\/www.a4toner.com\/blog\/wp-content\/uploads\/2020\/07\/Precio-de-la-tinta-para-sistema-de-tinta-continuo-300x225.jpg 300w, https:\/\/www.a4toner.com\/blog\/wp-content\/uploads\/2020\/07\/Precio-de-la-tinta-para-sistema-de-tinta-continuo-768x576.jpg 768w\" sizes=\"auto, (max-width: 1024px) 100vw, 1024px\" \/><\/figure>\n\n\n\n<p>Una vez instalado el kit CISS debes recargar las tintas de los dep\u00f3sitos externos. El precio de 100 ml de tinta normalmente ronda los 2\u20ac a 3\u20ac, pero depender\u00e1 del portal donde lo adquieras y la clase de tinta.<\/p>\n\n\n\n<p>En muchos sitios encontrar\u00e1s ofertas irrisorias, pero l<strong>o ideal es comprar <\/strong>tinta calidad Premium que te garantice buenas impresiones. En A4Toner tenemos la m\u00e1s amplia variedad de tintas, cartuchos compatibles y originales, date una vuelta por nuestro sitio y descubre el mejor modo de ahorrar en consumibles \u00a1Es muy f\u00e1cil con nuestra ayuda!\u2026<\/p>\n","protected":false},"excerpt":{"rendered":"<p>Hace un algunos de a\u00f1os Epson muy orgulloso presento uno de sus beb\u00e9s: la l\u00ednea Ecotank, una serie de impresoras con dep\u00f3sitos de tinta externos que no usan cartuchos, toda una novedad \u00bfO no?&#8230; La verdad es que, este incre\u00edble invento es muy similar al archiconocido sistema de tinta continuo o CISS; un producto del [&hellip;]<\/p>\n","protected":false},"author":3,"featured_media":5914,"parent":0,"menu_order":0,"comment_status":"closed","ping_status":"closed","template":"","meta":{"_bbp_topic_count":0,"_bbp_reply_count":0,"_bbp_total_topic_count":0,"_bbp_total_reply_count":0,"_bbp_voice_count":0,"_bbp_anonymous_reply_count":0,"_bbp_topic_count_hidden":0,"_bbp_reply_count_hidden":0,"_bbp_forum_subforum_count":0,"site-sidebar-layout":"default","site-content-layout":"","ast-site-content-layout":"default","site-content-style":"default","site-sidebar-style":"default","ast-global-header-display":"","ast-banner-title-visibility":"","ast-main-header-display":"","ast-hfb-above-header-display":"","ast-hfb-below-header-display":"","ast-hfb-mobile-header-display":"","site-post-title":"","ast-breadcrumbs-content":"","ast-featured-img":"","footer-sml-layout":"","theme-transparent-header-meta":"","adv-header-id-meta":"","stick-header-meta":"","header-above-stick-meta":"","header-main-stick-meta":"","header-below-stick-meta":"","astra-migrate-meta-layouts":"default","ast-page-background-enabled":"default","ast-page-background-meta":{"desktop":{"background-color":"","background-image":"","background-repeat":"repeat","background-position":"center center","background-size":"auto","background-attachment":"scroll","background-type":"","background-media":"","overlay-type":"","overlay-color":"","overlay-opacity":"","overlay-gradient":""},"tablet":{"background-color":"","background-image":"","background-repeat":"repeat","background-position":"center center","background-size":"auto","background-attachment":"scroll","background-type":"","background-media":"","overlay-type":"","overlay-color":"","overlay-opacity":"","overlay-gradient":""},"mobile":{"background-color":"","background-image":"","background-repeat":"repeat","background-position":"center center","background-size":"auto","background-attachment":"scroll","background-type":"","background-media":"","overlay-type":"","overlay-color":"","overlay-opacity":"","overlay-gradient":""}},"ast-content-background-meta":{"desktop":{"background-color":"var(--ast-global-color-5)","background-image":"","background-repeat":"repeat","background-position":"center center","background-size":"auto","background-attachment":"scroll","background-type":"","background-media":"","overlay-type":"","overlay-color":"","overlay-opacity":"","overlay-gradient":""},"tablet":{"background-color":"var(--ast-global-color-5)","background-image":"","background-repeat":"repeat","background-position":"center center","background-size":"auto","background-attachment":"scroll","background-type":"","background-media":"","overlay-type":"","overlay-color":"","overlay-opacity":"","overlay-gradient":""},"mobile":{"background-color":"var(--ast-global-color-5)","background-image":"","background-repeat":"repeat","background-position":"center center","background-size":"auto","background-attachment":"scroll","background-type":"","background-media":"","overlay-type":"","overlay-color":"","overlay-opacity":"","overlay-gradient":""}},"footnotes":""},"class_list":["post-5913","page","type-page","status-publish","has-post-thumbnail","hentry"],"_links":{"self":[{"href":"https:\/\/www.a4toner.com\/blog\/wp-json\/wp\/v2\/pages\/5913","targetHints":{"allow":["GET"]}}],"collection":[{"href":"https:\/\/www.a4toner.com\/blog\/wp-json\/wp\/v2\/pages"}],"about":[{"href":"https:\/\/www.a4toner.com\/blog\/wp-json\/wp\/v2\/types\/page"}],"author":[{"embeddable":true,"href":"https:\/\/www.a4toner.com\/blog\/wp-json\/wp\/v2\/users\/3"}],"replies":[{"embeddable":true,"href":"https:\/\/www.a4toner.com\/blog\/wp-json\/wp\/v2\/comments?post=5913"}],"version-history":[{"count":6,"href":"https:\/\/www.a4toner.com\/blog\/wp-json\/wp\/v2\/pages\/5913\/revisions"}],"predecessor-version":[{"id":8053,"href":"https:\/\/www.a4toner.com\/blog\/wp-json\/wp\/v2\/pages\/5913\/revisions\/8053"}],"wp:featuredmedia":[{"embeddable":true,"href":"https:\/\/www.a4toner.com\/blog\/wp-json\/wp\/v2\/media\/5914"}],"wp:attachment":[{"href":"https:\/\/www.a4toner.com\/blog\/wp-json\/wp\/v2\/media?parent=5913"}],"curies":[{"name":"wp","href":"https:\/\/api.w.org\/{rel}","templated":true}]}}