{"id":6076,"date":"2020-07-24T11:31:41","date_gmt":"2020-07-24T09:31:41","guid":{"rendered":"https:\/\/www.a4toner.com\/blog\/?page_id=6076"},"modified":"2020-07-24T12:21:02","modified_gmt":"2020-07-24T10:21:02","slug":"consejos-de-impresion","status":"publish","type":"page","link":"https:\/\/www.a4toner.com\/blog\/consejos-de-impresion\/","title":{"rendered":"Consejos de impresi\u00f3n, FAQ"},"content":{"rendered":"<div id=\"rank-math-faq\" class=\"rank-math-block\">\n<div class=\"rank-math-list \">\n<div id=\"faq-question-1595582940333\" class=\"rank-math-list-item\">\n<h3 class=\"rank-math-question \">\u00bfC\u00f3mo limpiar un cabezal de impresi\u00f3n?<\/h3>\n<div class=\"rank-math-answer \">\n<img loading=\"lazy\" decoding=\"async\" width=\"150\" height=\"150\" src=\"https:\/\/www.a4toner.com\/blog\/wp-content\/uploads\/2018\/01\/Limpieza-y-mantenimiento-cabezales-impresi\u00f3n-1-150x150.jpg\" class=\"alignright\" alt=\"\" title=\"\">\n<p>Hay muchos mitos urbanos que ocupan alcohol, vinagre y otras sustancias para la limpieza de cabezales, pero realmente no son efectivos\u2026 S\u00ed, como has le\u00eddo, quiz\u00e1s algunas de estas t\u00e9cnicas ancestrales y de manejo popular pudieran funcionar en cartuchos viejos, actualmente es muy dif\u00edcil que aporten alg\u00fan resultado.<br \/>La mejor manera de realizar una limpieza de cabezal es, ocupando la funci\u00f3n autom\u00e1tica para este fin<\/p>\n\n<\/div>\n<\/div>\n<div id=\"faq-question-1595585894816\" class=\"rank-math-list-item\">\n<h3 class=\"rank-math-question \">\u00bfQue es modo borrador?<\/h3>\n<div class=\"rank-math-answer \">\n<img loading=\"lazy\" decoding=\"async\" width=\"150\" height=\"150\" src=\"https:\/\/www.a4toner.com\/blog\/wp-content\/uploads\/2020\/07\/Modo-borrador-150x150.jpg\" class=\"alignright\" alt=\"Modo borrador\" title=\"\">\n<p>B\u00e1sicamente el modo borrador es una modalidad de impresi\u00f3n con la cual se logran tres metas:<br \/>Mayor rapidez de impresi\u00f3n<br \/>Menor consumo de energ\u00eda<br \/>Y, disminuci\u00f3n del consumo de tinta<\/p>\n\n<\/div>\n<\/div>\n<\/div>\n<\/div>","protected":false},"excerpt":{"rendered":"","protected":false},"author":3,"featured_media":0,"parent":0,"menu_order":0,"comment_status":"closed","ping_status":"closed","template":"","meta":{"_bbp_topic_count":0,"_bbp_reply_count":0,"_bbp_total_topic_count":0,"_bbp_total_reply_count":0,"_bbp_voice_count":0,"_bbp_anonymous_reply_count":0,"_bbp_topic_count_hidden":0,"_bbp_reply_count_hidden":0,"_bbp_forum_subforum_count":0,"site-sidebar-layout":"default","site-content-layout":"","ast-site-content-layout":"default","site-content-style":"default","site-sidebar-style":"default","ast-global-header-display":"","ast-banner-title-visibility":"","ast-main-header-display":"","ast-hfb-above-header-display":"","ast-hfb-below-header-display":"","ast-hfb-mobile-header-display":"","site-post-title":"","ast-breadcrumbs-content":"","ast-featured-img":"","footer-sml-layout":"","theme-transparent-header-meta":"","adv-header-id-meta":"","stick-header-meta":"","header-above-stick-meta":"","header-main-stick-meta":"","header-below-stick-meta":"","astra-migrate-meta-layouts":"default","ast-page-background-enabled":"default","ast-page-background-meta":{"desktop":{"background-color":"","background-image":"","background-repeat":"repeat","background-position":"center center","background-size":"auto","background-attachment":"scroll","background-type":"","background-media":"","overlay-type":"","overlay-color":"","overlay-opacity":"","overlay-gradient":""},"tablet":{"background-color":"","background-image":"","background-repeat":"repeat","background-position":"center center","background-size":"auto","background-attachment":"scroll","background-type":"","background-media":"","overlay-type":"","overlay-color":"","overlay-opacity":"","overlay-gradient":""},"mobile":{"background-color":"","background-image":"","background-repeat":"repeat","background-position":"center center","background-size":"auto","background-attachment":"scroll","background-type":"","background-media":"","overlay-type":"","overlay-color":"","overlay-opacity":"","overlay-gradient":""}},"ast-content-background-meta":{"desktop":{"background-color":"var(--ast-global-color-5)","background-image":"","background-repeat":"repeat","background-position":"center center","background-size":"auto","background-attachment":"scroll","background-type":"","background-media":"","overlay-type":"","overlay-color":"","overlay-opacity":"","overlay-gradient":""},"tablet":{"background-color":"var(--ast-global-color-5)","background-image":"","background-repeat":"repeat","background-position":"center center","background-size":"auto","background-attachment":"scroll","background-type":"","background-media":"","overlay-type":"","overlay-color":"","overlay-opacity":"","overlay-gradient":""},"mobile":{"background-color":"var(--ast-global-color-5)","background-image":"","background-repeat":"repeat","background-position":"center center","background-size":"auto","background-attachment":"scroll","background-type":"","background-media":"","overlay-type":"","overlay-color":"","overlay-opacity":"","overlay-gradient":""}},"footnotes":""},"class_list":["post-6076","page","type-page","status-publish","hentry"],"_links":{"self":[{"href":"https:\/\/www.a4toner.com\/blog\/wp-json\/wp\/v2\/pages\/6076","targetHints":{"allow":["GET"]}}],"collection":[{"href":"https:\/\/www.a4toner.com\/blog\/wp-json\/wp\/v2\/pages"}],"about":[{"href":"https:\/\/www.a4toner.com\/blog\/wp-json\/wp\/v2\/types\/page"}],"author":[{"embeddable":true,"href":"https:\/\/www.a4toner.com\/blog\/wp-json\/wp\/v2\/users\/3"}],"replies":[{"embeddable":true,"href":"https:\/\/www.a4toner.com\/blog\/wp-json\/wp\/v2\/comments?post=6076"}],"version-history":[{"count":3,"href":"https:\/\/www.a4toner.com\/blog\/wp-json\/wp\/v2\/pages\/6076\/revisions"}],"predecessor-version":[{"id":6100,"href":"https:\/\/www.a4toner.com\/blog\/wp-json\/wp\/v2\/pages\/6076\/revisions\/6100"}],"wp:attachment":[{"href":"https:\/\/www.a4toner.com\/blog\/wp-json\/wp\/v2\/media?parent=6076"}],"curies":[{"name":"wp","href":"https:\/\/api.w.org\/{rel}","templated":true}]}}