{"id":6079,"date":"2020-07-24T11:37:23","date_gmt":"2020-07-24T09:37:23","guid":{"rendered":"https:\/\/www.a4toner.com\/blog\/?page_id=6079"},"modified":"2020-07-24T12:16:25","modified_gmt":"2020-07-24T10:16:25","slug":"como-limpiar-un-cabezal-de-impresion-todos-los-trucos","status":"publish","type":"page","link":"https:\/\/www.a4toner.com\/blog\/consejos-de-impresion\/como-limpiar-un-cabezal-de-impresion-todos-los-trucos\/","title":{"rendered":"\u00bfC\u00f3mo limpiar un cabezal de impresi\u00f3n? Todos los TRUCOS"},"content":{"rendered":"\n<p>Te ha pasado que empiezas a imprimir y la imagen o texto presenta unas l\u00edneas blancas que arruinan el resultado haci\u00e9ndolo ilegible\u2026 pues amigo <strong>tienes los cabezales de impresi\u00f3n obstruidos <\/strong>y hay que solucionarlo \u00bfC\u00f3mo? Sigue leyendo, hoy te ense\u00f1amos las mejores maneras de <strong>limpiar un cabezal de impresi\u00f3n<\/strong>.<\/p>\n\n\n\n<p>Te sorprender\u00eda saber cu\u00e1ntas veces al a\u00f1o consulta similares a: \u00bfC\u00f3mo limpiar un cabezal de impresi\u00f3n? Son gestionadas por google. Si tienes una impresora de <a href=\"https:\/\/www.a4toner.com\/blog\/que-impresora\/ventajas-una-impresora-inyeccion\/\" class=\"rank-math-link\">inyecci\u00f3n de tinta<\/a> por muy buena que sea, te aseguro que en alg\u00fan momento de su vida \u00fatil tendr\u00e1s esta misma duda\u2026<\/p>\n\n\n\n<p>Por lo anterior, hoy te presentamos un post completo de como limpiar cabezal de impresi\u00f3n, incluyendo todos los trucos y desecharemos algunos mitos urbanos como: remojar cartuchos en vinagre \u00a1Por favor paren NO funciona!<\/p>\n\n\n\n<h2 class=\"wp-block-heading\">\u00bfC\u00f3mo reconoces un cabezal de impresi\u00f3n obstruido?<\/h2>\n\n\n\n<p>Se ven l\u00edneas blancas que hacen ininteligible el documento. En casos extremos simplemente deja de imprimir; funciona como si imprimiera, pero la p\u00e1gina sal\u00e9 en blanco con algunas manchas. Lo anterior, normalmente ocurre cuando la impresora pasa mucho tiempo sin ser usada o ha tenido un da\u00f1o irreparable en el cabezal.<\/p>\n\n\n\n<figure class=\"wp-block-image size-large\"><img loading=\"lazy\" decoding=\"async\" width=\"790\" height=\"142\" src=\"https:\/\/www.a4toner.com\/blog\/wp-content\/uploads\/2020\/07\/\u00bfC\u00f3mo-reconoces-un-cabezal-de-impresi\u00f3n-obstruido.jpg\" alt=\"\u00bfC\u00f3mo reconoces un cabezal de impresi\u00f3n obstruido?\" class=\"wp-image-6097\" title=\"\" srcset=\"https:\/\/www.a4toner.com\/blog\/wp-content\/uploads\/2020\/07\/\u00bfC\u00f3mo-reconoces-un-cabezal-de-impresi\u00f3n-obstruido.jpg 790w, https:\/\/www.a4toner.com\/blog\/wp-content\/uploads\/2020\/07\/\u00bfC\u00f3mo-reconoces-un-cabezal-de-impresi\u00f3n-obstruido-300x54.jpg 300w, https:\/\/www.a4toner.com\/blog\/wp-content\/uploads\/2020\/07\/\u00bfC\u00f3mo-reconoces-un-cabezal-de-impresi\u00f3n-obstruido-768x138.jpg 768w\" sizes=\"auto, (max-width: 790px) 100vw, 790px\" \/><\/figure>\n\n\n\n<p>No todos los cabezales de impresi\u00f3n se ubican en el mismo sitio; no todos est\u00e1n dentro de las impresoras, hay algunos que est\u00e1n directamente en los cartuchos. La mayor\u00eda de las impresoras HP incorporan los cabezales al <a href=\"https:\/\/www.a4toner.com\/blog\/cartuchos-de-tinta\/\" class=\"rank-math-link\">cartucho de tinta<\/a>.<\/p>\n\n\n\n<h2 class=\"wp-block-heading\">\u00bfC\u00f3mo limpiar cabezales de impresi\u00f3n?<\/h2>\n\n\n\n<p>Hay muchos mitos urbanos que ocupan alcohol, vinagre y otras sustancias para la limpieza de cabezales, pero realmente no son efectivos\u2026 S\u00ed, como has le\u00eddo, quiz\u00e1s algunas de estas t\u00e9cnicas ancestrales y de manejo popular pudieran funcionar en cartuchos viejos, actualmente debido al micro tama\u00f1o de los inyectores y la cantidad que llevan es muy dif\u00edcil que aporten alg\u00fan resultado.<\/p>\n\n\n\n<p>La mejor manera de realizar una limpieza de cabezal es, ocupando la funci\u00f3n autom\u00e1tica para este fin. Primero te explicaremos como hacer el proceso en las impresoras Epson y Brother que tienen los cabezales internos.<\/p>\n\n\n\n<h2 class=\"wp-block-heading\">\u00bfC\u00f3mo limpiar cabezales en Epson?<\/h2>\n\n\n\n<p>Lo primero que debes hacer es dejar en reposo la impresora, por al menos 15 minutos. El descanso es importante antes y despu\u00e9s de hacer una limpieza de cabezal, porque este proceso causa un calentamiento de las partes y ocupa mucha tinta.<\/p>\n\n\n\n<p>Las <a href=\"https:\/\/www.a4toner.com\/blog\/impresoras\/epson\/\" class=\"rank-math-link\">impresoras Epson<\/a> tienen normalmente un atajo para realizar la limpieza de cabezal sin siquiera tener que encender tu PC. A veces es manteniendo presionado el bot\u00f3n de cancelar por tres segundos o activando la limpieza desde los botones de: limpieza negro o limpieza a color, pero estos no los tienen todas las impresoras.<\/p>\n\n\n\n<figure class=\"wp-block-image size-large\"><img loading=\"lazy\" decoding=\"async\" width=\"754\" height=\"466\" src=\"https:\/\/www.a4toner.com\/blog\/wp-content\/uploads\/2020\/07\/C\u00f3mo-limpiar-cabezales-en-Epson.png\" alt=\"C\u00f3mo limpiar cabezales en Epson\" class=\"wp-image-6090\" title=\"\" srcset=\"https:\/\/www.a4toner.com\/blog\/wp-content\/uploads\/2020\/07\/C\u00f3mo-limpiar-cabezales-en-Epson.png 754w, https:\/\/www.a4toner.com\/blog\/wp-content\/uploads\/2020\/07\/C\u00f3mo-limpiar-cabezales-en-Epson-300x185.png 300w\" sizes=\"auto, (max-width: 754px) 100vw, 754px\" \/><\/figure>\n\n\n\n<p>Si no quieres arriesgarte a presionar los botones incorrectos no te preocupes, simplemente enciende tu PC y entra en las propiedades de la impresora a trav\u00e9s del panel de control. All\u00ed seleccionas la impresora d\u00e1ndole clic derecho sobre el \u00edcono y eliges: preferencias de impresi\u00f3n.<\/p>\n\n\n\n<figure class=\"wp-block-image size-large\"><img loading=\"lazy\" decoding=\"async\" width=\"781\" height=\"569\" src=\"https:\/\/www.a4toner.com\/blog\/wp-content\/uploads\/2020\/07\/limpieza-de-cabezales-de-impresi\u00f3n.png\" alt=\"limpieza de cabezales de impresi\u00f3n\" class=\"wp-image-6091\" title=\"\" srcset=\"https:\/\/www.a4toner.com\/blog\/wp-content\/uploads\/2020\/07\/limpieza-de-cabezales-de-impresi\u00f3n.png 781w, https:\/\/www.a4toner.com\/blog\/wp-content\/uploads\/2020\/07\/limpieza-de-cabezales-de-impresi\u00f3n-300x219.png 300w, https:\/\/www.a4toner.com\/blog\/wp-content\/uploads\/2020\/07\/limpieza-de-cabezales-de-impresi\u00f3n-768x560.png 768w\" sizes=\"auto, (max-width: 781px) 100vw, 781px\" \/><\/figure>\n\n\n\n<p>Una vez que est\u00e9s en las preferencias de la impresora, seleccionas la ficha mantenimiento y all\u00ed podras observar diferentes funciones. La que ocuparemos es: limpieza de cabezales de impresi\u00f3n, presionas aceptar y comienza el procedimiento.<\/p>\n\n\n\n<figure class=\"wp-block-image size-large\"><img loading=\"lazy\" decoding=\"async\" width=\"1024\" height=\"740\" src=\"https:\/\/www.a4toner.com\/blog\/wp-content\/uploads\/2020\/07\/proceso-de-limpieza-de-cabezal-1024x740.png\" alt=\"proceso de limpieza de cabezal\" class=\"wp-image-6093\" title=\"\" srcset=\"https:\/\/www.a4toner.com\/blog\/wp-content\/uploads\/2020\/07\/proceso-de-limpieza-de-cabezal-1024x740.png 1024w, https:\/\/www.a4toner.com\/blog\/wp-content\/uploads\/2020\/07\/proceso-de-limpieza-de-cabezal-300x217.png 300w, https:\/\/www.a4toner.com\/blog\/wp-content\/uploads\/2020\/07\/proceso-de-limpieza-de-cabezal-768x555.png 768w, https:\/\/www.a4toner.com\/blog\/wp-content\/uploads\/2020\/07\/proceso-de-limpieza-de-cabezal-1200x867.png 1200w, https:\/\/www.a4toner.com\/blog\/wp-content\/uploads\/2020\/07\/proceso-de-limpieza-de-cabezal.png 1350w\" sizes=\"auto, (max-width: 1024px) 100vw, 1024px\" \/><\/figure>\n\n\n\n<p>Una vez que comienza el proceso de limpieza de cabezal, empezar\u00e1n a aparecer unas ventanas emergentes con instrucciones. Simplemente son indicaciones como no apagues la impresora, coloca una hoja y por ultimo verifica la calidad de la hoja de prueba.<\/p>\n\n\n\n<p><strong>Realmente es muy f\u00e1cil hacer una limpieza de cabezal<\/strong>, pero en ocasiones <strong>s\u00f3lo una no basta para recuperar la calidad de impresi\u00f3n<\/strong>. Si el anterior es tu caso no hagas varias limpiezas seguidas, este es un proceso que recalienta ciertas partes de la impresora y consume mucha tinta. Lo que debes hacer es dejar reposar la impresora por al menos 20 minutos y realizar una impresi\u00f3n de prueba, si a\u00fan no te satisface la calidad espera 24 horas y realiza nuevamente la limpieza.<\/p>\n\n\n\n<p>Es importante que le hagas mantenimiento a tu impresora, qu\u00edtale el polvo e imprime al menos una vez a la semana; de esta manera aseguras que no se seque la tinta en los cabezales y halla obstrucci\u00f3n.<\/p>\n\n\n\n<h3 class=\"wp-block-heading\">No funciona la limpieza de cabezal en Epson \u00bfQu\u00e9 hago?<\/h3>\n\n\n\n<p>Los cabezales son partes fundamentales de las impresoras y aunque puedes sustituirlos son muy caros, tanto que te saldr\u00e1 mejor adquirir un equipo nuevo en vez de pagar la reparaci\u00f3n. En el caso de Epson y Brother es as\u00ed porque los cabezales se hallan en el interior de la impresora.<\/p>\n\n\n\n<p>Hay personas que las llevan a t\u00e9cnicos, pero realmente en t\u00e9rminos econ\u00f3micos cuando se da\u00f1a un cabezal es mejor desechar el equipo y <a href=\"https:\/\/www.a4toner.com\/blog\/impresoras\/\" class=\"rank-math-link\"><strong>comprar una impresora nueva<\/strong><\/a>.<\/p>\n\n\n\n<h2 class=\"wp-block-heading\">\u00bfC\u00f3mo limpiar cabezales en Brother?<\/h2>\n\n\n\n<p>El proceso es muy similar al anterior, sigue la ruta: panel de control, hardware y sonido, dispositivos e impresoras; una vez all\u00ed selecciona la <a href=\"https:\/\/www.a4toner.com\/blog\/impresoras\/brother\/\" class=\"rank-math-link\">impresora Brother<\/a> y revisas sus preferencias. Tal como en las impresoras Epson encontrar\u00e1s una ficha de mantenimiento, en la cual seleccionar\u00e1s limpieza de cabezal y listo.<\/p>\n\n\n\n<figure class=\"wp-block-embed-youtube wp-block-embed is-type-video is-provider-youtube wp-embed-aspect-16-9 wp-has-aspect-ratio\"><div class=\"wp-block-embed__wrapper\">\n<iframe loading=\"lazy\" title=\"Limpieza y alineaci\u00f3n de cabezales - Brother DCP-J132W\" width=\"500\" height=\"281\" src=\"https:\/\/www.youtube.com\/embed\/Tlhn5uKB9zY?feature=oembed\" frameborder=\"0\" allow=\"accelerometer; autoplay; clipboard-write; encrypted-media; gyroscope; picture-in-picture; web-share\" referrerpolicy=\"strict-origin-when-cross-origin\" allowfullscreen><\/iframe>\n<\/div><\/figure>\n\n\n\n<h3 class=\"wp-block-heading\">\u00bfCu\u00e1nto tarda una limpieza de cabezal en Epson o Brother?<\/h3>\n\n\n\n<p>Realmente la velocidad variar\u00e1 seg\u00fan el modelo, pero puede tomar de 3 a 5 minutos. No apagues las impresoras ni las muevas mientras se limpian los cabezales.<\/p>\n\n\n\n<h3 class=\"wp-block-heading\">\u00bfPuedo limpiar los inyectores con alg\u00fan liquido especial?<\/h3>\n\n\n\n<p>Venden cartuchos de limpieza, pero su eficacia no est\u00e1 garantizada. En algunos casos funcionan y en otros no. <strong>No recomendamos adquirirlos<\/strong>; ya que normalmente con la limpieza de cabezal se puede recuperar la calidad de impresi\u00f3n.<\/p>\n\n\n\n<p>Hay personas que dicen que pasar una gasa con alcohol isoprop\u00edlico sobre la parte ayuda a destapar los cabezales, no hay evidencia que asegure que funcione y puede da\u00f1ar tu impresora esta pr\u00e1ctica. Adem\u00e1s, cuando los inyectores est\u00e1n en el interior de la impresora es dif\u00edcil acceder a los mismos y desarmar la impresora no es una opci\u00f3n viable.<\/p>\n\n\n\n<p>Sabemos que es desalentador que \u00fanicamente funcione la limpieza autom\u00e1tica de cabezales, pero ten paciencia y hazla varias veces, con un poco de suerte resuelves el problema. Tambi\u00e9n descarta que los cartuchos est\u00e9n en mal estado y ocasionen el fallo.<\/p>\n\n\n\n<figure class=\"wp-block-embed-youtube wp-block-embed is-type-video is-provider-youtube wp-embed-aspect-16-9 wp-has-aspect-ratio\"><div class=\"wp-block-embed__wrapper\">\n<iframe loading=\"lazy\" title=\"EPSON | Limpieza de Cabezal inyectores Epson  *4K\" width=\"500\" height=\"281\" src=\"https:\/\/www.youtube.com\/embed\/WqLRMPoRBWY?feature=oembed\" frameborder=\"0\" allow=\"accelerometer; autoplay; clipboard-write; encrypted-media; gyroscope; picture-in-picture; web-share\" referrerpolicy=\"strict-origin-when-cross-origin\" allowfullscreen><\/iframe>\n<\/div><\/figure>\n\n\n\n<p>Lo \u00faltimo que puedes hacer por tu impresora si todo lo dem\u00e1s falla es desarmarla y limpiar manualmente los cabezales de impresi\u00f3n, pero debes ser muy meticuloso y tambi\u00e9n adquirir un <a href=\"https:\/\/amzn.to\/3eRXbvf\" target=\"_blank\" aria-label=\"l\u00edquido llamado limpia cabezales (opens in a new tab)\" rel=\"noreferrer noopener nofollow sponsored\" class=\"rank-math-link\">l\u00edquido llamado limpia cabezales<\/a>. Esta pr\u00e1ctica en la mayor\u00eda de casos funciona, pero por ser de cuidado s\u00f3lo se recomienda cuando todo lo dem\u00e1s ha fallado.<\/p>\n\n\n\n<h2 class=\"wp-block-heading\">\u00bfC\u00f3mo limpiar cabezales de impresora HP?<\/h2>\n\n\n\n<p>Ya hemos hablado de como limpiar los cabezales cuando se encuentran dentro de la impresora, pero \u00bfQu\u00e9 ocurre si el cabezal est\u00e1 integrado en el cartucho? Pues bastante simple: puedes reemplazar el cartucho o tratar de hacerle una limpieza de cabezal.<\/p>\n\n\n\n<p>\u00bfC\u00f3mo se hace una limpieza en <a href=\"https:\/\/www.a4toner.com\/blog\/impresoras\/hp\/\" class=\"rank-math-link\">impresora HP<\/a> con cabezales integrados en el cartucho? Simple: de la misma manera que en la impresora Epson o Brother. Vas a ir al panel de control, ubicar\u00e1s la opci\u00f3n hardware y sonido, luego impresoras y otros dispositivos. Una vez en dicha ventana das clic derecho sobre la impresora HP y seleccionas preferencias de impresi\u00f3n.<\/p>\n\n\n\n<p>En preferencias de impresi\u00f3n debes buscar una ficha que diga mantenimiento y all\u00ed encontrar\u00e1s la opci\u00f3n de limpieza de cabezal, la presionas y que empiece la magia.<\/p>\n\n\n\n<h3 class=\"wp-block-heading\">Trucos para volver a la vida cartuchos obstruidos HP<\/h3>\n\n\n\n<p>Ha fallado el proceso, aqu\u00ed te van una serie de trucos:<\/p>\n\n\n\n<ol class=\"wp-block-list\"><li>Saca el cartucho y l\u00edmpialo suavemente en una servilleta, en repetidas ocasiones. Haz una p\u00e1gina de prueba y observa si mejora la calidad.<\/li><li>Puedes limpiar los cartuchos de tinta con un poco de l\u00edquido limpia cabezal, pero seamos honestos: esta sustancia no est\u00e1 penetrando profundamente y si la obstrucci\u00f3n est\u00e1 en el interior del consumible no va salir. Si es superficial puede que funcione.<\/li><li>Y, por \u00faltimo, hay quienes sumergen una parte del cartucho en soluci\u00f3n con agua y alcohol \u00bfFunciona? Pues nada esta comprobado, pero de igual forma puedes intentarlo si las limpiezas autom\u00e1ticas han fallado. No obstante, sustituye el alcohol por l\u00edquido limpia cabezal. No debes sumergir todo el cartucho, solamente medio cent\u00edmetro del mismo y recuerda no secar el cartucho con secador.<\/li><li>\u00bfTodo fallo? Lo sentimos mucho por ti\u2026 pero te tenemos soluci\u00f3n: los cartuchos econ\u00f3micos de A4Toner y listo\u2026<\/li><\/ol>\n\n\n\n<p>En el caso de que los cabezales de impresi\u00f3n est\u00e9n dentro de tu impresora HP sigue el proceso mencionado en el segmento: \u00bfC\u00f3mo limpiar cabezal de impresi\u00f3n en Epson? Si a\u00fan no se resuelve, aqu\u00ed te dejamos un video del canal oficial de HP que puede servirte de ayuda:<\/p>\n\n\n\n<figure class=\"wp-block-embed-youtube wp-block-embed is-type-video is-provider-youtube wp-embed-aspect-16-9 wp-has-aspect-ratio\"><div class=\"wp-block-embed__wrapper\">\n<iframe loading=\"lazy\" title=\"C\u00f3mo limpiar manualmente el cabezal extra\u00edble de las impresoras HP | HP Support\" width=\"500\" height=\"281\" src=\"https:\/\/www.youtube.com\/embed\/Ozx0we7YOPY?feature=oembed\" frameborder=\"0\" allow=\"accelerometer; autoplay; clipboard-write; encrypted-media; gyroscope; picture-in-picture; web-share\" referrerpolicy=\"strict-origin-when-cross-origin\" allowfullscreen><\/iframe>\n<\/div><\/figure>\n\n\n\n<p>Recuerda descartar que los problemas en las impresiones sean ocasionados por cartuchos en mal estado. Si no quieres comprar <a href=\"https:\/\/www.a4toner.com\/blog\/cartuchos-de-tinta\/cartuchos-originalesque-soncuales-son-sus-ventajas\/\" class=\"rank-math-link\">tintas originales<\/a> car\u00edsimas, simplemente pregunta en los comentarios por la disponibilidad de cartuchos compatibles para tu modelo de impresora \u00a1Con gusto te asesoramos!<\/p>\n\n\n\n<p>Esperamos que este post te haya servido de ayuda y puedas mantener tu impresora siempre funcionando en la mejor calidad \u00a1Feliz d\u00eda!<\/p>\n\n\n\n<p>Puede que tambi\u00e9n te interese:<\/p>\n\n\n\n<h2 class=\"wp-block-heading\"><a href=\"https:\/\/www.a4toner.com\/blog\/limpieza-mantenimiento-cabezales-impresion\/\" class=\"rank-math-link\">\u00bfQu\u00e9 es el cabezal de impresi\u00f3n?<\/a><\/h2>\n\n\n\n<figure class=\"wp-block-embed-wordpress wp-block-embed is-type-wp-embed is-provider-cartuchos-de-tinta-y-toner-compatibles-para-impresoras\"><div class=\"wp-block-embed__wrapper\">\n<blockquote class=\"wp-embedded-content\" data-secret=\"wxSXYHWtuu\"><a href=\"https:\/\/www.a4toner.com\/blog\/limpieza-mantenimiento-cabezales-impresion\/\">Cabezal de impresi\u00f3n \u00bfQu\u00e9 es?<\/a><\/blockquote><iframe loading=\"lazy\" class=\"wp-embedded-content\" sandbox=\"allow-scripts\" security=\"restricted\" style=\"position: absolute; clip: rect(1px, 1px, 1px, 1px);\" title=\"\u00abCabezal de impresi\u00f3n \u00bfQu\u00e9 es?\u00bb \u2014 \u2764\ufe0f A4toner: Cartuchos de tinta, toner e impresoras\" src=\"https:\/\/www.a4toner.com\/blog\/limpieza-mantenimiento-cabezales-impresion\/embed\/#?secret=j3Bvu6dRa3#?secret=wxSXYHWtuu\" data-secret=\"wxSXYHWtuu\" width=\"500\" height=\"282\" frameborder=\"0\" marginwidth=\"0\" marginheight=\"0\" scrolling=\"no\"><\/iframe>\n<\/div><\/figure>\n\n\n\n<p>Ante todo, debes saber que es un cabezal de impresi\u00f3n, esta pieza es parte fundamental del equipo. Los cabezales pueden estar dentro de la impresora o en los cartuchos; depender\u00e1 de la marca de tu m\u00e1quina y modelo.<\/p>\n\n\n\n<p>El cabezal es el encargado de pasar la tinta al papel, si esta parte presenta fallos el primer s\u00edntoma es: <strong>baja calidad de impresi\u00f3n.<\/strong><\/p>\n\n\n\n<h2 class=\"wp-block-heading\">Tipos de cabezales de impresi\u00f3n<\/h2>\n\n\n\n<p>T\u00e9cnicamente existen dos cabezales de impresi\u00f3n en el mercado: los t\u00e9rmicos y lo piezoel\u00e9ctrico.<\/p>\n\n\n\n<p>Los t\u00e9rmicos son usados por marcas como Lexmark, Canon y HP, para hacerte simple la explicaci\u00f3n reaccionan al vapor dejando salir micro gotas de color sobre el papel. Este tipo de cabezal normalmente son colocados en los cartuchos, una pr\u00e1ctica muy com\u00fan de la marca HP.<\/p>\n\n\n\n<p>La tecnolog\u00eda piezoel\u00e9ctrico es un invento de Epson, y otras marcas como Brother lo ocupan en sus impresoras. Dichos cabezales permiten que la tinta llegue al papel por la presi\u00f3n mec\u00e1nica ocasionada por impulsos el\u00e9ctricos. Estos cabezales van dentro de la impresora lo cual podr\u00eda parecer mala idea, pero en t\u00e9rminos generales son duraderos.<\/p>\n\n\n\n<p>Dependiendo del tipo de cabezal, marca y modelo de tu impresora puedes limpiar los cabezales de diferentes maneras.<\/p>\n","protected":false},"excerpt":{"rendered":"<p>Te ha pasado que empiezas a imprimir y la imagen o texto presenta unas l\u00edneas blancas que arruinan el resultado haci\u00e9ndolo ilegible\u2026 pues amigo tienes los cabezales de impresi\u00f3n obstruidos y hay que solucionarlo \u00bfC\u00f3mo? Sigue leyendo, hoy te ense\u00f1amos las mejores maneras de limpiar un cabezal de impresi\u00f3n. Te sorprender\u00eda saber cu\u00e1ntas veces al [&hellip;]<\/p>\n","protected":false},"author":3,"featured_media":6087,"parent":6076,"menu_order":0,"comment_status":"closed","ping_status":"closed","template":"","meta":{"_bbp_topic_count":0,"_bbp_reply_count":0,"_bbp_total_topic_count":0,"_bbp_total_reply_count":0,"_bbp_voice_count":0,"_bbp_anonymous_reply_count":0,"_bbp_topic_count_hidden":0,"_bbp_reply_count_hidden":0,"_bbp_forum_subforum_count":0,"site-sidebar-layout":"default","site-content-layout":"","ast-site-content-layout":"default","site-content-style":"default","site-sidebar-style":"default","ast-global-header-display":"","ast-banner-title-visibility":"","ast-main-header-display":"","ast-hfb-above-header-display":"","ast-hfb-below-header-display":"","ast-hfb-mobile-header-display":"","site-post-title":"","ast-breadcrumbs-content":"","ast-featured-img":"","footer-sml-layout":"","theme-transparent-header-meta":"","adv-header-id-meta":"","stick-header-meta":"","header-above-stick-meta":"","header-main-stick-meta":"","header-below-stick-meta":"","astra-migrate-meta-layouts":"default","ast-page-background-enabled":"default","ast-page-background-meta":{"desktop":{"background-color":"","background-image":"","background-repeat":"repeat","background-position":"center center","background-size":"auto","background-attachment":"scroll","background-type":"","background-media":"","overlay-type":"","overlay-color":"","overlay-opacity":"","overlay-gradient":""},"tablet":{"background-color":"","background-image":"","background-repeat":"repeat","background-position":"center center","background-size":"auto","background-attachment":"scroll","background-type":"","background-media":"","overlay-type":"","overlay-color":"","overlay-opacity":"","overlay-gradient":""},"mobile":{"background-color":"","background-image":"","background-repeat":"repeat","background-position":"center center","background-size":"auto","background-attachment":"scroll","background-type":"","background-media":"","overlay-type":"","overlay-color":"","overlay-opacity":"","overlay-gradient":""}},"ast-content-background-meta":{"desktop":{"background-color":"var(--ast-global-color-5)","background-image":"","background-repeat":"repeat","background-position":"center center","background-size":"auto","background-attachment":"scroll","background-type":"","background-media":"","overlay-type":"","overlay-color":"","overlay-opacity":"","overlay-gradient":""},"tablet":{"background-color":"var(--ast-global-color-5)","background-image":"","background-repeat":"repeat","background-position":"center center","background-size":"auto","background-attachment":"scroll","background-type":"","background-media":"","overlay-type":"","overlay-color":"","overlay-opacity":"","overlay-gradient":""},"mobile":{"background-color":"var(--ast-global-color-5)","background-image":"","background-repeat":"repeat","background-position":"center center","background-size":"auto","background-attachment":"scroll","background-type":"","background-media":"","overlay-type":"","overlay-color":"","overlay-opacity":"","overlay-gradient":""}},"footnotes":""},"class_list":["post-6079","page","type-page","status-publish","has-post-thumbnail","hentry"],"_links":{"self":[{"href":"https:\/\/www.a4toner.com\/blog\/wp-json\/wp\/v2\/pages\/6079","targetHints":{"allow":["GET"]}}],"collection":[{"href":"https:\/\/www.a4toner.com\/blog\/wp-json\/wp\/v2\/pages"}],"about":[{"href":"https:\/\/www.a4toner.com\/blog\/wp-json\/wp\/v2\/types\/page"}],"author":[{"embeddable":true,"href":"https:\/\/www.a4toner.com\/blog\/wp-json\/wp\/v2\/users\/3"}],"replies":[{"embeddable":true,"href":"https:\/\/www.a4toner.com\/blog\/wp-json\/wp\/v2\/comments?post=6079"}],"version-history":[{"count":6,"href":"https:\/\/www.a4toner.com\/blog\/wp-json\/wp\/v2\/pages\/6079\/revisions"}],"predecessor-version":[{"id":6098,"href":"https:\/\/www.a4toner.com\/blog\/wp-json\/wp\/v2\/pages\/6079\/revisions\/6098"}],"up":[{"embeddable":true,"href":"https:\/\/www.a4toner.com\/blog\/wp-json\/wp\/v2\/pages\/6076"}],"wp:featuredmedia":[{"embeddable":true,"href":"https:\/\/www.a4toner.com\/blog\/wp-json\/wp\/v2\/media\/6087"}],"wp:attachment":[{"href":"https:\/\/www.a4toner.com\/blog\/wp-json\/wp\/v2\/media?parent=6079"}],"curies":[{"name":"wp","href":"https:\/\/api.w.org\/{rel}","templated":true}]}}