{"id":6130,"date":"2020-08-03T12:45:49","date_gmt":"2020-08-03T10:45:49","guid":{"rendered":"https:\/\/www.a4toner.com\/blog\/?page_id=6130"},"modified":"2020-08-03T13:02:59","modified_gmt":"2020-08-03T11:02:59","slug":"que-es-el-cartucho-de-cortesia-incluido-en-la-impresora","status":"publish","type":"page","link":"https:\/\/www.a4toner.com\/blog\/cartuchos-de-tinta\/que-es-el-cartucho-de-cortesia-incluido-en-la-impresora\/","title":{"rendered":"\u00bfQu\u00e9 es el cartucho de cortes\u00eda incluido en la impresora?"},"content":{"rendered":"\n<p><strong>Cartucho de cortes\u00eda:<\/strong> Seguramente has o\u00eddo expresiones, como: <em>mejor me compr\u00f3 una impresora nueva cuando se acaben los cartuchos<\/em>\u2026 Y es que, la tinta vale como oro l\u00edquido, pero no es una idea acertada \u00bfSabes por qu\u00e9? Simple, te lo resumo en tres palabras: cartuchos de cortes\u00eda.<\/p>\n\n\n\n<p>S\u00ed, existen los consumibles de \u00abcortes\u00eda\u201d y son una de las estafas m\u00e1s usadas por las grandes fabricantes de impresoras, como: Epson, HP, Brother y otras. Sin duda alguna, estas afamadas marcas saben de marketing y lo usan a su favor siempre que pueden, haciendo que los usuarios se sientan defraudados frecuentemente.<\/p>\n\n\n\n<p>Hoy develaremos todo acerca de <strong>los cartuchos de tinta de cortes\u00eda<\/strong>, te diremos como saber si la impresora que planeas comprar los tiene y c\u00f3mo lidiar con este consumible tan ef\u00edmero para sacarle el mayor provecho. Conoce sin m\u00e1s los pormenores de esas nuevas impresoras que <strong>se quedan sin tinta apenas haces un par de impresiones\u2026<\/strong><\/p>\n\n\n\n<figure class=\"wp-block-image size-large\"><img loading=\"lazy\" decoding=\"async\" width=\"1024\" height=\"683\" src=\"https:\/\/www.a4toner.com\/blog\/wp-content\/uploads\/2020\/08\/cartuchos-de-impresora-de-tinta-gratis-1024x683.jpeg\" alt=\"cartuchos de impresora de tinta gratis\" class=\"wp-image-6135\" title=\"\" srcset=\"https:\/\/www.a4toner.com\/blog\/wp-content\/uploads\/2020\/08\/cartuchos-de-impresora-de-tinta-gratis-1024x683.jpeg 1024w, https:\/\/www.a4toner.com\/blog\/wp-content\/uploads\/2020\/08\/cartuchos-de-impresora-de-tinta-gratis-300x200.jpeg 300w, https:\/\/www.a4toner.com\/blog\/wp-content\/uploads\/2020\/08\/cartuchos-de-impresora-de-tinta-gratis-768x512.jpeg 768w, https:\/\/www.a4toner.com\/blog\/wp-content\/uploads\/2020\/08\/cartuchos-de-impresora-de-tinta-gratis-1536x1024.jpeg 1536w, https:\/\/www.a4toner.com\/blog\/wp-content\/uploads\/2020\/08\/cartuchos-de-impresora-de-tinta-gratis-1200x800.jpeg 1200w, https:\/\/www.a4toner.com\/blog\/wp-content\/uploads\/2020\/08\/cartuchos-de-impresora-de-tinta-gratis.jpeg 1600w\" sizes=\"auto, (max-width: 1024px) 100vw, 1024px\" \/><\/figure>\n\n\n\n<h2 class=\"wp-block-heading\">\u00bfQu\u00e9 es el cartucho de cortes\u00eda incluido con la impresora?<\/h2>\n\n\n\n<p>Quieres comprar una impresora y haces lo evidente: recorres los portales de ventas afamados y revisas las rese\u00f1as, lo m\u00e1s seguro es que te topes con algunas que expresen opiniones como:<\/p>\n\n\n\n<p>\u201cApenas hice unas pocas impresiones y se ha quedado sin tinta \u00a1Es una estafa!\u201d<\/p>\n\n\n\n<p>\u201cCompre esta impresora porque seg\u00fan otros usuarios tiene excelente rendimiento, pero los <a href=\"https:\/\/www.a4toner.com\/blog\/cartuchos-de-tinta\/\" class=\"rank-math-link\">cartuchos<\/a> no me duraron ni una docena de impresiones\u201d<\/p>\n\n\n\n<p>La verdad es que, muchos desconocen que los fabricantes venden las impresoras con lo que se llama: <strong>cartuchos de cortes\u00eda, los cuales tienen menor rendimiento.<\/strong><\/p>\n\n\n\n<p>En pocas palabras tu puedes comprar una impresora que asegure imprimir 400 p\u00e1ginas con su consumible est\u00e1ndar, pero a la hora de la pr\u00e1ctica s\u00f3lo imprima unas pocas hojas. Esto se debe a que la m\u00e1quina usa un cartucho de cortes\u00eda con menos cantidad de tinta, pero pueden ser reemplazado por uno est\u00e1ndar o de mayor capacidad (cartucho XL) para mejorar su rendimiento.<\/p>\n\n\n\n<h2 class=\"wp-block-heading\">Impresora barata consumibles caros<\/h2>\n\n\n\n<p>No es una regla, pero normalmente <strong><a href=\"https:\/\/www.a4toner.com\/blog\/impresoras\/barata\/\" class=\"rank-math-link\">las impresoras econ\u00f3micas<\/a> no traen el cartucho est\u00e1ndar<\/strong>, sino que poseen cartuchos de cortes\u00eda lo que se traduce en mayor inversi\u00f3n de dinero; porque tendr\u00e1s que reemplazar los consumibles muy pronto y ademas en estos modelos <a href=\"https:\/\/www.a4toner.com\/blog\/cartuchos-de-tinta\/cartuchos-originalesque-soncuales-son-sus-ventajas\/\" class=\"rank-math-link\">los cartuchos originales<\/a> tienen un precio elevado.<\/p>\n\n\n\n<p>Por a\u00f1os las fabricantes de impresoras han apostado al modelo de marketing Freebie o mejor conocido: el negocio de las maquinillas de afeitar y sus hojillas. En esencia, marcas como HP, Epson, Canon o Brother te venden la impresora muy econ\u00f3mica; casi al precio de coste, porque las ganancias las obtendr\u00e1n con las <a href=\"https:\/\/www.a4toner.com\/\" class=\"rank-math-link\">ventas de los cartuchos<\/a>; los cuales tienen un precio extremadamente alto, tanto que un recambio puede valer lo mismo que una impresora nueva\u2026<\/p>\n\n\n\n<p>S\u00ed, <strong>el negocio de la impresora radica en los cartuchos de tinta<\/strong>, raz\u00f3n por la cual dichas empresas dejaron de incluir las tintas est\u00e1ndar, para incluir consumibles de cortes\u00eda con mucha menos cantidad de tinta; los cuales se gastan en un abrir y cerrar de ojos.<\/p>\n\n\n\n<h2 class=\"wp-block-heading\">\u00bfC\u00f3mo saber si la impresora que voy a comprar tienen cartuchos de cortes\u00eda?<\/h2>\n\n\n\n<p>No todas las impresoras vienen con consumibles de cortes\u00eda, en algunos casos traen sus cartuchos est\u00e1ndar. Sin embargo, es importante que leas con detenimiento las especificaciones del producto y preguntes si trae consumibles est\u00e1ndar, muchos fabricantes evitan hacer menci\u00f3n del uso de cartuchos de cortes\u00eda para que el cliente compre sin dudas.<\/p>\n\n\n\n<h2 class=\"wp-block-heading\">Los consumibles de cortes\u00eda no son \u00fanicamente para las impresoras de inyecci\u00f3n de tinta<\/h2>\n\n\n\n<p>Algunas personas piensan que al comprar una <a href=\"https:\/\/www.a4toner.com\/blog\/impresoras\/laser\/\" class=\"rank-math-link\">impresora l\u00e1ser<\/a> no deben preocuparse por los consumibles de cortes\u00eda, pero debes saber que existen t\u00f3neres y <a href=\"https:\/\/www.a4toner.com\/blog\/sirve-tambor-impresora\/\" class=\"rank-math-link\">tambores<\/a> de cortes\u00eda; con menor rendimiento y otro punto a destacar es que: deben ser desechados, no se pueden recargar.<\/p>\n\n\n\n<figure class=\"wp-block-image size-large\"><img loading=\"lazy\" decoding=\"async\" width=\"1024\" height=\"536\" src=\"https:\/\/www.a4toner.com\/blog\/wp-content\/uploads\/2020\/08\/Toner-incluido-al-comprar-la-impresora-1024x536.jpg\" alt=\"Toner incluido al comprar la impresora\" class=\"wp-image-6138\" title=\"\" srcset=\"https:\/\/www.a4toner.com\/blog\/wp-content\/uploads\/2020\/08\/Toner-incluido-al-comprar-la-impresora-1024x536.jpg 1024w, https:\/\/www.a4toner.com\/blog\/wp-content\/uploads\/2020\/08\/Toner-incluido-al-comprar-la-impresora-300x157.jpg 300w, https:\/\/www.a4toner.com\/blog\/wp-content\/uploads\/2020\/08\/Toner-incluido-al-comprar-la-impresora-768x402.jpg 768w, https:\/\/www.a4toner.com\/blog\/wp-content\/uploads\/2020\/08\/Toner-incluido-al-comprar-la-impresora-1200x628.jpg 1200w, https:\/\/www.a4toner.com\/blog\/wp-content\/uploads\/2020\/08\/Toner-incluido-al-comprar-la-impresora.jpg 1268w\" sizes=\"auto, (max-width: 1024px) 100vw, 1024px\" \/><figcaption>T\u00f3ner incluido al comprar la impresora<\/figcaption><\/figure>\n\n\n\n<p>En la actualidad muchas impresoras incluidas las de inyecci\u00f3n de tinta y las impresoras l\u00e1ser vienen con consumibles de cortes\u00eda. Es m\u00e1s, desde el punto de vista legal, el fabricante no hace mal; ya que este s\u00f3lo te vende la impresora y los consumibles incluidos los cartuchos, <a href=\"https:\/\/www.a4toner.com\/blog\/el-toner-que-es-y-como-funciona\/\" class=\"rank-math-link\">t\u00f3ner<\/a> o tambores son un regalo.<\/p>\n\n\n\n<h2 class=\"wp-block-heading\">Cuida tu tinta, que no hacer con tus consumibles de cortes\u00eda<\/h2>\n\n\n\n<p>Si t\u00fa impresora nueva trajo cartuchos de cortes\u00edas debes ser cuidadoso para no quedarte sin tinta, lo primero que debes hacer es:<\/p>\n\n\n\n<ol class=\"wp-block-list\"><li>Sabemos que es una impresora nueva y quieres probarla, es lo normal\u2026 Sin embargo, mientras tengas \u00fanicamente los cartuchos de cortes\u00eda evita hacer pruebas, usa tu impresora cuando la necesites.<\/li><li>Otro punto que es importante destacar es: <strong>no hagas <a href=\"https:\/\/www.a4toner.com\/blog\/consejos-de-impresion\/como-limpiar-un-cabezal-de-impresion-todos-los-trucos\/\" class=\"rank-math-link\">limpieza de cabezales<\/a><\/strong>, consume much\u00edsima tinta y es una impresora nueva; debe imprimir correctamente, si no es el caso has uso de tu garant\u00eda.<\/li><li>Puedes ahorrar tinta usando el <a href=\"https:\/\/www.a4toner.com\/blog\/modo-borrador\/\" class=\"rank-math-link\">modo borrador<\/a>, es muy eficiente y tambi\u00e9n te permite una impresi\u00f3n acelerada de documentos.<\/li><li>Y, por \u00faltimo, recuerda que hay otras opciones adem\u00e1s de los caros cartuchos originales, <a href=\"https:\/\/www.a4toner.com\/es\/cartuchos-y-toners-compatibles.html\" class=\"rank-math-link\">puedes comprar consumibles compatibles<\/a> y mejorar el rendimiento de tu impresora.<\/li><\/ol>\n\n\n\n<p>Hoy en d\u00eda la tinta no es tan cara si sabes d\u00f3nde buscar, a pesar de la mala fama creada por las marcas como HP, Epson y Brother los <a href=\"https:\/\/www.a4toner.com\/blog\/cartuchos-de-tinta\/compatibles\/\" class=\"rank-math-link\">cartuchos compatibles<\/a> te brindan excelente rendimiento, no da\u00f1an tu impresora y si los adquieres de la gama Premium tambi\u00e9n gozan de alta calidad.<\/p>\n\n\n\n<p>Si buscas tintas de <strong>alta calidad y bajo precio AQU\u00cd en A4Toner<\/strong> te tenemos la m\u00e1s amplia selecci\u00f3n de cartuchos, t\u00f3neres y m\u00e1s, s\u00f3lo cont\u00e1ctanos y te asesoramos con gusto.<\/p>\n","protected":false},"excerpt":{"rendered":"<p>Cartucho de cortes\u00eda: Seguramente has o\u00eddo expresiones, como: mejor me compr\u00f3 una impresora nueva cuando se acaben los cartuchos\u2026 Y es que, la tinta vale como oro l\u00edquido, pero no es una idea acertada \u00bfSabes por qu\u00e9? Simple, te lo resumo en tres palabras: cartuchos de cortes\u00eda. S\u00ed, existen los consumibles de \u00abcortes\u00eda\u201d y son [&hellip;]<\/p>\n","protected":false},"author":3,"featured_media":6131,"parent":2761,"menu_order":0,"comment_status":"closed","ping_status":"closed","template":"","meta":{"_bbp_topic_count":0,"_bbp_reply_count":0,"_bbp_total_topic_count":0,"_bbp_total_reply_count":0,"_bbp_voice_count":0,"_bbp_anonymous_reply_count":0,"_bbp_topic_count_hidden":0,"_bbp_reply_count_hidden":0,"_bbp_forum_subforum_count":0,"site-sidebar-layout":"default","site-content-layout":"","ast-site-content-layout":"default","site-content-style":"default","site-sidebar-style":"default","ast-global-header-display":"","ast-banner-title-visibility":"","ast-main-header-display":"","ast-hfb-above-header-display":"","ast-hfb-below-header-display":"","ast-hfb-mobile-header-display":"","site-post-title":"","ast-breadcrumbs-content":"","ast-featured-img":"","footer-sml-layout":"","theme-transparent-header-meta":"","adv-header-id-meta":"","stick-header-meta":"","header-above-stick-meta":"","header-main-stick-meta":"","header-below-stick-meta":"","astra-migrate-meta-layouts":"default","ast-page-background-enabled":"default","ast-page-background-meta":{"desktop":{"background-color":"","background-image":"","background-repeat":"repeat","background-position":"center center","background-size":"auto","background-attachment":"scroll","background-type":"","background-media":"","overlay-type":"","overlay-color":"","overlay-opacity":"","overlay-gradient":""},"tablet":{"background-color":"","background-image":"","background-repeat":"repeat","background-position":"center center","background-size":"auto","background-attachment":"scroll","background-type":"","background-media":"","overlay-type":"","overlay-color":"","overlay-opacity":"","overlay-gradient":""},"mobile":{"background-color":"","background-image":"","background-repeat":"repeat","background-position":"center center","background-size":"auto","background-attachment":"scroll","background-type":"","background-media":"","overlay-type":"","overlay-color":"","overlay-opacity":"","overlay-gradient":""}},"ast-content-background-meta":{"desktop":{"background-color":"var(--ast-global-color-5)","background-image":"","background-repeat":"repeat","background-position":"center center","background-size":"auto","background-attachment":"scroll","background-type":"","background-media":"","overlay-type":"","overlay-color":"","overlay-opacity":"","overlay-gradient":""},"tablet":{"background-color":"var(--ast-global-color-5)","background-image":"","background-repeat":"repeat","background-position":"center center","background-size":"auto","background-attachment":"scroll","background-type":"","background-media":"","overlay-type":"","overlay-color":"","overlay-opacity":"","overlay-gradient":""},"mobile":{"background-color":"var(--ast-global-color-5)","background-image":"","background-repeat":"repeat","background-position":"center center","background-size":"auto","background-attachment":"scroll","background-type":"","background-media":"","overlay-type":"","overlay-color":"","overlay-opacity":"","overlay-gradient":""}},"footnotes":""},"class_list":["post-6130","page","type-page","status-publish","has-post-thumbnail","hentry"],"_links":{"self":[{"href":"https:\/\/www.a4toner.com\/blog\/wp-json\/wp\/v2\/pages\/6130","targetHints":{"allow":["GET"]}}],"collection":[{"href":"https:\/\/www.a4toner.com\/blog\/wp-json\/wp\/v2\/pages"}],"about":[{"href":"https:\/\/www.a4toner.com\/blog\/wp-json\/wp\/v2\/types\/page"}],"author":[{"embeddable":true,"href":"https:\/\/www.a4toner.com\/blog\/wp-json\/wp\/v2\/users\/3"}],"replies":[{"embeddable":true,"href":"https:\/\/www.a4toner.com\/blog\/wp-json\/wp\/v2\/comments?post=6130"}],"version-history":[{"count":3,"href":"https:\/\/www.a4toner.com\/blog\/wp-json\/wp\/v2\/pages\/6130\/revisions"}],"predecessor-version":[{"id":6139,"href":"https:\/\/www.a4toner.com\/blog\/wp-json\/wp\/v2\/pages\/6130\/revisions\/6139"}],"up":[{"embeddable":true,"href":"https:\/\/www.a4toner.com\/blog\/wp-json\/wp\/v2\/pages\/2761"}],"wp:featuredmedia":[{"embeddable":true,"href":"https:\/\/www.a4toner.com\/blog\/wp-json\/wp\/v2\/media\/6131"}],"wp:attachment":[{"href":"https:\/\/www.a4toner.com\/blog\/wp-json\/wp\/v2\/media?parent=6130"}],"curies":[{"name":"wp","href":"https:\/\/api.w.org\/{rel}","templated":true}]}}