{"id":8928,"date":"2021-10-21T11:45:19","date_gmt":"2021-10-21T09:45:19","guid":{"rendered":"https:\/\/www.a4toner.com\/blog\/?page_id=8928"},"modified":"2021-10-21T12:08:54","modified_gmt":"2021-10-21T10:08:54","slug":"como-degradar-el-firmware-en-las-impresoras-de-hp-y-vuelvan-a-funcionar-con-tus-consumibles","status":"publish","type":"page","link":"https:\/\/www.a4toner.com\/blog\/como-degradar-el-firmware-en-las-impresoras-de-hp-y-vuelvan-a-funcionar-con-tus-consumibles\/","title":{"rendered":"C\u00f3mo degradar el firmware en las impresoras de HP, y vuelvan a funcionar con tus consumibles."},"content":{"rendered":"\n<figure class=\"wp-block-gallery columns-1 is-cropped wp-block-gallery-2 is-layout-flex wp-block-gallery-is-layout-flex\"><ul class=\"blocks-gallery-grid\"><li class=\"blocks-gallery-item\"><figure><a href=\"https:\/\/www.a4toner.com\/blog\/wp-content\/uploads\/2021\/10\/Degradacion-firmware-para-impresoras-HP-min.png\"><img loading=\"lazy\" decoding=\"async\" width=\"800\" height=\"400\" src=\"https:\/\/www.a4toner.com\/blog\/wp-content\/uploads\/2021\/10\/Degradacion-firmware-para-impresoras-HP-min.png\" alt=\"\" data-id=\"8929\" data-full-url=\"https:\/\/www.a4toner.com\/blog\/wp-content\/uploads\/2021\/10\/Degradacion-firmware-para-impresoras-HP-min.png\" data-link=\"https:\/\/www.a4toner.com\/blog\/?attachment_id=8929\" class=\"wp-image-8929\" title=\"\" srcset=\"https:\/\/www.a4toner.com\/blog\/wp-content\/uploads\/2021\/10\/Degradacion-firmware-para-impresoras-HP-min.png 800w, https:\/\/www.a4toner.com\/blog\/wp-content\/uploads\/2021\/10\/Degradacion-firmware-para-impresoras-HP-min-300x150.png 300w, https:\/\/www.a4toner.com\/blog\/wp-content\/uploads\/2021\/10\/Degradacion-firmware-para-impresoras-HP-min-768x384.png 768w\" sizes=\"auto, (max-width: 800px) 100vw, 800px\" \/><\/a><\/figure><\/li><\/ul><\/figure>\n\n\n\n<h1 class=\"wp-block-heading\">C\u00f3mo degradar el firmware de las impresoras HP<\/h1>\n\n\n\n<p>Si tu cartucho de tinta o t\u00f3ner compatible te deja de funcionar es motivado a que HP est\u00e1 actualizando constantemente el firmware de sus impresoras, antes solo lo hacia desde Windows 10 pero ahora est\u00e1 implementando las actualizaciones directamente desde los chips de los propios t\u00f3ner y cartuchos.<\/p>\n\n\n\n<h5 class=\"wp-block-heading\">Este hecho est\u00e1 provocando que a pesar de haber indicado que no quiere que se instalen actualizaciones en su impresora, su equipo se actualice para que los consumibles originales fabricados despu\u00e9s de x fecha no se vuelvan a reciclar y reutilizar.<\/h5>\n\n\n\n<p>Sabemos que es una p\u00e9rdida de dinero el tener que deshacerse de unos cartuchos o t\u00f3ner, que has instalado recientemente y m\u00e1s si a\u00fan les quedan muchas impresiones por realizar, a causa de una actualizaci\u00f3n a la que que t\u00fa no has dado consentimiento<\/p>\n\n\n\n<p>Creemos que para poder actualizar el firmware de la impresora; primero le tendr\u00edan que pedir permiso y segundo avisar que, para garantizar la seguridad, puede que pierdas los cartuchos que estas usando y se queden inservibles.<\/p>\n\n\n\n<p>Con este procedimiento que te proponemos podr\u00e1s degradar el firmware de la impresora al que tenias cuando los consumibles te funcionaban bien, y as\u00ed poder aprovechar al m\u00e1ximo el rendimiento de tus consumibles.<\/p>\n\n\n\n<p>Le sugerimos que en comentarios o en <a href=\"mailto:comercial@a4toner.com\">comercial@a4toner.com<\/a> nos indiqu\u00e9is el modelo de vuestra impresora y as\u00ed os podremos facilitar la informaci\u00f3n para descargar e instalar la versi\u00f3n antigua del firmware de su impresora. Puede entrar en la web de <a href=\"https:\/\/www.a4toner.com\" data-type=\"URL\" data-id=\"www.a4toner.com\">A4toner<\/a> y dec\u00edrnoslo tambi\u00e9n en el chat.<\/p>\n\n\n\n<h2 class=\"wp-block-heading\">Le explicamos como instalar el firmware anterior, para utilizar los cartuchos que ya tiene.<\/h2>\n\n\n\n<p>En la p\u00e1gina de soporte t\u00e9cnico de Hp iremos y buscaremos el software anterior a la fecha de la \u00faltima actualizaci\u00f3n. Sino sabemos cual es buscamos una de cuando compramos la impresora.<\/p>\n\n\n\n<p>Para instalar este nuevo software:<\/p>\n\n\n\n<ul class=\"wp-block-list\"><li>Quitamos todos los cartuchos de nuestra impresora.<\/li><li>Apagamos la impresora y desconectamos el usb que va al ordenador.<\/li><li>Entramos en Inicio\/todos los programas<\/li><li>Buscamos el software de la impresora y lo desinstalamos<\/li><li>Descargamos el nuevo software<\/li><li>Antes de enchufar de nuevo el cable de usb de la impresora, desactivamos la <a href=\"https:\/\/www.a4toner.com\/blog\/?s=actualizacion\" data-type=\"URL\" data-id=\"https:\/\/www.a4toner.com\/blog\/?s=actualizacion\">actualizaci\u00f3n de software<\/a> directamente en la impresora, te lo explicamos en otra entrada de nuestro blog.<\/li><li>Una vez actualizado, encendemos de nuevo la impresora, conectamos y cuando nos pida los cartuchos, se los ponemos.<\/li><\/ul>\n\n\n\n<p><img decoding=\"async\" srcset=\"https:\/\/quecartucho.es\/blog\/wp-content\/uploads\/2020\/12\/\u00bfComo-instalo-el-firmware-anterior-para-usar-mis-cartuchos-de-tinta-compatibles.png 679w, https:\/\/quecartucho.es\/blog\/wp-content\/uploads\/2020\/12\/\u00bfComo-instalo-el-firmware-anterior-para-usar-mis-cartuchos-de-tinta-compatibles-300x208.png 300w, https:\/\/quecartucho.es\/blog\/wp-content\/uploads\/2020\/12\/\u00bfComo-instalo-el-firmware-anterior-para-usar-mis-cartuchos-de-tinta-compatibles-150x104.png 150w\" alt=\"\u00bfC\u00f3mo instalo el firmware anterior para usar mis cartuchos de tinta compatibles?\" src=\"https:\/\/quecartucho.es\/blog\/wp-content\/uploads\/2020\/12\/%C2%BFComo-instalo-el-firmware-anterior-para-usar-mis-cartuchos-de-tinta-compatibles.png\" title=\"\"><\/p>\n\n\n\n<h2 class=\"wp-block-heading\">Para degradar la serie CF500<\/h2>\n\n\n\n<p>HP cre\u00f3 un nuevo firmware para las impresoras utilizadas con los cartuchos de la serie CF500 recibido a trav\u00e9s de la red WiFi y por cable.<\/p>\n\n\n\n<p>Esto hace que los chips de los compatibles no sean reconocidos por la impresora actualizada correspondiente y da error de tinta.<\/p>\n\n\n\n<p>Para solucionar en estos casos, desenchufe el USB de su impresora de su ordenador, y siga estos pasos.<\/p>\n\n\n\n<ol class=\"wp-block-list\"><li><strong>Buscar el c\u00f3digo de datos del firmware<\/strong><\/li><\/ol>\n\n\n\n<p>Seleccione \u00abSystem Setup\u00bb en el men\u00fa de configuraci\u00f3n y haga clic en \u00abFirmware Datecode\u00bb.<\/p>\n\n\n\n<figure class=\"wp-block-gallery columns-1 is-cropped wp-block-gallery-3 is-layout-flex wp-block-gallery-is-layout-flex\"><ul class=\"blocks-gallery-grid\"><li class=\"blocks-gallery-item\"><figure><a href=\"https:\/\/www.a4toner.com\/blog\/wp-content\/uploads\/2021\/10\/A-min.png\"><img loading=\"lazy\" decoding=\"async\" width=\"600\" height=\"400\" src=\"https:\/\/www.a4toner.com\/blog\/wp-content\/uploads\/2021\/10\/A-min.png\" alt=\"\" data-id=\"8931\" data-full-url=\"https:\/\/www.a4toner.com\/blog\/wp-content\/uploads\/2021\/10\/A-min.png\" data-link=\"https:\/\/www.a4toner.com\/blog\/?attachment_id=8931\" class=\"wp-image-8931\" title=\"\" srcset=\"https:\/\/www.a4toner.com\/blog\/wp-content\/uploads\/2021\/10\/A-min.png 600w, https:\/\/www.a4toner.com\/blog\/wp-content\/uploads\/2021\/10\/A-min-300x200.png 300w\" sizes=\"auto, (max-width: 600px) 100vw, 600px\" \/><\/a><\/figure><\/li><\/ul><\/figure>\n\n\n\n<ol class=\"wp-block-list\" start=\"2\"><li><strong>Desactivar \u00abComprobar autom\u00e1ticamente\u00bb y \u00abPermitir actualizaciones\u00bb<\/strong><\/li><\/ol>\n\n\n\n<p>Si la versi\u00f3n del firmware no es la 20201021, puede desactivar \u00abComprobar autom\u00e1ticamente\u00bb y \u00abPermitir actualizaciones\u00bb para evitar la actualizaci\u00f3n.<\/p>\n\n\n\n<ul class=\"wp-block-list\"><li>Haga clic en Actualizaci\u00f3n de LaserJet<\/li><li>Seleccione Gestionar actualizaciones<\/li><li>Elija \u00abComprobar autom\u00e1ticamente\u00bb y \u00abPermitir actualizaciones\u00bb<\/li><li>Elija No<\/li><\/ul>\n\n\n\n<figure class=\"wp-block-gallery columns-1 is-cropped wp-block-gallery-4 is-layout-flex wp-block-gallery-is-layout-flex\"><ul class=\"blocks-gallery-grid\"><li class=\"blocks-gallery-item\"><figure><a href=\"https:\/\/www.a4toner.com\/blog\/wp-content\/uploads\/2021\/10\/B-min.png\"><img loading=\"lazy\" decoding=\"async\" width=\"600\" height=\"400\" src=\"https:\/\/www.a4toner.com\/blog\/wp-content\/uploads\/2021\/10\/B-min.png\" alt=\"\" data-id=\"8932\" data-full-url=\"https:\/\/www.a4toner.com\/blog\/wp-content\/uploads\/2021\/10\/B-min.png\" data-link=\"https:\/\/www.a4toner.com\/blog\/?attachment_id=8932\" class=\"wp-image-8932\" title=\"\" srcset=\"https:\/\/www.a4toner.com\/blog\/wp-content\/uploads\/2021\/10\/B-min.png 600w, https:\/\/www.a4toner.com\/blog\/wp-content\/uploads\/2021\/10\/B-min-300x200.png 300w\" sizes=\"auto, (max-width: 600px) 100vw, 600px\" \/><\/a><\/figure><\/li><\/ul><\/figure>\n\n\n\n<ol class=\"wp-block-list\" start=\"3\"><li><strong>Permitir el downgrade<\/strong><\/li><\/ol>\n\n\n\n<p>Si la versi\u00f3n del firmware de la impresora es la m\u00e1s reciente, 20201021, se recomienda bajar el firmware a una versi\u00f3n anterior.<\/p>\n\n\n\n<figure class=\"wp-block-gallery columns-1 is-cropped wp-block-gallery-5 is-layout-flex wp-block-gallery-is-layout-flex\"><ul class=\"blocks-gallery-grid\"><li class=\"blocks-gallery-item\"><figure><a href=\"https:\/\/www.a4toner.com\/blog\/wp-content\/uploads\/2021\/10\/c-min.png\"><img loading=\"lazy\" decoding=\"async\" width=\"600\" height=\"400\" src=\"https:\/\/www.a4toner.com\/blog\/wp-content\/uploads\/2021\/10\/c-min.png\" alt=\"\" data-id=\"8933\" data-full-url=\"https:\/\/www.a4toner.com\/blog\/wp-content\/uploads\/2021\/10\/c-min.png\" data-link=\"https:\/\/www.a4toner.com\/blog\/?attachment_id=8933\" class=\"wp-image-8933\" title=\"\" srcset=\"https:\/\/www.a4toner.com\/blog\/wp-content\/uploads\/2021\/10\/c-min.png 600w, https:\/\/www.a4toner.com\/blog\/wp-content\/uploads\/2021\/10\/c-min-300x200.png 300w\" sizes=\"auto, (max-width: 600px) 100vw, 600px\" \/><\/a><\/figure><\/li><\/ul><\/figure>\n\n\n\n<p><strong>4. Descargar el firmware antiguo<\/strong><\/p>\n\n\n\n<figure class=\"wp-block-embed is-type-video is-provider-youtube wp-block-embed-youtube wp-embed-aspect-16-9 wp-has-aspect-ratio\"><div class=\"wp-block-embed__wrapper\">\n<iframe loading=\"lazy\" title=\"HP CF500 Series Firmware Download Guide\" width=\"500\" height=\"281\" src=\"https:\/\/www.youtube.com\/embed\/x49Y8aFxmRc?feature=oembed\" frameborder=\"0\" allow=\"accelerometer; autoplay; clipboard-write; encrypted-media; gyroscope; picture-in-picture; web-share\" referrerpolicy=\"strict-origin-when-cross-origin\" allowfullscreen><\/iframe>\n<\/div><\/figure>\n\n\n\n<p><strong>5. Env\u00ede el firmware despu\u00e9s de elegir la impresora correspondiente.<\/strong><\/p>\n\n\n\n<figure class=\"wp-block-gallery columns-1 is-cropped wp-block-gallery-6 is-layout-flex wp-block-gallery-is-layout-flex\"><ul class=\"blocks-gallery-grid\"><li class=\"blocks-gallery-item\"><figure><a href=\"https:\/\/www.a4toner.com\/blog\/wp-content\/uploads\/2021\/10\/20201105171345_40866.png\"><img loading=\"lazy\" decoding=\"async\" width=\"814\" height=\"351\" src=\"https:\/\/www.a4toner.com\/blog\/wp-content\/uploads\/2021\/10\/20201105171345_40866.png\" alt=\"\" data-id=\"8934\" data-full-url=\"https:\/\/www.a4toner.com\/blog\/wp-content\/uploads\/2021\/10\/20201105171345_40866.png\" data-link=\"https:\/\/www.a4toner.com\/blog\/?attachment_id=8934\" class=\"wp-image-8934\" title=\"\" srcset=\"https:\/\/www.a4toner.com\/blog\/wp-content\/uploads\/2021\/10\/20201105171345_40866.png 814w, https:\/\/www.a4toner.com\/blog\/wp-content\/uploads\/2021\/10\/20201105171345_40866-300x129.png 300w, https:\/\/www.a4toner.com\/blog\/wp-content\/uploads\/2021\/10\/20201105171345_40866-768x331.png 768w\" sizes=\"auto, (max-width: 814px) 100vw, 814px\" \/><\/a><\/figure><\/li><\/ul><\/figure>\n\n\n\n<p>El fir<strong>mware se actualizar\u00e1 en cinco minutos. <\/strong><\/p>\n\n\n\n<figure class=\"wp-block-gallery columns-1 is-cropped wp-block-gallery-7 is-layout-flex wp-block-gallery-is-layout-flex\"><ul class=\"blocks-gallery-grid\"><li class=\"blocks-gallery-item\"><figure><a href=\"https:\/\/www.a4toner.com\/blog\/wp-content\/uploads\/2021\/10\/firmware-actualizado-cf500.png\"><img loading=\"lazy\" decoding=\"async\" width=\"585\" height=\"259\" src=\"https:\/\/www.a4toner.com\/blog\/wp-content\/uploads\/2021\/10\/firmware-actualizado-cf500.png\" alt=\"\" data-id=\"8936\" data-full-url=\"https:\/\/www.a4toner.com\/blog\/wp-content\/uploads\/2021\/10\/firmware-actualizado-cf500.png\" data-link=\"https:\/\/www.a4toner.com\/blog\/?attachment_id=8936\" class=\"wp-image-8936\" title=\"\" srcset=\"https:\/\/www.a4toner.com\/blog\/wp-content\/uploads\/2021\/10\/firmware-actualizado-cf500.png 585w, https:\/\/www.a4toner.com\/blog\/wp-content\/uploads\/2021\/10\/firmware-actualizado-cf500-300x133.png 300w\" sizes=\"auto, (max-width: 585px) 100vw, 585px\" \/><\/a><\/figure><\/li><\/ul><\/figure>\n\n\n\n<p>Le recomendamos que se guarde este archivo, puesto que hp podr\u00eda volver a cambi\u00e1rselo, es por ello importante que configure su impresora y ordenador para que no se actualice autom\u00e1ticamente.<\/p>\n\n\n\n<p>Por \u00faltimo conectar de nuevo la impresora con el USB.<\/p>\n\n\n\n<p><strong>Y ahora que ya te funciona la impresora, ya lo sabes, en a4toner te vendemos tus <a href=\"https:\/\/www.a4toner.com\">consumibles de calidad<\/a> y a buen precio.<\/strong><\/p>\n","protected":false},"excerpt":{"rendered":"<p>C\u00f3mo degradar el firmware de las impresoras HP Si tu cartucho de tinta o t\u00f3ner compatible te deja de funcionar es motivado a que HP est\u00e1 actualizando constantemente el firmware de sus impresoras, antes solo lo hacia desde Windows 10 pero ahora est\u00e1 implementando las actualizaciones directamente desde los chips de los propios t\u00f3ner y [&hellip;]<\/p>\n","protected":false},"author":4,"featured_media":0,"parent":0,"menu_order":0,"comment_status":"closed","ping_status":"closed","template":"","meta":{"_bbp_topic_count":0,"_bbp_reply_count":0,"_bbp_total_topic_count":0,"_bbp_total_reply_count":0,"_bbp_voice_count":0,"_bbp_anonymous_reply_count":0,"_bbp_topic_count_hidden":0,"_bbp_reply_count_hidden":0,"_bbp_forum_subforum_count":0,"site-sidebar-layout":"default","site-content-layout":"default","ast-site-content-layout":"default","site-content-style":"default","site-sidebar-style":"default","ast-global-header-display":"","ast-banner-title-visibility":"","ast-main-header-display":"","ast-hfb-above-header-display":"","ast-hfb-below-header-display":"","ast-hfb-mobile-header-display":"","site-post-title":"","ast-breadcrumbs-content":"","ast-featured-img":"","footer-sml-layout":"","theme-transparent-header-meta":"default","adv-header-id-meta":"","stick-header-meta":"","header-above-stick-meta":"","header-main-stick-meta":"","header-below-stick-meta":"","astra-migrate-meta-layouts":"default","ast-page-background-enabled":"default","ast-page-background-meta":{"desktop":{"background-color":"","background-image":"","background-repeat":"repeat","background-position":"center center","background-size":"auto","background-attachment":"scroll","background-type":"","background-media":"","overlay-type":"","overlay-color":"","overlay-opacity":"","overlay-gradient":""},"tablet":{"background-color":"","background-image":"","background-repeat":"repeat","background-position":"center center","background-size":"auto","background-attachment":"scroll","background-type":"","background-media":"","overlay-type":"","overlay-color":"","overlay-opacity":"","overlay-gradient":""},"mobile":{"background-color":"","background-image":"","background-repeat":"repeat","background-position":"center center","background-size":"auto","background-attachment":"scroll","background-type":"","background-media":"","overlay-type":"","overlay-color":"","overlay-opacity":"","overlay-gradient":""}},"ast-content-background-meta":{"desktop":{"background-color":"var(--ast-global-color-5)","background-image":"","background-repeat":"repeat","background-position":"center center","background-size":"auto","background-attachment":"scroll","background-type":"","background-media":"","overlay-type":"","overlay-color":"","overlay-opacity":"","overlay-gradient":""},"tablet":{"background-color":"var(--ast-global-color-5)","background-image":"","background-repeat":"repeat","background-position":"center center","background-size":"auto","background-attachment":"scroll","background-type":"","background-media":"","overlay-type":"","overlay-color":"","overlay-opacity":"","overlay-gradient":""},"mobile":{"background-color":"var(--ast-global-color-5)","background-image":"","background-repeat":"repeat","background-position":"center center","background-size":"auto","background-attachment":"scroll","background-type":"","background-media":"","overlay-type":"","overlay-color":"","overlay-opacity":"","overlay-gradient":""}},"footnotes":""},"class_list":["post-8928","page","type-page","status-publish","hentry"],"_links":{"self":[{"href":"https:\/\/www.a4toner.com\/blog\/wp-json\/wp\/v2\/pages\/8928","targetHints":{"allow":["GET"]}}],"collection":[{"href":"https:\/\/www.a4toner.com\/blog\/wp-json\/wp\/v2\/pages"}],"about":[{"href":"https:\/\/www.a4toner.com\/blog\/wp-json\/wp\/v2\/types\/page"}],"author":[{"embeddable":true,"href":"https:\/\/www.a4toner.com\/blog\/wp-json\/wp\/v2\/users\/4"}],"replies":[{"embeddable":true,"href":"https:\/\/www.a4toner.com\/blog\/wp-json\/wp\/v2\/comments?post=8928"}],"version-history":[{"count":8,"href":"https:\/\/www.a4toner.com\/blog\/wp-json\/wp\/v2\/pages\/8928\/revisions"}],"predecessor-version":[{"id":8949,"href":"https:\/\/www.a4toner.com\/blog\/wp-json\/wp\/v2\/pages\/8928\/revisions\/8949"}],"wp:attachment":[{"href":"https:\/\/www.a4toner.com\/blog\/wp-json\/wp\/v2\/media?parent=8928"}],"curies":[{"name":"wp","href":"https:\/\/api.w.org\/{rel}","templated":true}]}}