{"id":8950,"date":"2021-10-26T11:50:42","date_gmt":"2021-10-26T09:50:42","guid":{"rendered":"https:\/\/www.a4toner.com\/blog\/?page_id=8950"},"modified":"2022-03-04T14:15:18","modified_gmt":"2022-03-04T13:15:18","slug":"storytelling","status":"publish","type":"page","link":"https:\/\/www.a4toner.com\/blog\/storytelling\/","title":{"rendered":"Storytelling"},"content":{"rendered":"<div class=\"pt-cv-wrapper\"><div class=\"pt-cv-view pt-cv-grid pt-cv-colsys\" id=\"pt-cv-view-5fadb024cu\"><div data-id=\"pt-cv-page-1\" class=\"pt-cv-page\" data-cvc=\"2\"><div class=\"col-md-6 col-sm-6 col-xs-12 pt-cv-content-item pt-cv-1-col\" ><div class='pt-cv-ifield'><a href=\"https:\/\/www.a4toner.com\/blog\/storytelling\/la-solucion-a-tus-problemas-de-suministros-de-oficina\/\" class=\"_self pt-cv-href-thumbnail pt-cv-thumb-default\" target=\"_self\" ><img loading=\"lazy\" decoding=\"async\" width=\"480\" height=\"317\" src=\"https:\/\/www.a4toner.com\/blog\/wp-content\/uploads\/2023\/03\/20.jpg\" class=\"pt-cv-thumbnail\" alt=\"\" srcset=\"https:\/\/www.a4toner.com\/blog\/wp-content\/uploads\/2023\/03\/20.jpg 480w, https:\/\/www.a4toner.com\/blog\/wp-content\/uploads\/2023\/03\/20-300x198.jpg 300w\" sizes=\"auto, (max-width: 480px) 100vw, 480px\" title=\"\"><\/a>\n<h2 class=\"pt-cv-title\"><a href=\"https:\/\/www.a4toner.com\/blog\/storytelling\/la-solucion-a-tus-problemas-de-suministros-de-oficina\/\" class=\"_self\" target=\"_self\" >La soluci\u00f3n a tus problemas de suministros de oficina.<\/a><\/h2>\n<div class=\"pt-cv-content\">Hola queremos explicarte una historia:Hab\u00eda una vez una oficina en la ciudad, donde trabajaban un grupo de empleados muy unidos y entregados a su trabajo. Cada d\u00eda, llegaban temprano y se pon\u00edan manos a la obra, trabajando duro para cumplir ...<br \/><div class=\"pt-cv-rmwrap\"><a href=\"https:\/\/www.a4toner.com\/blog\/storytelling\/la-solucion-a-tus-problemas-de-suministros-de-oficina\/\" class=\"_self pt-cv-readmore btn btn-success\" target=\"_self\">Leer M\u00e1s<\/a><\/div><\/div><\/div><\/div>\n<div class=\"col-md-6 col-sm-6 col-xs-12 pt-cv-content-item pt-cv-1-col\" ><div class='pt-cv-ifield'><a href=\"https:\/\/www.a4toner.com\/blog\/storytelling\/la-razon-numero-uno\/\" class=\"_self pt-cv-href-thumbnail pt-cv-thumb-default\" target=\"_self\" ><img loading=\"lazy\" decoding=\"async\" width=\"1024\" height=\"683\" src=\"https:\/\/www.a4toner.com\/blog\/wp-content\/uploads\/2022\/03\/tienda-a4toner-cn-chica-1-1024x683.jpg\" class=\"pt-cv-thumbnail\" alt=\"a4toner tienda\" srcset=\"https:\/\/www.a4toner.com\/blog\/wp-content\/uploads\/2022\/03\/tienda-a4toner-cn-chica-1-1024x683.jpg 1024w, https:\/\/www.a4toner.com\/blog\/wp-content\/uploads\/2022\/03\/tienda-a4toner-cn-chica-1-300x200.jpg 300w, https:\/\/www.a4toner.com\/blog\/wp-content\/uploads\/2022\/03\/tienda-a4toner-cn-chica-1-768x512.jpg 768w, https:\/\/www.a4toner.com\/blog\/wp-content\/uploads\/2022\/03\/tienda-a4toner-cn-chica-1.jpg 1200w\" sizes=\"auto, (max-width: 1024px) 100vw, 1024px\" title=\"\"><\/a>\n<h2 class=\"pt-cv-title\"><a href=\"https:\/\/www.a4toner.com\/blog\/storytelling\/la-razon-numero-uno\/\" class=\"_self\" target=\"_self\" >La Raz\u00f3n N\u00famero Uno<\/a><\/h2>\n<div class=\"pt-cv-content\">Cuando era peque\u00f1a no exist\u00edan las tiendas online. Hoy es el pan de cada d\u00eda, pero en aquel entonces no hab\u00eda ni internet\u2026 Antes de parecer un \u201ccarcamal\u201d te explico por qu\u00e9 te cuento esto. Me encantaba la papeler\u00eda de ...<br \/><div class=\"pt-cv-rmwrap\"><a href=\"https:\/\/www.a4toner.com\/blog\/storytelling\/la-razon-numero-uno\/\" class=\"_self pt-cv-readmore btn btn-success\" target=\"_self\">Leer M\u00e1s<\/a><\/div><\/div><\/div><\/div>\n<div class=\"col-md-6 col-sm-6 col-xs-12 pt-cv-content-item pt-cv-1-col\" ><div class='pt-cv-ifield'><a href=\"https:\/\/www.a4toner.com\/blog\/storytelling\/atrevete-a-probar\/\" class=\"_self pt-cv-href-thumbnail pt-cv-thumb-default\" target=\"_self\" ><img loading=\"lazy\" decoding=\"async\" width=\"1024\" height=\"682\" src=\"https:\/\/www.a4toner.com\/blog\/wp-content\/uploads\/2022\/01\/atrevete-a-probar-1024x682.jpeg\" class=\"pt-cv-thumbnail\" alt=\"\" srcset=\"https:\/\/www.a4toner.com\/blog\/wp-content\/uploads\/2022\/01\/atrevete-a-probar-1024x682.jpeg 1024w, https:\/\/www.a4toner.com\/blog\/wp-content\/uploads\/2022\/01\/atrevete-a-probar-300x200.jpeg 300w, https:\/\/www.a4toner.com\/blog\/wp-content\/uploads\/2022\/01\/atrevete-a-probar-768x512.jpeg 768w, https:\/\/www.a4toner.com\/blog\/wp-content\/uploads\/2022\/01\/atrevete-a-probar-1536x1024.jpeg 1536w, https:\/\/www.a4toner.com\/blog\/wp-content\/uploads\/2022\/01\/atrevete-a-probar.jpeg 1880w\" sizes=\"auto, (max-width: 1024px) 100vw, 1024px\" title=\"\"><\/a>\n<h2 class=\"pt-cv-title\"><a href=\"https:\/\/www.a4toner.com\/blog\/storytelling\/atrevete-a-probar\/\" class=\"_self\" target=\"_self\" >\u00a1Atr\u00e9vete a probar!<\/a><\/h2>\n<div class=\"pt-cv-content\">El miedo a lo nuevo, a lo desconocido, a llover sobre mojado\u2026\u00bfQu\u00e9 te queremos decir?Te lo cuento.Soy aut\u00f3nomo como tantos miles de personas en Espa\u00f1a, necesito hacer malabares para que los n\u00fameros cuadren y TODO vaya bien.Sobrevivimos bien en parte ...<br \/><div class=\"pt-cv-rmwrap\"><a href=\"https:\/\/www.a4toner.com\/blog\/storytelling\/atrevete-a-probar\/\" class=\"_self pt-cv-readmore btn btn-success\" target=\"_self\">Leer M\u00e1s<\/a><\/div><\/div><\/div><\/div>\n<div class=\"col-md-6 col-sm-6 col-xs-12 pt-cv-content-item pt-cv-1-col\" ><div class='pt-cv-ifield'><a href=\"https:\/\/www.a4toner.com\/blog\/storytelling\/el-error-que-cometen-casi-todas-las-tiendas-de-tinta\/\" class=\"_self pt-cv-href-thumbnail pt-cv-thumb-default\" target=\"_self\" ><img loading=\"lazy\" decoding=\"async\" width=\"1024\" height=\"683\" src=\"https:\/\/www.a4toner.com\/blog\/wp-content\/uploads\/2021\/10\/comprar-en-tiendas-de-cartuchos-de-tinta-1024x683.jpeg\" class=\"pt-cv-thumbnail\" alt=\"\" srcset=\"https:\/\/www.a4toner.com\/blog\/wp-content\/uploads\/2021\/10\/comprar-en-tiendas-de-cartuchos-de-tinta-1024x683.jpeg 1024w, https:\/\/www.a4toner.com\/blog\/wp-content\/uploads\/2021\/10\/comprar-en-tiendas-de-cartuchos-de-tinta-300x200.jpeg 300w, https:\/\/www.a4toner.com\/blog\/wp-content\/uploads\/2021\/10\/comprar-en-tiendas-de-cartuchos-de-tinta-768x512.jpeg 768w, https:\/\/www.a4toner.com\/blog\/wp-content\/uploads\/2021\/10\/comprar-en-tiendas-de-cartuchos-de-tinta.jpeg 1200w\" sizes=\"auto, (max-width: 1024px) 100vw, 1024px\" title=\"\"><\/a>\n<h2 class=\"pt-cv-title\"><a href=\"https:\/\/www.a4toner.com\/blog\/storytelling\/el-error-que-cometen-casi-todas-las-tiendas-de-tinta\/\" class=\"_self\" target=\"_self\" >El error que cometen (casi) todas las tiendas de tinta.<\/a><\/h2>\n<div class=\"pt-cv-content\">Cuando necesitas comprar algo, pero no eres un experto en el tema, es normal el miedo a equivocarse, a sentirse perdido y cuestionarse si ese producto es el que necesitas, o igual es el otro, o preguntarte si el lugar ...<br \/><div class=\"pt-cv-rmwrap\"><a href=\"https:\/\/www.a4toner.com\/blog\/storytelling\/el-error-que-cometen-casi-todas-las-tiendas-de-tinta\/\" class=\"_self pt-cv-readmore btn btn-success\" target=\"_self\">Leer M\u00e1s<\/a><\/div><\/div><\/div><\/div><\/div><\/div><\/div>\n\n\n\n<p>Tienes una historia en con A4toner. Nos encantar\u00eda que nos la cuentes.<\/p>\n\n\n\n\n","protected":false},"excerpt":{"rendered":"<p>Tienes una historia en con A4toner. Nos encantar\u00eda que nos la cuentes.<\/p>\n","protected":false},"author":4,"featured_media":0,"parent":0,"menu_order":0,"comment_status":"open","ping_status":"closed","template":"","meta":{"_bbp_topic_count":0,"_bbp_reply_count":0,"_bbp_total_topic_count":0,"_bbp_total_reply_count":0,"_bbp_voice_count":0,"_bbp_anonymous_reply_count":0,"_bbp_topic_count_hidden":0,"_bbp_reply_count_hidden":0,"_bbp_forum_subforum_count":0,"site-sidebar-layout":"default","site-content-layout":"default","ast-site-content-layout":"default","site-content-style":"default","site-sidebar-style":"default","ast-global-header-display":"","ast-banner-title-visibility":"","ast-main-header-display":"","ast-hfb-above-header-display":"","ast-hfb-below-header-display":"","ast-hfb-mobile-header-display":"","site-post-title":"","ast-breadcrumbs-content":"","ast-featured-img":"","footer-sml-layout":"","theme-transparent-header-meta":"default","adv-header-id-meta":"","stick-header-meta":"","header-above-stick-meta":"","header-main-stick-meta":"","header-below-stick-meta":"","astra-migrate-meta-layouts":"default","ast-page-background-enabled":"default","ast-page-background-meta":{"desktop":{"background-color":"","background-image":"","background-repeat":"repeat","background-position":"center center","background-size":"auto","background-attachment":"scroll","background-type":"","background-media":"","overlay-type":"","overlay-color":"","overlay-opacity":"","overlay-gradient":""},"tablet":{"background-color":"","background-image":"","background-repeat":"repeat","background-position":"center center","background-size":"auto","background-attachment":"scroll","background-type":"","background-media":"","overlay-type":"","overlay-color":"","overlay-opacity":"","overlay-gradient":""},"mobile":{"background-color":"","background-image":"","background-repeat":"repeat","background-position":"center center","background-size":"auto","background-attachment":"scroll","background-type":"","background-media":"","overlay-type":"","overlay-color":"","overlay-opacity":"","overlay-gradient":""}},"ast-content-background-meta":{"desktop":{"background-color":"var(--ast-global-color-5)","background-image":"","background-repeat":"repeat","background-position":"center center","background-size":"auto","background-attachment":"scroll","background-type":"","background-media":"","overlay-type":"","overlay-color":"","overlay-opacity":"","overlay-gradient":""},"tablet":{"background-color":"var(--ast-global-color-5)","background-image":"","background-repeat":"repeat","background-position":"center center","background-size":"auto","background-attachment":"scroll","background-type":"","background-media":"","overlay-type":"","overlay-color":"","overlay-opacity":"","overlay-gradient":""},"mobile":{"background-color":"var(--ast-global-color-5)","background-image":"","background-repeat":"repeat","background-position":"center center","background-size":"auto","background-attachment":"scroll","background-type":"","background-media":"","overlay-type":"","overlay-color":"","overlay-opacity":"","overlay-gradient":""}},"footnotes":""},"class_list":["post-8950","page","type-page","status-publish","hentry"],"_links":{"self":[{"href":"https:\/\/www.a4toner.com\/blog\/wp-json\/wp\/v2\/pages\/8950","targetHints":{"allow":["GET"]}}],"collection":[{"href":"https:\/\/www.a4toner.com\/blog\/wp-json\/wp\/v2\/pages"}],"about":[{"href":"https:\/\/www.a4toner.com\/blog\/wp-json\/wp\/v2\/types\/page"}],"author":[{"embeddable":true,"href":"https:\/\/www.a4toner.com\/blog\/wp-json\/wp\/v2\/users\/4"}],"replies":[{"embeddable":true,"href":"https:\/\/www.a4toner.com\/blog\/wp-json\/wp\/v2\/comments?post=8950"}],"version-history":[{"count":5,"href":"https:\/\/www.a4toner.com\/blog\/wp-json\/wp\/v2\/pages\/8950\/revisions"}],"predecessor-version":[{"id":9435,"href":"https:\/\/www.a4toner.com\/blog\/wp-json\/wp\/v2\/pages\/8950\/revisions\/9435"}],"wp:attachment":[{"href":"https:\/\/www.a4toner.com\/blog\/wp-json\/wp\/v2\/media?parent=8950"}],"curies":[{"name":"wp","href":"https:\/\/api.w.org\/{rel}","templated":true}]}}