{"id":8955,"date":"2021-10-26T11:57:07","date_gmt":"2021-10-26T09:57:07","guid":{"rendered":"https:\/\/www.a4toner.com\/blog\/?page_id=8955"},"modified":"2021-10-26T14:06:13","modified_gmt":"2021-10-26T12:06:13","slug":"el-error-que-cometen-casi-todas-las-tiendas-de-tinta","status":"publish","type":"page","link":"https:\/\/www.a4toner.com\/blog\/storytelling\/el-error-que-cometen-casi-todas-las-tiendas-de-tinta\/","title":{"rendered":"El error que cometen (casi) todas las tiendas de tinta."},"content":{"rendered":"\n<p>Cuando necesitas comprar algo, pero no eres un experto en el tema, es normal el miedo a equivocarse, a sentirse perdido y cuestionarse si ese producto es el que necesitas, o igual es el otro, o preguntarte si el lugar es el adecuado, o quiz\u00e1s no.<\/p>\n\n\n\n<p>Las tiendas que vendemos consumibles de impresora, t\u00f3ners, cartuchos, tambores, compatibles u originales y dem\u00e1s, sabemos que vendemos productos complejos y muchos de nuestros<strong> clientes necesitan ayuda.<\/strong><\/p>\n\n\n\n<p>Veo much\u00edsimas tiendas que cobran el pedido y env\u00edan, una y otra vez\u2026<\/p>\n\n\n\n<p>Nuestra filosof\u00eda para nada va en esta l\u00ednea y te cuento por qu\u00e9. <\/p>\n\n\n\n<p class=\"has-text-align-center\"><a href=\"https:\/\/www.a4toner.com\"><strong>www.a4toner.com<\/strong><\/a><\/p>\n\n\n\n<div class=\"wp-block-columns is-layout-flex wp-container-core-columns-is-layout-28f84493 wp-block-columns-is-layout-flex\">\n<div class=\"wp-block-column is-layout-flow wp-block-column-is-layout-flow\" style=\"flex-basis:66.66%\">\n<div class=\"wp-block-columns is-layout-flex wp-container-core-columns-is-layout-28f84493 wp-block-columns-is-layout-flex\">\n<div class=\"wp-block-column is-layout-flow wp-block-column-is-layout-flow\">\n<p>Cuando era peque\u00f1a, mi abuela siempre iba a los mismos comercios.<\/p>\n\n\n\n<p>Ten\u00eda sus tiendas de confianza, y muchas veces me llevaba con ella y d\u00e1bamos el paseo habitual. La panader\u00eda de la esquina \u00a1qu\u00e9 ricas ensaimadas!, la fruter\u00eda de Pedro, etc. En todas ellas le aconsejaban y le acompa\u00f1aban en su compra, la verdad que era bonito ver esa relaci\u00f3n cari\u00f1osa de vendedor a comprador.<\/p>\n\n\n\n<p>Un d\u00eda, abrieron una tienda nueva, era enorme. Con muchas luces y colores llamativos.&nbsp;<\/p>\n\n\n\n<p>Mi abuela y yo debatimos si ir o no ir.<\/p>\n\n\n\n<p>A m\u00ed me llamaba much\u00edsimo la atenci\u00f3n y a mi abuela \u201cni fu ni fa\u201d. Pero la convenc\u00ed y acabamos yendo.<\/p>\n\n\n\n<p>Ella, ese d\u00eda, quer\u00eda comprarme algo de ropa, pero\u2026 nadie nos atend\u00eda. Ni nos aconsejaba.<\/p>\n\n\n\n<p>Como mucho nos se\u00f1alaban una prenda con el dedo.<\/p>\n<\/div>\n<\/div>\n<\/div>\n\n\n\n<div class=\"wp-block-column is-layout-flow wp-block-column-is-layout-flow\" style=\"flex-basis:33.33%\">\n<figure class=\"wp-block-image size-large\"><a href=\"https:\/\/www.a4toner.com\/blog\/wp-content\/uploads\/2021\/10\/de-tiendas-con-la-abuela.jpeg\"><img loading=\"lazy\" decoding=\"async\" width=\"768\" height=\"1024\" src=\"https:\/\/www.a4toner.com\/blog\/wp-content\/uploads\/2021\/10\/de-tiendas-con-la-abuela-768x1024.jpeg\" alt=\"\" class=\"wp-image-8969\" title=\"\" srcset=\"https:\/\/www.a4toner.com\/blog\/wp-content\/uploads\/2021\/10\/de-tiendas-con-la-abuela-768x1024.jpeg 768w, https:\/\/www.a4toner.com\/blog\/wp-content\/uploads\/2021\/10\/de-tiendas-con-la-abuela-225x300.jpeg 225w, https:\/\/www.a4toner.com\/blog\/wp-content\/uploads\/2021\/10\/de-tiendas-con-la-abuela.jpeg 975w\" sizes=\"auto, (max-width: 768px) 100vw, 768px\" \/><\/a><\/figure>\n<\/div>\n<\/div>\n\n\n\n<p><strong>Fue fr\u00edo\u2026<\/strong><\/p>\n\n\n\n<p>Entend\u00ed por qu\u00e9 a mi abuela le gustaban esas tiendas y la diferencia clave que les distingu\u00eda de estos grandes comercios.<\/p>\n\n\n\n<p>Esta diferencia de la que te hablo es de vital importancia en nuestra tienda, hoy.<\/p>\n\n\n\n<p>Queremos ganarnos tu confianza, cuidarte y acompa\u00f1arte.<\/p>\n\n\n\n<p>Por ello:<\/p>\n\n\n\n<div class=\"wp-block-columns is-layout-flex wp-container-core-columns-is-layout-28f84493 wp-block-columns-is-layout-flex\">\n<div class=\"wp-block-column is-layout-flow wp-block-column-is-layout-flow\" style=\"flex-basis:66.66%\">\n<div class=\"wp-block-columns is-layout-flex wp-container-core-columns-is-layout-28f84493 wp-block-columns-is-layout-flex\">\n<div class=\"wp-block-column is-layout-flow wp-block-column-is-layout-flow\">\n<ul class=\"wp-block-list\"><li>Disfruta de <strong>atenci\u00f3n personalizada (si la necesitas)<\/strong> y compra exactamente lo que quieres \u00a1te ayudamos en todo el proceso!<\/li><li>Si no eres un experto en la materia \u00a1<strong>te asesoramos<\/strong> para que no haya margen de error!<\/li><li><strong>Recibe ayuda hasta en el cobro<\/strong>, si la necesitas. \u00a1Como en una tienda f\u00edsica! Te enviamos un link de pago o por contrareembolso<\/li><li>Utiliza tu pedido al poco de comprarlo, <strong>env\u00edos r\u00e1pidos de 24 a 72 horas<\/strong> y <strong>GRATIS a partir de 20\u20ac<\/strong><\/li><li>Despreoc\u00fapate y aprovecha una <strong>garant\u00eda de por vida<\/strong><\/li><li>Obt\u00e9n los resultados que esperabas <strong>\u00a1Calidad Color Premium!<\/strong><\/li><li>Tu tiempo es oro, <strong>compra f\u00e1cil y r\u00e1pido<\/strong>.&nbsp;<\/li><li><strong>Compra online<\/strong>, y si no te gusta, puedes comprar <strong>por tel\u00e9fono.<\/strong> \u00a1Puedes elegir!<\/li><li>Paga precios <strong>muy econ\u00f3micos<\/strong><\/li><\/ul>\n<\/div>\n<\/div>\n<\/div>\n\n\n\n<div class=\"wp-block-column is-layout-flow wp-block-column-is-layout-flow\" style=\"flex-basis:33.33%\">\n<figure class=\"wp-block-image size-large\"><a href=\"https:\/\/www.a4toner.com\/blog\/wp-content\/uploads\/2021\/10\/tienda-a4toner.jpg\"><img loading=\"lazy\" decoding=\"async\" width=\"1024\" height=\"768\" src=\"https:\/\/www.a4toner.com\/blog\/wp-content\/uploads\/2021\/10\/tienda-a4toner-1024x768.jpg\" alt=\"\" class=\"wp-image-8973\" title=\"\" srcset=\"https:\/\/www.a4toner.com\/blog\/wp-content\/uploads\/2021\/10\/tienda-a4toner-1024x768.jpg 1024w, https:\/\/www.a4toner.com\/blog\/wp-content\/uploads\/2021\/10\/tienda-a4toner-300x225.jpg 300w, https:\/\/www.a4toner.com\/blog\/wp-content\/uploads\/2021\/10\/tienda-a4toner-768x576.jpg 768w, https:\/\/www.a4toner.com\/blog\/wp-content\/uploads\/2021\/10\/tienda-a4toner.jpg 1200w\" sizes=\"auto, (max-width: 1024px) 100vw, 1024px\" \/><\/a><\/figure>\n<\/div>\n<\/div>\n\n\n\n<p class=\"has-text-align-center\"><a href=\"https:\/\/www.a4toner.com\"><strong>www.A4toner.com<\/strong><\/a><\/p>\n\n\n\n<p>Si no sabes qu\u00e9 t\u00f3ner usas, te ayudamos y si hace falta repetimos la compra, <strong>nuestro trabajo es ayudarte<\/strong>.<\/p>\n\n\n\n<p>Del mismo modo, si no te va internet o simplemente lo prefieres, lo hacemos por tel\u00e9fono \u00a1a t\u00fa lado en lo que necesites!<\/p>\n\n\n\n<p>&nbsp;En A4toner el trato cari\u00f1oso, honesto y comprometido de los antiguos comercios es una base y un motivo para existir.<\/p>\n\n\n\n<p>\u00a1Te cuidamos!<\/p>\n\n\n\n<p>Por ello y para agradecerte la confianza, te ofrecemos un <strong>10% de descuento en tu pr\u00f3xima compra<\/strong> para productos compatibles.  <\/p>\n\n\n\n<p>\ud83d\ude42 Este descuento estar\u00e1 vigente durante dos a\u00f1os. \ud83d\ude42 <\/p>\n\n\n\n<p>Registre su e-mail en: <a href=\"https:\/\/www.a4toner.com\/blog\/ofertas\/\">https:\/\/www.a4toner.com\/blog\/ofertas\/<\/a><\/p>\n\n\n\n<p>\u00a1Te esperamos!<\/p>\n\n\n\n<p>Con cari\u00f1o,<\/p>\n\n\n\n<p><strong>Meritxell Cugat<\/strong><\/p>\n\n\n\n<p><\/p>\n\n\n\n<p><em>P.D: El aprendizaje que te dio tu abuela te cambiar\u00e1 la vida.<\/em><\/p>\n\n\n\n<p><\/p>\n","protected":false},"excerpt":{"rendered":"<p>Cuando necesitas comprar algo, pero no eres un experto en el tema, es normal el miedo a equivocarse, a sentirse perdido y cuestionarse si ese producto es el que necesitas, o igual es el otro, o preguntarte si el lugar es el adecuado, o quiz\u00e1s no. Las tiendas que vendemos consumibles de impresora, t\u00f3ners, cartuchos, [&hellip;]<\/p>\n","protected":false},"author":4,"featured_media":8974,"parent":8950,"menu_order":0,"comment_status":"closed","ping_status":"closed","template":"","meta":{"_bbp_topic_count":0,"_bbp_reply_count":0,"_bbp_total_topic_count":0,"_bbp_total_reply_count":0,"_bbp_voice_count":0,"_bbp_anonymous_reply_count":0,"_bbp_topic_count_hidden":0,"_bbp_reply_count_hidden":0,"_bbp_forum_subforum_count":0,"site-sidebar-layout":"default","site-content-layout":"default","ast-site-content-layout":"default","site-content-style":"default","site-sidebar-style":"default","ast-global-header-display":"","ast-banner-title-visibility":"","ast-main-header-display":"","ast-hfb-above-header-display":"","ast-hfb-below-header-display":"","ast-hfb-mobile-header-display":"","site-post-title":"","ast-breadcrumbs-content":"","ast-featured-img":"","footer-sml-layout":"","theme-transparent-header-meta":"default","adv-header-id-meta":"","stick-header-meta":"","header-above-stick-meta":"","header-main-stick-meta":"","header-below-stick-meta":"","astra-migrate-meta-layouts":"default","ast-page-background-enabled":"default","ast-page-background-meta":{"desktop":{"background-color":"","background-image":"","background-repeat":"repeat","background-position":"center center","background-size":"auto","background-attachment":"scroll","background-type":"","background-media":"","overlay-type":"","overlay-color":"","overlay-opacity":"","overlay-gradient":""},"tablet":{"background-color":"","background-image":"","background-repeat":"repeat","background-position":"center center","background-size":"auto","background-attachment":"scroll","background-type":"","background-media":"","overlay-type":"","overlay-color":"","overlay-opacity":"","overlay-gradient":""},"mobile":{"background-color":"","background-image":"","background-repeat":"repeat","background-position":"center center","background-size":"auto","background-attachment":"scroll","background-type":"","background-media":"","overlay-type":"","overlay-color":"","overlay-opacity":"","overlay-gradient":""}},"ast-content-background-meta":{"desktop":{"background-color":"var(--ast-global-color-5)","background-image":"","background-repeat":"repeat","background-position":"center center","background-size":"auto","background-attachment":"scroll","background-type":"","background-media":"","overlay-type":"","overlay-color":"","overlay-opacity":"","overlay-gradient":""},"tablet":{"background-color":"var(--ast-global-color-5)","background-image":"","background-repeat":"repeat","background-position":"center center","background-size":"auto","background-attachment":"scroll","background-type":"","background-media":"","overlay-type":"","overlay-color":"","overlay-opacity":"","overlay-gradient":""},"mobile":{"background-color":"var(--ast-global-color-5)","background-image":"","background-repeat":"repeat","background-position":"center center","background-size":"auto","background-attachment":"scroll","background-type":"","background-media":"","overlay-type":"","overlay-color":"","overlay-opacity":"","overlay-gradient":""}},"footnotes":""},"class_list":["post-8955","page","type-page","status-publish","has-post-thumbnail","hentry"],"_links":{"self":[{"href":"https:\/\/www.a4toner.com\/blog\/wp-json\/wp\/v2\/pages\/8955","targetHints":{"allow":["GET"]}}],"collection":[{"href":"https:\/\/www.a4toner.com\/blog\/wp-json\/wp\/v2\/pages"}],"about":[{"href":"https:\/\/www.a4toner.com\/blog\/wp-json\/wp\/v2\/types\/page"}],"author":[{"embeddable":true,"href":"https:\/\/www.a4toner.com\/blog\/wp-json\/wp\/v2\/users\/4"}],"replies":[{"embeddable":true,"href":"https:\/\/www.a4toner.com\/blog\/wp-json\/wp\/v2\/comments?post=8955"}],"version-history":[{"count":13,"href":"https:\/\/www.a4toner.com\/blog\/wp-json\/wp\/v2\/pages\/8955\/revisions"}],"predecessor-version":[{"id":8984,"href":"https:\/\/www.a4toner.com\/blog\/wp-json\/wp\/v2\/pages\/8955\/revisions\/8984"}],"up":[{"embeddable":true,"href":"https:\/\/www.a4toner.com\/blog\/wp-json\/wp\/v2\/pages\/8950"}],"wp:featuredmedia":[{"embeddable":true,"href":"https:\/\/www.a4toner.com\/blog\/wp-json\/wp\/v2\/media\/8974"}],"wp:attachment":[{"href":"https:\/\/www.a4toner.com\/blog\/wp-json\/wp\/v2\/media?parent=8955"}],"curies":[{"name":"wp","href":"https:\/\/api.w.org\/{rel}","templated":true}]}}