{"id":9217,"date":"2022-01-03T10:15:36","date_gmt":"2022-01-03T09:15:36","guid":{"rendered":"https:\/\/www.a4toner.com\/blog\/?page_id=9217"},"modified":"2022-03-25T11:41:21","modified_gmt":"2022-03-25T10:41:21","slug":"cual-es-la-diferencia-entre-toner-y-cartucho-de-tinta","status":"publish","type":"page","link":"https:\/\/www.a4toner.com\/blog\/cual-es-la-diferencia-entre-toner-y-cartucho-de-tinta\/","title":{"rendered":"\u00bfCu\u00e1l es la diferencia entre t\u00f3ner y cartucho de tinta?"},"content":{"rendered":"\n<h2 class=\"has-text-align-center wp-block-heading\"><em>T\u00f3ner Vs Cartucho, descubre cu\u00e1l es el mejor para ti<\/em><\/h2>\n\n\n\n<p>Cuando vamos a <strong>comprar impresoras<\/strong>, normalmente, hay dos tipos de tecnolog\u00edas a elegir: la <strong>impresora de inyecci\u00f3n de tinta<\/strong>; la que usa cartuchos o las <strong>impresoras l\u00e1ser<\/strong>; cuyo consumible es el <a href=\"https:\/\/www.a4toner.com\/\">t\u00f3ner<\/a>. Cada una tiene sus ventajas y contras, sin embargo, no ahondaremos en dicho debate eterno, porque en esta ocasi\u00f3n queremos determinar qu\u00e9 consumibles es mejor; saber cu\u00e1les son las <strong>diferencias entre t\u00f3ner y cartucho de tinta<\/strong>.<\/p>\n\n\n\n<p>Ciertamente, estamos acostumbrados a la eterna pelea <strong>impresoras l\u00e1ser Vs impresoras de inyecci\u00f3n de tinta<\/strong>, pero que tal si enfrentamos a sus consumibles para determinar cu\u00e1l es el mejor para ti\u2026 S\u00ed, en el post de hoy hablaremos acerca de la <strong>diferencia entre t\u00f3ner y cartuchos de tinta<\/strong>, y como elegir el correcto seg\u00fan tus necesidades.<\/p>\n\n\n\n<div class=\"wp-block-image\"><figure class=\"aligncenter size-full\"><a href=\"https:\/\/www.a4toner.com\/blog\/wp-content\/uploads\/2022\/01\/diferencia-entre-toner-y-cartuchos-de-tinta.png\"><img loading=\"lazy\" decoding=\"async\" width=\"960\" height=\"678\" src=\"https:\/\/www.a4toner.com\/blog\/wp-content\/uploads\/2022\/01\/diferencia-entre-toner-y-cartuchos-de-tinta.png\" alt=\"diferencia entre t\u00f3ner y cartuchos de tinta\" class=\"wp-image-9218\" title=\"\" srcset=\"https:\/\/www.a4toner.com\/blog\/wp-content\/uploads\/2022\/01\/diferencia-entre-toner-y-cartuchos-de-tinta.png 960w, https:\/\/www.a4toner.com\/blog\/wp-content\/uploads\/2022\/01\/diferencia-entre-toner-y-cartuchos-de-tinta-300x212.png 300w, https:\/\/www.a4toner.com\/blog\/wp-content\/uploads\/2022\/01\/diferencia-entre-toner-y-cartuchos-de-tinta-768x542.png 768w\" sizes=\"auto, (max-width: 960px) 100vw, 960px\" \/><\/a><figcaption>Diferencia entre t\u00f3ner y cartuchos de tinta<\/figcaption><\/figure><\/div>\n\n\n\n<h2 class=\"wp-block-heading\">\u00bfQui\u00e9n usa <strong>t\u00f3ner<\/strong> y quien <strong>cartucho de tinta<\/strong>?<\/h2>\n\n\n\n<p>Lo primero que debes saber antes de tomar partido por la <strong>tinta<\/strong> o el <strong>t\u00f3ner<\/strong> es, conocer que dispositivo ocupa uno u otro consumible, y c\u00f3mo funcionan.<br><\/p>\n\n\n\n<h2 class=\"wp-block-heading\"><strong>Cartucho de tinta<\/strong> para <strong>impresoras de inyecci\u00f3n<\/strong><\/h2>\n\n\n<div id=\"rank-math-faq\" class=\"rank-math-block\">\n<div class=\"rank-math-list \">\n<div id=\"faq-question-1648204292480\" class=\"rank-math-list-item\">\n<h3 class=\"rank-math-question \">\u00bfQu\u00e9 tipo de impresora utiliza cartuchos de tinta?<\/h3>\n<div class=\"rank-math-answer \">\n\n<p>Los <strong>cartuchos de tinta<\/strong> son usados por las <strong>impresoras de inyecci\u00f3n de tinta<\/strong>, las cuales pueden ser accionadas por la tecnolog\u00eda micropiezo o t\u00e9rmica.<\/p>\n<p><strong>\u00bfC\u00f3mo funciona la impresora de inyecci\u00f3n de tinta?<\/strong><br \/>En general, una <strong>impresora de inyecci\u00f3n de tinta<\/strong> ocupa unas boquillas ubicadas en una pieza clave, llamada: cabezal de impresi\u00f3n. Dichos orificios expulsan tinta sobre el papel, esto lo hacen en forma de franjas horizontales; l\u00ednea por l\u00ednea, raz\u00f3n por la cual tardan m\u00e1s en imprimir que una <strong>impresora l\u00e1ser<\/strong>.<\/p>\n\n<\/div>\n<\/div>\n<\/div>\n<\/div>\n\n\n<h3 class=\"wp-block-heading\"><strong>T\u00f3ner<\/strong> para las <strong>impresoras l\u00e1ser<\/strong><\/h3>\n\n\n\n<p>Por otra parte, el <strong>t\u00f3ner<\/strong> es el consumible de las <strong>impresoras l\u00e1ser<\/strong>, este tiene un mayor rendimiento, pero como imprime m\u00e1s cuesta mucho m\u00e1s. No obstante, su precio no es una desventaja, porque si tomas en cuenta la cantidad de documentos que puede generar es simplemente una excelente relaci\u00f3n precio \u2013 rendimiento.<\/p>\n\n\n\n<h3 class=\"wp-block-heading\">\u00bfC\u00f3mo funcionan las <strong>impresoras l\u00e1ser<\/strong>?<\/h3>\n\n\n\n<p>La <strong><a href=\"https:\/\/www.a4toner.com\/blog\/que-impresora\/laser\/\">impresora l\u00e1ser<\/a><\/strong> a diferencia de los equipos de inyecci\u00f3n de tinta, son r\u00e1pidas; al punto que algunos modelos pueden imprimir m\u00e1s de 30 p\u00e1ginas por minutos. Lo anterior, se debe a que dichas m\u00e1quinas no realizan la impresi\u00f3n l\u00ednea por l\u00ednea, no, estas imprimen el documento completo.<\/p>\n\n\n\n<p>En esencia, las <strong>impresoras l\u00e1ser<\/strong> tienen un tambor, el cual gracias a la energ\u00eda est\u00e1tica y la acci\u00f3n de un l\u00e1ser pueden atraer las part\u00edculas de t\u00f3ner, formando el texto o imagen a imprimir. Posteriormente dicha imagen es traspasada al papel por medio de presi\u00f3n y calor \u00a1Todo esto ocurre en segundos!<\/p>\n\n\n\n<h4 class=\"wp-block-heading\">Qu\u00e9 impresora es mejor para ti: l\u00e1ser o de inyecci\u00f3n<\/h4>\n\n\n\n<p>Normalmente se recomiendan las <strong>impresoras l\u00e1ser<\/strong> para un entorno exigente; donde se requieran muchas impresiones en alta velocidad, siendo ideal como impresora para oficina o tambi\u00e9n para un mediano negocio.<\/p>\n\n\n\n<p>En cuanto a las <strong>impresoras de inyecci\u00f3n<\/strong> son geniales para el segmento dom\u00e9stico, siendo excelente como <strong><a href=\"https:\/\/www.a4toner.com\/blog\/que-impresora\/impresoras-para-el-hogar\/\">impresora para el hogar<\/a><\/strong> o para un <em>home office.<\/em><\/p>\n\n\n\n<p>Pese a lo anterior, hoy no vamos a hablarte de l\u00e1ser o inyecci\u00f3n de tinta, sino de <strong>t\u00f3ner y cartuchos<\/strong>, por lo que si tienes duda acerca de cu\u00e1l dispositivo te conviene haz <a href=\"https:\/\/www.a4toner.com\/blog\/tipos-de-impresoras\/\">CLIC AQU\u00cd<\/a> y descubre los mejores <a href=\"https:\/\/www.a4toner.com\/blog\/tipos-de-impresoras\/\">tipos de impresoras<\/a> y para qui\u00e9nes se recomiendan.<\/p>\n\n\n\n<div class=\"wp-block-image\"><figure class=\"aligncenter size-full\"><a href=\"https:\/\/www.a4toner.com\/blog\/wp-content\/uploads\/2022\/01\/cartuchos-de-tinta.jpg\"><img loading=\"lazy\" decoding=\"async\" width=\"960\" height=\"678\" src=\"https:\/\/www.a4toner.com\/blog\/wp-content\/uploads\/2022\/01\/cartuchos-de-tinta.jpg\" alt=\"cartuchos de tinta\" class=\"wp-image-9219\" title=\"\" srcset=\"https:\/\/www.a4toner.com\/blog\/wp-content\/uploads\/2022\/01\/cartuchos-de-tinta.jpg 960w, https:\/\/www.a4toner.com\/blog\/wp-content\/uploads\/2022\/01\/cartuchos-de-tinta-300x212.jpg 300w, https:\/\/www.a4toner.com\/blog\/wp-content\/uploads\/2022\/01\/cartuchos-de-tinta-768x542.jpg 768w\" sizes=\"auto, (max-width: 960px) 100vw, 960px\" \/><\/a><figcaption>Cartuchos de tinta<\/figcaption><\/figure><\/div>\n\n\n\n<h1 class=\"wp-block-heading\">Conociendo los <strong>cartuchos de tinta<\/strong><\/h1>\n\n\n\n<p>Ya sabiendo que tipo de tecnolog\u00eda ocupa <strong>t\u00f3ner<\/strong> y <strong>cartuchos<\/strong>, ahora te contamos las caracter\u00edsticas claves de ambos consumibles.<\/p>\n\n\n\n<h2 class=\"wp-block-heading\">Caracter\u00edsticas del <strong>cartucho de tinta<\/strong><\/h2>\n\n\n\n<p><a href=\"https:\/\/www.a4toner.com\/blog\/cartuchos-de-tinta\/\">\u00bf<strong>Qu\u00e9 es un cartucho de tinta<\/strong>?<\/a> La respuesta es bastante simple, peque\u00f1os dep\u00f3sitos donde se almacena tinta l\u00edquida, la cual es traspasada al papel gracias al cabezal de impresi\u00f3n.<\/p>\n\n\n\n<p>No son de gran tama\u00f1o, porque en realidad la cantidad de tinta almacenada es m\u00ednima, hablamos de 12 ml o 15 ml en los cartuchos de tama\u00f1o est\u00e1ndar, y en los de m\u00e1xima capacidad o XL puede haber unos 20 ml.<\/p>\n\n\n\n<p>Lo normal es que, una impresora utilice de 2 a 4 <strong>cartuchos<\/strong>, sin embargo, no es una regla, ya que hay dispositivos que pueden tener 6 o m\u00e1s de estos consumibles.<\/p>\n\n\n\n<p>Siguiendo en la l\u00ednea anterior, hay impresoras que ocupan dos <strong>cartuchos<\/strong>: uno con tinta negra en su interior, y otro tricolor; el cual tiene tres tonos de tinta (cian, magenta y amarillo), normalmente marcas como HP usan \u00fanicamente dos cartuchos en sus <strong>impresoras de inyecci\u00f3n de tinta<\/strong>.<\/p>\n\n\n\n<p>Por otra parte, empresas como Epson optan por la utilizaci\u00f3n de consumibles individuales, es decir, 4 <strong>cartuchos<\/strong> de diferentes colores separados (negro, cian, magenta y amarillo). Esto incrementa el aprovechamiento de la tinta.<\/p>\n\n\n\n<h2 class=\"wp-block-heading\">Precio y rendimiento de los <strong>cartuchos de tinta<\/strong><\/h2>\n\n\n<div id=\"rank-math-faq\" class=\"rank-math-block\">\n<div class=\"rank-math-list \">\n<div id=\"faq-question-1648204708564\" class=\"rank-math-list-item\">\n<h3 class=\"rank-math-question \">\u00bfCu\u00e1nto vale una tinta de impresora?<\/h3>\n<div class=\"rank-math-answer \">\n\n<p>Aunque parezca una locura, la tinta es uno de los l\u00edquidos m\u00e1s caros del mundo, te sorprender\u00eda saber que una onza de tinta es m\u00e1s costosa que una onza de un buen perfume, pero en realidad esta agua de color no est\u00e1 escasa ni es tan especial.<\/p>\n<p>En general, las impresoras que utilizan <strong>cartuchos de tinta<\/strong> son ideales si NO debes generar muchos documentos, porque el rendimiento es inferior al de las impresoras que ocupan <strong>t\u00f3ner<\/strong>.<\/p>\n\n<\/div>\n<\/div>\n<\/div>\n<\/div>\n\n\n<p>Sin embargo, los <strong>cartuchos<\/strong> en s\u00ed son un buen pedazo de tecnolog\u00eda, que incorpora cabezales y chips. Es bien sabido que los fabricantes generan m\u00e1s dinero con la venta de <strong>cartuchos<\/strong> que con la de impresoras, porque estas cajas de color son caras\u2026<\/p>\n\n\n\n<p>S\u00ed, un <strong>cartucho original<\/strong> puede costar desde 15\u20ac (los m\u00e1s baratos) hasta 40 \u20ac o m\u00e1s, y la cantidad de impresiones que generan no son muchas.<\/p>\n\n\n\n<p><em>Por ejemplo:<\/em><\/p>\n\n\n\n<p>Vas a <strong>comprar cartucho<a href=\"https:\/\/www.a4toner.com\/es\/cartuchos-de-tinta-y-toners\/hp\/tinta-hp-305-hp-305xl.html\"> HP 305<\/a><\/strong> en modalidad XL (solo el de color negro), el cual funciona en impresoras como: la<strong> <a href=\"https:\/\/www.a4toner.com\/blog\/hp-envy-6020-cartuchos-valoracion\/\">HP ENVY 6020<\/a><\/strong>. Dicho consumible tiene un rendimiento aproximado de 240 impresiones y un precio de 23,99\u20ac.<\/p>\n\n\n\n<p>En esencia, cada impresi\u00f3n tendr\u00eda un costo aproximado de 0,1\u20ac, lo cual no parece tan alto, pero si debes imprimir mucho representar\u00eda un gran gasto.<\/p>\n\n\n\n<p>Pese a lo anterior, tu puedes conseguir <strong>cartuchos de tinta baratos para HP ENVY 6020<\/strong>, ya que puedes optar por <strong><a href=\"https:\/\/www.a4toner.com\/es\/cartuchos-de-tinta-y-toners.html\">tintas compatibles<\/a><\/strong>. En <strong>A4Toner<\/strong> tenemos una amplia variedad de <strong>cartuchos econ\u00f3micos<\/strong>, desde originales hasta como OEM premium para casi todas las impresoras del mercado.<\/p>\n\n\n\n<div class=\"wp-block-image\"><figure class=\"aligncenter size-full\"><a href=\"https:\/\/www.a4toner.com\/blog\/wp-content\/uploads\/2022\/01\/toneres.jpg\"><img loading=\"lazy\" decoding=\"async\" width=\"481\" height=\"372\" src=\"https:\/\/www.a4toner.com\/blog\/wp-content\/uploads\/2022\/01\/toneres.jpg\" alt=\"toneres\" class=\"wp-image-9220\" title=\"\" srcset=\"https:\/\/www.a4toner.com\/blog\/wp-content\/uploads\/2022\/01\/toneres.jpg 481w, https:\/\/www.a4toner.com\/blog\/wp-content\/uploads\/2022\/01\/toneres-300x232.jpg 300w\" sizes=\"auto, (max-width: 481px) 100vw, 481px\" \/><\/a><figcaption>Toneres<\/figcaption><\/figure><\/div>\n\n\n\n<h1 class=\"wp-block-heading\">Conociendo el <strong>t\u00f3ner<\/strong><\/h1>\n\n\n\n<p>Lo primero <a href=\"https:\/\/www.a4toner.com\/blog\/el-toner-que-es-y-como-funciona\/\">que debes saber del <strong>t\u00f3ner<\/strong><\/a> es que, es un dep\u00f3sito al igual que el cartucho, pero no contiene tinta sino un polvo de color negro o de colores: cian, magenta y amarillo.<\/p>\n\n\n\n<p>Es mucho m\u00e1s grande que un <strong>cartucho de tinta<\/strong>, pero tambi\u00e9n tiene un mayor rendimiento; pudiendo con un \u00fanico consumible generar miles de p\u00e1ginas, pero al igual que su tama\u00f1o su costo es mayor.<\/p>\n\n\n\n<div class=\"wp-block-image\"><figure class=\"aligncenter size-full\"><a href=\"https:\/\/www.a4toner.com\/blog\/wp-content\/uploads\/2022\/01\/Cual-es-la-diferencia-entre-toner-y-cartucho-de-tinta.jpg\"><img loading=\"lazy\" decoding=\"async\" width=\"768\" height=\"505\" src=\"https:\/\/www.a4toner.com\/blog\/wp-content\/uploads\/2022\/01\/Cual-es-la-diferencia-entre-toner-y-cartucho-de-tinta.jpg\" alt=\"Cu\u00e1l es la diferencia entre t\u00f3ner y cartucho de tinta\" class=\"wp-image-9222\" title=\"\" srcset=\"https:\/\/www.a4toner.com\/blog\/wp-content\/uploads\/2022\/01\/Cual-es-la-diferencia-entre-toner-y-cartucho-de-tinta.jpg 768w, https:\/\/www.a4toner.com\/blog\/wp-content\/uploads\/2022\/01\/Cual-es-la-diferencia-entre-toner-y-cartucho-de-tinta-300x197.jpg 300w\" sizes=\"auto, (max-width: 768px) 100vw, 768px\" \/><\/a><\/figure><\/div>\n\n\n\n<h2 class=\"wp-block-heading\">Caracter\u00edsticas del <strong>t\u00f3ner<\/strong><\/h2>\n\n\n\n<p>El <strong>t\u00f3ner<\/strong> es una gran caja que contiene polvo, el cual se adhiere a un cilindro con el texto o imagen a imprimir, luego dicho cilindro rota sobre el papel a una temperatura alta y con determinada presi\u00f3n para lograr la impresi\u00f3n. Es muy r\u00e1pido el proceso.<\/p>\n\n\n\n<p>B\u00e1sicamente una <strong>impresora l\u00e1ser econ\u00f3mica<\/strong> puede generar unas 18 p\u00e1ginas por minuto, y una m\u00e1s costosa puede superar las 30 impresiones por minuto. Lo mejor es que, la calidad siempre es alta y hay menos riesgo de manchas; ya que el polvo se adhiere en cuesti\u00f3n de segundos y no se riega al contacto con los dedos, lo que si pasa con la <strong>tinta<\/strong> de las <strong>impresoras de inyecci\u00f3n<\/strong>.<\/p>\n\n\n\n<p>Otro punto importante acerca del <strong>t\u00f3ner<\/strong> es que, al ser de gran tama\u00f1o hace que la arquitectura de las <strong>impresoras l\u00e1ser<\/strong> sea m\u00e1s robusta, es decir, este tipo de dispositivo es mucho m\u00e1s grande y pesado que las <strong>dom\u00e9sticas impresoras de inyecci\u00f3n de tinta<\/strong>.<\/p>\n\n\n\n<p>Asimismo, si la <strong>impresora l\u00e1ser<\/strong> es a color el tama\u00f1o ser\u00e1 a\u00fan m\u00e1s grande, porque no contendr\u00eda uno sino 4 t\u00f3neres en su interior.<\/p>\n\n\n\n<p>En conclusi\u00f3n, las <strong>impresoras l\u00e1ser a color<\/strong> son de gran tama\u00f1o, a pesar que fabricantes como HP han sacado algunos modelos compactos siempre tendr\u00e1n un mayor peso y volumen.<\/p>\n\n\n\n<h2 class=\"wp-block-heading\">Precio y rendimiento del <strong>t\u00f3ner<\/strong><\/h2>\n\n\n\n<p>Al igual que los <strong>cartuchos de tinta<\/strong>, hay <strong>t\u00f3ner compatible<\/strong> con precio accesible. Mencionamos este detalle porque este tipo de consumible es m\u00e1s costoso que las tintas, pero de igual forma su rendimiento es mucho m\u00e1s alto; no hablamos de unas doscientas impresiones, hablamos de m\u00e1s de mil impresiones con s\u00f3lo un recambio. En pocas palabras, el <strong>t\u00f3ner<\/strong> tiene un precio m\u00e1s alto, pero con un grandioso rendimiento.<\/p>\n\n\n\n<p><em>Por ejemplo:<\/em><\/p>\n\n\n\n<p>La impresora <strong>Brother MFCL2710DW<\/strong> es una de las m\u00e1s vendidas del mercado, tiene una alta velocidad y la gran calidad que caracteriza a las impresoras Brother del segmento l\u00e1ser. Dicho equipo ocupa el <strong>t\u00f3ner original Brother <a href=\"https:\/\/www.a4toner.com\/es\/cartuchos-de-tinta-y-toners\/brother\/toner-brother-tn2420-tn2410.html\">TN2420<\/a><\/strong>, cuyo costo ronda los 90 \u20ac, pero se puede conseguir con descuento en <strong>A4Toner<\/strong>; tanto en modalidad original, como compatible.<\/p>\n\n\n\n<p>El rendimiento del <strong>t\u00f3ner Brother TN2420<\/strong> es de aproximadamente 3000 impresiones, en base a esto cada impresi\u00f3n tendr\u00eda un costo de 0,03\u20ac \u00a1Un gran negocio! Sobre todo, si lo comparas con el rendimiento de una <strong>impresora de inyecci\u00f3n de tinta<\/strong> normal.<\/p>\n\n\n\n<p>En general, la <strong>impresora l\u00e1ser<\/strong> con su incre\u00edble <strong>t\u00f3ner<\/strong> es ideal para los usuarios que requieran de muchas impresiones, ya que el costo de documento generado es mucho menor con este tipo de dispositivos.<\/p>\n\n\n\n<figure class=\"wp-block-image size-full\"><a href=\"https:\/\/www.a4toner.com\/blog\/wp-content\/uploads\/2022\/01\/diferencia-entre-toner-y-cartucho-de-tinta.jpg\"><img loading=\"lazy\" decoding=\"async\" width=\"768\" height=\"391\" src=\"https:\/\/www.a4toner.com\/blog\/wp-content\/uploads\/2022\/01\/diferencia-entre-toner-y-cartucho-de-tinta.jpg\" alt=\"Diferencia entre t\u00f3ner y cartucho de tinta\" class=\"wp-image-9221\" title=\"\" srcset=\"https:\/\/www.a4toner.com\/blog\/wp-content\/uploads\/2022\/01\/diferencia-entre-toner-y-cartucho-de-tinta.jpg 768w, https:\/\/www.a4toner.com\/blog\/wp-content\/uploads\/2022\/01\/diferencia-entre-toner-y-cartucho-de-tinta-300x153.jpg 300w\" sizes=\"auto, (max-width: 768px) 100vw, 768px\" \/><\/a><figcaption>Diferencia entre t\u00f3ner y cartucho de tinta<\/figcaption><\/figure>\n\n\n\n<h1 class=\"wp-block-heading\">La pelea definitiva \u00bfQui\u00e9n gana <strong>cartucho<\/strong> o <strong>t\u00f3ner<\/strong>?<\/h1>\n\n\n\n<p>El <strong>t\u00f3ner<\/strong> es polvo y el <strong>cartucho<\/strong> es tinta, pero \u00bfCu\u00e1l es mejor? Pues entre los colores l\u00edquidos y el polvillo m\u00e1gico multicolor es dif\u00edcil elegir, ya que cada uno de ellos est\u00e1 ideado para un usuario en particular y sus ventajas est\u00e1n estrechamente ligadas al tipo de impresora que los ocupan.<\/p>\n\n\n\n<p>En el caso de las <strong>impresoras l\u00e1ser<\/strong> que ocupan <strong>t\u00f3ner<\/strong> tiene grandes ventajas, como:<\/p>\n\n\n\n<ul class=\"wp-block-list\"><li>M\u00e1s rapidez<\/li><li>Mejor rendimiento<\/li><li>Est\u00e1n hechas para gran volumen de trabajo<\/li><li>La calidad de impresi\u00f3n es muy buena<\/li><\/ul>\n\n\n\n<p>Sin embargo, unas desventajas de estos equipos son:<\/p>\n\n\n\n<ul class=\"wp-block-list\"><li>Gran peso y volumen<\/li><li>Consumibles costosos<\/li><li>E, impresoras mucho m\u00e1s caras que las <strong>impresoras de inyecci\u00f3n de tinta<\/strong><\/li><\/ul>\n\n\n\n<p>Por otra parte, las <strong>impresoras de inyecci\u00f3n de tinta<\/strong> son buenas porque:<\/p>\n\n\n\n<ul class=\"wp-block-list\"><li>Tienen un precio accesible<\/li><li>Son compactas y ligeras<\/li><li>Los <strong>cartuchos<\/strong> son m\u00e1s econ\u00f3micos que el t\u00f3ner, pero rinden mucho menos<\/li><li>Tienen buena calidad de impresi\u00f3n<\/li><li>Normalmente son del tipo multifunci\u00f3n<\/li><\/ul>\n\n\n\n<p>Pese a lo anterior, estos dispositivos que ocupan <strong>cartuchos de tinta<\/strong> tienen contras:<\/p>\n\n\n\n<ul class=\"wp-block-list\"><li>Las impresiones son muy costosas, sobre todo si las usas con <strong>cartucho de tinta original<\/strong><\/li><li>Son m\u00e1s lentas que las impresoras l\u00e1ser<\/li><li>Son hechas para cargas bajas de trabajo<\/li><\/ul>\n\n\n\n<p>La verdad es que, cada uno de los consumibles tiene sus ventajas y desventajas, y seg\u00fan tus necesidades debes optar por uno u otro. Sin embargo, recuerda que en <strong>A4Toner<\/strong> puedes encontrar todo tipo de t\u00f3ner y <strong>cartuchos de tinta econ\u00f3micos,<\/strong> tanto en modalidad compatible como en consumibles originales.<\/p>\n\n\n\n<p>\u00bfQuieres color en tu vida? \u00a1Cont\u00e1ctanos! en <strong>A4Toner<\/strong> tenemos la tinta que necesitas\u2026<\/p>\n","protected":false},"excerpt":{"rendered":"<p>T\u00f3ner Vs Cartucho, descubre cu\u00e1l es el mejor para ti Cuando vamos a comprar impresoras, normalmente, hay dos tipos de tecnolog\u00edas a elegir: la impresora de inyecci\u00f3n de tinta; la que usa cartuchos o las impresoras l\u00e1ser; cuyo consumible es el t\u00f3ner. Cada una tiene sus ventajas y contras, sin embargo, no ahondaremos en dicho [&hellip;]<\/p>\n","protected":false},"author":3,"featured_media":9223,"parent":0,"menu_order":0,"comment_status":"open","ping_status":"closed","template":"","meta":{"_bbp_topic_count":0,"_bbp_reply_count":0,"_bbp_total_topic_count":0,"_bbp_total_reply_count":0,"_bbp_voice_count":0,"_bbp_anonymous_reply_count":0,"_bbp_topic_count_hidden":0,"_bbp_reply_count_hidden":0,"_bbp_forum_subforum_count":0,"site-sidebar-layout":"default","site-content-layout":"","ast-site-content-layout":"default","site-content-style":"default","site-sidebar-style":"default","ast-global-header-display":"","ast-banner-title-visibility":"","ast-main-header-display":"","ast-hfb-above-header-display":"","ast-hfb-below-header-display":"","ast-hfb-mobile-header-display":"","site-post-title":"","ast-breadcrumbs-content":"","ast-featured-img":"","footer-sml-layout":"","theme-transparent-header-meta":"","adv-header-id-meta":"","stick-header-meta":"","header-above-stick-meta":"","header-main-stick-meta":"","header-below-stick-meta":"","astra-migrate-meta-layouts":"default","ast-page-background-enabled":"default","ast-page-background-meta":{"desktop":{"background-color":"","background-image":"","background-repeat":"repeat","background-position":"center center","background-size":"auto","background-attachment":"scroll","background-type":"","background-media":"","overlay-type":"","overlay-color":"","overlay-opacity":"","overlay-gradient":""},"tablet":{"background-color":"","background-image":"","background-repeat":"repeat","background-position":"center center","background-size":"auto","background-attachment":"scroll","background-type":"","background-media":"","overlay-type":"","overlay-color":"","overlay-opacity":"","overlay-gradient":""},"mobile":{"background-color":"","background-image":"","background-repeat":"repeat","background-position":"center center","background-size":"auto","background-attachment":"scroll","background-type":"","background-media":"","overlay-type":"","overlay-color":"","overlay-opacity":"","overlay-gradient":""}},"ast-content-background-meta":{"desktop":{"background-color":"var(--ast-global-color-5)","background-image":"","background-repeat":"repeat","background-position":"center center","background-size":"auto","background-attachment":"scroll","background-type":"","background-media":"","overlay-type":"","overlay-color":"","overlay-opacity":"","overlay-gradient":""},"tablet":{"background-color":"var(--ast-global-color-5)","background-image":"","background-repeat":"repeat","background-position":"center center","background-size":"auto","background-attachment":"scroll","background-type":"","background-media":"","overlay-type":"","overlay-color":"","overlay-opacity":"","overlay-gradient":""},"mobile":{"background-color":"var(--ast-global-color-5)","background-image":"","background-repeat":"repeat","background-position":"center center","background-size":"auto","background-attachment":"scroll","background-type":"","background-media":"","overlay-type":"","overlay-color":"","overlay-opacity":"","overlay-gradient":""}},"footnotes":""},"class_list":["post-9217","page","type-page","status-publish","has-post-thumbnail","hentry"],"_links":{"self":[{"href":"https:\/\/www.a4toner.com\/blog\/wp-json\/wp\/v2\/pages\/9217","targetHints":{"allow":["GET"]}}],"collection":[{"href":"https:\/\/www.a4toner.com\/blog\/wp-json\/wp\/v2\/pages"}],"about":[{"href":"https:\/\/www.a4toner.com\/blog\/wp-json\/wp\/v2\/types\/page"}],"author":[{"embeddable":true,"href":"https:\/\/www.a4toner.com\/blog\/wp-json\/wp\/v2\/users\/3"}],"replies":[{"embeddable":true,"href":"https:\/\/www.a4toner.com\/blog\/wp-json\/wp\/v2\/comments?post=9217"}],"version-history":[{"count":4,"href":"https:\/\/www.a4toner.com\/blog\/wp-json\/wp\/v2\/pages\/9217\/revisions"}],"predecessor-version":[{"id":9639,"href":"https:\/\/www.a4toner.com\/blog\/wp-json\/wp\/v2\/pages\/9217\/revisions\/9639"}],"wp:featuredmedia":[{"embeddable":true,"href":"https:\/\/www.a4toner.com\/blog\/wp-json\/wp\/v2\/media\/9223"}],"wp:attachment":[{"href":"https:\/\/www.a4toner.com\/blog\/wp-json\/wp\/v2\/media?parent=9217"}],"curies":[{"name":"wp","href":"https:\/\/api.w.org\/{rel}","templated":true}]}}