{"id":9262,"date":"2022-01-21T12:21:25","date_gmt":"2022-01-21T11:21:25","guid":{"rendered":"https:\/\/www.a4toner.com\/blog\/?page_id=9262"},"modified":"2022-01-28T14:37:43","modified_gmt":"2022-01-28T13:37:43","slug":"cuantas-paginas-imprime-un-toner-descubre-como-medir-el-rendimiento-de-tu-impresora-laser","status":"publish","type":"page","link":"https:\/\/www.a4toner.com\/blog\/cuantas-paginas-imprime-un-toner-descubre-como-medir-el-rendimiento-de-tu-impresora-laser\/","title":{"rendered":"\u00bfCu\u00e1ntas p\u00e1ginas imprime un t\u00f3ner? Descubre c\u00f3mo medir el rendimiento de tu impresora l\u00e1ser"},"content":{"rendered":"\n<h2 class=\"wp-block-heading\" id=\"enterate-cual-es-el-mejor-toner-hp-o-brother\">Ent\u00e9rate cu\u00e1l es el mejor t\u00f3ner \u00bfHP o Brother?<\/h2>\n\n\n\n<p>Una impresora puede ser un gran negocio o un tremendo fiasco, y no solo por el precio inicial de la m\u00e1quina, sino por su rendimiento. \u00bfA qu\u00e9 nos referimos con rendimiento? Pues simple la cantidad de documentos impresos con los consumibles, por lo que es imprescindible descubrir <strong>cuantas p\u00e1ginas imprime un t\u00f3ner<\/strong> y, por ende, que tan rentable es la impresora que deseas comprar.<\/p>\n\n\n\n<p>En el post de hoy revelaremos que tanto puede imprimir una <strong>impresora l\u00e1ser<\/strong>, y como cuantificar el rendimiento sin necesidad de hacer el conteo de todos los documentos que generas.<\/p>\n\n\n\n<p>Asimismo, te ayudaremos a determinar el costo de la impresi\u00f3n, y por \u00faltimo enfrentamos diferentes marcas de impresoras para decirte <strong>cu\u00e1l t\u00f3ner es mejor<\/strong> <strong>HP<\/strong> o <strong>Brother<\/strong>.<\/p>\n\n\n\n<p>\u00bfQuieres recibir m\u00e1s por menos dinero? Acomp\u00e1\u00f1anos y descubre el <strong><a href=\"https:\/\/www.a4toner.com\/blog\/el-toner-que-es-y-como-funciona\/mejores-toner-para-impresoras\/\">mejor t\u00f3ner<\/a><\/strong> del mercado; el de mayor rendimiento y bajo precio con <strong>A4Toner<\/strong>\u2026<\/p>\n\n\n<div id=\"rank-math-faq\" class=\"rank-math-block\">\n<div class=\"rank-math-list \">\n<div id=\"faq-question-1642767688284\" class=\"rank-math-list-item\">\n<h2 class=\"rank-math-question \">\u00bfCu\u00e1ntas p\u00e1ginas imprime un t\u00f3ner?<\/h2>\n<div class=\"rank-math-answer \">\n<img loading=\"lazy\" decoding=\"async\" width=\"1192\" height=\"660\" src=\"https:\/\/www.a4toner.com\/blog\/wp-content\/uploads\/2022\/01\/Cuantas-paginas-imprime-un-toner-laser-Brother.jpg\" class=\"alignright\" alt=\"Cu\u00e1ntas p\u00e1ginas imprime un t\u00f3ner l\u00e1ser Brother\" title=\"\">\n<p>Todas las impresoras indican el promedio de documentos que puede generar con el <strong>t\u00f3ner<\/strong>, esto es v\u00e1lido tanto para <strong>impresoras l\u00e1ser monocromo<\/strong> como en el caso de los dispositivos a color.<\/p>\n<p><em>Por ejemplo:<\/em><\/p>\n<p>La <strong>impresora l\u00e1ser Brother MFC-L3750CDW<\/strong>, la cual es a color, puede usar dos tipos de consumibles: el est\u00e1ndar y el de m\u00e1ximo rendimiento o mejor conocido como XL.<\/p>\n<p>Como la <strong>Brother MFC-L3750CDW<\/strong> permite la impresi\u00f3n a color requiere 4 t\u00f3neres, uno negro y los otros tres de colores: cian, magenta y amarillo.<\/p>\n<p>El <strong>t\u00f3ner est\u00e1ndar<\/strong> negro de esta impresora rinde un aproximado de 1000 p\u00e1ginas, y los de color pueden llegar a 1000 impresiones.<\/p>\n<p>Por su parte, el <strong><a href=\"https:\/\/www.a4toner.com\/blog\/cartuchos-de-tinta\/cartucho-xl-que-significa\/\">t\u00f3ner XL<\/a><\/strong> da para mucho m\u00e1s; el negro puede llegar a 3000 impresiones, y los de color hasta 2300.<\/p>\n<p>Sin embargo, todas estas medidas son aproximadas y realmente no determinan con exactitud la capacidad del <strong>t\u00f3ner<\/strong>. Lo anterior, se debe a que no todos imprimen lo mismo, es decir, t\u00fa puedes generar un documento con gr\u00e1ficos y cargado de texto y otra persona una p\u00e1gina con apenas unos p\u00e1rrafos; el gasto de <strong>t\u00f3ner<\/strong> en ambos casos es distinto.<\/p>\n\n<\/div>\n<\/div>\n<div id=\"faq-question-1642767859911\" class=\"rank-math-list-item\">\n<h2 class=\"rank-math-question \">\u00bfC\u00f3mo los fabricantes determinan la capacidad del t\u00f3ner?<\/h2>\n<div class=\"rank-math-answer \">\n<img loading=\"lazy\" decoding=\"async\" width=\"1200\" height=\"800\" src=\"https:\/\/www.a4toner.com\/blog\/wp-content\/uploads\/2022\/01\/Cuantas-paginas-imprime-un-toner.png\" class=\"alignright\" alt=\"Cuantas p\u00e1ginas imprime un t\u00f3ner\" title=\"\">\n<p>Todo lo mencionado nos lleva al siguiente punto, entonces \u00bf<strong>C\u00f3mo miden el rendimiento de los consumibles los fabricantes de impresoras<\/strong>? Pues simple, lo hacen partiendo de unas condiciones espec\u00edficas, como:<\/p>\n<p>&#8211; <a href=\"https:\/\/www.a4toner.com\/blog\/que-significa-a4-al-5-de-cobertura\/\">La cobertura del papel, la cual es de un 5%.<\/a><br \/>&#8211; El formato de la hoja, la cual normalmente es A4.<br \/>&#8211; El entorno en el que se realiza la prueba, prestando atenci\u00f3n a datos como la temperatura.<br \/>&#8211; Se prueba el t\u00f3ner en diferentes <strong>impresoras<\/strong>, para determinar si afecta el hardware y las especificaciones individuales de cada m\u00e1quina el rendimiento.<\/p>\n<p>En esencia, normalmente las pruebas se llevan a cabo en un ambiente controlado (que cumple ciertas normativas), en hojas tama\u00f1o A4 con una cobertura del 5%. B\u00e1sicamente, son pruebas en las que se busca definir que tanto provecho puede sacarle a un <strong>t\u00f3ner<\/strong>, pero no se ajustan a la realidad del usuario en muchas ocasiones.<\/p>\n\n<\/div>\n<\/div>\n<\/div>\n<\/div>\n\n\n<h3 class=\"wp-block-heading\" id=\"hojas-que-se-imprimen-durante-las-pruebas-de-rendimiento\">Hojas que se imprimen durante las pruebas de rendimiento<\/h3>\n\n\n\n<p>A continuaci\u00f3n, te presentamos las hojas con las que se hacen las pruebas\u2026<\/p>\n\n\n\n<p><strong>ISO\/IEC\/9752<\/strong> documento de prueba, este se aplica a <strong>impresoras monocrom\u00e1ticas<\/strong>: <\/p>\n\n\n\n<div class=\"wp-block-image\"><figure class=\"aligncenter size-full\"><a href=\"https:\/\/www.a4toner.com\/blog\/wp-content\/uploads\/2022\/01\/ISO-IEC-9752-documento-de-prueba-en-impresoras-monocromaticas.jpg\"><img loading=\"lazy\" decoding=\"async\" width=\"593\" height=\"793\" src=\"https:\/\/www.a4toner.com\/blog\/wp-content\/uploads\/2022\/01\/ISO-IEC-9752-documento-de-prueba-en-impresoras-monocromaticas.jpg\" alt=\"ISO-IEC-9752 documento de prueba en impresoras monocrom\u00e1ticas\" class=\"wp-image-9263\" title=\"\" srcset=\"https:\/\/www.a4toner.com\/blog\/wp-content\/uploads\/2022\/01\/ISO-IEC-9752-documento-de-prueba-en-impresoras-monocromaticas.jpg 593w, https:\/\/www.a4toner.com\/blog\/wp-content\/uploads\/2022\/01\/ISO-IEC-9752-documento-de-prueba-en-impresoras-monocromaticas-224x300.jpg 224w\" sizes=\"auto, (max-width: 593px) 100vw, 593px\" \/><\/a><figcaption><br><strong>ISO\/IEC\/9752<\/strong><\/figcaption><\/figure><\/div>\n\n\n\n<p><strong>ISO\/IEC 19798<\/strong> las 5 p\u00e1ginas usadas en pruebas, en este caso ser\u00eda en <strong>impresoras l\u00e1ser a color<\/strong>:<\/p>\n\n\n\n<figure class=\"wp-block-image size-large\"><a href=\"https:\/\/www.a4toner.com\/blog\/wp-content\/uploads\/2022\/01\/ISO-IEC-19798-Page-Example.png\"><img loading=\"lazy\" decoding=\"async\" width=\"1024\" height=\"289\" src=\"https:\/\/www.a4toner.com\/blog\/wp-content\/uploads\/2022\/01\/ISO-IEC-19798-Page-Example-1024x289.png\" alt=\"ISO\/IEC\/9752 documento de prueba\" class=\"wp-image-9264\" title=\"\" srcset=\"https:\/\/www.a4toner.com\/blog\/wp-content\/uploads\/2022\/01\/ISO-IEC-19798-Page-Example-1024x289.png 1024w, https:\/\/www.a4toner.com\/blog\/wp-content\/uploads\/2022\/01\/ISO-IEC-19798-Page-Example-300x85.png 300w, https:\/\/www.a4toner.com\/blog\/wp-content\/uploads\/2022\/01\/ISO-IEC-19798-Page-Example-768x217.png 768w, https:\/\/www.a4toner.com\/blog\/wp-content\/uploads\/2022\/01\/ISO-IEC-19798-Page-Example.png 1415w\" sizes=\"auto, (max-width: 1024px) 100vw, 1024px\" \/><\/a><figcaption>ISO\/IEC\/9752 documento de prueba<\/figcaption><\/figure>\n\n\n\n<p>Todos los fabricantes deben realizar la impresi\u00f3n de las p\u00e1ginas mencionadas, en un ambiente espec\u00edfico y con un formato de papel determinado. Fundamentalmente, esto quiere decir que el rendimiento aproximado si te da pista acerca de que impresora es mejor, ya que todos los fabricantes de t\u00f3ner deben guiarse por los mismos par\u00e1metros.<\/p>\n\n\n\n<h3 class=\"wp-block-heading\" id=\"conoce-como-miden-especificamente-el-rendimiento-fabricantes-como-brother\">Conoce como miden espec\u00edficamente el rendimiento fabricantes como <strong>Brother<\/strong><\/h3>\n\n\n\n<p>A continuaci\u00f3n, te dejamos un link, donde encontrar\u00e1s claramente explicados los par\u00e1metros para medir el rendimiento del t\u00f3ner negro. Este documento realizado por <strong>Brother<\/strong> te indica en qu\u00e9 clase de ambiente se hacen las pruebas y cu\u00e1les son las condiciones.<\/p>\n\n\n\n<p>Lo pod\u00e9is ver tambi\u00e9n en la web oficial <a href=\"http:\/\/h10060.www1.hp.com\/pageyield\/es-150\/articles\/laserJetPageYields.html\" rel=\"noreferrer noopener nofollow\" target=\"_blank\">HP<\/a> y en Brother <a href=\"https:\/\/support.brother.com\/g\/s\/id\/pdf_pub\/mono_19752\/declared_page_yield_iso19752_SPA_M02.pdf\" rel=\"nofollow noopener\" target=\"_blank\">M\u00e9todo para determinar rendimiento de t\u00f3ner negro de Brother, en base a ISO 19752<\/a>. Que son las fuentes consultadas.<\/p>\n\n\n\n<h2 class=\"wp-block-heading\" id=\"si-un-toner-indica-que-me-imprime-1000-paginas-lo-hara\">Si un t\u00f3ner indica que me imprime 1000 p\u00e1ginas \u00bfLo har\u00e1?<\/h2>\n\n\n\n<figure class=\"wp-block-image size-large\"><a href=\"https:\/\/www.a4toner.com\/blog\/wp-content\/uploads\/2022\/01\/Cuantas-paginas-imprime-un-toner-laser-a-color.jpg\"><img loading=\"lazy\" decoding=\"async\" width=\"1024\" height=\"683\" src=\"https:\/\/www.a4toner.com\/blog\/wp-content\/uploads\/2022\/01\/Cuantas-paginas-imprime-un-toner-laser-a-color-1024x683.jpg\" alt=\"Cu\u00e1ntas p\u00e1ginas imprime un t\u00f3ner l\u00e1ser a color\" class=\"wp-image-9265\" title=\"\" srcset=\"https:\/\/www.a4toner.com\/blog\/wp-content\/uploads\/2022\/01\/Cuantas-paginas-imprime-un-toner-laser-a-color-1024x683.jpg 1024w, https:\/\/www.a4toner.com\/blog\/wp-content\/uploads\/2022\/01\/Cuantas-paginas-imprime-un-toner-laser-a-color-300x200.jpg 300w, https:\/\/www.a4toner.com\/blog\/wp-content\/uploads\/2022\/01\/Cuantas-paginas-imprime-un-toner-laser-a-color-768x513.jpg 768w, https:\/\/www.a4toner.com\/blog\/wp-content\/uploads\/2022\/01\/Cuantas-paginas-imprime-un-toner-laser-a-color-1536x1025.jpg 1536w, https:\/\/www.a4toner.com\/blog\/wp-content\/uploads\/2022\/01\/Cuantas-paginas-imprime-un-toner-laser-a-color-2048x1367.jpg 2048w\" sizes=\"auto, (max-width: 1024px) 100vw, 1024px\" \/><\/a><figcaption>Cu\u00e1ntas p\u00e1ginas imprime un t\u00f3ner l\u00e1ser a color<\/figcaption><\/figure>\n\n\n\n<p>Pero a todas estas \u00bfEs confiable el rendimiento aproximado del <strong>t\u00f3ner<\/strong> se\u00f1alado por el fabricante? <strong>Claramente no<\/strong>, pues en tu caso quiz\u00e1s desees imprimir p\u00e1ginas con m\u00e1s del 5% de cobertura y lo hagas en un ambiente con alta temperatura, o en un formato de papel diferente. La realidad es que, no siempre vas a imprimir lo mismo y esto afectar\u00e1 el rendimiento.<\/p>\n\n\n\n<p>Sin embargo, si un <strong><a href=\"https:\/\/www.a4toner.com\/es\/cartuchos-de-tinta-y-toners\/hp.html\">t\u00f3ner HP<\/a><\/strong> indica que puede generar 1500 impresiones y un <strong>t\u00f3ner Brother<\/strong> se\u00f1ala que generar\u00e1 3000 documentos, puedes confiar en que el \u00faltimo consumible tendr\u00e1 mayor rendimiento; porque fueron sometidos a las mismas pruebas.<\/p>\n\n\n\n<p>En pocas palabras, el rendimiento indicado por el fabricante te dice con certeza <strong>cu\u00e1l t\u00f3ner es mejor<\/strong> y cu\u00e1l es peor, porque todos se eval\u00faan en igualdad de condiciones.<\/p>\n\n\n\n<h2 class=\"wp-block-heading\" id=\"los-mejores-toneres-del-mercado\">Los mejores t\u00f3neres del mercado<\/h2>\n\n\n\n<p>Sabiendo lo anterior, ahora podemos responder cu\u00e1les son los <strong>mejores t\u00f3neres<\/strong> del mercado, y determinar <strong>cu\u00e1nto dura el<\/strong> <strong>t\u00f3ner HP<\/strong> o el <strong>t\u00f3ner Brother<\/strong>. Sin embargo, recuerda: este rendimiento no es exacto, sino una aproximaci\u00f3n y en tu caso puede ser mayor o menor la cantidad de impresiones.<\/p>\n\n\n\n<p>En <strong>A4Toner<\/strong> los consumibles para <strong>impresoras l\u00e1ser<\/strong> m\u00e1s vendidos son los de las marcas:<\/p>\n\n\n\n<ul class=\"wp-block-list\"><li><strong>HP<\/strong><\/li><li><strong>Brother<\/strong><\/li><li>Y, <strong>Samsung<\/strong><\/li><\/ul>\n\n\n\n<p>En ocasiones hay <strong><a href=\"https:\/\/www.a4toner.com\/es\/cartuchos-de-tinta-y-toners.html\">t\u00f3ner compatible<\/a><\/strong> que sirven para distintas marcas, por ejemplo: el <strong>t\u00f3ner Q2612A<\/strong>, que es usado por <strong>HP<\/strong> y <strong>Canon<\/strong>, ya que ambas empresas compartieron patentes.<\/p>\n\n\n\n<h2 class=\"wp-block-heading\" id=\"toner-brother-vs-toner-hp\">T\u00f3ner Brother Vs T\u00f3ner HP<\/h2>\n\n\n\n<p>Por otra parte, hacer comparaciones es algo complicado, porque deber\u00e1s enfrentar impresoras del mismo segmento y precio, para determinar justamente cu\u00e1l brinda m\u00e1s impresiones por <strong>t\u00f3ner<\/strong>. Piensa lo siguiente: no puedes comparar una <strong>impresora de 200 \u20ac<\/strong> contra una de 700 \u20ac, sin duda alguna la impresora m\u00e1s cartas tendr\u00e1 <strong>mejor t\u00f3ner<\/strong> y rendimiento.<\/p>\n\n\n\n<p>Teniendo en cuenta lo anterior, hemos decidido enfrentar una <strong><a href=\"https:\/\/www.a4toner.com\/blog\/impresoras-brother\/\">impresora econ\u00f3mica Brother<\/a> <\/strong>contra una <strong><a href=\"https:\/\/www.a4toner.com\/blog\/impresoras-baratas\/\">impresora l\u00e1ser barata HP<\/a><\/strong>. En este caso ser\u00e1n:<\/p>\n\n\n\n<ul class=\"wp-block-list\"><li>La <strong>Brother HLL2350DW<\/strong> cuyo precio ronda los 130 \u20ac<\/li><li>Y, la <strong><a href=\"https:\/\/www.a4toner.com\/es\/cartuchos-de-tinta-y-toners\/hp\/toner-hp-44a-toner-cf244a\/toner-hp-laserjet-pro-m15a-m15w.html\">HP LaserJet Pro M15a<\/a><\/strong> que tiene un valor aproximado de 100 \u20ac<\/li><\/ul>\n\n\n\n<p>En esta situaci\u00f3n no tomaremos en cuenta las especificaciones de las <strong>impresoras<\/strong> en s\u00ed, solamente consideraremos su <strong>t\u00f3ner<\/strong>.<\/p>\n\n\n\n<h2 class=\"wp-block-heading\" id=\"cuantas-impresiones-dura-un-toner-brother\">\u00bfCu\u00e1ntas impresiones, dura un t\u00f3ner Brother?<\/h2>\n\n\n\n<p>El <a href=\"https:\/\/www.a4toner.com\/es\/cartuchos-de-tinta-y-toners\/brother\/toner-brother-tn2420-tn2410\/toner-brother-hl-l2350dw.html\"><strong>t\u00f3ner de la<\/strong> <strong>Brother HLL2350DW<\/strong><\/a> puede ser comprado en formato est\u00e1ndar o XL.<\/p>\n\n\n\n<p>Si es est\u00e1ndar tendr\u00e1 un rendimiento aproximado de 1200 p\u00e1ginas. El nombre de dicho consumible es: <strong>TN2410<\/strong>.<\/p>\n\n\n\n<p>Si es de m\u00e1xima capacidad rinde aproximadamente: 3000 impresiones, y lleva por nombre: <strong><a href=\"https:\/\/www.a4toner.com\/es\/cartuchos-de-tinta-y-toners\/brother\/toner-brother-tn2420-tn2410.html\">TN2420<\/a><\/strong><\/p>\n\n\n\n<h2 class=\"wp-block-heading\" id=\"cuantas-impresiones-dura-un-toner-hp\">\u00bfCu\u00e1ntas impresiones, dura un t\u00f3ner HP?<\/h2>\n\n\n\n<div class=\"wp-block-image\"><figure class=\"aligncenter size-full\"><a href=\"https:\/\/www.a4toner.com\/blog\/wp-content\/uploads\/2022\/01\/Cuantas-paginas-imprime-un-toner-laser-HP.jpg\"><img loading=\"lazy\" decoding=\"async\" width=\"624\" height=\"349\" src=\"https:\/\/www.a4toner.com\/blog\/wp-content\/uploads\/2022\/01\/Cuantas-paginas-imprime-un-toner-laser-HP.jpg\" alt=\"Cu\u00e1ntas p\u00e1ginas imprime un t\u00f3ner l\u00e1ser HP\" class=\"wp-image-9267\" title=\"\" srcset=\"https:\/\/www.a4toner.com\/blog\/wp-content\/uploads\/2022\/01\/Cuantas-paginas-imprime-un-toner-laser-HP.jpg 624w, https:\/\/www.a4toner.com\/blog\/wp-content\/uploads\/2022\/01\/Cuantas-paginas-imprime-un-toner-laser-HP-300x168.jpg 300w\" sizes=\"auto, (max-width: 624px) 100vw, 624px\" \/><\/a><\/figure><\/div>\n\n\n\n<p>La <strong>HP LaserJet Pro M15a<\/strong> usa el <a href=\"https:\/\/www.a4toner.com\/es\/cartuchos-de-tinta-y-toners\/hp\/toner-hp-44a-toner-cf244a.html\"><strong>t\u00f3ner<\/strong> <strong>CF244A<\/strong><\/a>, el cual tiene un rendimiento aproximado de 1000 p\u00e1ginas.<\/p>\n\n\n\n<p>En este caso el <strong><a href=\"https:\/\/www.a4toner.com\/es\/cartuchos-de-tinta-y-toners\/brother.html\">t\u00f3ner Brother<\/a><\/strong> tiene mejor rendimiento, y en general tambi\u00e9n; ya que normalmente <strong>HP<\/strong> ronda entre las 1000 a 1500 impresiones por t\u00f3ner, y <strong>Brother<\/strong> var\u00eda entre 1200 a 2600 y tiene consumibles XL; que te dan mucho m\u00e1s por tu dinero.<\/p>\n\n\n\n<h2 class=\"wp-block-heading\" id=\"toner-compatible-vs-toner-original\">T\u00f3ner compatible Vs T\u00f3ner original<\/h2>\n\n\n\n<div class=\"wp-block-image\"><figure class=\"aligncenter size-full\"><a href=\"https:\/\/www.a4toner.com\/blog\/wp-content\/uploads\/2022\/01\/Cuantas-paginas-imprime-un-toner-HP.jpg\"><img loading=\"lazy\" decoding=\"async\" width=\"600\" height=\"321\" src=\"https:\/\/www.a4toner.com\/blog\/wp-content\/uploads\/2022\/01\/Cuantas-paginas-imprime-un-toner-HP.jpg\" alt=\"Cu\u00e1ntas p\u00e1ginas imprime un t\u00f3ner HP\" class=\"wp-image-9275\" title=\"\" srcset=\"https:\/\/www.a4toner.com\/blog\/wp-content\/uploads\/2022\/01\/Cuantas-paginas-imprime-un-toner-HP.jpg 600w, https:\/\/www.a4toner.com\/blog\/wp-content\/uploads\/2022\/01\/Cuantas-paginas-imprime-un-toner-HP-300x161.jpg 300w\" sizes=\"auto, (max-width: 600px) 100vw, 600px\" \/><\/a><\/figure><\/div>\n\n\n\n<p>El <strong>t\u00f3ner<\/strong> no solo puede ser: est\u00e1ndar o XL, tambi\u00e9n puede ser original o compatible.<\/p>\n\n\n\n<p>El <strong>t\u00f3ner original<\/strong> es el creado por el fabricante de la impresora. Este tipo de consumible tiene un precio alto en la mayor\u00eda de los casos, por lo que muchas personas optan por el <strong><a href=\"https:\/\/www.a4toner.com\/\">t\u00f3ner barato<\/a><\/strong>, es decir, el compatible o alternativo.<\/p>\n\n\n\n<p>El alternativo es un <strong>t\u00f3ner<\/strong> con un precio mucho m\u00e1s accesible, que no es creado por el fabricante de la impresora, pero no por esto su uso es ilegal o da\u00f1ar\u00e1 tu dispositivo.<\/p>\n\n\n\n<p>Es una creencia extendida que el uso de <strong>t\u00f3ner compatible barato<\/strong> puede da\u00f1ar tu <strong>impresora<\/strong>, pero en realidad si eliges adecuadamente el consumible no tendr\u00e1s ning\u00fan problema.<\/p>\n\n\n\n<p>B\u00e1sicamente, la mayor diferencia entre un <strong>t\u00f3ner original<\/strong> y uno compatible es el precio; la calidad es similar si compras <strong>consumibles premium<\/strong> como los de <strong>A4Toner<\/strong>. No le tengas miedo al compatible, es mucho m\u00e1s econ\u00f3mico y tiene la misma calidad y rendimiento que el original.<\/p>\n\n\n\n<p class=\"has-text-align-center\"><strong>Puedes ver mucha m\u00e1s informaci\u00f3n sobre este tema en: <a href=\"https:\/\/www.a4toner.com\/blog\/toner-original-vs-toner-compatible-con-cual-me-quedo-para-la-oficina\/\">Cartuchos Compatible o tinta Original<\/a><\/strong><\/p>\n\n\n<div id=\"rank-math-faq\" class=\"rank-math-block\">\n<div class=\"rank-math-list \">\n<div id=\"faq-question-1642768032783\" class=\"rank-math-list-item\">\n<h2 class=\"rank-math-question \">\u00bfD\u00f3nde comprar t\u00f3ner barato y bueno?<\/h2>\n<div class=\"rank-math-answer \">\n<img loading=\"lazy\" decoding=\"async\" width=\"300\" height=\"169\" src=\"https:\/\/www.a4toner.com\/blog\/wp-content\/uploads\/2022\/01\/Cuantas-paginas-imprime-con-un-toner-una-impresora-laser-300x169.jpg\" class=\"alignright\" alt=\"Cu\u00e1ntas p\u00e1ginas imprime con un toner una impresora laser\" title=\"\">\n<p>Si deseas sacar el m\u00e1ximo provecho de tu <strong>impresora l\u00e1ser<\/strong> recuerda: el <strong>t\u00f3ner<\/strong> de <strong><a href=\"https:\/\/www.a4toner.com\/\">A4Toner<\/a><\/strong> es econ\u00f3mico y de alta calidad. De igual forma en nuestra plataforma tambi\u00e9n hallar\u00e1s <strong><a href=\"https:\/\/www.a4toner.com\/blog\/cartuchos-de-tinta\/cartuchos-originalesque-soncuales-son-sus-ventajas\/\">consumibles originales<\/a><\/strong> a buen precio.<\/p>\n<p>Si tienes dudas acerca de tu <strong>impresora<\/strong> o sus consumibles tambi\u00e9n puedes contactarnos, te asesoraremos asertivamente porque en <strong>A4Toner<\/strong> somos los expertos de la tinta y la impresi\u00f3n\u2026<\/p>\n\n<\/div>\n<\/div>\n<\/div>\n<\/div>","protected":false},"excerpt":{"rendered":"<p>Ent\u00e9rate cu\u00e1l es el mejor t\u00f3ner \u00bfHP o Brother? Una impresora puede ser un gran negocio o un tremendo fiasco, y no solo por el precio inicial de la m\u00e1quina, sino por su rendimiento. \u00bfA qu\u00e9 nos referimos con rendimiento? Pues simple la cantidad de documentos impresos con los consumibles, por lo que es imprescindible [&hellip;]<\/p>\n","protected":false},"author":3,"featured_media":9278,"parent":0,"menu_order":0,"comment_status":"closed","ping_status":"closed","template":"","meta":{"_bbp_topic_count":0,"_bbp_reply_count":0,"_bbp_total_topic_count":0,"_bbp_total_reply_count":0,"_bbp_voice_count":0,"_bbp_anonymous_reply_count":0,"_bbp_topic_count_hidden":0,"_bbp_reply_count_hidden":0,"_bbp_forum_subforum_count":0,"site-sidebar-layout":"default","site-content-layout":"","ast-site-content-layout":"default","site-content-style":"default","site-sidebar-style":"default","ast-global-header-display":"","ast-banner-title-visibility":"","ast-main-header-display":"","ast-hfb-above-header-display":"","ast-hfb-below-header-display":"","ast-hfb-mobile-header-display":"","site-post-title":"","ast-breadcrumbs-content":"","ast-featured-img":"","footer-sml-layout":"","theme-transparent-header-meta":"","adv-header-id-meta":"","stick-header-meta":"","header-above-stick-meta":"","header-main-stick-meta":"","header-below-stick-meta":"","astra-migrate-meta-layouts":"default","ast-page-background-enabled":"default","ast-page-background-meta":{"desktop":{"background-color":"","background-image":"","background-repeat":"repeat","background-position":"center center","background-size":"auto","background-attachment":"scroll","background-type":"","background-media":"","overlay-type":"","overlay-color":"","overlay-opacity":"","overlay-gradient":""},"tablet":{"background-color":"","background-image":"","background-repeat":"repeat","background-position":"center center","background-size":"auto","background-attachment":"scroll","background-type":"","background-media":"","overlay-type":"","overlay-color":"","overlay-opacity":"","overlay-gradient":""},"mobile":{"background-color":"","background-image":"","background-repeat":"repeat","background-position":"center center","background-size":"auto","background-attachment":"scroll","background-type":"","background-media":"","overlay-type":"","overlay-color":"","overlay-opacity":"","overlay-gradient":""}},"ast-content-background-meta":{"desktop":{"background-color":"var(--ast-global-color-5)","background-image":"","background-repeat":"repeat","background-position":"center center","background-size":"auto","background-attachment":"scroll","background-type":"","background-media":"","overlay-type":"","overlay-color":"","overlay-opacity":"","overlay-gradient":""},"tablet":{"background-color":"var(--ast-global-color-5)","background-image":"","background-repeat":"repeat","background-position":"center center","background-size":"auto","background-attachment":"scroll","background-type":"","background-media":"","overlay-type":"","overlay-color":"","overlay-opacity":"","overlay-gradient":""},"mobile":{"background-color":"var(--ast-global-color-5)","background-image":"","background-repeat":"repeat","background-position":"center center","background-size":"auto","background-attachment":"scroll","background-type":"","background-media":"","overlay-type":"","overlay-color":"","overlay-opacity":"","overlay-gradient":""}},"footnotes":""},"class_list":["post-9262","page","type-page","status-publish","has-post-thumbnail","hentry"],"_links":{"self":[{"href":"https:\/\/www.a4toner.com\/blog\/wp-json\/wp\/v2\/pages\/9262","targetHints":{"allow":["GET"]}}],"collection":[{"href":"https:\/\/www.a4toner.com\/blog\/wp-json\/wp\/v2\/pages"}],"about":[{"href":"https:\/\/www.a4toner.com\/blog\/wp-json\/wp\/v2\/types\/page"}],"author":[{"embeddable":true,"href":"https:\/\/www.a4toner.com\/blog\/wp-json\/wp\/v2\/users\/3"}],"replies":[{"embeddable":true,"href":"https:\/\/www.a4toner.com\/blog\/wp-json\/wp\/v2\/comments?post=9262"}],"version-history":[{"count":15,"href":"https:\/\/www.a4toner.com\/blog\/wp-json\/wp\/v2\/pages\/9262\/revisions"}],"predecessor-version":[{"id":9302,"href":"https:\/\/www.a4toner.com\/blog\/wp-json\/wp\/v2\/pages\/9262\/revisions\/9302"}],"wp:featuredmedia":[{"embeddable":true,"href":"https:\/\/www.a4toner.com\/blog\/wp-json\/wp\/v2\/media\/9278"}],"wp:attachment":[{"href":"https:\/\/www.a4toner.com\/blog\/wp-json\/wp\/v2\/media?parent=9262"}],"curies":[{"name":"wp","href":"https:\/\/api.w.org\/{rel}","templated":true}]}}