{"id":9418,"date":"2022-03-04T10:27:51","date_gmt":"2022-03-04T09:27:51","guid":{"rendered":"https:\/\/www.a4toner.com\/blog\/?page_id=9418"},"modified":"2022-03-04T14:32:28","modified_gmt":"2022-03-04T13:32:28","slug":"la-razon-numero-uno","status":"publish","type":"page","link":"https:\/\/www.a4toner.com\/blog\/storytelling\/la-razon-numero-uno\/","title":{"rendered":"La Raz\u00f3n N\u00famero Uno"},"content":{"rendered":"\n<p><strong>Cuando era peque\u00f1a no exist\u00edan las tiendas online.<\/strong><\/p>\n\n\n\n<p>Hoy es el pan de cada d\u00eda, pero en aquel entonces no hab\u00eda ni internet\u2026 Antes de parecer un \u201ccarcamal\u201d te explico por qu\u00e9 te cuento esto.<\/p>\n\n\n\n<p>Me encantaba la papeler\u00eda de mi barrio.<br>&nbsp;<\/p>\n\n\n\n<p><em>Estudiaba dibujo t\u00e9cnico y siempre necesitaba diferentes rotuladores, estil\u00f3grafos de tinta, tableros de dibujo, reglas, comp\u00e1s, etc.<\/em><\/p>\n\n\n\n<p><em>Adoraba esta tienda porque el chico que me atend\u00eda me explicaba todo siempre sin saltarse ni un detalle.&nbsp;<\/em><em>Necesitaba muchos materiales y \u00e9l siempre me ayudaba a encontrar lo \u00faltimo, lo innovador y lo m\u00e1s econ\u00f3mico para m\u00ed.&nbsp;<br>&nbsp;<\/em><\/p>\n\n\n\n<p><em>Me transmit\u00eda seguridad, porque si necesitaba algo me iba con el material de mejor calidad, ahorraba, gracias a los consejos de \u00e9l, probaba cosas nuevas\u2026<\/em><\/p>\n\n\n\n<p><em>En fin, me iba contento, f\u00edjate.<\/em><\/p>\n\n\n\n<p>Esto hizo que me hiciera muy fiel a su tienda, b\u00e1sicamente a \u00e9l, a su trato, sus consejos y asesoramiento, le cog\u00ed hasta cari\u00f1o.<strong>Un d\u00eda de repente llegu\u00e9 a la tienda y mi dependiente no estaba. Hab\u00edan automatizado el negocio (lo cual est\u00e1 muy bien) pero prescindieron del chico y nunca m\u00e1s volvi\u00f3 a ser lo mismo.<\/strong><\/p>\n\n\n\n<p>Nadie me ayudaba en mi compra, ni me asesoraban. Ya no sab\u00eda si estaba comprando lo m\u00e1s caro sin motivo, o si estaba comprando lo que buscaba exactamente, etc.<br>Bueno\u2026<\/p>\n\n\n\n<p>Ese d\u00eda me surgi\u00f3 un conflicto que creo que nos puede ense\u00f1ar a todos algo.<\/p>\n\n\n\n<p><strong>\u00bfA qui\u00e9n somos fieles entonces, a las tiendas o a las personas que hay detr\u00e1s?<\/strong><\/p>\n\n\n\n<p>Las tiendas online son geniales, la tecnolog\u00eda es una gran herramienta. Pero es muy importante que las buenas costumbres de las tiendas f\u00edsicas no se pierdan.<\/p>\n\n\n\n<figure class=\"wp-block-image size-full\"><a href=\"https:\/\/www.a4toner.com\/blog\/wp-content\/uploads\/2022\/03\/trato-como-una-tienda-min.png\"><img loading=\"lazy\" decoding=\"async\" width=\"1000\" height=\"500\" src=\"https:\/\/www.a4toner.com\/blog\/wp-content\/uploads\/2022\/03\/trato-como-una-tienda-min.png\" alt=\"\" class=\"wp-image-9421\" title=\"\" srcset=\"https:\/\/www.a4toner.com\/blog\/wp-content\/uploads\/2022\/03\/trato-como-una-tienda-min.png 1000w, https:\/\/www.a4toner.com\/blog\/wp-content\/uploads\/2022\/03\/trato-como-una-tienda-min-300x150.png 300w, https:\/\/www.a4toner.com\/blog\/wp-content\/uploads\/2022\/03\/trato-como-una-tienda-min-768x384.png 768w\" sizes=\"auto, (max-width: 1000px) 100vw, 1000px\" \/><\/a><\/figure>\n\n\n\n<p><strong>Atenderte con ese inter\u00e9s y entusiasmo, como el trato de aquel dependiente.<\/strong><\/p>\n\n\n\n<p>Nos aseguramos de resolver todas tus dudas, tambi\u00e9n de que siempre encuentres lo que necesitas, que ahorres tanto en tiempo como en dinero, que no tengas problemas ni en env\u00edos ni en devoluciones y un largo etc.<br>B\u00e1sicamente, comentarte que detr\u00e1s de la web, estamos nosotros, un equipo de soporte que trabaja para cuidarte y asegurarse de que compres contento o contenta.<\/p>\n\n\n\n<p><strong>Si necesitas que te atiendan como a m\u00ed me atendi\u00f3 mi dependiente favorito,&nbsp;<a href=\"https:\/\/tawk.to\/chat\/5ece7c61c75cbf1769efea8e\/default?$_tawk_sk=621ce898807d179703f46561&amp;$_tawk_tk=4f97edeca2eb36d090140af8b5988818\" target=\"_blank\" rel=\"noreferrer noopener nofollow\">haz click aqu\u00ed<\/a>&nbsp;<\/strong>de lunes a jueves de 9h a 18h y el viernes de 9h a 15h, tambi\u00e9n puedes hablar con nosotros por tel\u00e9fono, 937566000;&nbsp;por mail a comercial@a4toner.com, por whatsapp al 687565401.<br><strong>O directamente en las tiendas de Madrid o Barcelona,&nbsp;<a href=\"https:\/\/www.a4toner.com\/tiendas-presenciales-a4toner\" target=\"_blank\" rel=\"noreferrer noopener\">con\u00f3celas<\/a>.<\/strong><br>&nbsp;<\/p>\n\n\n\n<p><strong>Atentamente,<\/strong><\/p>\n\n\n\n<figure class=\"wp-block-image size-large\"><a href=\"https:\/\/www.a4toner.com\/blog\/wp-content\/uploads\/2022\/03\/firma-blog-2.png\"><img loading=\"lazy\" decoding=\"async\" width=\"1024\" height=\"126\" src=\"https:\/\/www.a4toner.com\/blog\/wp-content\/uploads\/2022\/03\/firma-blog-2-1024x126.png\" alt=\"\" class=\"wp-image-9423\" title=\"\" srcset=\"https:\/\/www.a4toner.com\/blog\/wp-content\/uploads\/2022\/03\/firma-blog-2-1024x126.png 1024w, https:\/\/www.a4toner.com\/blog\/wp-content\/uploads\/2022\/03\/firma-blog-2-300x37.png 300w, https:\/\/www.a4toner.com\/blog\/wp-content\/uploads\/2022\/03\/firma-blog-2-768x94.png 768w, https:\/\/www.a4toner.com\/blog\/wp-content\/uploads\/2022\/03\/firma-blog-2.png 1286w\" sizes=\"auto, (max-width: 1024px) 100vw, 1024px\" \/><\/a><\/figure>\n\n\n\n<p><strong>P.D: &nbsp;\u201cEl servicio al cliente no es un departamento, es una actitud\u201d.<\/strong><\/p>\n\n\n\n","protected":false},"excerpt":{"rendered":"<p>Cuando era peque\u00f1a no exist\u00edan las tiendas online. Hoy es el pan de cada d\u00eda, pero en aquel entonces no hab\u00eda ni internet\u2026 Antes de parecer un \u201ccarcamal\u201d te explico por qu\u00e9 te cuento esto. Me encantaba la papeler\u00eda de mi barrio.&nbsp; Estudiaba dibujo t\u00e9cnico y siempre necesitaba diferentes rotuladores, estil\u00f3grafos de tinta, tableros de [&hellip;]<\/p>\n","protected":false},"author":4,"featured_media":9436,"parent":8950,"menu_order":0,"comment_status":"closed","ping_status":"closed","template":"","meta":{"_bbp_topic_count":0,"_bbp_reply_count":0,"_bbp_total_topic_count":0,"_bbp_total_reply_count":0,"_bbp_voice_count":0,"_bbp_anonymous_reply_count":0,"_bbp_topic_count_hidden":0,"_bbp_reply_count_hidden":0,"_bbp_forum_subforum_count":0,"site-sidebar-layout":"default","site-content-layout":"","ast-site-content-layout":"default","site-content-style":"default","site-sidebar-style":"default","ast-global-header-display":"","ast-banner-title-visibility":"","ast-main-header-display":"","ast-hfb-above-header-display":"","ast-hfb-below-header-display":"","ast-hfb-mobile-header-display":"","site-post-title":"","ast-breadcrumbs-content":"","ast-featured-img":"","footer-sml-layout":"","theme-transparent-header-meta":"","adv-header-id-meta":"","stick-header-meta":"","header-above-stick-meta":"","header-main-stick-meta":"","header-below-stick-meta":"","astra-migrate-meta-layouts":"default","ast-page-background-enabled":"default","ast-page-background-meta":{"desktop":{"background-color":"","background-image":"","background-repeat":"repeat","background-position":"center center","background-size":"auto","background-attachment":"scroll","background-type":"","background-media":"","overlay-type":"","overlay-color":"","overlay-opacity":"","overlay-gradient":""},"tablet":{"background-color":"","background-image":"","background-repeat":"repeat","background-position":"center center","background-size":"auto","background-attachment":"scroll","background-type":"","background-media":"","overlay-type":"","overlay-color":"","overlay-opacity":"","overlay-gradient":""},"mobile":{"background-color":"","background-image":"","background-repeat":"repeat","background-position":"center center","background-size":"auto","background-attachment":"scroll","background-type":"","background-media":"","overlay-type":"","overlay-color":"","overlay-opacity":"","overlay-gradient":""}},"ast-content-background-meta":{"desktop":{"background-color":"var(--ast-global-color-5)","background-image":"","background-repeat":"repeat","background-position":"center center","background-size":"auto","background-attachment":"scroll","background-type":"","background-media":"","overlay-type":"","overlay-color":"","overlay-opacity":"","overlay-gradient":""},"tablet":{"background-color":"var(--ast-global-color-5)","background-image":"","background-repeat":"repeat","background-position":"center center","background-size":"auto","background-attachment":"scroll","background-type":"","background-media":"","overlay-type":"","overlay-color":"","overlay-opacity":"","overlay-gradient":""},"mobile":{"background-color":"var(--ast-global-color-5)","background-image":"","background-repeat":"repeat","background-position":"center center","background-size":"auto","background-attachment":"scroll","background-type":"","background-media":"","overlay-type":"","overlay-color":"","overlay-opacity":"","overlay-gradient":""}},"footnotes":""},"class_list":["post-9418","page","type-page","status-publish","has-post-thumbnail","hentry"],"_links":{"self":[{"href":"https:\/\/www.a4toner.com\/blog\/wp-json\/wp\/v2\/pages\/9418","targetHints":{"allow":["GET"]}}],"collection":[{"href":"https:\/\/www.a4toner.com\/blog\/wp-json\/wp\/v2\/pages"}],"about":[{"href":"https:\/\/www.a4toner.com\/blog\/wp-json\/wp\/v2\/types\/page"}],"author":[{"embeddable":true,"href":"https:\/\/www.a4toner.com\/blog\/wp-json\/wp\/v2\/users\/4"}],"replies":[{"embeddable":true,"href":"https:\/\/www.a4toner.com\/blog\/wp-json\/wp\/v2\/comments?post=9418"}],"version-history":[{"count":8,"href":"https:\/\/www.a4toner.com\/blog\/wp-json\/wp\/v2\/pages\/9418\/revisions"}],"predecessor-version":[{"id":9434,"href":"https:\/\/www.a4toner.com\/blog\/wp-json\/wp\/v2\/pages\/9418\/revisions\/9434"}],"up":[{"embeddable":true,"href":"https:\/\/www.a4toner.com\/blog\/wp-json\/wp\/v2\/pages\/8950"}],"wp:featuredmedia":[{"embeddable":true,"href":"https:\/\/www.a4toner.com\/blog\/wp-json\/wp\/v2\/media\/9436"}],"wp:attachment":[{"href":"https:\/\/www.a4toner.com\/blog\/wp-json\/wp\/v2\/media?parent=9418"}],"curies":[{"name":"wp","href":"https:\/\/api.w.org\/{rel}","templated":true}]}}