{"id":9656,"date":"2022-05-03T07:59:22","date_gmt":"2022-05-03T05:59:22","guid":{"rendered":"https:\/\/www.a4toner.com\/blog\/?page_id=9656"},"modified":"2022-05-03T08:02:21","modified_gmt":"2022-05-03T06:02:21","slug":"como-imprimir-un-pdf","status":"publish","type":"page","link":"https:\/\/www.a4toner.com\/blog\/como-imprimir-un-pdf\/","title":{"rendered":"\u00bfC\u00f3mo imprimir un PDF?"},"content":{"rendered":"\n<p>Descubre como imprimir PDF en Windows 10, MacOS y otros sistemas operativos<\/p>\n\n\n\n<p><\/p>\n\n\n\n<p>En la actualidad el formato PDF ha envejecido como el buen vino, tanto que a pesar de sus 31 a\u00f1os de antig\u00fcedad sigue siendo el favorito de muchos\u2026 Este formato que al inicio representaba un dolor de cabeza (porque para imprimir correctamente requer\u00edas ciertos programas), hoy en d\u00eda es tan accesible que t\u00fa puedes, sin problemas<strong>, imprimir PDF desde Android, imprimir PDF desde MacOS <\/strong>y por supuesto desde el tradicional y mega popular Windows.<\/p>\n\n\n\n<p>Todos los sistemas operativos han potenciado sus softwares para que <strong>imprimir un PDF<\/strong> no sea una pesadilla, sin embargo, pueden surgir dudas durante el proceso, raz\u00f3n por la cual hoy hablaremos de como <strong>imprimir un PDF<\/strong> y espec\u00edficamente tocaremos los siguientes puntos:<\/p>\n\n\n\n<ol class=\"wp-block-list\"><li>\u00bf<strong>C\u00f3mo imprimir un PDF en Android<\/strong>?<\/li><li><strong>Imprimir PDF en Windows<\/strong> con ayuda de <em>Microsoft Print to PDF<\/em><\/li><li>Y, \u00bf<strong>C\u00f3mo imprimir PDF en MacOS<\/strong>?<\/li><\/ol>\n\n\n\n<p>Adicional te hablaremos acerca de este famoso formato y sus ventajas, al mismo tiempo que te recomendamos algunos <strong>softwares de edici\u00f3n y creaci\u00f3n de PDF<\/strong>.<\/p>\n\n\n\n<p>Si tienes un archivo PDF y no sabes manipularlo o simplemente deseas <strong>imprimir un PDF<\/strong> digital de alg\u00fan documento, qu\u00e9date que en <strong>A4Toner<\/strong> te explicamos <strong>c\u00f3mo imprimir PDF<\/strong> y cu\u00e1les son los mejores programas para la edici\u00f3n de este formato\u2026<\/p>\n\n\n\n<div class=\"wp-block-image\"><figure class=\"aligncenter size-full\"><a href=\"https:\/\/www.a4toner.com\/blog\/wp-content\/uploads\/2022\/05\/\u00bfComo-imprimir-un-PDF.png\"><img loading=\"lazy\" decoding=\"async\" width=\"779\" height=\"438\" src=\"https:\/\/www.a4toner.com\/blog\/wp-content\/uploads\/2022\/05\/\u00bfComo-imprimir-un-PDF.png\" alt=\"\u00bfC\u00f3mo imprimir un PDF?\" class=\"wp-image-9657\" title=\"\" srcset=\"https:\/\/www.a4toner.com\/blog\/wp-content\/uploads\/2022\/05\/\u00bfComo-imprimir-un-PDF.png 779w, https:\/\/www.a4toner.com\/blog\/wp-content\/uploads\/2022\/05\/\u00bfComo-imprimir-un-PDF-300x169.png 300w, https:\/\/www.a4toner.com\/blog\/wp-content\/uploads\/2022\/05\/\u00bfComo-imprimir-un-PDF-768x432.png 768w\" sizes=\"auto, (max-width: 779px) 100vw, 779px\" \/><\/a><\/figure><\/div>\n\n\n\n<h2 class=\"wp-block-heading\">\u00bfQu\u00e9 es el formato PDF?<\/h2>\n\n\n\n<p>Las siglas PDF hacen referencia a las palabras en ingl\u00e9s <em>\u201cPortable File Document\u201d,<\/em> lo que simplemente quiere decir: formato port\u00e1til de documento. Este tipo de archivo marc\u00f3 un hito en la historia, ya que permit\u00eda hacer la transici\u00f3n de papel a digital de forma f\u00e1cil y hasta protegiendo la informaci\u00f3n. Hoy en d\u00eda es la forma m\u00e1s com\u00fan de enviar texto e im\u00e1genes y se ha convertido en la principal presentaci\u00f3n de instructivos, facturas, manuales, libros y documentos similares.<\/p>\n\n\n\n<p>Una de las ventajas claras del formato PDF es que, conserva la integridad y apariencia del documento y puede ser cifrado para evitar ediciones no autorizadas.<\/p>\n\n\n\n<h2 class=\"wp-block-heading\">\u00bfC\u00f3mo se ve un documento en PDF?<\/h2>\n\n\n\n<p>Normalmente cuando <strong><a href=\"https:\/\/www.a4toner.com\/blog\/\">adquieres una impresora<\/a><\/strong> existe la opci\u00f3n de descargar el manual v\u00eda internet, por ejemplo:<\/p>\n\n\n\n<ul class=\"wp-block-list\"><li><a href=\"https:\/\/download.epson-europe.com\/pub\/download\/6415\/epson641500eu.pdf\" rel=\"nofollow noopener\" target=\"_blank\">Manual de usuario Epson serie L3210 y L3200<\/a><\/li><\/ul>\n\n\n\n<div class=\"wp-block-image\"><figure class=\"aligncenter size-full\"><a href=\"https:\/\/www.a4toner.com\/blog\/que-impresora\/ecotank\/\"><img loading=\"lazy\" decoding=\"async\" width=\"384\" height=\"286\" src=\"https:\/\/www.a4toner.com\/blog\/wp-content\/uploads\/2022\/05\/manual-de-impresoras-en-pdf.png\" alt=\"manual de impresoras en pdf\" class=\"wp-image-9658\" title=\"\" srcset=\"https:\/\/www.a4toner.com\/blog\/wp-content\/uploads\/2022\/05\/manual-de-impresoras-en-pdf.png 384w, https:\/\/www.a4toner.com\/blog\/wp-content\/uploads\/2022\/05\/manual-de-impresoras-en-pdf-300x223.png 300w\" sizes=\"auto, (max-width: 384px) 100vw, 384px\" \/><\/a><figcaption>Manual de impresoras en pdf<\/figcaption><\/figure><\/div>\n\n\n\n<p>Este tipo de documento viene en formato PDF porque entre las ventajas que posee est\u00e1n: te permite navegar entre los diferentes apartados, el archivo est\u00e1 protegido y su estructura no puede ser alterada durante la lectura.<\/p>\n\n\n\n<p>En pocas palabras, la apariencia del PDF no se afecta en ning\u00fan momento.<\/p>\n\n\n\n<h2 class=\"wp-block-heading\">Mejores editores y creadores de PDF<\/h2>\n\n\n\n<p>Para <strong>modificar un PDF<\/strong> debes contar con el permiso y el programa adecuado, sin embargo, para <strong>imprimir un PDF<\/strong> no requieres ning\u00fan software espec\u00edfico.<\/p>\n\n\n\n<p>En la actualidad el programa favorito para la <strong>creaci\u00f3n de PDF<\/strong> es el <strong>Adobe Acrobat XI Pro<\/strong>, esta aplicaci\u00f3n es paga y la m\u00e1s completa hasta la fecha, no obstante, siempre puedes optar por la versi\u00f3n econ\u00f3mica y accesible; en este caso ser\u00eda el <strong>Adobe Acrobat Reader<\/strong>.<\/p>\n\n\n\n<p>Asimismo, hay otros lectores y <strong>editores de PDF<\/strong>, como:<\/p>\n\n\n\n<ul class=\"wp-block-list\"><li><strong>Foxit Phantom PDF<\/strong><\/li><li><strong>Nitro Pro<\/strong><\/li><li><strong>Slim PDF Reader<\/strong><\/li><li><strong>Expert PDF Reader<\/strong><\/li><\/ul>\n\n\n\n<p>Pese a lo anterior, si s\u00f3lo quieres leer los documentos en PDF con tu navegador favorito podr\u00e1s hacerlo, sin necesidad de descargar alg\u00fan software o aplicaci\u00f3n.<\/p>\n\n\n\n<div class=\"wp-block-image\"><figure class=\"aligncenter size-full\"><a href=\"https:\/\/www.a4toner.com\/blog\/wp-content\/uploads\/2022\/05\/\u00bfPor-que-amar-el-formato-PDF-.png\"><img loading=\"lazy\" decoding=\"async\" width=\"448\" height=\"518\" src=\"https:\/\/www.a4toner.com\/blog\/wp-content\/uploads\/2022\/05\/\u00bfPor-que-amar-el-formato-PDF-.png\" alt=\"\u00bfPor qu\u00e9 amar el formato PDF?\" class=\"wp-image-9659\" title=\"\" srcset=\"https:\/\/www.a4toner.com\/blog\/wp-content\/uploads\/2022\/05\/\u00bfPor-que-amar-el-formato-PDF-.png 448w, https:\/\/www.a4toner.com\/blog\/wp-content\/uploads\/2022\/05\/\u00bfPor-que-amar-el-formato-PDF--259x300.png 259w\" sizes=\"auto, (max-width: 448px) 100vw, 448px\" \/><\/a><\/figure><\/div>\n\n\n\n<p><em>\u00bfPor qu\u00e9 amar el formato PDF? Pues simple, est\u00e1 protegido de tal manera que su apariencia no cambia. Peque\u00f1os problemillas como una fuente inexistente en tu PC no deformar\u00e1n el documento, como ocurrir\u00eda con simples archivos de Word.<\/em><\/p>\n\n\n\n<h2 class=\"wp-block-heading\"><strong>\u00bfC\u00f3mo imprimir un PDF?<\/strong><\/h2>\n\n\n\n<p>Ya sabiendo un poco acerca del formato PDF, descubre como imprimirlo desde m\u00f3viles, computadoras y port\u00e1tiles sin importar su sistema operativo.<\/p>\n\n\n\n<figure class=\"wp-block-image size-full\"><a href=\"https:\/\/www.a4toner.com\/blog\/wp-content\/uploads\/2022\/05\/como-imprimir-un-pdf.png\"><img loading=\"lazy\" decoding=\"async\" width=\"960\" height=\"635\" src=\"https:\/\/www.a4toner.com\/blog\/wp-content\/uploads\/2022\/05\/como-imprimir-un-pdf.png\" alt=\"como imprimir un pdf\" class=\"wp-image-9660\" title=\"\" srcset=\"https:\/\/www.a4toner.com\/blog\/wp-content\/uploads\/2022\/05\/como-imprimir-un-pdf.png 960w, https:\/\/www.a4toner.com\/blog\/wp-content\/uploads\/2022\/05\/como-imprimir-un-pdf-300x198.png 300w, https:\/\/www.a4toner.com\/blog\/wp-content\/uploads\/2022\/05\/como-imprimir-un-pdf-768x508.png 768w\" sizes=\"auto, (max-width: 960px) 100vw, 960px\" \/><\/a><\/figure>\n\n\n\n<h2 class=\"wp-block-heading\">\u00bf<strong>C\u00f3mo imprimir un PDF en Android<\/strong>?<\/h2>\n\n\n\n<p>Los tel\u00e9fonos m\u00f3viles con sistema operativo Android soportan el formato PDF sin necesidad de descargar una aplicaci\u00f3n adicional. Simplemente debes elegir el archivo y enviarlo a tu impresora, y para esto el dispositivo de impresi\u00f3n debe estar correctamente configurado.<\/p>\n\n\n\n<figure class=\"wp-block-image size-full\"><a href=\"https:\/\/www.a4toner.com\/blog\/wp-content\/uploads\/2022\/05\/\u00bfComo-imprimir-un-PDF-en-Android.png\"><img loading=\"lazy\" decoding=\"async\" width=\"960\" height=\"640\" src=\"https:\/\/www.a4toner.com\/blog\/wp-content\/uploads\/2022\/05\/\u00bfComo-imprimir-un-PDF-en-Android.png\" alt=\"\u00bfC\u00f3mo imprimir un PDF en Android?\" class=\"wp-image-9661\" title=\"\" srcset=\"https:\/\/www.a4toner.com\/blog\/wp-content\/uploads\/2022\/05\/\u00bfComo-imprimir-un-PDF-en-Android.png 960w, https:\/\/www.a4toner.com\/blog\/wp-content\/uploads\/2022\/05\/\u00bfComo-imprimir-un-PDF-en-Android-300x200.png 300w, https:\/\/www.a4toner.com\/blog\/wp-content\/uploads\/2022\/05\/\u00bfComo-imprimir-un-PDF-en-Android-768x512.png 768w\" sizes=\"auto, (max-width: 960px) 100vw, 960px\" \/><\/a><\/figure>\n\n\n\n<h3 class=\"wp-block-heading\">\u00bfC\u00f3mo imprimir desde el m\u00f3vil por medio de conectividad Wi-Fi?<\/h3>\n\n\n\n<p><strong>Imprimir un PDF desde Android<\/strong> no requiere ning\u00fan paso adicional, solamente debes tener configurada tu impresora y compartir la misma red Wi-Fi del m\u00f3vil.<\/p>\n\n\n\n<p>Para instalar la impresora debes ir al men\u00fa de ajuste en tu m\u00f3vil, espec\u00edficamente te diriges a las opciones de impresi\u00f3n y a\u00f1adir\u00e1s la aplicaci\u00f3n correspondiente a tu impresora desde <em>Google Play<\/em>. Una vez realizado estos pasos podr\u00e1s <strong>imprimir PDF desde el m\u00f3vil<\/strong>.<\/p>\n\n\n\n<p>Si ya has configurado tu impresora \u00fanicamente debes ir al directorio donde este almacenado el documento, presionas abrir con Drive (o tu programa favorito) y una vez abierto el archivo pulsas en los tres puntos que se encuentran en la parte superior derecha de la pantalla y all\u00ed seleccionas la opci\u00f3n de imprimir. Al realizar este \u00faltimo paso aparecer\u00e1 una pantalla donde puedes seleccionar las hojas a imprimir, el formato del papel y otras opciones similares.<\/p>\n\n\n\n<p>Asimismo, tu puedes imprimir y <strong>guardar un archivo en PDF<\/strong>, simplemente te diriges al documento en cuesti\u00f3n y le das a la opci\u00f3n de \u201cImprimir\u201d y presionas donde indica \u201cGuardar en\u201d, posteriormente seleccionas la opci\u00f3n \u201cGuardar como PDF\u201d. Lo anterior, genera un archivo PDF del documento que puedes enviar a imprimir f\u00edsicamente o guardarlo como un archivo digital, pero en dicho formato; lo que te garantiza la seguridad de los datos.<\/p>\n\n\n\n<h2 class=\"wp-block-heading\">Imprimir PDF en Windows con ayuda de <em>Microsoft Print to PDF<\/em><\/h2>\n\n\n\n<div class=\"wp-block-columns is-layout-flex wp-container-core-columns-is-layout-28f84493 wp-block-columns-is-layout-flex\">\n<div class=\"wp-block-column is-layout-flow wp-block-column-is-layout-flow\">\n<p>Por otra parte, si lo que deseas es <strong>imprimir un PDF desde Windows<\/strong>, debes saber que al igual que en los m\u00f3viles es muy sencillo porque este sistema operativo incluye una utilidad llamada: <em>Microsoft Print to PDF<\/em>.<\/p>\n\n\n\n<p><\/p>\n\n\n\n<p>La utilidad <em>Microsoft Print to PDF<\/em> est\u00e1 disponible en casi todas las versiones del sistema operativo Windows, tanto en Windows 7 y 8, como en la versi\u00f3n 10. Desde dicha funci\u00f3n puedes generar r\u00e1pidamente archivos PDF e imprimirlos con facilidad, sin embargo, la forma de usarla var\u00eda entre una versi\u00f3n de Windows y otra.<\/p>\n<\/div>\n\n\n\n<div class=\"wp-block-column is-layout-flow wp-block-column-is-layout-flow\">\n<figure class=\"wp-block-image size-full\"><a href=\"https:\/\/www.a4toner.com\/blog\/wp-content\/uploads\/2022\/05\/Microsoft-Print-to-PDF.webp\"><img loading=\"lazy\" decoding=\"async\" width=\"480\" height=\"375\" src=\"https:\/\/www.a4toner.com\/blog\/wp-content\/uploads\/2022\/05\/Microsoft-Print-to-PDF.webp\" alt=\"Microsoft Print to PDF\" class=\"wp-image-9662\" title=\"\" srcset=\"https:\/\/www.a4toner.com\/blog\/wp-content\/uploads\/2022\/05\/Microsoft-Print-to-PDF.webp 480w, https:\/\/www.a4toner.com\/blog\/wp-content\/uploads\/2022\/05\/Microsoft-Print-to-PDF-300x234.webp 300w\" sizes=\"auto, (max-width: 480px) 100vw, 480px\" \/><\/a><\/figure>\n<\/div>\n<\/div>\n\n\n\n<h3 class=\"wp-block-heading\">Imprimir PDF en Windows 10<\/h3>\n\n\n\n<p>Desde el sistema operativo Windows 10 generar un archivo PDF es muy sencillo, ya que como mencionamos tiene una impresora virtual denominada: <em>Microsoft Print to PDF<\/em>, la cual se puede usar desde cualquier tipo de programa, como el Microsoft Office Word, los mismos navegadores y otros.<\/p>\n\n\n\n<p>Para hacer uso de esta funci\u00f3n solo debe seleccionar el archivo que deseas imprimir y te diriges a la opci\u00f3n: \u00abImprimir\u00bb la cual normalmente se encuentra en el men\u00fa de archivos dentro de la aplicaci\u00f3n que est\u00e9s ocupando. Una vez que des clic sobre la opci\u00f3n te aparecer\u00e1n las diferentes impresoras instaladas en tu equipo y la funci\u00f3n: \u201cMicrosoft Print to PDF\u201d, la seleccionas y luego procedes a imprimir. Te abrir\u00e1 una ventana donde te solicitar\u00e1 el nombre y la ubicaci\u00f3n del archivo a generar; coloca el nombre y selecciona el directorio deseado, presionas aceptar y en segundos habr\u00e1s generado la impresi\u00f3n de un PDF digital en Windows 10.<\/p>\n\n\n\n<h3 class=\"wp-block-heading\">Imprimir PDF en Windows 7 y 8<\/h3>\n\n\n\n<p>En Windows 7 y 8 es muy similar el proceso, s\u00f3lo que deber\u00e1s guardar el documento como PDF antes de solicitar su impresi\u00f3n. No obstante, los pasos son muy similares a los anteriores, s\u00f3lo debes:<\/p>\n\n\n\n<ul class=\"wp-block-list\"><li>Seleccionas el archivo<\/li><li>Una vez abierto en el men\u00fa de archivo buscas la opci\u00f3n \u00abImprimir\u00bb<\/li><li>Aqu\u00ed es donde cambia el proceso, porque en vez de seleccionar <strong>imprimir como PDF<\/strong>, presionas la opci\u00f3n: \u00abGuardar en PDF\u00bb; b\u00e1sicamente es el \u00fanico paso en el que difiere del m\u00e9todo anterior, porque al igual que en Windows 10 se nombra y se ubica el archivo y luego se genera.<\/li><li>Posteriormente vas al archivo y lo env\u00edas a imprimir de forma normal.<\/li><\/ul>\n\n\n\n<h2 class=\"wp-block-heading\">\u00bfC\u00f3mo imprimir PDF en MacOS?<\/h2>\n\n\n\n<p>Si no eres un adepto a Windows, porque apoyas al equipo de la manzanita debes saber que es igual de sencillo <strong>imprimir PDF en Mac<\/strong> que en Windows\u2026<\/p>\n\n\n\n<figure class=\"wp-block-image size-full\"><a href=\"https:\/\/www.a4toner.com\/blog\/wp-content\/uploads\/2022\/05\/\u00bfComo-imprimir-PDF-en-MacOS.png\"><img loading=\"lazy\" decoding=\"async\" width=\"960\" height=\"720\" src=\"https:\/\/www.a4toner.com\/blog\/wp-content\/uploads\/2022\/05\/\u00bfComo-imprimir-PDF-en-MacOS.png\" alt=\"\u00bfC\u00f3mo imprimir PDF en MacOS?\" class=\"wp-image-9663\" title=\"\" srcset=\"https:\/\/www.a4toner.com\/blog\/wp-content\/uploads\/2022\/05\/\u00bfComo-imprimir-PDF-en-MacOS.png 960w, https:\/\/www.a4toner.com\/blog\/wp-content\/uploads\/2022\/05\/\u00bfComo-imprimir-PDF-en-MacOS-300x225.png 300w, https:\/\/www.a4toner.com\/blog\/wp-content\/uploads\/2022\/05\/\u00bfComo-imprimir-PDF-en-MacOS-768x576.png 768w\" sizes=\"auto, (max-width: 960px) 100vw, 960px\" \/><\/a><\/figure>\n\n\n\n<p>Desvi\u00e1ndonos un poco del tema, sab\u00edas que\u2026<\/p>\n\n\n\n<p><em>Se rumoreaba que Steve Jobs cre\u00f3 su peculiar logo de una manzana mordida inspir\u00e1ndose en la tr\u00e1gica historia de Alan Turing. Este mencionado genio matem\u00e1tico es considerado hoy en d\u00eda el padre de la computaci\u00f3n; sus descubrimientos realmente moldearon la inform\u00e1tica y hasta fue un h\u00e9roe de guerra, llegando a descifrar intricados c\u00f3digos Nazis. Sin embargo, al descubrirse su homosexualidad fue torturado, castrado y todos sus descubrimientos perdieron el inter\u00e9s de la comunidad cient\u00edfica, todo esto lo llev\u00f3 al suicidio por medio de la ingesta de una manzana con cianuro que no consumi\u00f3 entera antes de lograr su fat\u00eddico objetivo. Steve Jobs neg\u00f3 que su logo tuviese algo que ver con dicho genio, pero ustedes que dicen \u00bfCasualidad o causalidad?<\/em><\/p>\n\n\n\n<div class=\"wp-block-image is-style-rounded\"><figure class=\"aligncenter size-full\"><a href=\"https:\/\/www.a4toner.com\/blog\/wp-content\/uploads\/2022\/05\/Alan-Turing-y-la-manzana-mordida.png\"><img loading=\"lazy\" decoding=\"async\" width=\"598\" height=\"398\" src=\"https:\/\/www.a4toner.com\/blog\/wp-content\/uploads\/2022\/05\/Alan-Turing-y-la-manzana-mordida.png\" alt=\"Alan Turing y la manzana\" class=\"wp-image-9664\" title=\"\" srcset=\"https:\/\/www.a4toner.com\/blog\/wp-content\/uploads\/2022\/05\/Alan-Turing-y-la-manzana-mordida.png 598w, https:\/\/www.a4toner.com\/blog\/wp-content\/uploads\/2022\/05\/Alan-Turing-y-la-manzana-mordida-300x200.png 300w\" sizes=\"auto, (max-width: 598px) 100vw, 598px\" \/><\/a><\/figure><\/div>\n\n\n\n<p>Dejando este tr\u00e1gico y curioso hecho de lado, descubramos como <strong>imprimir PDF en Mac<\/strong>\u2026<\/p>\n\n\n\n<p>Para hacer dicha acci\u00f3n debes ir a la app de Vista Previa en Mac y seleccionar el archivo a imprimir. Una vez elegido vas a la opci\u00f3n archivo, imprimir y configuras; indicando el n\u00famero de p\u00e1ginas a imprimir, el formato de papel y las otras opciones disponibles, una vez adecuado a tus exigencias presionas imprimir y listo\u2026<\/p>\n\n\n\n<p><a><\/a> <strong>Imprimir en PDF<\/strong> es bastante sencillo y hoy en d\u00eda todos los sistemas operativos tienen utilidades para realizar esta labor sin requerir aplicaciones de terceros. Si a\u00fan tienes dudas te invitamos a preguntar en la secci\u00f3n comentarios, dichas interrogantes las responderemos a la brevedad posible, porque en <strong>A4Toner<\/strong> estamos a tu servicio\u2026<\/p>\n","protected":false},"excerpt":{"rendered":"<p>Descubre como imprimir PDF en Windows 10, MacOS y otros sistemas operativos En la actualidad el formato PDF ha envejecido como el buen vino, tanto que a pesar de sus 31 a\u00f1os de antig\u00fcedad sigue siendo el favorito de muchos\u2026 Este formato que al inicio representaba un dolor de cabeza (porque para imprimir correctamente requer\u00edas [&hellip;]<\/p>\n","protected":false},"author":3,"featured_media":9666,"parent":0,"menu_order":0,"comment_status":"closed","ping_status":"closed","template":"","meta":{"_bbp_topic_count":0,"_bbp_reply_count":0,"_bbp_total_topic_count":0,"_bbp_total_reply_count":0,"_bbp_voice_count":0,"_bbp_anonymous_reply_count":0,"_bbp_topic_count_hidden":0,"_bbp_reply_count_hidden":0,"_bbp_forum_subforum_count":0,"site-sidebar-layout":"default","site-content-layout":"","ast-site-content-layout":"default","site-content-style":"default","site-sidebar-style":"default","ast-global-header-display":"","ast-banner-title-visibility":"","ast-main-header-display":"","ast-hfb-above-header-display":"","ast-hfb-below-header-display":"","ast-hfb-mobile-header-display":"","site-post-title":"","ast-breadcrumbs-content":"","ast-featured-img":"","footer-sml-layout":"","theme-transparent-header-meta":"","adv-header-id-meta":"","stick-header-meta":"","header-above-stick-meta":"","header-main-stick-meta":"","header-below-stick-meta":"","astra-migrate-meta-layouts":"default","ast-page-background-enabled":"default","ast-page-background-meta":{"desktop":{"background-color":"","background-image":"","background-repeat":"repeat","background-position":"center center","background-size":"auto","background-attachment":"scroll","background-type":"","background-media":"","overlay-type":"","overlay-color":"","overlay-opacity":"","overlay-gradient":""},"tablet":{"background-color":"","background-image":"","background-repeat":"repeat","background-position":"center center","background-size":"auto","background-attachment":"scroll","background-type":"","background-media":"","overlay-type":"","overlay-color":"","overlay-opacity":"","overlay-gradient":""},"mobile":{"background-color":"","background-image":"","background-repeat":"repeat","background-position":"center center","background-size":"auto","background-attachment":"scroll","background-type":"","background-media":"","overlay-type":"","overlay-color":"","overlay-opacity":"","overlay-gradient":""}},"ast-content-background-meta":{"desktop":{"background-color":"var(--ast-global-color-5)","background-image":"","background-repeat":"repeat","background-position":"center center","background-size":"auto","background-attachment":"scroll","background-type":"","background-media":"","overlay-type":"","overlay-color":"","overlay-opacity":"","overlay-gradient":""},"tablet":{"background-color":"var(--ast-global-color-5)","background-image":"","background-repeat":"repeat","background-position":"center center","background-size":"auto","background-attachment":"scroll","background-type":"","background-media":"","overlay-type":"","overlay-color":"","overlay-opacity":"","overlay-gradient":""},"mobile":{"background-color":"var(--ast-global-color-5)","background-image":"","background-repeat":"repeat","background-position":"center center","background-size":"auto","background-attachment":"scroll","background-type":"","background-media":"","overlay-type":"","overlay-color":"","overlay-opacity":"","overlay-gradient":""}},"footnotes":""},"class_list":["post-9656","page","type-page","status-publish","has-post-thumbnail","hentry"],"_links":{"self":[{"href":"https:\/\/www.a4toner.com\/blog\/wp-json\/wp\/v2\/pages\/9656","targetHints":{"allow":["GET"]}}],"collection":[{"href":"https:\/\/www.a4toner.com\/blog\/wp-json\/wp\/v2\/pages"}],"about":[{"href":"https:\/\/www.a4toner.com\/blog\/wp-json\/wp\/v2\/types\/page"}],"author":[{"embeddable":true,"href":"https:\/\/www.a4toner.com\/blog\/wp-json\/wp\/v2\/users\/3"}],"replies":[{"embeddable":true,"href":"https:\/\/www.a4toner.com\/blog\/wp-json\/wp\/v2\/comments?post=9656"}],"version-history":[{"count":2,"href":"https:\/\/www.a4toner.com\/blog\/wp-json\/wp\/v2\/pages\/9656\/revisions"}],"predecessor-version":[{"id":9668,"href":"https:\/\/www.a4toner.com\/blog\/wp-json\/wp\/v2\/pages\/9656\/revisions\/9668"}],"wp:featuredmedia":[{"embeddable":true,"href":"https:\/\/www.a4toner.com\/blog\/wp-json\/wp\/v2\/media\/9666"}],"wp:attachment":[{"href":"https:\/\/www.a4toner.com\/blog\/wp-json\/wp\/v2\/media?parent=9656"}],"curies":[{"name":"wp","href":"https:\/\/api.w.org\/{rel}","templated":true}]}}