{"id":9982,"date":"2022-07-22T13:06:27","date_gmt":"2022-07-22T11:06:27","guid":{"rendered":"https:\/\/www.a4toner.com\/blog\/?page_id=9982"},"modified":"2022-07-22T13:52:54","modified_gmt":"2022-07-22T11:52:54","slug":"por-que-la-impresora-imprime-doble","status":"publish","type":"page","link":"https:\/\/www.a4toner.com\/blog\/por-que-la-impresora-imprime-doble\/","title":{"rendered":"\u00bfPor qu\u00e9 la impresora imprime doble?"},"content":{"rendered":"\n<p>Dentro de las m\u00faltiples incidencias que se pueden ocasionar a la hora de realizar una impresi\u00f3n, la <strong>impresi\u00f3n borrosa o doble <\/strong>es una de las m\u00e1s comunes. Consiste en que la impresora no es capaz de realizar una impresi\u00f3n precisa y el resultado final se muestra de manera borrosa, como si cada trazo se hubiese realizado por partida doble.<\/p>\n\n\n\n<p>A continuaci\u00f3n, hablaremos de la<strong> impresi\u00f3n doble <\/strong>y veremos por qu\u00e9 ocurre y c\u00f3mo se puede solucionar este molesto error de impresi\u00f3n.<\/p>\n\n\n\n<figure class=\"wp-block-image size-large\"><a href=\"https:\/\/www.a4toner.com\/blog\/wp-content\/uploads\/2022\/07\/\u00bfPor-que-la-impresora-imprime-doble.jpg\"><img loading=\"lazy\" decoding=\"async\" width=\"1024\" height=\"576\" src=\"https:\/\/www.a4toner.com\/blog\/wp-content\/uploads\/2022\/07\/\u00bfPor-que-la-impresora-imprime-doble-1024x576.jpg\" alt=\"\u00bfPor qu\u00e9 la impresora imprime doble?\" class=\"wp-image-9985\" title=\"\" srcset=\"https:\/\/www.a4toner.com\/blog\/wp-content\/uploads\/2022\/07\/\u00bfPor-que-la-impresora-imprime-doble-1024x576.jpg 1024w, https:\/\/www.a4toner.com\/blog\/wp-content\/uploads\/2022\/07\/\u00bfPor-que-la-impresora-imprime-doble-300x169.jpg 300w, https:\/\/www.a4toner.com\/blog\/wp-content\/uploads\/2022\/07\/\u00bfPor-que-la-impresora-imprime-doble-768x432.jpg 768w, https:\/\/www.a4toner.com\/blog\/wp-content\/uploads\/2022\/07\/\u00bfPor-que-la-impresora-imprime-doble.jpg 1200w\" sizes=\"auto, (max-width: 1024px) 100vw, 1024px\" \/><\/a><\/figure>\n\n\n<div id=\"rank-math-faq\" class=\"rank-math-block\">\n<div class=\"rank-math-list \">\n<div id=\"faq-question-1658484885553\" class=\"rank-math-list-item\">\n<h2 class=\"rank-math-question \"><strong>\u00bfPor qu\u00e9 mi impresora imprime borroso?<\/strong><\/h2>\n<div class=\"rank-math-answer \">\n<img loading=\"lazy\" decoding=\"async\" width=\"150\" height=\"150\" src=\"https:\/\/www.a4toner.com\/blog\/wp-content\/uploads\/2022\/07\/\u00bfPor-que-mi-impresora-imprime-borroso-150x150.jpg\" class=\"alignright\" alt=\"\u00bfPor qu\u00e9 mi impresora imprime borroso?\" title=\"\">\n<p>Son muchas las razones o causas que pueden hacer que una impresora no imprima de forma correcta y que el resultado final sea un texto o imagen borrosa.<\/p>\n\n<\/div>\n<\/div>\n<\/div>\n<\/div>\n\n\n<p><\/p>\n\n\n\n<figure class=\"wp-block-image aligncenter size-full\"><a href=\"https:\/\/www.a4toner.com\/blog\/wp-content\/uploads\/2022\/07\/Por-que-la-Impresora-Imprime-Mal.jpeg\"><img loading=\"lazy\" decoding=\"async\" width=\"287\" height=\"176\" src=\"https:\/\/www.a4toner.com\/blog\/wp-content\/uploads\/2022\/07\/Por-que-la-Impresora-Imprime-Mal.jpeg\" alt=\"Por qu\u00e9 la Impresora Imprime Mal\" class=\"wp-image-9991\" title=\"\"><\/a><figcaption>Por qu\u00e9 la Impresora Imprime Mal<\/figcaption><\/figure>\n\n\n\n<h3 class=\"wp-block-heading\"><strong>Problemas de papel<\/strong><\/h3>\n\n\n\n<p>Si tu impresora est\u00e1 realizando impresiones borrosas o dobles, es importante prestar atenci\u00f3n al papel, pues este puede ser el causante de este problema.<\/p>\n\n\n\n<p>La impresora puede imprimir borroso por los siguientes motivos relacionados con las hojas o papel que utilices:<\/p>\n\n\n\n<ul class=\"wp-block-list\"><li>El papel est\u00e1 h\u00famedo.<\/li><li>El papel se ha doblado en el proceso de impresi\u00f3n.<\/li><li>El papel presenta arrugas o peque\u00f1os dobleces.<\/li><li>El papel utilizado no es el adecuado para el tipo de impresi\u00f3n seleccionada.<\/li><\/ul>\n\n\n\n<p><strong>Estabilidad de la impresora<\/strong><\/p>\n\n\n\n<p>Si una impresora no tiene buena estabilidad durante el proceso de impresi\u00f3n, <strong>pueden producirse vibraciones que afecten de forma directa al proceso de impresi\u00f3n<\/strong>, y que, por lo tanto, terminan con un resultado de impresi\u00f3n doble.<\/p>\n\n\n\n<p>Un problema habitual de inestabilidad de la impresora que puede derivar en un problema de impresi\u00f3n borrosa es que <strong>la impresora no se encuentre ubicada sobre una superficie plana<\/strong>.<\/p>\n\n\n\n<h3 class=\"wp-block-heading\"><strong>Incidencia con los inyectores<\/strong><\/h3>\n\n\n\n<p>Los inyectores son unas boquillas con abertura fina que se encuentran en el <a href=\"https:\/\/www.a4toner.com\/blog\/limpieza-mantenimiento-cabezales-impresion\/\" data-type=\"post\" data-id=\"3154\">cabezal de impresi\u00f3n<\/a> y que son los encargados de proyectar la tinta sobre el papel (inyectar la tinta). Si la impresora tiene un problema con los inyectores (<strong>que est\u00e9n parcialmente obstruidos<\/strong>, por ejemplo), es habitual que el resultado de impresi\u00f3n sea doble o borroso.<\/p>\n\n\n\n<h3 class=\"wp-block-heading\"><strong>Falta de tinta<\/strong><\/h3>\n\n\n\n<p>\u00a0Uno de los principales problemas de impresi\u00f3n doble se presenta <strong>cuando algunos de los <a href=\"https:\/\/www.a4toner.com\/es\/cartuchos-de-tinta-y-toners.html\">cartuchos de tinta<\/a> se est\u00e1n agotando<\/strong>. Si falta tinta en un cartucho, la impresora no dispondr\u00e1 de la cantidad suficiente para inyectarla de forma eficiente sobre el papel, proporcionando un resultado final deficiente, como es el caso de la impresi\u00f3n borrosa.<\/p>\n\n\n\n<h3 class=\"wp-block-heading\"><strong>Mala alineaci\u00f3n de los cartuchos de impresi\u00f3n<\/strong><\/h3>\n\n\n\n<p>Otro error que produce la impresi\u00f3n doble y que est\u00e1 relacionado con los <a href=\"https:\/\/www.a4toner.com\/\"><strong>cartuchos de impresi\u00f3n<\/strong><\/a>, es cuando estos se encuentran mal alineados. La alineaci\u00f3n de cartuchos es un proceso por el cual se sincronizan los distintos cartuchos de tinta de la impresora para poder realizar impresiones conjuntas de manera precisa a la hora de inyectar las tintas.<\/p>\n\n\n\n<p><strong>Una mala alineaci\u00f3n de cartuchos har\u00e1 que la impresi\u00f3n no sea correcta<\/strong> y que se pueda presentar una imagen o texto borroso.<\/p>\n\n\n\n<h3 class=\"wp-block-heading\"><strong>Errores en la configuraci\u00f3n<\/strong><\/h3>\n\n\n\n<p>Finalmente, una <strong>mala configuraci\u00f3n de las opciones de la impresora o un error en la instalaci\u00f3n de los drivers<\/strong> para el sistema operativo, pueden concluir en problemas de impresi\u00f3n doble.<\/p>\n\n\n<div id=\"rank-math-faq\" class=\"rank-math-block\">\n<div class=\"rank-math-list \">\n<div id=\"faq-question-1658487426759\" class=\"rank-math-list-item\">\n<h2 class=\"rank-math-question \">\u00bf<strong>C\u00f3mo solucionar los errores de impresi\u00f3n doble<\/strong>?<\/h2>\n<div class=\"rank-math-answer \">\n<img loading=\"lazy\" decoding=\"async\" width=\"150\" height=\"150\" src=\"https:\/\/www.a4toner.com\/blog\/wp-content\/uploads\/2022\/07\/\u00bfComo-solucionar-los-errores-de-impresion-doble-150x150.jpg\" class=\"alignright\" alt=\"\" title=\"\">\n<p>Para poder solucionar los problemas de impresi\u00f3n borrosa es necesario realizar algunas de las siguientes acciones:<\/p>\n<p>\u2192 <strong>Verificar el nivel de tinta<\/strong>. Habr\u00e1 que verificar el nivel de tinta de cada uno de los cartuchos de la impresora para identificar si alguno se est\u00e1 agotando y puede ser el causante del problema de la impresi\u00f3n doble.<\/p>\n<p>\u2192 <strong>Limpiar el cabezal de impresi\u00f3n<\/strong>. Las impresoras cuentan con un sistema autom\u00e1tico para realizar ellas mismas un proceso de limpieza de cabezales. Realizar este proceso puede solucionar muchos de los problemas de impresi\u00f3n doble al eliminar obstrucciones que puedan presentarse en los inyectores.<\/p>\n<p>\u2192 <strong>Alinear los cartuchos<\/strong>. Otra alternativa para solucionar el problema si la impresora imprime doble, es alineando los cartuchos. Se trata de un proceso propio de la impresora que consiste en realizar una serie de impresiones para ir ajustando los valores de alineaci\u00f3n entre los cartuchos de impresi\u00f3n.<\/p>\n<p>\u2192 <strong>Utilizar papel adecuado<\/strong>. Es muy importante seleccionar el papel correcto para cada impresi\u00f3n. Adem\u00e1s, este papel debe estar siempre en perfecto estado (que no est\u00e9 h\u00famedo, doblado o arrugado), pues evitar\u00e1 la impresi\u00f3n doble y otros problemas como puede ser el atasco de papel.<\/p>\n<p>\u2192 <strong>Colocar la impresora en una superficie plana<\/strong>. Siempre es fundamental verificar que la impresora se encuentra ubicada sobre una superficie estable y plana si se presentan problemas de impresi\u00f3n doble.<\/p>\n\n<\/div>\n<\/div>\n<div id=\"faq-question-1658487591994\" class=\"rank-math-list-item\">\n<h2 class=\"rank-math-question \"><strong>C\u00f3mo solucionar estos errores en distintas marcas de impresoras<\/strong><\/h2>\n<div class=\"rank-math-answer \">\n<img loading=\"lazy\" decoding=\"async\" width=\"150\" height=\"150\" src=\"https:\/\/www.a4toner.com\/blog\/wp-content\/uploads\/2022\/07\/Como-solucionar-estos-errores-en-distintas-marcas-de-impresoras-150x150.jpg\" class=\"alignright\" alt=\"\" title=\"\">\n<p>Las distintas marcas de impresoras cuentan con sus propias aplicaciones y soluciones para resolver problemas de impresi\u00f3n, por lo que es interesante conocer c\u00f3mo afrontar y solucionar incidencias de impresi\u00f3n doble con las principales marcas de impresora del mercado.<\/p>\n\n<\/div>\n<\/div>\n<\/div>\n<\/div>\n\n\n<h2 class=\"wp-block-heading\"><strong>Eliminar error de imprimir doble en impresoras Epson<\/strong><\/h2>\n\n\n\n<p>Cuando en una <a href=\"https:\/\/www.a4toner.com\/blog\/impresoras-epson\/\">impresora Epson<\/a> se est\u00e1 obteniendo un resultado borroso, es decir, que se est\u00e1 duplicando el texto o aparecen sombras en la impresi\u00f3n, <strong>es necesario realizar un proceso de limpieza de cabezales para eliminar la tinta que se acumula en los cabezales<\/strong>.<\/p>\n\n\n\n<p>Este proceso de limpieza de cabezal de impresi\u00f3n consume mucha tinta, por lo que es necesario valorar si es necesario realmente realizarlo.<\/p>\n\n\n\n<p>En las impresoras de la marca Epson se pueden realizar dos niveles de limpieza de cabezales de impresi\u00f3n.<\/p>\n\n\n\n<ul class=\"wp-block-list\"><li>Limpieza de los cabezales.<\/li><li>Limpieza a fondo de los cabezales.<\/li><\/ul>\n\n\n\n<h2 class=\"wp-block-heading\"><strong>Solucionar problema de letras duplicadas en impresoras Canon<\/strong><\/h2>\n\n\n\n<p>En las <strong><a href=\"https:\/\/www.a4toner.com\/blog\/impresoras\/canon\/\">impresoras de la marca Canon<\/a><\/strong> hay que seguir las t\u00edpicas soluciones para solucionar la impresi\u00f3n doble, como la limpieza de cabezales o el alineamiento de cartuchos de impresi\u00f3n.<\/p>\n\n\n\n<p>Sin embargo, en muchos modelos de esta marca, tambi\u00e9n es importante <strong>tener en cuenta el carro de impresi\u00f3n, es decir, el mecanismo que transporta los cartuchos de impresi\u00f3n y que suele estar fabricado en hierro<\/strong>. Este mecanismo puede ser el causante de la imagen borrosa en las impresoras Canon al no disponer de la lubricaci\u00f3n suficiente para que los cartuchos se muevan de forma eficiente a la hora de imprimir.<\/p>\n\n\n\n<p>Para solucionar este problema hay que <strong>limpiar este mecanismo cada cierto tiempo, a\u00f1adiendo una lubricaci\u00f3n compuesta por grasa de calcio<\/strong> (la misma que se utiliza en las cadenas de las bicicletas, por ejemplo).<\/p>\n\n\n\n<h2 class=\"wp-block-heading\"><strong>Eliminar error de imprimir doble en impresoras HP<\/strong><\/h2>\n\n\n\n<p>Cuando una <a href=\"https:\/\/www.a4toner.com\/blog\/impresoras-hp\/\">impresora HP<\/a> empieza a presentar impresiones borrosas, lo mejor es r<strong>ealizar un test para ver realmente el error que est\u00e1 ocurriendo<\/strong>. Si el resultado de esta prueba sigue presentando problemas de impresi\u00f3n doble, lo mejor es seguir los siguientes pasos:<\/p>\n\n\n\n<ul class=\"wp-block-list\"><li><strong>Extraer los cartuchos y limpiar de forma adecuada los contactos<\/strong> para eliminar restos de tinta seca u otros elementos que est\u00e9n da\u00f1ando la impresi\u00f3n (cabe destacar, que es necesario realizar la limpieza, tanto de los contactos del cartucho, como los de la propia impresora).&nbsp;<\/li><li><strong>Limpieza del Encoder<\/strong>. El Encoder es una cinta transparente que se encuentra detr\u00e1s del carro de la impresi\u00f3n, y que, si se encuentra sucia, puede hacer que la impresi\u00f3n sea borrosa. Limpiar esta cinta evitando frotar para no da\u00f1arla, podr\u00e1 resolver el problema de impresi\u00f3n doble.<\/li><li><strong>Utilizar cartuchos HP originales<\/strong>. Los cartuchos HP reciclados o de marcas alternativas suelen ser muy atractivos por el precio, pero su nivel de calidad no es el mismo que ofrecen los originales de HP. Utilizar estos cartuchos oficiales de la marca minimizar\u00e1 las posibilidades de que se presenten problemas de impresi\u00f3n doble.<\/li><li><strong>Poner el papel adecuado en la bandeja<\/strong>. Adem\u00e1s de seleccionar el papel adecuado y que se encuentre en perfecto estado, habr\u00e1 que seleccionar en las opciones de impresi\u00f3n de HP, el papel correcto que coincida con el cargado.<\/li><li><strong>Verificar el nivel de tinta<\/strong>. Con la propia aplicaci\u00f3n que proporciona HP y que se instala en el ordenador, es muy sencillo verificar de forma visual cu\u00e1l es el estado de carga de tinta de cada cartucho, para as\u00ed cambiar aquel que est\u00e9 bajo m\u00ednimos y pueda ser el causante de la impresi\u00f3n borrosa.<\/li><\/ul>\n\n\n\n<h2 class=\"wp-block-heading\"><strong>La imagen se imprime doble en modelos de Brother<\/strong><\/h2>\n\n\n\n<p>Brother es otra de las grandes marcas del mercado de las impresoras que cuenta con millones de m\u00e1quinas instaladas en hogares y empresas.<\/p>\n\n\n\n<p>Veamos c\u00f3mo solucionar los problemas de impresi\u00f3n borrosa en estas impresoras.<\/p>\n\n\n\n<ul class=\"wp-block-list\"><li>Verificar que la impresora <strong>no muestra un error del tambor<\/strong> (si la unidad de tambor est\u00e1 da\u00f1ada se pueden presentar problemas de impresi\u00f3n doble). Sustituyendo el tambor se soluciona este error.<\/li><li><strong>Seleccionar el Media Type de impresi\u00f3n adecuado<\/strong> (en las opciones de impresi\u00f3n de Brother, elegir el tipo de material de impresi\u00f3n adecuado).<\/li><li>Realizar una <strong>limpieza de cartuchos de impresi\u00f3n<\/strong> para eliminar cualquier resto de tinta seca que se pueda haber acumulado.<\/li><li>Comprobar <strong>que la impresora est\u00e9 estable<\/strong> para que no vibre durante el proceso de impresi\u00f3n.<\/li><\/ul>\n\n\n\n<p>Hemos visto las causas de <strong>por qu\u00e9 la impresora imprime doble o borrosa<\/strong>, y cu\u00e1les son los pasos b\u00e1sicos a seguir para poder solucionar este tipo de errores. A pesar de que es habitual que una impresora presente este tipo de incidencias de impresi\u00f3n, existen muchas soluciones sencillas para solventarlas, siendo en la mayor\u00eda de los casos, problemas leves que se solucionan en apenas unos minutos.<\/p>\n\n\n\n<p>Si tu impresora presenta impresiones borrosas o dobles, prueba a seguir las distintas opciones proporcionadas anteriormente, y podr\u00e1s comprobar que alguna de ellas terminar\u00e1 solucionando este molesto problema.<\/p>\n","protected":false},"excerpt":{"rendered":"<p>Dentro de las m\u00faltiples incidencias que se pueden ocasionar a la hora de realizar una impresi\u00f3n, la impresi\u00f3n borrosa o doble es una de las m\u00e1s comunes. Consiste en que la impresora no es capaz de realizar una impresi\u00f3n precisa y el resultado final se muestra de manera borrosa, como si cada trazo se hubiese [&hellip;]<\/p>\n","protected":false},"author":3,"featured_media":9989,"parent":0,"menu_order":0,"comment_status":"closed","ping_status":"closed","template":"","meta":{"_bbp_topic_count":0,"_bbp_reply_count":0,"_bbp_total_topic_count":0,"_bbp_total_reply_count":0,"_bbp_voice_count":0,"_bbp_anonymous_reply_count":0,"_bbp_topic_count_hidden":0,"_bbp_reply_count_hidden":0,"_bbp_forum_subforum_count":0,"site-sidebar-layout":"default","site-content-layout":"","ast-site-content-layout":"default","site-content-style":"default","site-sidebar-style":"default","ast-global-header-display":"","ast-banner-title-visibility":"","ast-main-header-display":"","ast-hfb-above-header-display":"","ast-hfb-below-header-display":"","ast-hfb-mobile-header-display":"","site-post-title":"","ast-breadcrumbs-content":"","ast-featured-img":"","footer-sml-layout":"","theme-transparent-header-meta":"","adv-header-id-meta":"","stick-header-meta":"","header-above-stick-meta":"","header-main-stick-meta":"","header-below-stick-meta":"","astra-migrate-meta-layouts":"default","ast-page-background-enabled":"default","ast-page-background-meta":{"desktop":{"background-color":"","background-image":"","background-repeat":"repeat","background-position":"center center","background-size":"auto","background-attachment":"scroll","background-type":"","background-media":"","overlay-type":"","overlay-color":"","overlay-opacity":"","overlay-gradient":""},"tablet":{"background-color":"","background-image":"","background-repeat":"repeat","background-position":"center center","background-size":"auto","background-attachment":"scroll","background-type":"","background-media":"","overlay-type":"","overlay-color":"","overlay-opacity":"","overlay-gradient":""},"mobile":{"background-color":"","background-image":"","background-repeat":"repeat","background-position":"center center","background-size":"auto","background-attachment":"scroll","background-type":"","background-media":"","overlay-type":"","overlay-color":"","overlay-opacity":"","overlay-gradient":""}},"ast-content-background-meta":{"desktop":{"background-color":"var(--ast-global-color-5)","background-image":"","background-repeat":"repeat","background-position":"center center","background-size":"auto","background-attachment":"scroll","background-type":"","background-media":"","overlay-type":"","overlay-color":"","overlay-opacity":"","overlay-gradient":""},"tablet":{"background-color":"var(--ast-global-color-5)","background-image":"","background-repeat":"repeat","background-position":"center center","background-size":"auto","background-attachment":"scroll","background-type":"","background-media":"","overlay-type":"","overlay-color":"","overlay-opacity":"","overlay-gradient":""},"mobile":{"background-color":"var(--ast-global-color-5)","background-image":"","background-repeat":"repeat","background-position":"center center","background-size":"auto","background-attachment":"scroll","background-type":"","background-media":"","overlay-type":"","overlay-color":"","overlay-opacity":"","overlay-gradient":""}},"footnotes":""},"class_list":["post-9982","page","type-page","status-publish","has-post-thumbnail","hentry"],"_links":{"self":[{"href":"https:\/\/www.a4toner.com\/blog\/wp-json\/wp\/v2\/pages\/9982","targetHints":{"allow":["GET"]}}],"collection":[{"href":"https:\/\/www.a4toner.com\/blog\/wp-json\/wp\/v2\/pages"}],"about":[{"href":"https:\/\/www.a4toner.com\/blog\/wp-json\/wp\/v2\/types\/page"}],"author":[{"embeddable":true,"href":"https:\/\/www.a4toner.com\/blog\/wp-json\/wp\/v2\/users\/3"}],"replies":[{"embeddable":true,"href":"https:\/\/www.a4toner.com\/blog\/wp-json\/wp\/v2\/comments?post=9982"}],"version-history":[{"count":8,"href":"https:\/\/www.a4toner.com\/blog\/wp-json\/wp\/v2\/pages\/9982\/revisions"}],"predecessor-version":[{"id":10003,"href":"https:\/\/www.a4toner.com\/blog\/wp-json\/wp\/v2\/pages\/9982\/revisions\/10003"}],"wp:featuredmedia":[{"embeddable":true,"href":"https:\/\/www.a4toner.com\/blog\/wp-json\/wp\/v2\/media\/9989"}],"wp:attachment":[{"href":"https:\/\/www.a4toner.com\/blog\/wp-json\/wp\/v2\/media?parent=9982"}],"curies":[{"name":"wp","href":"https:\/\/api.w.org\/{rel}","templated":true}]}}